{"id":98,"date":"2014-09-09T21:00:27","date_gmt":"2014-09-09T19:00:27","guid":{"rendered":"https:\/\/kirche-hettenhausen.de\/site\/?page_id=98"},"modified":"2026-01-18T14:17:45","modified_gmt":"2026-01-18T13:17:45","slug":"impressum","status":"publish","type":"page","link":"https:\/\/www.kirche-hettenhausen.de\/site\/impressum\/","title":{"rendered":"Impressum"},"content":{"rendered":"<p>Ev.-luth. Kirchengemeinde Hettenhausen &#8211; Dalherda<br \/>\nEbersberger Stra\u00dfe 11<br \/>\n36129 Gersfeld (Rh\u00f6n)-Hettenhausen<\/p>\n<p>Telefon: <a href=\"tel:+496656307\" target=\"_blank\" rel=\"noopener\">+49 (0) 6656 307<\/a><br \/>\nE-Mail: <a href=\"mailto:pfarramt.hettenhausen@ekkw.de\" target=\"_blank\" rel=\"noopener\">pfarramt.hettenhausen@ekkw.de<\/a><\/p>\n<p>Die Ev.-luth. Kirchengemeinde Hettenhausen &#8211; Dalherda ist eine K\u00f6rperschaft des \u00f6ffentlichen Rechts. Sie wird vertreten durch den Kirchenvorstand, der wiederum durch die Vorsitzende Marion Friedrich oder den gesch\u00e4ftsf\u00fchrenden Pfarrer Helmut Stradal (Vakanzvertretung), jeweils zusammen mit einem weiteren Mitglied.<\/p>\n<p>Inhaltlich verantwortlich nach \u00a7 18 Abs. 2 Medienstaatsvertrag (MStV): Pfarrer Helmut Stradal<\/p>\n<p>&nbsp;<\/p>\n<p>&nbsp;<\/p>\n<p>Fotos: Nadine Beermann, Marion Friedrich, Christian Frohnapfel, Verena Frohnapfel, GemeindebriefDruckerei, Gerhard Gilbert, Kathrin Girlach, Eva Gro\u00df, Andreas Hahn, H.Harms@GemeindebriefDruckerei.de, Sabine Herler-Kettrukat, Karola Krei\u00df, Edzard Kr\u00fcckeberg, Susanne Lieb, Bettina Lindner, Ira Magerhans, Elisabeth Mohr, Ursula Mohr, Pfr. Gottfried M\u00fcller, Thomas N\u00fcdling, Claudia Pfannem\u00fcller, Wilhelm Rehorst, Kolonat Ruppert, S\u00f6ren Scharf, medio.tv\/Christian Schauderna, Pfr. Dieter Schindelmann, Matthias Schlag, Barbara Schleicher, Martin Schleicher, Stefanie Schmitt, N.Schwarz@GemeindebriefDruckerei.de, Sabine Stroth-Rother, Barbara Wamser, Franziska Zinn, privat<\/p>\n<p>&nbsp;<\/p>\n<p>Haftungshinweis:<br \/>\nTrotz sorgf\u00e4ltiger inhaltlicher Kontrolle \u00fcbernehmen wir keine Haftung f\u00fcr die Inhalte externer Links. F\u00fcr den Inhalt der verlinkten Seiten sind ausschlie\u00dflich deren Betreiber verantwortlich.<\/p>\n","protected":false},"excerpt":{"rendered":"<p>Ev.-luth. Kirchengemeinde Hettenhausen &#8211; Dalherda Ebersberger Stra\u00dfe 11 36129 Gersfeld (Rh\u00f6n)-Hettenhausen Telefon: +49 (0) 6656 307 E-Mail: pfarramt.hettenhausen@ekkw.de Die Ev.-luth. Kirchengemeinde Hettenhausen &#8211; Dalherda ist eine K\u00f6rperschaft des \u00f6ffentlichen Rechts. Sie wird vertreten durch den Kirchenvorstand, der wiederum durch die Vorsitzende Marion Friedrich oder den gesch\u00e4ftsf\u00fchrenden Pfarrer Helmut Stradal (Vakanzvertretung), jeweils zusammen mit einem weiteren [&hellip;]<\/p>\n","protected":false},"author":1,"featured_media":0,"parent":0,"menu_order":8,"comment_status":"closed","ping_status":"open","template":"","meta":{"footnotes":""},"class_list":["post-98","page","type-page","status-publish","hentry"],"yoast_head":"<!-- This site is optimized with the Yoast SEO plugin v27.4 - https:\/\/yoast.com\/product\/yoast-seo-wordpress\/ -->\n<title>Impressum - Ev.-luth. Kirchengemeinde Hettenhausen - Dalherda<\/title>\n<meta name=\"robots\" content=\"index, follow, max-snippet:-1, max-image-preview:large, max-video-preview:-1\" \/>\n<link rel=\"canonical\" href=\"https:\/\/www.kirche-hettenhausen.de\/site\/impressum\/\" \/>\n<meta property=\"og:locale\" content=\"de_DE\" \/>\n<meta property=\"og:type\" content=\"article\" \/>\n<meta property=\"og:title\" content=\"Impressum - Ev.-luth. Kirchengemeinde Hettenhausen - Dalherda\" \/>\n<meta property=\"og:description\" content=\"Ev.-luth. Kirchengemeinde Hettenhausen &#8211; Dalherda Ebersberger Stra\u00dfe 11 36129 Gersfeld (Rh\u00f6n)-Hettenhausen Telefon: +49 (0) 6656 307 E-Mail: pfarramt.hettenhausen@ekkw.de Die Ev.-luth. Kirchengemeinde Hettenhausen &#8211; Dalherda ist eine K\u00f6rperschaft des \u00f6ffentlichen Rechts. Sie wird vertreten durch den Kirchenvorstand, der wiederum durch die Vorsitzende Marion Friedrich oder den gesch\u00e4ftsf\u00fchrenden Pfarrer Helmut Stradal (Vakanzvertretung), jeweils zusammen mit einem weiteren [&hellip;]\" \/>\n<meta property=\"og:url\" content=\"https:\/\/www.kirche-hettenhausen.de\/site\/impressum\/\" \/>\n<meta property=\"og:site_name\" content=\"Ev.-luth. Kirchengemeinde Hettenhausen - Dalherda\" \/>\n<meta property=\"article:modified_time\" content=\"2026-01-18T13:17:45+00:00\" \/>\n<meta name=\"twitter:card\" content=\"summary_large_image\" \/>\n<meta name=\"twitter:label1\" content=\"Gesch\u00e4tzte Lesezeit\" \/>\n\t<meta name=\"twitter:data1\" content=\"1\u00a0Minute\" \/>\n<script type=\"application\/ld+json\" class=\"yoast-schema-graph\">{\"@context\":\"https:\\\/\\\/schema.org\",\"@graph\":[{\"@type\":\"WebPage\",\"@id\":\"https:\\\/\\\/www.kirche-hettenhausen.de\\\/site\\\/impressum\\\/\",\"url\":\"https:\\\/\\\/www.kirche-hettenhausen.de\\\/site\\\/impressum\\\/\",\"name\":\"Impressum - Ev.-luth. Kirchengemeinde Hettenhausen - Dalherda\",\"isPartOf\":{\"@id\":\"https:\\\/\\\/www.kirche-hettenhausen.de\\\/site\\\/#website\"},\"datePublished\":\"2014-09-09T19:00:27+00:00\",\"dateModified\":\"2026-01-18T13:17:45+00:00\",\"breadcrumb\":{\"@id\":\"https:\\\/\\\/www.kirche-hettenhausen.de\\\/site\\\/impressum\\\/#breadcrumb\"},\"inLanguage\":\"de\",\"potentialAction\":[{\"@type\":\"ReadAction\",\"target\":[\"https:\\\/\\\/www.kirche-hettenhausen.de\\\/site\\\/impressum\\\/\"]}]},{\"@type\":\"BreadcrumbList\",\"@id\":\"https:\\\/\\\/www.kirche-hettenhausen.de\\\/site\\\/impressum\\\/#breadcrumb\",\"itemListElement\":[{\"@type\":\"ListItem\",\"position\":1,\"name\":\"Startseite\",\"item\":\"https:\\\/\\\/www.kirche-hettenhausen.de\\\/site\\\/\"},{\"@type\":\"ListItem\",\"position\":2,\"name\":\"Impressum\"}]},{\"@type\":\"WebSite\",\"@id\":\"https:\\\/\\\/www.kirche-hettenhausen.de\\\/site\\\/#website\",\"url\":\"https:\\\/\\\/www.kirche-hettenhausen.de\\\/site\\\/\",\"name\":\"Ev.-luth. Kirchengemeinde Hettenhausen - Dalherda\",\"description\":\"Homepage der Ev.-luth. Kirchengemeinde Hettenhausen - Dalherda\",\"potentialAction\":[{\"@type\":\"SearchAction\",\"target\":{\"@type\":\"EntryPoint\",\"urlTemplate\":\"https:\\\/\\\/www.kirche-hettenhausen.de\\\/site\\\/?s={search_term_string}\"},\"query-input\":{\"@type\":\"PropertyValueSpecification\",\"valueRequired\":true,\"valueName\":\"search_term_string\"}}],\"inLanguage\":\"de\"}]}<\/script>\n<!-- \/ Yoast SEO plugin. -->","yoast_head_json":{"title":"Impressum - Ev.-luth. Kirchengemeinde Hettenhausen - Dalherda","robots":{"index":"index","follow":"follow","max-snippet":"max-snippet:-1","max-image-preview":"max-image-preview:large","max-video-preview":"max-video-preview:-1"},"canonical":"https:\/\/www.kirche-hettenhausen.de\/site\/impressum\/","og_locale":"de_DE","og_type":"article","og_title":"Impressum - Ev.-luth. Kirchengemeinde Hettenhausen - Dalherda","og_description":"Ev.-luth. Kirchengemeinde Hettenhausen &#8211; Dalherda Ebersberger Stra\u00dfe 11 36129 Gersfeld (Rh\u00f6n)-Hettenhausen Telefon: +49 (0) 6656 307 E-Mail: pfarramt.hettenhausen@ekkw.de Die Ev.-luth. Kirchengemeinde Hettenhausen &#8211; Dalherda ist eine K\u00f6rperschaft des \u00f6ffentlichen Rechts. Sie wird vertreten durch den Kirchenvorstand, der wiederum durch die Vorsitzende Marion Friedrich oder den gesch\u00e4ftsf\u00fchrenden Pfarrer Helmut Stradal (Vakanzvertretung), jeweils zusammen mit einem weiteren [&hellip;]","og_url":"https:\/\/www.kirche-hettenhausen.de\/site\/impressum\/","og_site_name":"Ev.-luth. Kirchengemeinde Hettenhausen - Dalherda","article_modified_time":"2026-01-18T13:17:45+00:00","twitter_card":"summary_large_image","twitter_misc":{"Gesch\u00e4tzte Lesezeit":"1\u00a0Minute"},"schema":{"@context":"https:\/\/schema.org","@graph":[{"@type":"WebPage","@id":"https:\/\/www.kirche-hettenhausen.de\/site\/impressum\/","url":"https:\/\/www.kirche-hettenhausen.de\/site\/impressum\/","name":"Impressum - Ev.-luth. Kirchengemeinde Hettenhausen - Dalherda","isPartOf":{"@id":"https:\/\/www.kirche-hettenhausen.de\/site\/#website"},"datePublished":"2014-09-09T19:00:27+00:00","dateModified":"2026-01-18T13:17:45+00:00","breadcrumb":{"@id":"https:\/\/www.kirche-hettenhausen.de\/site\/impressum\/#breadcrumb"},"inLanguage":"de","potentialAction":[{"@type":"ReadAction","target":["https:\/\/www.kirche-hettenhausen.de\/site\/impressum\/"]}]},{"@type":"BreadcrumbList","@id":"https:\/\/www.kirche-hettenhausen.de\/site\/impressum\/#breadcrumb","itemListElement":[{"@type":"ListItem","position":1,"name":"Startseite","item":"https:\/\/www.kirche-hettenhausen.de\/site\/"},{"@type":"ListItem","position":2,"name":"Impressum"}]},{"@type":"WebSite","@id":"https:\/\/www.kirche-hettenhausen.de\/site\/#website","url":"https:\/\/www.kirche-hettenhausen.de\/site\/","name":"Ev.-luth. Kirchengemeinde Hettenhausen - Dalherda","description":"Homepage der Ev.-luth. Kirchengemeinde Hettenhausen - Dalherda","potentialAction":[{"@type":"SearchAction","target":{"@type":"EntryPoint","urlTemplate":"https:\/\/www.kirche-hettenhausen.de\/site\/?s={search_term_string}"},"query-input":{"@type":"PropertyValueSpecification","valueRequired":true,"valueName":"search_term_string"}}],"inLanguage":"de"}]}},"_links":{"self":[{"href":"https:\/\/www.kirche-hettenhausen.de\/site\/wp-json\/wp\/v2\/pages\/98","targetHints":{"allow":["GET"]}}],"collection":[{"href":"https:\/\/www.kirche-hettenhausen.de\/site\/wp-json\/wp\/v2\/pages"}],"about":[{"href":"https:\/\/www.kirche-hettenhausen.de\/site\/wp-json\/wp\/v2\/types\/page"}],"author":[{"embeddable":true,"href":"https:\/\/www.kirche-hettenhausen.de\/site\/wp-json\/wp\/v2\/users\/1"}],"replies":[{"embeddable":true,"href":"https:\/\/www.kirche-hettenhausen.de\/site\/wp-json\/wp\/v2\/comments?post=98"}],"version-history":[{"count":75,"href":"https:\/\/www.kirche-hettenhausen.de\/site\/wp-json\/wp\/v2\/pages\/98\/revisions"}],"predecessor-version":[{"id":17116,"href":"https:\/\/www.kirche-hettenhausen.de\/site\/wp-json\/wp\/v2\/pages\/98\/revisions\/17116"}],"wp:attachment":[{"href":"https:\/\/www.kirche-hettenhausen.de\/site\/wp-json\/wp\/v2\/media?parent=98"}],"curies":[{"name":"wp","href":"https:\/\/api.w.org\/{rel}","templated":true}]}}