{"id":9188,"date":"2021-06-09T22:33:42","date_gmt":"2021-06-09T20:33:42","guid":{"rendered":"https:\/\/kirche-hettenhausen.de\/site\/?page_id=9188"},"modified":"2025-10-26T09:35:58","modified_gmt":"2025-10-26T08:35:58","slug":"geschichtlicher-exkurs-poppenhausen","status":"publish","type":"page","link":"https:\/\/www.kirche-hettenhausen.de\/site\/unsere-kirchen\/melanchthonhaus-poppenhausen\/geschichtlicher-exkurs-poppenhausen\/","title":{"rendered":"Geschichtlicher Exkurs Poppenhausen"},"content":{"rendered":"<p>Die evangelischen Christen (etwas \u00fcber 10 % der Bewohner) in und um Poppenhausen leben in einer Diaspora.<\/p>\n<p>Das Ebersberger Rittergeschlecht war im 14. Jahrhundert Mitbesitzer der Burg von Poppenhausen. Der Gersfelder Kirchenpatron Balthasar von Ebersberg, genannt von Weyhers, und Balthasar von Steinau, genannt Steinr\u00fcck, bekannten sich zu den Lehren von Martin Luther und beriefen um 1537 einen Prediger namens Marcus Sebander in ihr Herrschaftsgebiet. Dadurch kamen die Bewohner von Poppenhausen und Umgebung in eine Verbindung zu dem evangelischen Pfarrsitz in Gersfeld.<\/p>\n<p>Nach 1619 (Gegenreformation durch den Abt von Fulda) kam das Gebiet von Poppenhausen wieder unter katholischen Einfluss. Die wenigen evangelischen Christen in Poppenhausen wurden \u00fcber die folgenden Jahrhunderte von Pfarrern aus Gersfeld betreut.<\/p>\n<p>Der erste evangelische Christ im Ort war wahrscheinlich der Sattlergeselle Albert Jahn, der von 1894 bis 1944 in der Sattlerei Sch\u00f6nberg angestellt war. Wenn Albert Jahn zu Karfreitag in die Kirche gehen wollte, bekam er von seinem Meister einen Tag Urlaub. So konnte er nach Gersfeld laufen, um an dem Abendmahlsgottesdienst teilnehmen zu k\u00f6nnen. Albert Jahn verstarb 1949 und wurde auf dem hiesigen kirchlichen Friedhof bestattet.<\/p>\n<p>Nach dem 2. Weltkrieg kamen viele Fl\u00fcchtlinge, unter ihnen viele evangelische Familien, nach Poppenhausen und fanden u. a. Wohnung in den &#8222;Arbeitsdienstbaracken&#8220;. In den Jahren 1949\/50 gab es f\u00fcr die evangelischen Christen in Poppenhausen keinen eigenen Kirchenraum. Daher schloss die damalige evangelische Kirchengemeinde mit dem katholischen Schwesternhaus in Poppenhausen einen Mietvertrag ab, um in der dortigen Kapelle Gottesdienste abhalten zu k\u00f6nnen. Auch andere R\u00e4ume in der Schule oder in der Baracke des &#8222;Borrom\u00e4usvereins&#8220; (kath. \u00f6ffentliche B\u00fccherei) wurden f\u00fcr evangelische Gottesdienste und Veranstaltungen angemietet und genutzt.<\/p>\n<p>Nach Fertigstellung der Grundschule in der Schulstra\u00dfe konnten der evangelischen Kirchengemeinde von Poppenhausen in der alten Schule (Von-Steinr\u00fcck-Platz, 1. Stock) R\u00e4umlichkeiten angeboten werden. Am <strong>1. Advent 1956 war feierliche Einweihung des neuen evangelischen Gemeindezentrums<\/strong> am Vom-Steinr\u00fcck-Platz, bestehend aus einer Kapelle mit Sakristei. Anwesend bei der Feier waren Dekan Schuster aus Fulda, Pfarrer Hermann Dr\u00fcner und weitere Amtskollegen.<\/p>\n<p><strong>Am 1. Januar 1973 wurde die evangelische Kirchengemeinde Poppenhausen von der evangelischen Kirchengemeinde Gersfeld abgetrennt und in die evangelische Kirchengemeinde Dalherda umgepfarrt.<\/strong><\/p>\n<p>Da die evangelische Kirchengemeinde von Poppenhausen eine stetige Mitgliederzunahme erfuhr, bauten die evangelischen Mitb\u00fcrgerinnen und Mitb\u00fcrger <strong>im Jahr 1979<\/strong> unter der Leitung ihres Pfarrers Karl Birkenstock <strong>eine neue Begegnungsst\u00e4tte<\/strong> in der Eubestra\u00dfe 6, <strong>das Melanchthonhaus<\/strong>. Das Haus ist gebaut als zweist\u00f6ckiges Gemeindezentrum; im oberen Teil befindet sich der Kirchenraum mit Sakristei; im unteren Teil sind ein gro\u00dfer Gemeinderaum, Toiletten, eine K\u00fcche und die Heizung. Es finden regelm\u00e4\u00dfig Gottesdienste und andere Veranstaltungen im Melanchthonhaus statt. Gerne wird der gro\u00dfe Gemeinderaum im Erdgeschoss auch f\u00fcr private Familienfeiern genutzt.<\/p>\n<p><strong>Seit 1. Januar 2021 geh\u00f6rt Poppenhausen durch die Fusion der Kirchengemeinden Hettenhausen und Dalherda zu der neu entstandenen Ev.-luth. Kirchengemeinde Hettenhausen &#8211; Dalherda.<\/strong> Pfarramtlich wurde der Gemeindeteil Poppenhausen bis Ende 2022 vom Pfarrer der Kirchengemeinde Bieberstein-Dipperz betreut; seit Januar 2023 \u00fcbernimmt nun auch der bisher nur f\u00fcr Hettenhausen und Dalherda zust\u00e4ndige Pfarrer die pfarramtliche Versorgung des Gemeindeteils Poppenhausen.<\/p>\n<p>&nbsp;<\/p>\n<hr \/>\n<p style=\"text-align: center;\">_______________________________________________<\/p>\n<p>(u. a. aus der Chronik von Hettenhausen anl\u00e4sslich des 1050-j\u00e4hrigen Bestehens im Jahr 2006, nach den Aufzeichnungen des Chronisten Friedrich Waldschmidt, Hettenhausen sowie aus der Chronik der Kirchengemeinde Dalherda-Poppenhausen mit Aufzeichnungen von G\u00fcnter Lueg)<\/p>\n","protected":false},"excerpt":{"rendered":"<p>Die evangelischen Christen (etwas \u00fcber 10 % der Bewohner) in und um Poppenhausen leben in einer Diaspora. Das Ebersberger Rittergeschlecht war im 14. Jahrhundert Mitbesitzer der Burg von Poppenhausen. Der Gersfelder Kirchenpatron Balthasar von Ebersberg, genannt von Weyhers, und Balthasar von Steinau, genannt Steinr\u00fcck, bekannten sich zu den Lehren von Martin Luther und beriefen um [&hellip;]<\/p>\n","protected":false},"author":2,"featured_media":7334,"parent":6754,"menu_order":10,"comment_status":"closed","ping_status":"closed","template":"","meta":{"footnotes":""},"class_list":["post-9188","page","type-page","status-publish","has-post-thumbnail","hentry"],"yoast_head":"<!-- This site is optimized with the Yoast SEO plugin v27.5 - https:\/\/yoast.com\/product\/yoast-seo-wordpress\/ -->\n<title>Geschichtlicher Exkurs Poppenhausen - Ev.-luth. Kirchengemeinde Hettenhausen - Dalherda<\/title>\n<meta name=\"description\" content=\"Ev.-luth. Kirchengemeinde Hettenhausen - Dalherda - Geschichtlicher Exkurs Poppenhausen -\" \/>\n<meta name=\"robots\" content=\"index, follow, max-snippet:-1, max-image-preview:large, max-video-preview:-1\" \/>\n<link rel=\"canonical\" href=\"https:\/\/www.kirche-hettenhausen.de\/site\/unsere-kirchen\/melanchthonhaus-poppenhausen\/geschichtlicher-exkurs-poppenhausen\/\" \/>\n<meta property=\"og:locale\" content=\"de_DE\" \/>\n<meta property=\"og:type\" content=\"article\" \/>\n<meta property=\"og:title\" content=\"Geschichtlicher Exkurs Poppenhausen - Ev.-luth. Kirchengemeinde Hettenhausen - Dalherda\" \/>\n<meta property=\"og:description\" content=\"Ev.-luth. Kirchengemeinde Hettenhausen - Dalherda - Geschichtlicher Exkurs Poppenhausen -\" \/>\n<meta property=\"og:url\" content=\"https:\/\/www.kirche-hettenhausen.de\/site\/unsere-kirchen\/melanchthonhaus-poppenhausen\/geschichtlicher-exkurs-poppenhausen\/\" \/>\n<meta property=\"og:site_name\" content=\"Ev.-luth. Kirchengemeinde Hettenhausen - Dalherda\" \/>\n<meta property=\"article:modified_time\" content=\"2025-10-26T08:35:58+00:00\" \/>\n<meta property=\"og:image\" content=\"https:\/\/www.kirche-hettenhausen.de\/site\/wp-content\/uploads\/2021\/01\/Melanchthonhaus-Poppenhausen_3.jpg\" \/>\n\t<meta property=\"og:image:width\" content=\"768\" \/>\n\t<meta property=\"og:image:height\" content=\"626\" \/>\n\t<meta property=\"og:image:type\" content=\"image\/jpeg\" \/>\n<meta name=\"twitter:card\" content=\"summary_large_image\" \/>\n<meta name=\"twitter:label1\" content=\"Gesch\u00e4tzte Lesezeit\" \/>\n\t<meta name=\"twitter:data1\" content=\"4\u00a0Minuten\" \/>\n<script type=\"application\/ld+json\" class=\"yoast-schema-graph\">{\"@context\":\"https:\\\/\\\/schema.org\",\"@graph\":[{\"@type\":\"WebPage\",\"@id\":\"https:\\\/\\\/www.kirche-hettenhausen.de\\\/site\\\/unsere-kirchen\\\/melanchthonhaus-poppenhausen\\\/geschichtlicher-exkurs-poppenhausen\\\/\",\"url\":\"https:\\\/\\\/www.kirche-hettenhausen.de\\\/site\\\/unsere-kirchen\\\/melanchthonhaus-poppenhausen\\\/geschichtlicher-exkurs-poppenhausen\\\/\",\"name\":\"Geschichtlicher Exkurs Poppenhausen - Ev.-luth. Kirchengemeinde Hettenhausen - Dalherda\",\"isPartOf\":{\"@id\":\"https:\\\/\\\/www.kirche-hettenhausen.de\\\/site\\\/#website\"},\"primaryImageOfPage\":{\"@id\":\"https:\\\/\\\/www.kirche-hettenhausen.de\\\/site\\\/unsere-kirchen\\\/melanchthonhaus-poppenhausen\\\/geschichtlicher-exkurs-poppenhausen\\\/#primaryimage\"},\"image\":{\"@id\":\"https:\\\/\\\/www.kirche-hettenhausen.de\\\/site\\\/unsere-kirchen\\\/melanchthonhaus-poppenhausen\\\/geschichtlicher-exkurs-poppenhausen\\\/#primaryimage\"},\"thumbnailUrl\":\"https:\\\/\\\/www.kirche-hettenhausen.de\\\/site\\\/wp-content\\\/uploads\\\/2021\\\/01\\\/Melanchthonhaus-Poppenhausen_3.jpg\",\"datePublished\":\"2021-06-09T20:33:42+00:00\",\"dateModified\":\"2025-10-26T08:35:58+00:00\",\"description\":\"Ev.-luth. Kirchengemeinde Hettenhausen - Dalherda - Geschichtlicher Exkurs Poppenhausen -\",\"breadcrumb\":{\"@id\":\"https:\\\/\\\/www.kirche-hettenhausen.de\\\/site\\\/unsere-kirchen\\\/melanchthonhaus-poppenhausen\\\/geschichtlicher-exkurs-poppenhausen\\\/#breadcrumb\"},\"inLanguage\":\"de\",\"potentialAction\":[{\"@type\":\"ReadAction\",\"target\":[\"https:\\\/\\\/www.kirche-hettenhausen.de\\\/site\\\/unsere-kirchen\\\/melanchthonhaus-poppenhausen\\\/geschichtlicher-exkurs-poppenhausen\\\/\"]}]},{\"@type\":\"ImageObject\",\"inLanguage\":\"de\",\"@id\":\"https:\\\/\\\/www.kirche-hettenhausen.de\\\/site\\\/unsere-kirchen\\\/melanchthonhaus-poppenhausen\\\/geschichtlicher-exkurs-poppenhausen\\\/#primaryimage\",\"url\":\"https:\\\/\\\/www.kirche-hettenhausen.de\\\/site\\\/wp-content\\\/uploads\\\/2021\\\/01\\\/Melanchthonhaus-Poppenhausen_3.jpg\",\"contentUrl\":\"https:\\\/\\\/www.kirche-hettenhausen.de\\\/site\\\/wp-content\\\/uploads\\\/2021\\\/01\\\/Melanchthonhaus-Poppenhausen_3.jpg\",\"width\":768,\"height\":626,\"caption\":\"Melanchthonhaus Glockenturm\"},{\"@type\":\"BreadcrumbList\",\"@id\":\"https:\\\/\\\/www.kirche-hettenhausen.de\\\/site\\\/unsere-kirchen\\\/melanchthonhaus-poppenhausen\\\/geschichtlicher-exkurs-poppenhausen\\\/#breadcrumb\",\"itemListElement\":[{\"@type\":\"ListItem\",\"position\":1,\"name\":\"Startseite\",\"item\":\"https:\\\/\\\/www.kirche-hettenhausen.de\\\/site\\\/\"},{\"@type\":\"ListItem\",\"position\":2,\"name\":\"Unsere Kirchen\",\"item\":\"https:\\\/\\\/www.kirche-hettenhausen.de\\\/site\\\/unsere-kirchen\\\/\"},{\"@type\":\"ListItem\",\"position\":3,\"name\":\"Melanchthonhaus Poppenhausen\",\"item\":\"https:\\\/\\\/www.kirche-hettenhausen.de\\\/site\\\/unsere-kirchen\\\/melanchthonhaus-poppenhausen\\\/\"},{\"@type\":\"ListItem\",\"position\":4,\"name\":\"Geschichtlicher Exkurs Poppenhausen\"}]},{\"@type\":\"WebSite\",\"@id\":\"https:\\\/\\\/www.kirche-hettenhausen.de\\\/site\\\/#website\",\"url\":\"https:\\\/\\\/www.kirche-hettenhausen.de\\\/site\\\/\",\"name\":\"Ev.-luth. Kirchengemeinde Hettenhausen - Dalherda\",\"description\":\"Homepage der Ev.-luth. Kirchengemeinde Hettenhausen - Dalherda\",\"potentialAction\":[{\"@type\":\"SearchAction\",\"target\":{\"@type\":\"EntryPoint\",\"urlTemplate\":\"https:\\\/\\\/www.kirche-hettenhausen.de\\\/site\\\/?s={search_term_string}\"},\"query-input\":{\"@type\":\"PropertyValueSpecification\",\"valueRequired\":true,\"valueName\":\"search_term_string\"}}],\"inLanguage\":\"de\"}]}<\/script>\n<!-- \/ Yoast SEO plugin. -->","yoast_head_json":{"title":"Geschichtlicher Exkurs Poppenhausen - Ev.-luth. Kirchengemeinde Hettenhausen - Dalherda","description":"Ev.-luth. Kirchengemeinde Hettenhausen - Dalherda - Geschichtlicher Exkurs Poppenhausen -","robots":{"index":"index","follow":"follow","max-snippet":"max-snippet:-1","max-image-preview":"max-image-preview:large","max-video-preview":"max-video-preview:-1"},"canonical":"https:\/\/www.kirche-hettenhausen.de\/site\/unsere-kirchen\/melanchthonhaus-poppenhausen\/geschichtlicher-exkurs-poppenhausen\/","og_locale":"de_DE","og_type":"article","og_title":"Geschichtlicher Exkurs Poppenhausen - Ev.-luth. Kirchengemeinde Hettenhausen - Dalherda","og_description":"Ev.-luth. Kirchengemeinde Hettenhausen - Dalherda - Geschichtlicher Exkurs Poppenhausen -","og_url":"https:\/\/www.kirche-hettenhausen.de\/site\/unsere-kirchen\/melanchthonhaus-poppenhausen\/geschichtlicher-exkurs-poppenhausen\/","og_site_name":"Ev.-luth. Kirchengemeinde Hettenhausen - Dalherda","article_modified_time":"2025-10-26T08:35:58+00:00","og_image":[{"width":768,"height":626,"url":"https:\/\/www.kirche-hettenhausen.de\/site\/wp-content\/uploads\/2021\/01\/Melanchthonhaus-Poppenhausen_3.jpg","type":"image\/jpeg"}],"twitter_card":"summary_large_image","twitter_misc":{"Gesch\u00e4tzte Lesezeit":"4\u00a0Minuten"},"schema":{"@context":"https:\/\/schema.org","@graph":[{"@type":"WebPage","@id":"https:\/\/www.kirche-hettenhausen.de\/site\/unsere-kirchen\/melanchthonhaus-poppenhausen\/geschichtlicher-exkurs-poppenhausen\/","url":"https:\/\/www.kirche-hettenhausen.de\/site\/unsere-kirchen\/melanchthonhaus-poppenhausen\/geschichtlicher-exkurs-poppenhausen\/","name":"Geschichtlicher Exkurs Poppenhausen - Ev.-luth. Kirchengemeinde Hettenhausen - Dalherda","isPartOf":{"@id":"https:\/\/www.kirche-hettenhausen.de\/site\/#website"},"primaryImageOfPage":{"@id":"https:\/\/www.kirche-hettenhausen.de\/site\/unsere-kirchen\/melanchthonhaus-poppenhausen\/geschichtlicher-exkurs-poppenhausen\/#primaryimage"},"image":{"@id":"https:\/\/www.kirche-hettenhausen.de\/site\/unsere-kirchen\/melanchthonhaus-poppenhausen\/geschichtlicher-exkurs-poppenhausen\/#primaryimage"},"thumbnailUrl":"https:\/\/www.kirche-hettenhausen.de\/site\/wp-content\/uploads\/2021\/01\/Melanchthonhaus-Poppenhausen_3.jpg","datePublished":"2021-06-09T20:33:42+00:00","dateModified":"2025-10-26T08:35:58+00:00","description":"Ev.-luth. Kirchengemeinde Hettenhausen - Dalherda - Geschichtlicher Exkurs Poppenhausen -","breadcrumb":{"@id":"https:\/\/www.kirche-hettenhausen.de\/site\/unsere-kirchen\/melanchthonhaus-poppenhausen\/geschichtlicher-exkurs-poppenhausen\/#breadcrumb"},"inLanguage":"de","potentialAction":[{"@type":"ReadAction","target":["https:\/\/www.kirche-hettenhausen.de\/site\/unsere-kirchen\/melanchthonhaus-poppenhausen\/geschichtlicher-exkurs-poppenhausen\/"]}]},{"@type":"ImageObject","inLanguage":"de","@id":"https:\/\/www.kirche-hettenhausen.de\/site\/unsere-kirchen\/melanchthonhaus-poppenhausen\/geschichtlicher-exkurs-poppenhausen\/#primaryimage","url":"https:\/\/www.kirche-hettenhausen.de\/site\/wp-content\/uploads\/2021\/01\/Melanchthonhaus-Poppenhausen_3.jpg","contentUrl":"https:\/\/www.kirche-hettenhausen.de\/site\/wp-content\/uploads\/2021\/01\/Melanchthonhaus-Poppenhausen_3.jpg","width":768,"height":626,"caption":"Melanchthonhaus Glockenturm"},{"@type":"BreadcrumbList","@id":"https:\/\/www.kirche-hettenhausen.de\/site\/unsere-kirchen\/melanchthonhaus-poppenhausen\/geschichtlicher-exkurs-poppenhausen\/#breadcrumb","itemListElement":[{"@type":"ListItem","position":1,"name":"Startseite","item":"https:\/\/www.kirche-hettenhausen.de\/site\/"},{"@type":"ListItem","position":2,"name":"Unsere Kirchen","item":"https:\/\/www.kirche-hettenhausen.de\/site\/unsere-kirchen\/"},{"@type":"ListItem","position":3,"name":"Melanchthonhaus Poppenhausen","item":"https:\/\/www.kirche-hettenhausen.de\/site\/unsere-kirchen\/melanchthonhaus-poppenhausen\/"},{"@type":"ListItem","position":4,"name":"Geschichtlicher Exkurs Poppenhausen"}]},{"@type":"WebSite","@id":"https:\/\/www.kirche-hettenhausen.de\/site\/#website","url":"https:\/\/www.kirche-hettenhausen.de\/site\/","name":"Ev.-luth. Kirchengemeinde Hettenhausen - Dalherda","description":"Homepage der Ev.-luth. Kirchengemeinde Hettenhausen - Dalherda","potentialAction":[{"@type":"SearchAction","target":{"@type":"EntryPoint","urlTemplate":"https:\/\/www.kirche-hettenhausen.de\/site\/?s={search_term_string}"},"query-input":{"@type":"PropertyValueSpecification","valueRequired":true,"valueName":"search_term_string"}}],"inLanguage":"de"}]}},"_links":{"self":[{"href":"https:\/\/www.kirche-hettenhausen.de\/site\/wp-json\/wp\/v2\/pages\/9188","targetHints":{"allow":["GET"]}}],"collection":[{"href":"https:\/\/www.kirche-hettenhausen.de\/site\/wp-json\/wp\/v2\/pages"}],"about":[{"href":"https:\/\/www.kirche-hettenhausen.de\/site\/wp-json\/wp\/v2\/types\/page"}],"author":[{"embeddable":true,"href":"https:\/\/www.kirche-hettenhausen.de\/site\/wp-json\/wp\/v2\/users\/2"}],"replies":[{"embeddable":true,"href":"https:\/\/www.kirche-hettenhausen.de\/site\/wp-json\/wp\/v2\/comments?post=9188"}],"version-history":[{"count":9,"href":"https:\/\/www.kirche-hettenhausen.de\/site\/wp-json\/wp\/v2\/pages\/9188\/revisions"}],"predecessor-version":[{"id":16769,"href":"https:\/\/www.kirche-hettenhausen.de\/site\/wp-json\/wp\/v2\/pages\/9188\/revisions\/16769"}],"up":[{"embeddable":true,"href":"https:\/\/www.kirche-hettenhausen.de\/site\/wp-json\/wp\/v2\/pages\/6754"}],"wp:featuredmedia":[{"embeddable":true,"href":"https:\/\/www.kirche-hettenhausen.de\/site\/wp-json\/wp\/v2\/media\/7334"}],"wp:attachment":[{"href":"https:\/\/www.kirche-hettenhausen.de\/site\/wp-json\/wp\/v2\/media?parent=9188"}],"curies":[{"name":"wp","href":"https:\/\/api.w.org\/{rel}","templated":true}]}}