{"id":9186,"date":"2021-06-09T22:09:39","date_gmt":"2021-06-09T20:09:39","guid":{"rendered":"https:\/\/kirche-hettenhausen.de\/site\/?page_id=9186"},"modified":"2025-10-25T18:15:51","modified_gmt":"2025-10-25T16:15:51","slug":"geschichtlicher-exkurs-dalherda","status":"publish","type":"page","link":"https:\/\/www.kirche-hettenhausen.de\/site\/unsere-kirchen\/kirche-dalherda\/geschichtlicher-exkurs-dalherda\/","title":{"rendered":"Geschichtlicher Exkurs Dalherda"},"content":{"rendered":"<p>Die <strong>Zugeh\u00f6rigkeit Dalherdas zu Hettenhausen<\/strong> bestand wohl seit Begr\u00fcndung des Kirchspiels, <strong>nachweislich <\/strong>ist sie <strong>seit dem Jahr 1588 <\/strong>und hat fortbestanden <strong>bis zum Jahr 1835.<\/strong><\/p>\n<p><strong>1703\u00a0\u00a0 <\/strong>Bau einer ersten Kapelle<\/p>\n<p><strong>1708 \u00a0 <\/strong>Gr\u00fcndung einer Schule<\/p>\n<p><strong>1822 &#8211; 1825<\/strong>\u00a0\u00a0 Bau der Kirche Dalherda<\/p>\n<p><strong>1835<\/strong>\u00a0\u00a0 Dalherda bekommt einen eigenen Geistlichen und wird selbst\u00e4ndige Kirchengemeinde<\/p>\n<p>Abbildung der Glocke Dalherda, &#8222;Guss von Gebr. Ulrich in Apolda 1882&#8220;, Inschrift &#8222;EHRE SEI GOTT IN DER HOEHE!&#8220;: <a href=\"https:\/\/www.deutsche-digitale-bibliothek.de\/item\/MJX4HXO5XORMRADQXXQWH6DXXX5IZHIB\" target=\"_blank\" rel=\"noopener\">Dalherda &#8211; Deutsche Digitale Bibliothek (deutsche-digitale-bibliothek.de)<\/a><\/p>\n<p><strong>1927 &#8211; 1954<\/strong>\u00a0\u00a0 Pfarrer Hermann Heinrich Egon Langheinrich, Gersfeld<\/p>\n<p><strong>14.08.1932<\/strong> \u00a0 Fest zum 100-j\u00e4hrigen Bestehen von Kirche und Pfarrei<\/p>\n<p><strong>M\u00e4rz 1937<\/strong> \u00a0 Konfirmation von insgesamt 25 Kindern<\/p>\n<p><strong>06.03.1938<\/strong> \u00a0 Letzte Konfirmation vor der Absiedlung Dalherdas f\u00fcr 10 Jungen und M\u00e4dchen<\/p>\n<p><strong>April 1938<\/strong> \u00a0 Dalherda war abgesiedelt und ein Teil des Truppen\u00fcbungsplatzes Wildflecken. Die Kirchengemeinde Dalherda wurde von Pfarrer Langheinrich aus Gersfeld noch offiziell gef\u00fchrt. Die Kirche war allerdings aufgelassen, das Pfarrhaus war ger\u00e4umt und Sitz der Standortverwaltung. Vor der Absiedlung gab es 1000 evangelische und 8 katholische Christen, durch die sp\u00e4tere Ansiedlung der Heimatvertriebenen \u00e4nderte sich dies.<\/p>\n<p><strong>1949<\/strong> \u00a0 hatte Dalherda 529 Seelen, davon waren 384 evangelisch, 137 katholisch und 8 waren Sonstige.<\/p>\n<p><strong>1954 &#8211; 1957<\/strong>\u00a0\u00a0 Hermann Dr\u00fcner, Hilfspfarrer in Gersfeld<\/p>\n<p><strong>November 1958 &#8211; August 1988<\/strong> \u00a0 Pfarrer Karl Birkenstock \u00fcbernimmt im Herbst 1958 eine Hilfspfarrstelle in Gersfeld. Wegen der damals herrschenden Wohnungsnot wurde er im Pfarrhaus Dalherda untergebracht. Das Geb\u00e4ude stand leer und war wie der ganze Ort in einem schlechten Zustand. Dalherda war damals die \u00e4rmste Gemeinde im Landkreis, \u00fcber 90 % der Bewohner waren Heimatvertriebene. Obwohl die Landeskirche plante, die Pfarrstelle nicht mehr zu besetzen, bewarb sich Pfarrer Birkenstock, und bereits im November 1958 entsprach die Landeskirche seiner Bitte und \u00fcbertrug ihm die Verantwortung f\u00fcr die neue Pfarrei, welche die Gemeinden Dalherda und Poppenhausen beinhaltete.<\/p>\n<p><strong>1. Januar 1973<\/strong>\u00a0\u00a0 Die Kirchengemeinde Poppenhausen wird von Gersfeld abgetrennt und wird in die Kirchengemeinde Dalherda umgepfarrt.<\/p>\n<p><strong>September 1988 &#8211; Juli 1989<\/strong>\u00a0\u00a0 Vakanzzeit (Dekan Reinhold Kalden)<\/p>\n<p><strong>August 1989 &#8211; Februar 1993<\/strong> \u00a0 Pfarrer Walter Gro\u00dfke, Dalherda<\/p>\n<p><strong>Mai 1994 &#8211; April 1995<\/strong> \u00a0 Pfarrerin Jutta Ehlers, Dalherda<\/p>\n<p><strong>August 1995 &#8211; Januar 2000<\/strong>\u00a0\u00a0 Pfarrer Eduard von Bucholtz, Dalherda<\/p>\n<p><strong>Mai 2000 &#8211; Juni 2005<\/strong> \u00a0 Pfarrer Henning Porrmann<\/p>\n<p><strong>17. M\u00e4rz 2001<\/strong>\u00a0\u00a0 Erste Kinderkirche in Dalherda<\/p>\n<p><strong>November 2005 &#8211; Februar 2014<\/strong>\u00a0\u00a0 Pfarrer Wolf-Benjamin Gittermann<\/p>\n<p><strong>2014 &#8211; 2015<\/strong> \u00a0 Vakanzzeit (Pfarrer Edwin R\u00f6der aus Eichenzell)<\/p>\n<p><strong>August 2015<\/strong> \u00a0 Die Kirchengemeinden Hettenhausen und Dalherda mit Poppenhausen werden zu einem Kirchspiel zusammengelegt (Pfarrer Gottfried M\u00fcller aus Hettenhausen und Pfarrer Georg Ander-Molar aus Bieberstein-Dipperz teilen sich die Aufgaben in Dalherda und Poppenhausen).<\/p>\n<p><strong>2017-2020<\/strong> \u00a0 Pfarrer Gottfried M\u00fcller \u00fcbernimmt die Pfarrstelle in Dalherda sowie die Gesch\u00e4ftsf\u00fchrung, die pfarramtliche Versorgung des Gemeindeteils Poppenhausen wird vom Pfarrer der Kirchengemeinde Bieberstein-Dipperz \u00fcbernommen, Pfarrer Maximilian Weber-Weigelt.<\/p>\n<p><strong>2019<\/strong> \u00a0 F\u00fcr die Kirchenvorstandswahl finden sich nicht gen\u00fcgend Kandidaten, die Wahl muss abgesagt werden. Der bisherige Kirchenvorstand bleibt kommisarisch im Amt.<\/p>\n<p><strong>2020<\/strong> \u00a0 Aufgrund des R\u00fccktritts des gesch\u00e4ftsf\u00fchrenden Kirchenvorstands wird die Leitung der Gemeinde vom Kirchenkreisvorstand \u00fcbernommen; Beginn von Gespr\u00e4chen mit Hettenhausen wegen eines Zusammenschlusses der Gemeinden.<\/p>\n<p><strong>01.01.2021<\/strong> \u00a0 Fusion der Kirchengemeinden Dalherda (mit Poppenhausen) und Hettenhausen zu einer Kirchengemeinde: Ev.-luth. Kirchengemeinde Hettenhausen &#8211; Dalherda; Poppenhausen wird weiter von Bieberstein-Dipperz pfarramtlich versorgt (bis Ende 2022).<\/p>\n<p><strong>01.01.2023<\/strong>\u00a0 Der bisher nur f\u00fcr Hettenhausen und Dalherda zust\u00e4ndige Pfarrer \u00fcbernimmt nun auch die pfarramtliche Versorgung des Gemeindeteils Poppenhausen.<\/p>\n<p>&nbsp;<\/p>\n<p><strong><a href=\"https:\/\/www.kirche-hettenhausen.de\/site\/2025\/10\/ein-anderes-atlantis\/\">Ein anderes Atlantis<\/a> &#8211; Ausstellung \u00fcber die &#8222;Vergessenen D\u00f6rfer in der Rh\u00f6n&#8220;<\/strong><\/p>\n<p>&nbsp;<\/p>\n<p>&nbsp;<\/p>\n<hr \/>\n<p style=\"text-align: center;\">_______________________________________________<\/p>\n<p>(u. a. aus der Chronik von Hettenhausen anl\u00e4sslich des 1050-j\u00e4hrigen Bestehens im Jahr 2006, nach den Aufzeichnungen des Chronisten Friedrich Waldschmidt, Hettenhausen sowie aus der Chronik der Kirchengemeinde Dalherda-Poppenhausen mit Aufzeichnungen von Edzard Kr\u00fcckeberg)<\/p>\n","protected":false},"excerpt":{"rendered":"<p>Die Zugeh\u00f6rigkeit Dalherdas zu Hettenhausen bestand wohl seit Begr\u00fcndung des Kirchspiels, nachweislich ist sie seit dem Jahr 1588 und hat fortbestanden bis zum Jahr 1835. 1703\u00a0\u00a0 Bau einer ersten Kapelle 1708 \u00a0 Gr\u00fcndung einer Schule 1822 &#8211; 1825\u00a0\u00a0 Bau der Kirche Dalherda 1835\u00a0\u00a0 Dalherda bekommt einen eigenen Geistlichen und wird selbst\u00e4ndige Kirchengemeinde Abbildung der Glocke [&hellip;]<\/p>\n","protected":false},"author":2,"featured_media":7159,"parent":6775,"menu_order":10,"comment_status":"closed","ping_status":"closed","template":"","meta":{"footnotes":""},"class_list":["post-9186","page","type-page","status-publish","has-post-thumbnail","hentry"],"yoast_head":"<!-- This site is optimized with the Yoast SEO plugin v27.3 - https:\/\/yoast.com\/product\/yoast-seo-wordpress\/ -->\n<title>Geschichtlicher Exkurs Dalherda - Ev.-luth. Kirchengemeinde Hettenhausen - Dalherda<\/title>\n<meta name=\"description\" content=\"Ev.-luth. Kirchengemeinde Hettenhausen - Dalherda - Geschichtlicher Exkurs Dalherda -\" \/>\n<meta name=\"robots\" content=\"index, follow, max-snippet:-1, max-image-preview:large, max-video-preview:-1\" \/>\n<link rel=\"canonical\" href=\"https:\/\/www.kirche-hettenhausen.de\/site\/unsere-kirchen\/kirche-dalherda\/geschichtlicher-exkurs-dalherda\/\" \/>\n<meta property=\"og:locale\" content=\"de_DE\" \/>\n<meta property=\"og:type\" content=\"article\" \/>\n<meta property=\"og:title\" content=\"Geschichtlicher Exkurs Dalherda - Ev.-luth. Kirchengemeinde Hettenhausen - Dalherda\" \/>\n<meta property=\"og:description\" content=\"Ev.-luth. Kirchengemeinde Hettenhausen - Dalherda - Geschichtlicher Exkurs Dalherda -\" \/>\n<meta property=\"og:url\" content=\"https:\/\/www.kirche-hettenhausen.de\/site\/unsere-kirchen\/kirche-dalherda\/geschichtlicher-exkurs-dalherda\/\" \/>\n<meta property=\"og:site_name\" content=\"Ev.-luth. Kirchengemeinde Hettenhausen - Dalherda\" \/>\n<meta property=\"article:modified_time\" content=\"2025-10-25T16:15:51+00:00\" \/>\n<meta property=\"og:image\" content=\"https:\/\/www.kirche-hettenhausen.de\/site\/wp-content\/uploads\/2021\/01\/Kirche-Dalherda_3.jpg\" \/>\n\t<meta property=\"og:image:width\" content=\"1058\" \/>\n\t<meta property=\"og:image:height\" content=\"1600\" \/>\n\t<meta property=\"og:image:type\" content=\"image\/jpeg\" \/>\n<meta name=\"twitter:card\" content=\"summary_large_image\" \/>\n<meta name=\"twitter:label1\" content=\"Gesch\u00e4tzte Lesezeit\" \/>\n\t<meta name=\"twitter:data1\" content=\"4\u00a0Minuten\" \/>\n<script type=\"application\/ld+json\" class=\"yoast-schema-graph\">{\"@context\":\"https:\\\/\\\/schema.org\",\"@graph\":[{\"@type\":\"WebPage\",\"@id\":\"https:\\\/\\\/www.kirche-hettenhausen.de\\\/site\\\/unsere-kirchen\\\/kirche-dalherda\\\/geschichtlicher-exkurs-dalherda\\\/\",\"url\":\"https:\\\/\\\/www.kirche-hettenhausen.de\\\/site\\\/unsere-kirchen\\\/kirche-dalherda\\\/geschichtlicher-exkurs-dalherda\\\/\",\"name\":\"Geschichtlicher Exkurs Dalherda - Ev.-luth. Kirchengemeinde Hettenhausen - Dalherda\",\"isPartOf\":{\"@id\":\"https:\\\/\\\/www.kirche-hettenhausen.de\\\/site\\\/#website\"},\"primaryImageOfPage\":{\"@id\":\"https:\\\/\\\/www.kirche-hettenhausen.de\\\/site\\\/unsere-kirchen\\\/kirche-dalherda\\\/geschichtlicher-exkurs-dalherda\\\/#primaryimage\"},\"image\":{\"@id\":\"https:\\\/\\\/www.kirche-hettenhausen.de\\\/site\\\/unsere-kirchen\\\/kirche-dalherda\\\/geschichtlicher-exkurs-dalherda\\\/#primaryimage\"},\"thumbnailUrl\":\"https:\\\/\\\/www.kirche-hettenhausen.de\\\/site\\\/wp-content\\\/uploads\\\/2021\\\/01\\\/Kirche-Dalherda_3.jpg\",\"datePublished\":\"2021-06-09T20:09:39+00:00\",\"dateModified\":\"2025-10-25T16:15:51+00:00\",\"description\":\"Ev.-luth. Kirchengemeinde Hettenhausen - Dalherda - Geschichtlicher Exkurs Dalherda -\",\"breadcrumb\":{\"@id\":\"https:\\\/\\\/www.kirche-hettenhausen.de\\\/site\\\/unsere-kirchen\\\/kirche-dalherda\\\/geschichtlicher-exkurs-dalherda\\\/#breadcrumb\"},\"inLanguage\":\"de\",\"potentialAction\":[{\"@type\":\"ReadAction\",\"target\":[\"https:\\\/\\\/www.kirche-hettenhausen.de\\\/site\\\/unsere-kirchen\\\/kirche-dalherda\\\/geschichtlicher-exkurs-dalherda\\\/\"]}]},{\"@type\":\"ImageObject\",\"inLanguage\":\"de\",\"@id\":\"https:\\\/\\\/www.kirche-hettenhausen.de\\\/site\\\/unsere-kirchen\\\/kirche-dalherda\\\/geschichtlicher-exkurs-dalherda\\\/#primaryimage\",\"url\":\"https:\\\/\\\/www.kirche-hettenhausen.de\\\/site\\\/wp-content\\\/uploads\\\/2021\\\/01\\\/Kirche-Dalherda_3.jpg\",\"contentUrl\":\"https:\\\/\\\/www.kirche-hettenhausen.de\\\/site\\\/wp-content\\\/uploads\\\/2021\\\/01\\\/Kirche-Dalherda_3.jpg\",\"width\":1058,\"height\":1600},{\"@type\":\"BreadcrumbList\",\"@id\":\"https:\\\/\\\/www.kirche-hettenhausen.de\\\/site\\\/unsere-kirchen\\\/kirche-dalherda\\\/geschichtlicher-exkurs-dalherda\\\/#breadcrumb\",\"itemListElement\":[{\"@type\":\"ListItem\",\"position\":1,\"name\":\"Startseite\",\"item\":\"https:\\\/\\\/www.kirche-hettenhausen.de\\\/site\\\/\"},{\"@type\":\"ListItem\",\"position\":2,\"name\":\"Unsere Kirchen\",\"item\":\"https:\\\/\\\/www.kirche-hettenhausen.de\\\/site\\\/unsere-kirchen\\\/\"},{\"@type\":\"ListItem\",\"position\":3,\"name\":\"Kirche Dalherda\",\"item\":\"https:\\\/\\\/www.kirche-hettenhausen.de\\\/site\\\/unsere-kirchen\\\/kirche-dalherda\\\/\"},{\"@type\":\"ListItem\",\"position\":4,\"name\":\"Geschichtlicher Exkurs Dalherda\"}]},{\"@type\":\"WebSite\",\"@id\":\"https:\\\/\\\/www.kirche-hettenhausen.de\\\/site\\\/#website\",\"url\":\"https:\\\/\\\/www.kirche-hettenhausen.de\\\/site\\\/\",\"name\":\"Ev.-luth. Kirchengemeinde Hettenhausen - Dalherda\",\"description\":\"Homepage der Ev.-luth. Kirchengemeinde Hettenhausen - Dalherda\",\"potentialAction\":[{\"@type\":\"SearchAction\",\"target\":{\"@type\":\"EntryPoint\",\"urlTemplate\":\"https:\\\/\\\/www.kirche-hettenhausen.de\\\/site\\\/?s={search_term_string}\"},\"query-input\":{\"@type\":\"PropertyValueSpecification\",\"valueRequired\":true,\"valueName\":\"search_term_string\"}}],\"inLanguage\":\"de\"}]}<\/script>\n<!-- \/ Yoast SEO plugin. -->","yoast_head_json":{"title":"Geschichtlicher Exkurs Dalherda - Ev.-luth. Kirchengemeinde Hettenhausen - Dalherda","description":"Ev.-luth. Kirchengemeinde Hettenhausen - Dalherda - Geschichtlicher Exkurs Dalherda -","robots":{"index":"index","follow":"follow","max-snippet":"max-snippet:-1","max-image-preview":"max-image-preview:large","max-video-preview":"max-video-preview:-1"},"canonical":"https:\/\/www.kirche-hettenhausen.de\/site\/unsere-kirchen\/kirche-dalherda\/geschichtlicher-exkurs-dalherda\/","og_locale":"de_DE","og_type":"article","og_title":"Geschichtlicher Exkurs Dalherda - Ev.-luth. Kirchengemeinde Hettenhausen - Dalherda","og_description":"Ev.-luth. Kirchengemeinde Hettenhausen - Dalherda - Geschichtlicher Exkurs Dalherda -","og_url":"https:\/\/www.kirche-hettenhausen.de\/site\/unsere-kirchen\/kirche-dalherda\/geschichtlicher-exkurs-dalherda\/","og_site_name":"Ev.-luth. Kirchengemeinde Hettenhausen - Dalherda","article_modified_time":"2025-10-25T16:15:51+00:00","og_image":[{"width":1058,"height":1600,"url":"https:\/\/www.kirche-hettenhausen.de\/site\/wp-content\/uploads\/2021\/01\/Kirche-Dalherda_3.jpg","type":"image\/jpeg"}],"twitter_card":"summary_large_image","twitter_misc":{"Gesch\u00e4tzte Lesezeit":"4\u00a0Minuten"},"schema":{"@context":"https:\/\/schema.org","@graph":[{"@type":"WebPage","@id":"https:\/\/www.kirche-hettenhausen.de\/site\/unsere-kirchen\/kirche-dalherda\/geschichtlicher-exkurs-dalherda\/","url":"https:\/\/www.kirche-hettenhausen.de\/site\/unsere-kirchen\/kirche-dalherda\/geschichtlicher-exkurs-dalherda\/","name":"Geschichtlicher Exkurs Dalherda - Ev.-luth. Kirchengemeinde Hettenhausen - Dalherda","isPartOf":{"@id":"https:\/\/www.kirche-hettenhausen.de\/site\/#website"},"primaryImageOfPage":{"@id":"https:\/\/www.kirche-hettenhausen.de\/site\/unsere-kirchen\/kirche-dalherda\/geschichtlicher-exkurs-dalherda\/#primaryimage"},"image":{"@id":"https:\/\/www.kirche-hettenhausen.de\/site\/unsere-kirchen\/kirche-dalherda\/geschichtlicher-exkurs-dalherda\/#primaryimage"},"thumbnailUrl":"https:\/\/www.kirche-hettenhausen.de\/site\/wp-content\/uploads\/2021\/01\/Kirche-Dalherda_3.jpg","datePublished":"2021-06-09T20:09:39+00:00","dateModified":"2025-10-25T16:15:51+00:00","description":"Ev.-luth. Kirchengemeinde Hettenhausen - Dalherda - Geschichtlicher Exkurs Dalherda -","breadcrumb":{"@id":"https:\/\/www.kirche-hettenhausen.de\/site\/unsere-kirchen\/kirche-dalherda\/geschichtlicher-exkurs-dalherda\/#breadcrumb"},"inLanguage":"de","potentialAction":[{"@type":"ReadAction","target":["https:\/\/www.kirche-hettenhausen.de\/site\/unsere-kirchen\/kirche-dalherda\/geschichtlicher-exkurs-dalherda\/"]}]},{"@type":"ImageObject","inLanguage":"de","@id":"https:\/\/www.kirche-hettenhausen.de\/site\/unsere-kirchen\/kirche-dalherda\/geschichtlicher-exkurs-dalherda\/#primaryimage","url":"https:\/\/www.kirche-hettenhausen.de\/site\/wp-content\/uploads\/2021\/01\/Kirche-Dalherda_3.jpg","contentUrl":"https:\/\/www.kirche-hettenhausen.de\/site\/wp-content\/uploads\/2021\/01\/Kirche-Dalherda_3.jpg","width":1058,"height":1600},{"@type":"BreadcrumbList","@id":"https:\/\/www.kirche-hettenhausen.de\/site\/unsere-kirchen\/kirche-dalherda\/geschichtlicher-exkurs-dalherda\/#breadcrumb","itemListElement":[{"@type":"ListItem","position":1,"name":"Startseite","item":"https:\/\/www.kirche-hettenhausen.de\/site\/"},{"@type":"ListItem","position":2,"name":"Unsere Kirchen","item":"https:\/\/www.kirche-hettenhausen.de\/site\/unsere-kirchen\/"},{"@type":"ListItem","position":3,"name":"Kirche Dalherda","item":"https:\/\/www.kirche-hettenhausen.de\/site\/unsere-kirchen\/kirche-dalherda\/"},{"@type":"ListItem","position":4,"name":"Geschichtlicher Exkurs Dalherda"}]},{"@type":"WebSite","@id":"https:\/\/www.kirche-hettenhausen.de\/site\/#website","url":"https:\/\/www.kirche-hettenhausen.de\/site\/","name":"Ev.-luth. Kirchengemeinde Hettenhausen - Dalherda","description":"Homepage der Ev.-luth. Kirchengemeinde Hettenhausen - Dalherda","potentialAction":[{"@type":"SearchAction","target":{"@type":"EntryPoint","urlTemplate":"https:\/\/www.kirche-hettenhausen.de\/site\/?s={search_term_string}"},"query-input":{"@type":"PropertyValueSpecification","valueRequired":true,"valueName":"search_term_string"}}],"inLanguage":"de"}]}},"_links":{"self":[{"href":"https:\/\/www.kirche-hettenhausen.de\/site\/wp-json\/wp\/v2\/pages\/9186","targetHints":{"allow":["GET"]}}],"collection":[{"href":"https:\/\/www.kirche-hettenhausen.de\/site\/wp-json\/wp\/v2\/pages"}],"about":[{"href":"https:\/\/www.kirche-hettenhausen.de\/site\/wp-json\/wp\/v2\/types\/page"}],"author":[{"embeddable":true,"href":"https:\/\/www.kirche-hettenhausen.de\/site\/wp-json\/wp\/v2\/users\/2"}],"replies":[{"embeddable":true,"href":"https:\/\/www.kirche-hettenhausen.de\/site\/wp-json\/wp\/v2\/comments?post=9186"}],"version-history":[{"count":19,"href":"https:\/\/www.kirche-hettenhausen.de\/site\/wp-json\/wp\/v2\/pages\/9186\/revisions"}],"predecessor-version":[{"id":16763,"href":"https:\/\/www.kirche-hettenhausen.de\/site\/wp-json\/wp\/v2\/pages\/9186\/revisions\/16763"}],"up":[{"embeddable":true,"href":"https:\/\/www.kirche-hettenhausen.de\/site\/wp-json\/wp\/v2\/pages\/6775"}],"wp:featuredmedia":[{"embeddable":true,"href":"https:\/\/www.kirche-hettenhausen.de\/site\/wp-json\/wp\/v2\/media\/7159"}],"wp:attachment":[{"href":"https:\/\/www.kirche-hettenhausen.de\/site\/wp-json\/wp\/v2\/media?parent=9186"}],"curies":[{"name":"wp","href":"https:\/\/api.w.org\/{rel}","templated":true}]}}