{"id":9127,"date":"2021-06-06T12:48:03","date_gmt":"2021-06-06T10:48:03","guid":{"rendered":"https:\/\/kirche-hettenhausen.de\/site\/?page_id=9127"},"modified":"2021-08-09T23:45:12","modified_gmt":"2021-08-09T21:45:12","slug":"der-friedhof","status":"publish","type":"page","link":"https:\/\/www.kirche-hettenhausen.de\/site\/unsere-kirchen\/kirche-st-georg-hettenhausen\/der-friedhof\/","title":{"rendered":"Der Friedhof"},"content":{"rendered":"<p>Im Hinblick auf den bevorstehenden Kirchenbau kaufte die Kirchengemeinde im Jahr 1868 von dem Landwirt Johann Vey zur Erweiterung des Friedhofs einen Acker in der Gr\u00f6\u00dfe von etwa 1 Tagewerk zu 250 Gulden. <strong>Im November 1868 wurde er von Pfarrer von Stark eingeweiht<\/strong> und seiner Bestimmung \u00fcbergeben.<\/p>\n<p>Diese Vergr\u00f6\u00dferung war auch mit R\u00fccksicht auf den beschr\u00e4nkten Raum des bisherigen Totenhofes (etwa 15 ar.) wirklich eine Notwendigkeit gewesen. Mussten doch die Toten oft nach nicht mal 2 Jahrzehnten ihre Ruhest\u00e4tte einem anderen m\u00fcden Erdenpilger \u00fcberlassen. Dass daneben auf dem Friedhof auch noch Platz f\u00fcr einen sogenannten Industriegarten zur Anleitung der Jugend in der Obstbaumzucht sein konnte, erscheint uns heute ganz unglaublich. Als im Jahr 1850 das Bed\u00fcrfnis doch zu sehr dr\u00e4ngte, wurde dieser in den Schulgarten verlegt, wo ein St\u00fcck Land mit Obstsamen belegt wurde.<\/p>\n<p>&nbsp;<\/p>\n<p><img loading=\"lazy\" decoding=\"async\" class=\"aligncenter wp-image-9901 size-full\" src=\"https:\/\/www.kirche-hettenhausen.de\/site\/wp-content\/uploads\/2021\/08\/20210809_185704_1.jpg\" alt=\"Pfarrkirche St. Georg\" width=\"1024\" height=\"757\" srcset=\"https:\/\/www.kirche-hettenhausen.de\/site\/wp-content\/uploads\/2021\/08\/20210809_185704_1.jpg 1024w, https:\/\/www.kirche-hettenhausen.de\/site\/wp-content\/uploads\/2021\/08\/20210809_185704_1-300x222.jpg 300w, https:\/\/www.kirche-hettenhausen.de\/site\/wp-content\/uploads\/2021\/08\/20210809_185704_1-768x568.jpg 768w\" sizes=\"auto, (max-width: 1024px) 100vw, 1024px\" \/><\/p>\n<p>Schon nach knapp 30 Jahren war der neue Friedhof auch gef\u00fcllt und um nicht die alten, piet\u00e4tlosen und gesundheitswidrigen Zust\u00e4nde wieder aufleben zu lassen, schritt man zu einer nochmaligen Erweiterung. Landwirt Johann Vey \u00fcberlie\u00df der Kirchengemeinde auch noch den \u00fcbrigen Teil seines Ackers am Kirflich. <strong>Im September 1897 fand die Einweihung durch Pfarrer Eiter statt.<\/strong><\/p>\n<p>Bei der Aufstellung des Bebauungsplanes Kirchhofsfeld wurde bereits von der damals noch selbst\u00e4ndigen Gemeinde Hettenhausen weiteres Gel\u00e4nde f\u00fcr den Friedhof vorgesehen. <strong>Am 18. August 2001 <\/strong>wurde nach Fertigstellung einer Teilfl\u00e4che durch die Stadt Gersfeld <strong>das zus\u00e4tzliche Friedhofsgel\u00e4nde durch Pfarrer Arne Schmitz eingeweiht<\/strong>.<\/p>\n<p>&nbsp;<\/p>\n<p>&nbsp;<\/p>\n<hr \/>\n<div class=\"entry\">\n<p style=\"text-align: center;\">____________________________________________<\/p>\n<\/div>\n<p>* Im Text befinden sich einige M\u00fcnzangaben. So hatte um 1700 ein Gulden (fl.) eine Kaufkraft, die heute (als grobe Orientierung)\u00a0 40-50 \u20ac entspr\u00e4che. 1747 mussten beispielsweise in der Grafschaft Sayn-Altenkirchen f\u00fcr einen Gulden ein Meister 2 Tage, ein Geselle etwa 2\u00bd und ein Tagel\u00f6hner 3 Tage zu jeweils 13,5 Arbeitsstunden an den herrschaftlichen Bauten arbeiten. Der Taler wurde auf 90 Kreuzer gesetzt, so dass der Gulden 2\/3 eines Talers entsprach. In Norddeutschland wurden in der Tat 2\/3-Taler gepr\u00e4gt. Ein Taler hatte somit den Wert von ca. 1,5 Gulden. Heute entspricht 1 Gulden einer Kaufkraft von ca. 10 \u20ac.<\/p>\n<p>&nbsp;<\/p>\n<p>(u. a. aus der Chronik von Hettenhausen anl\u00e4sslich des 1050-j\u00e4hrigen Bestehens im Jahr 2006, nach den Aufzeichnungen des Chronisten Friedrich Waldschmidt, Hettenhausen)<\/p>\n","protected":false},"excerpt":{"rendered":"<p>Im Hinblick auf den bevorstehenden Kirchenbau kaufte die Kirchengemeinde im Jahr 1868 von dem Landwirt Johann Vey zur Erweiterung des Friedhofs einen Acker in der Gr\u00f6\u00dfe von etwa 1 Tagewerk zu 250 Gulden. Im November 1868 wurde er von Pfarrer von Stark eingeweiht und seiner Bestimmung \u00fcbergeben. Diese Vergr\u00f6\u00dferung war auch mit R\u00fccksicht auf den [&hellip;]<\/p>\n","protected":false},"author":2,"featured_media":7538,"parent":164,"menu_order":40,"comment_status":"closed","ping_status":"closed","template":"","meta":{"footnotes":""},"class_list":["post-9127","page","type-page","status-publish","has-post-thumbnail","hentry"],"yoast_head":"<!-- This site is optimized with the Yoast SEO plugin v27.6 - https:\/\/yoast.com\/product\/yoast-seo-wordpress\/ -->\n<title>Der Friedhof - Ev.-luth. Kirchengemeinde Hettenhausen - Dalherda<\/title>\n<meta name=\"description\" content=\"Ev.-luth. Kirchengemeinde Hettenhausen - Dalherda - Der Friedhof in Hettenhausen -\" \/>\n<meta name=\"robots\" content=\"index, follow, max-snippet:-1, max-image-preview:large, max-video-preview:-1\" \/>\n<link rel=\"canonical\" href=\"https:\/\/www.kirche-hettenhausen.de\/site\/unsere-kirchen\/kirche-st-georg-hettenhausen\/der-friedhof\/\" \/>\n<meta property=\"og:locale\" content=\"de_DE\" \/>\n<meta property=\"og:type\" content=\"article\" \/>\n<meta property=\"og:title\" content=\"Der Friedhof - Ev.-luth. Kirchengemeinde Hettenhausen - Dalherda\" \/>\n<meta property=\"og:description\" content=\"Ev.-luth. Kirchengemeinde Hettenhausen - Dalherda - Der Friedhof in Hettenhausen -\" \/>\n<meta property=\"og:url\" content=\"https:\/\/www.kirche-hettenhausen.de\/site\/unsere-kirchen\/kirche-st-georg-hettenhausen\/der-friedhof\/\" \/>\n<meta property=\"og:site_name\" content=\"Ev.-luth. Kirchengemeinde Hettenhausen - Dalherda\" \/>\n<meta property=\"article:modified_time\" content=\"2021-08-09T21:45:12+00:00\" \/>\n<meta property=\"og:image\" content=\"https:\/\/www.kirche-hettenhausen.de\/site\/wp-content\/uploads\/2021\/02\/IMG-20210211-WA0000.jpg\" \/>\n\t<meta property=\"og:image:width\" content=\"932\" \/>\n\t<meta property=\"og:image:height\" content=\"1342\" \/>\n\t<meta property=\"og:image:type\" content=\"image\/jpeg\" \/>\n<meta name=\"twitter:card\" content=\"summary_large_image\" \/>\n<meta name=\"twitter:label1\" content=\"Gesch\u00e4tzte Lesezeit\" \/>\n\t<meta name=\"twitter:data1\" content=\"2\u00a0Minuten\" \/>\n<script type=\"application\/ld+json\" class=\"yoast-schema-graph\">{\"@context\":\"https:\\\/\\\/schema.org\",\"@graph\":[{\"@type\":\"WebPage\",\"@id\":\"https:\\\/\\\/www.kirche-hettenhausen.de\\\/site\\\/unsere-kirchen\\\/kirche-st-georg-hettenhausen\\\/der-friedhof\\\/\",\"url\":\"https:\\\/\\\/www.kirche-hettenhausen.de\\\/site\\\/unsere-kirchen\\\/kirche-st-georg-hettenhausen\\\/der-friedhof\\\/\",\"name\":\"Der Friedhof - Ev.-luth. Kirchengemeinde Hettenhausen - Dalherda\",\"isPartOf\":{\"@id\":\"https:\\\/\\\/www.kirche-hettenhausen.de\\\/site\\\/#website\"},\"primaryImageOfPage\":{\"@id\":\"https:\\\/\\\/www.kirche-hettenhausen.de\\\/site\\\/unsere-kirchen\\\/kirche-st-georg-hettenhausen\\\/der-friedhof\\\/#primaryimage\"},\"image\":{\"@id\":\"https:\\\/\\\/www.kirche-hettenhausen.de\\\/site\\\/unsere-kirchen\\\/kirche-st-georg-hettenhausen\\\/der-friedhof\\\/#primaryimage\"},\"thumbnailUrl\":\"https:\\\/\\\/www.kirche-hettenhausen.de\\\/site\\\/wp-content\\\/uploads\\\/2021\\\/02\\\/IMG-20210211-WA0000.jpg\",\"datePublished\":\"2021-06-06T10:48:03+00:00\",\"dateModified\":\"2021-08-09T21:45:12+00:00\",\"description\":\"Ev.-luth. Kirchengemeinde Hettenhausen - Dalherda - Der Friedhof in Hettenhausen -\",\"breadcrumb\":{\"@id\":\"https:\\\/\\\/www.kirche-hettenhausen.de\\\/site\\\/unsere-kirchen\\\/kirche-st-georg-hettenhausen\\\/der-friedhof\\\/#breadcrumb\"},\"inLanguage\":\"de\",\"potentialAction\":[{\"@type\":\"ReadAction\",\"target\":[\"https:\\\/\\\/www.kirche-hettenhausen.de\\\/site\\\/unsere-kirchen\\\/kirche-st-georg-hettenhausen\\\/der-friedhof\\\/\"]}]},{\"@type\":\"ImageObject\",\"inLanguage\":\"de\",\"@id\":\"https:\\\/\\\/www.kirche-hettenhausen.de\\\/site\\\/unsere-kirchen\\\/kirche-st-georg-hettenhausen\\\/der-friedhof\\\/#primaryimage\",\"url\":\"https:\\\/\\\/www.kirche-hettenhausen.de\\\/site\\\/wp-content\\\/uploads\\\/2021\\\/02\\\/IMG-20210211-WA0000.jpg\",\"contentUrl\":\"https:\\\/\\\/www.kirche-hettenhausen.de\\\/site\\\/wp-content\\\/uploads\\\/2021\\\/02\\\/IMG-20210211-WA0000.jpg\",\"width\":932,\"height\":1342,\"caption\":\"Kirche St. Georg Hettenhausen\"},{\"@type\":\"BreadcrumbList\",\"@id\":\"https:\\\/\\\/www.kirche-hettenhausen.de\\\/site\\\/unsere-kirchen\\\/kirche-st-georg-hettenhausen\\\/der-friedhof\\\/#breadcrumb\",\"itemListElement\":[{\"@type\":\"ListItem\",\"position\":1,\"name\":\"Startseite\",\"item\":\"https:\\\/\\\/www.kirche-hettenhausen.de\\\/site\\\/\"},{\"@type\":\"ListItem\",\"position\":2,\"name\":\"Unsere Kirchen\",\"item\":\"https:\\\/\\\/www.kirche-hettenhausen.de\\\/site\\\/unsere-kirchen\\\/\"},{\"@type\":\"ListItem\",\"position\":3,\"name\":\"Kirche St. Georg Hettenhausen\",\"item\":\"https:\\\/\\\/www.kirche-hettenhausen.de\\\/site\\\/unsere-kirchen\\\/kirche-st-georg-hettenhausen\\\/\"},{\"@type\":\"ListItem\",\"position\":4,\"name\":\"Der Friedhof\"}]},{\"@type\":\"WebSite\",\"@id\":\"https:\\\/\\\/www.kirche-hettenhausen.de\\\/site\\\/#website\",\"url\":\"https:\\\/\\\/www.kirche-hettenhausen.de\\\/site\\\/\",\"name\":\"Ev.-luth. Kirchengemeinde Hettenhausen - Dalherda\",\"description\":\"Homepage der Ev.-luth. Kirchengemeinde Hettenhausen - Dalherda\",\"potentialAction\":[{\"@type\":\"SearchAction\",\"target\":{\"@type\":\"EntryPoint\",\"urlTemplate\":\"https:\\\/\\\/www.kirche-hettenhausen.de\\\/site\\\/?s={search_term_string}\"},\"query-input\":{\"@type\":\"PropertyValueSpecification\",\"valueRequired\":true,\"valueName\":\"search_term_string\"}}],\"inLanguage\":\"de\"}]}<\/script>\n<!-- \/ Yoast SEO plugin. -->","yoast_head_json":{"title":"Der Friedhof - Ev.-luth. Kirchengemeinde Hettenhausen - Dalherda","description":"Ev.-luth. Kirchengemeinde Hettenhausen - Dalherda - Der Friedhof in Hettenhausen -","robots":{"index":"index","follow":"follow","max-snippet":"max-snippet:-1","max-image-preview":"max-image-preview:large","max-video-preview":"max-video-preview:-1"},"canonical":"https:\/\/www.kirche-hettenhausen.de\/site\/unsere-kirchen\/kirche-st-georg-hettenhausen\/der-friedhof\/","og_locale":"de_DE","og_type":"article","og_title":"Der Friedhof - Ev.-luth. Kirchengemeinde Hettenhausen - Dalherda","og_description":"Ev.-luth. Kirchengemeinde Hettenhausen - Dalherda - Der Friedhof in Hettenhausen -","og_url":"https:\/\/www.kirche-hettenhausen.de\/site\/unsere-kirchen\/kirche-st-georg-hettenhausen\/der-friedhof\/","og_site_name":"Ev.-luth. Kirchengemeinde Hettenhausen - Dalherda","article_modified_time":"2021-08-09T21:45:12+00:00","og_image":[{"width":932,"height":1342,"url":"https:\/\/www.kirche-hettenhausen.de\/site\/wp-content\/uploads\/2021\/02\/IMG-20210211-WA0000.jpg","type":"image\/jpeg"}],"twitter_card":"summary_large_image","twitter_misc":{"Gesch\u00e4tzte Lesezeit":"2\u00a0Minuten"},"schema":{"@context":"https:\/\/schema.org","@graph":[{"@type":"WebPage","@id":"https:\/\/www.kirche-hettenhausen.de\/site\/unsere-kirchen\/kirche-st-georg-hettenhausen\/der-friedhof\/","url":"https:\/\/www.kirche-hettenhausen.de\/site\/unsere-kirchen\/kirche-st-georg-hettenhausen\/der-friedhof\/","name":"Der Friedhof - Ev.-luth. Kirchengemeinde Hettenhausen - Dalherda","isPartOf":{"@id":"https:\/\/www.kirche-hettenhausen.de\/site\/#website"},"primaryImageOfPage":{"@id":"https:\/\/www.kirche-hettenhausen.de\/site\/unsere-kirchen\/kirche-st-georg-hettenhausen\/der-friedhof\/#primaryimage"},"image":{"@id":"https:\/\/www.kirche-hettenhausen.de\/site\/unsere-kirchen\/kirche-st-georg-hettenhausen\/der-friedhof\/#primaryimage"},"thumbnailUrl":"https:\/\/www.kirche-hettenhausen.de\/site\/wp-content\/uploads\/2021\/02\/IMG-20210211-WA0000.jpg","datePublished":"2021-06-06T10:48:03+00:00","dateModified":"2021-08-09T21:45:12+00:00","description":"Ev.-luth. Kirchengemeinde Hettenhausen - Dalherda - Der Friedhof in Hettenhausen -","breadcrumb":{"@id":"https:\/\/www.kirche-hettenhausen.de\/site\/unsere-kirchen\/kirche-st-georg-hettenhausen\/der-friedhof\/#breadcrumb"},"inLanguage":"de","potentialAction":[{"@type":"ReadAction","target":["https:\/\/www.kirche-hettenhausen.de\/site\/unsere-kirchen\/kirche-st-georg-hettenhausen\/der-friedhof\/"]}]},{"@type":"ImageObject","inLanguage":"de","@id":"https:\/\/www.kirche-hettenhausen.de\/site\/unsere-kirchen\/kirche-st-georg-hettenhausen\/der-friedhof\/#primaryimage","url":"https:\/\/www.kirche-hettenhausen.de\/site\/wp-content\/uploads\/2021\/02\/IMG-20210211-WA0000.jpg","contentUrl":"https:\/\/www.kirche-hettenhausen.de\/site\/wp-content\/uploads\/2021\/02\/IMG-20210211-WA0000.jpg","width":932,"height":1342,"caption":"Kirche St. Georg Hettenhausen"},{"@type":"BreadcrumbList","@id":"https:\/\/www.kirche-hettenhausen.de\/site\/unsere-kirchen\/kirche-st-georg-hettenhausen\/der-friedhof\/#breadcrumb","itemListElement":[{"@type":"ListItem","position":1,"name":"Startseite","item":"https:\/\/www.kirche-hettenhausen.de\/site\/"},{"@type":"ListItem","position":2,"name":"Unsere Kirchen","item":"https:\/\/www.kirche-hettenhausen.de\/site\/unsere-kirchen\/"},{"@type":"ListItem","position":3,"name":"Kirche St. Georg Hettenhausen","item":"https:\/\/www.kirche-hettenhausen.de\/site\/unsere-kirchen\/kirche-st-georg-hettenhausen\/"},{"@type":"ListItem","position":4,"name":"Der Friedhof"}]},{"@type":"WebSite","@id":"https:\/\/www.kirche-hettenhausen.de\/site\/#website","url":"https:\/\/www.kirche-hettenhausen.de\/site\/","name":"Ev.-luth. Kirchengemeinde Hettenhausen - Dalherda","description":"Homepage der Ev.-luth. Kirchengemeinde Hettenhausen - Dalherda","potentialAction":[{"@type":"SearchAction","target":{"@type":"EntryPoint","urlTemplate":"https:\/\/www.kirche-hettenhausen.de\/site\/?s={search_term_string}"},"query-input":{"@type":"PropertyValueSpecification","valueRequired":true,"valueName":"search_term_string"}}],"inLanguage":"de"}]}},"_links":{"self":[{"href":"https:\/\/www.kirche-hettenhausen.de\/site\/wp-json\/wp\/v2\/pages\/9127","targetHints":{"allow":["GET"]}}],"collection":[{"href":"https:\/\/www.kirche-hettenhausen.de\/site\/wp-json\/wp\/v2\/pages"}],"about":[{"href":"https:\/\/www.kirche-hettenhausen.de\/site\/wp-json\/wp\/v2\/types\/page"}],"author":[{"embeddable":true,"href":"https:\/\/www.kirche-hettenhausen.de\/site\/wp-json\/wp\/v2\/users\/2"}],"replies":[{"embeddable":true,"href":"https:\/\/www.kirche-hettenhausen.de\/site\/wp-json\/wp\/v2\/comments?post=9127"}],"version-history":[{"count":12,"href":"https:\/\/www.kirche-hettenhausen.de\/site\/wp-json\/wp\/v2\/pages\/9127\/revisions"}],"predecessor-version":[{"id":9908,"href":"https:\/\/www.kirche-hettenhausen.de\/site\/wp-json\/wp\/v2\/pages\/9127\/revisions\/9908"}],"up":[{"embeddable":true,"href":"https:\/\/www.kirche-hettenhausen.de\/site\/wp-json\/wp\/v2\/pages\/164"}],"wp:featuredmedia":[{"embeddable":true,"href":"https:\/\/www.kirche-hettenhausen.de\/site\/wp-json\/wp\/v2\/media\/7538"}],"wp:attachment":[{"href":"https:\/\/www.kirche-hettenhausen.de\/site\/wp-json\/wp\/v2\/media?parent=9127"}],"curies":[{"name":"wp","href":"https:\/\/api.w.org\/{rel}","templated":true}]}}