{"id":8776,"date":"2021-05-29T23:25:54","date_gmt":"2021-05-29T21:25:54","guid":{"rendered":"https:\/\/kirche-hettenhausen.de\/site\/?page_id=8776"},"modified":"2025-06-10T11:54:35","modified_gmt":"2025-06-10T09:54:35","slug":"buchung-belegung","status":"publish","type":"page","link":"https:\/\/www.kirche-hettenhausen.de\/site\/einrichtungen\/zeltplatz-am-hauck\/buchung-belegung\/","title":{"rendered":"Buchung &#038; Belegung"},"content":{"rendered":"<p><img loading=\"lazy\" decoding=\"async\" class=\"alignright wp-image-9822 size-full\" src=\"https:\/\/www.kirche-hettenhausen.de\/site\/wp-content\/uploads\/2021\/08\/Logo-Zeltplatz-am-Hauck-440x90-1.png\" alt=\"\" width=\"440\" height=\"90\" srcset=\"https:\/\/www.kirche-hettenhausen.de\/site\/wp-content\/uploads\/2021\/08\/Logo-Zeltplatz-am-Hauck-440x90-1.png 440w, https:\/\/www.kirche-hettenhausen.de\/site\/wp-content\/uploads\/2021\/08\/Logo-Zeltplatz-am-Hauck-440x90-1-300x61.png 300w\" sizes=\"auto, (max-width: 440px) 100vw, 440px\" \/><\/p>\n<p>&nbsp;<\/p>\n<p>&nbsp;<\/p>\n<h3><\/h3>\n<p>&nbsp;<\/p>\n<h3><span style=\"color: #db1385;\">Belegungsplan<\/span><\/h3>\n<p>&nbsp;<\/p>\n<h3><iframe loading=\"lazy\" src=\"https:\/\/www.gruppenhaus.de\/plananzeige.php?hs=11005&amp;anzmonate=3&amp;sprache=de&amp;colbutton=%23cc0099&amp;plannr=1&amp;ifr=1\" name=\"ghkalender\" width=\"100%\" height=\"440\" frameborder=\"0\" scrolling=\"no\" align=\"aus\"><\/iframe><\/h3>\n<h3><\/h3>\n<h3><span style=\"color: #db1385;\">Anfrage Formular<\/span><\/h3>\n<p><iframe loading=\"lazy\" style=\"border: 0px #FFFFFF none;\" src=\"https:\/\/www.gruppenhaus.de\/belegungs_anfrage_iframe_gruppenhaus_v2.php?hs=11005\" name=\"myiframe\" width=\"100%\" height=\"1000\" frameborder=\"0\" marginwidth=\"0px\" marginheight=\"0px\" scrolling=\"auto\" align=\"aus\"><\/iframe><\/p>\n<p>&nbsp;<\/p>\n<div class=\"textblock mbottom-20 col-md-12 np\">\n<h3><span style=\"color: #db1385;\">Verbindliche Buchung<\/span><\/h3>\n<p>Bitte senden Sie uns \u00fcber das obige Kontaktformular eine unverbindliche Belegungsanfrage. Wir werden uns schnellstm\u00f6glich per E-Mail bei Ihnen zur\u00fcckmelden. Bei einer Zusage \u00fcbersenden Sie den <a href=\"https:\/\/www.kirche-hettenhausen.de\/site\/wp-content\/uploads\/2021\/08\/Belegungsvertrag-Zeltplatz-am-Hauck.pdf\" target=\"_blank\" rel=\"noopener\">Belegungsvertrag<\/a> bitte zusammen mit dem Hygienekonzept ausgef\u00fcllt an <a href=\"mailto:zeltplatz@www.kirche-hettenhausen.de\" target=\"_blank\" rel=\"noopener\">zeltplatz@www.kirche-hettenhausen.de<\/a>.<br \/>\n<strong>Erst dann k\u00f6nnen wir Ihre Buchung verbindlich best\u00e4tigen!<\/strong><\/p>\n<\/div>\n<div class=\"textblock mbottom-20 col-md-12 np\">Im Anschluss wird der angeforderte Reisezeitraum im Belegungskalender rot markiert und steht weiteren Gruppen nicht mehr zur Verf\u00fcgung.<\/div>\n<p>&nbsp;<\/p>\n<h3><span style=\"color: #db1385;\">Anreise<\/span><\/h3>\n<p>Zur Terminabsprache bez\u00fcglich Ihrer Anreise setzen Sie sich bitte sp\u00e4testens eine Woche vorher mit unserer Platzwartin\u00a0in Verbindung.<br \/>\nDie Kontaktdaten erhalten Sie direkt bei Buchungsbest\u00e4tigung.<\/p>\n<p>&nbsp;<\/p>\n<h3><span style=\"color: #db1385;\">Dokumente<\/span><\/h3>\n<h4>\u27a1\u00a0 <a href=\"https:\/\/www.kirche-hettenhausen.de\/site\/wp-content\/uploads\/2021\/08\/Benutzungsordnung-Zeltplatz-am-Hauck.pdf\" target=\"_blank\" rel=\"noopener\">Benutzungsordnung<\/a><\/h4>\n<h4>\u27a1\u00a0 <a href=\"https:\/\/www.kirche-hettenhausen.de\/site\/wp-content\/uploads\/2021\/11\/Gebuehrenordnung-Zeltplatz-am-Hauck.pdf\" target=\"_blank\" rel=\"noopener\">Geb\u00fchrenordnung<\/a><\/h4>\n<h4>\u27a1\u00a0 <a href=\"https:\/\/www.kirche-hettenhausen.de\/site\/wp-content\/uploads\/2021\/08\/Belegungsvertrag-Zeltplatz-am-Hauck.pdf\" target=\"_blank\" rel=\"noopener\">Belegungsvertrag<\/a><\/h4>\n<h4>\u27a1\u00a0 <a href=\"https:\/\/www.kirche-hettenhausen.de\/site\/wp-content\/uploads\/2021\/08\/Hygienekonzept-Zeltplatz-am-Hauck.pdf\" target=\"_blank\" rel=\"noopener\">Hygienekonzept<\/a><\/h4>\n<h4>\u27a1\u00a0 <a href=\"https:\/\/www.kirche-hettenhausen.de\/site\/wp-content\/uploads\/2021\/08\/Platz-und-Hausregeln-Zeltplatz-am-Hauck.pdf\" target=\"_blank\" rel=\"noopener\">Platz- und Hausregeln<\/a><\/h4>\n<h4>\u27a1\u00a0 <a href=\"https:\/\/www.kirche-hettenhausen.de\/site\/wp-content\/uploads\/2021\/08\/Ausstattung_Inventar-Zeltplatz-am-Hauck.pdf\" target=\"_blank\" rel=\"noopener\">Ausstattung\/Inventar<\/a><\/h4>\n<h4>\u27a1\u00a0 <a href=\"https:\/\/www.kirche-hettenhausen.de\/site\/wp-content\/uploads\/2021\/08\/Uebergabeprotokoll-2-Zeltplatz-am-Hauck.pdf\" target=\"_blank\" rel=\"noopener\">\u00dcbergabeprotokoll<\/a><\/h4>\n","protected":false},"excerpt":{"rendered":"<p>&nbsp; &nbsp; &nbsp; Belegungsplan &nbsp; Anfrage Formular &nbsp; Verbindliche Buchung Bitte senden Sie uns \u00fcber das obige Kontaktformular eine unverbindliche Belegungsanfrage. Wir werden uns schnellstm\u00f6glich per E-Mail bei Ihnen zur\u00fcckmelden. Bei einer Zusage \u00fcbersenden Sie den Belegungsvertrag bitte zusammen mit dem Hygienekonzept ausgef\u00fcllt an zeltplatz@www.kirche-hettenhausen.de. Erst dann k\u00f6nnen wir Ihre Buchung verbindlich best\u00e4tigen! Im Anschluss [&hellip;]<\/p>\n","protected":false},"author":2,"featured_media":8885,"parent":6735,"menu_order":30,"comment_status":"closed","ping_status":"closed","template":"","meta":{"footnotes":""},"class_list":["post-8776","page","type-page","status-publish","has-post-thumbnail","hentry"],"yoast_head":"<!-- This site is optimized with the Yoast SEO plugin v27.3 - https:\/\/yoast.com\/product\/yoast-seo-wordpress\/ -->\n<title>Buchung &amp; Belegung - Ev.-luth. Kirchengemeinde Hettenhausen - Dalherda<\/title>\n<meta name=\"description\" content=\"Ev.-luth. Kirchengemeinde Hettenhausen - Dalherda - Zeltplatz am Hauck - Buchung &amp; Belegung -\" \/>\n<meta name=\"robots\" content=\"index, follow, max-snippet:-1, max-image-preview:large, max-video-preview:-1\" \/>\n<link rel=\"canonical\" href=\"https:\/\/www.kirche-hettenhausen.de\/site\/einrichtungen\/zeltplatz-am-hauck\/buchung-belegung\/\" \/>\n<meta property=\"og:locale\" content=\"de_DE\" \/>\n<meta property=\"og:type\" content=\"article\" \/>\n<meta property=\"og:title\" content=\"Buchung &amp; Belegung - Ev.-luth. Kirchengemeinde Hettenhausen - Dalherda\" \/>\n<meta property=\"og:description\" content=\"Ev.-luth. Kirchengemeinde Hettenhausen - Dalherda - Zeltplatz am Hauck - Buchung &amp; Belegung -\" \/>\n<meta property=\"og:url\" content=\"https:\/\/www.kirche-hettenhausen.de\/site\/einrichtungen\/zeltplatz-am-hauck\/buchung-belegung\/\" \/>\n<meta property=\"og:site_name\" content=\"Ev.-luth. Kirchengemeinde Hettenhausen - Dalherda\" \/>\n<meta property=\"article:modified_time\" content=\"2025-06-10T09:54:35+00:00\" \/>\n<meta property=\"og:image\" content=\"https:\/\/www.kirche-hettenhausen.de\/site\/wp-content\/uploads\/2021\/05\/2415646512.jpg\" \/>\n\t<meta property=\"og:image:width\" content=\"400\" \/>\n\t<meta property=\"og:image:height\" content=\"217\" \/>\n\t<meta property=\"og:image:type\" content=\"image\/jpeg\" \/>\n<meta name=\"twitter:card\" content=\"summary_large_image\" \/>\n<meta name=\"twitter:label1\" content=\"Gesch\u00e4tzte Lesezeit\" \/>\n\t<meta name=\"twitter:data1\" content=\"2\u00a0Minuten\" \/>\n<script type=\"application\/ld+json\" class=\"yoast-schema-graph\">{\"@context\":\"https:\\\/\\\/schema.org\",\"@graph\":[{\"@type\":\"WebPage\",\"@id\":\"https:\\\/\\\/www.kirche-hettenhausen.de\\\/site\\\/einrichtungen\\\/zeltplatz-am-hauck\\\/buchung-belegung\\\/\",\"url\":\"https:\\\/\\\/www.kirche-hettenhausen.de\\\/site\\\/einrichtungen\\\/zeltplatz-am-hauck\\\/buchung-belegung\\\/\",\"name\":\"Buchung & Belegung - Ev.-luth. Kirchengemeinde Hettenhausen - Dalherda\",\"isPartOf\":{\"@id\":\"https:\\\/\\\/www.kirche-hettenhausen.de\\\/site\\\/#website\"},\"primaryImageOfPage\":{\"@id\":\"https:\\\/\\\/www.kirche-hettenhausen.de\\\/site\\\/einrichtungen\\\/zeltplatz-am-hauck\\\/buchung-belegung\\\/#primaryimage\"},\"image\":{\"@id\":\"https:\\\/\\\/www.kirche-hettenhausen.de\\\/site\\\/einrichtungen\\\/zeltplatz-am-hauck\\\/buchung-belegung\\\/#primaryimage\"},\"thumbnailUrl\":\"https:\\\/\\\/www.kirche-hettenhausen.de\\\/site\\\/wp-content\\\/uploads\\\/2021\\\/05\\\/2415646512.jpg\",\"datePublished\":\"2021-05-29T21:25:54+00:00\",\"dateModified\":\"2025-06-10T09:54:35+00:00\",\"description\":\"Ev.-luth. Kirchengemeinde Hettenhausen - Dalherda - Zeltplatz am Hauck - Buchung & Belegung -\",\"breadcrumb\":{\"@id\":\"https:\\\/\\\/www.kirche-hettenhausen.de\\\/site\\\/einrichtungen\\\/zeltplatz-am-hauck\\\/buchung-belegung\\\/#breadcrumb\"},\"inLanguage\":\"de\",\"potentialAction\":[{\"@type\":\"ReadAction\",\"target\":[\"https:\\\/\\\/www.kirche-hettenhausen.de\\\/site\\\/einrichtungen\\\/zeltplatz-am-hauck\\\/buchung-belegung\\\/\"]}]},{\"@type\":\"ImageObject\",\"inLanguage\":\"de\",\"@id\":\"https:\\\/\\\/www.kirche-hettenhausen.de\\\/site\\\/einrichtungen\\\/zeltplatz-am-hauck\\\/buchung-belegung\\\/#primaryimage\",\"url\":\"https:\\\/\\\/www.kirche-hettenhausen.de\\\/site\\\/wp-content\\\/uploads\\\/2021\\\/05\\\/2415646512.jpg\",\"contentUrl\":\"https:\\\/\\\/www.kirche-hettenhausen.de\\\/site\\\/wp-content\\\/uploads\\\/2021\\\/05\\\/2415646512.jpg\",\"width\":400,\"height\":217},{\"@type\":\"BreadcrumbList\",\"@id\":\"https:\\\/\\\/www.kirche-hettenhausen.de\\\/site\\\/einrichtungen\\\/zeltplatz-am-hauck\\\/buchung-belegung\\\/#breadcrumb\",\"itemListElement\":[{\"@type\":\"ListItem\",\"position\":1,\"name\":\"Startseite\",\"item\":\"https:\\\/\\\/www.kirche-hettenhausen.de\\\/site\\\/\"},{\"@type\":\"ListItem\",\"position\":2,\"name\":\"Einrichtungen\",\"item\":\"https:\\\/\\\/www.kirche-hettenhausen.de\\\/site\\\/einrichtungen\\\/\"},{\"@type\":\"ListItem\",\"position\":3,\"name\":\"Zeltplatz am Hauck\",\"item\":\"https:\\\/\\\/www.kirche-hettenhausen.de\\\/site\\\/einrichtungen\\\/zeltplatz-am-hauck\\\/\"},{\"@type\":\"ListItem\",\"position\":4,\"name\":\"Buchung &#038; Belegung\"}]},{\"@type\":\"WebSite\",\"@id\":\"https:\\\/\\\/www.kirche-hettenhausen.de\\\/site\\\/#website\",\"url\":\"https:\\\/\\\/www.kirche-hettenhausen.de\\\/site\\\/\",\"name\":\"Ev.-luth. Kirchengemeinde Hettenhausen - Dalherda\",\"description\":\"Homepage der Ev.-luth. Kirchengemeinde Hettenhausen - Dalherda\",\"potentialAction\":[{\"@type\":\"SearchAction\",\"target\":{\"@type\":\"EntryPoint\",\"urlTemplate\":\"https:\\\/\\\/www.kirche-hettenhausen.de\\\/site\\\/?s={search_term_string}\"},\"query-input\":{\"@type\":\"PropertyValueSpecification\",\"valueRequired\":true,\"valueName\":\"search_term_string\"}}],\"inLanguage\":\"de\"}]}<\/script>\n<!-- \/ Yoast SEO plugin. -->","yoast_head_json":{"title":"Buchung & Belegung - Ev.-luth. Kirchengemeinde Hettenhausen - Dalherda","description":"Ev.-luth. Kirchengemeinde Hettenhausen - Dalherda - Zeltplatz am Hauck - Buchung & Belegung -","robots":{"index":"index","follow":"follow","max-snippet":"max-snippet:-1","max-image-preview":"max-image-preview:large","max-video-preview":"max-video-preview:-1"},"canonical":"https:\/\/www.kirche-hettenhausen.de\/site\/einrichtungen\/zeltplatz-am-hauck\/buchung-belegung\/","og_locale":"de_DE","og_type":"article","og_title":"Buchung & Belegung - Ev.-luth. Kirchengemeinde Hettenhausen - Dalherda","og_description":"Ev.-luth. Kirchengemeinde Hettenhausen - Dalherda - Zeltplatz am Hauck - Buchung & Belegung -","og_url":"https:\/\/www.kirche-hettenhausen.de\/site\/einrichtungen\/zeltplatz-am-hauck\/buchung-belegung\/","og_site_name":"Ev.-luth. Kirchengemeinde Hettenhausen - Dalherda","article_modified_time":"2025-06-10T09:54:35+00:00","og_image":[{"width":400,"height":217,"url":"https:\/\/www.kirche-hettenhausen.de\/site\/wp-content\/uploads\/2021\/05\/2415646512.jpg","type":"image\/jpeg"}],"twitter_card":"summary_large_image","twitter_misc":{"Gesch\u00e4tzte Lesezeit":"2\u00a0Minuten"},"schema":{"@context":"https:\/\/schema.org","@graph":[{"@type":"WebPage","@id":"https:\/\/www.kirche-hettenhausen.de\/site\/einrichtungen\/zeltplatz-am-hauck\/buchung-belegung\/","url":"https:\/\/www.kirche-hettenhausen.de\/site\/einrichtungen\/zeltplatz-am-hauck\/buchung-belegung\/","name":"Buchung & Belegung - Ev.-luth. Kirchengemeinde Hettenhausen - Dalherda","isPartOf":{"@id":"https:\/\/www.kirche-hettenhausen.de\/site\/#website"},"primaryImageOfPage":{"@id":"https:\/\/www.kirche-hettenhausen.de\/site\/einrichtungen\/zeltplatz-am-hauck\/buchung-belegung\/#primaryimage"},"image":{"@id":"https:\/\/www.kirche-hettenhausen.de\/site\/einrichtungen\/zeltplatz-am-hauck\/buchung-belegung\/#primaryimage"},"thumbnailUrl":"https:\/\/www.kirche-hettenhausen.de\/site\/wp-content\/uploads\/2021\/05\/2415646512.jpg","datePublished":"2021-05-29T21:25:54+00:00","dateModified":"2025-06-10T09:54:35+00:00","description":"Ev.-luth. Kirchengemeinde Hettenhausen - Dalherda - Zeltplatz am Hauck - Buchung & Belegung -","breadcrumb":{"@id":"https:\/\/www.kirche-hettenhausen.de\/site\/einrichtungen\/zeltplatz-am-hauck\/buchung-belegung\/#breadcrumb"},"inLanguage":"de","potentialAction":[{"@type":"ReadAction","target":["https:\/\/www.kirche-hettenhausen.de\/site\/einrichtungen\/zeltplatz-am-hauck\/buchung-belegung\/"]}]},{"@type":"ImageObject","inLanguage":"de","@id":"https:\/\/www.kirche-hettenhausen.de\/site\/einrichtungen\/zeltplatz-am-hauck\/buchung-belegung\/#primaryimage","url":"https:\/\/www.kirche-hettenhausen.de\/site\/wp-content\/uploads\/2021\/05\/2415646512.jpg","contentUrl":"https:\/\/www.kirche-hettenhausen.de\/site\/wp-content\/uploads\/2021\/05\/2415646512.jpg","width":400,"height":217},{"@type":"BreadcrumbList","@id":"https:\/\/www.kirche-hettenhausen.de\/site\/einrichtungen\/zeltplatz-am-hauck\/buchung-belegung\/#breadcrumb","itemListElement":[{"@type":"ListItem","position":1,"name":"Startseite","item":"https:\/\/www.kirche-hettenhausen.de\/site\/"},{"@type":"ListItem","position":2,"name":"Einrichtungen","item":"https:\/\/www.kirche-hettenhausen.de\/site\/einrichtungen\/"},{"@type":"ListItem","position":3,"name":"Zeltplatz am Hauck","item":"https:\/\/www.kirche-hettenhausen.de\/site\/einrichtungen\/zeltplatz-am-hauck\/"},{"@type":"ListItem","position":4,"name":"Buchung &#038; Belegung"}]},{"@type":"WebSite","@id":"https:\/\/www.kirche-hettenhausen.de\/site\/#website","url":"https:\/\/www.kirche-hettenhausen.de\/site\/","name":"Ev.-luth. Kirchengemeinde Hettenhausen - Dalherda","description":"Homepage der Ev.-luth. Kirchengemeinde Hettenhausen - Dalherda","potentialAction":[{"@type":"SearchAction","target":{"@type":"EntryPoint","urlTemplate":"https:\/\/www.kirche-hettenhausen.de\/site\/?s={search_term_string}"},"query-input":{"@type":"PropertyValueSpecification","valueRequired":true,"valueName":"search_term_string"}}],"inLanguage":"de"}]}},"_links":{"self":[{"href":"https:\/\/www.kirche-hettenhausen.de\/site\/wp-json\/wp\/v2\/pages\/8776","targetHints":{"allow":["GET"]}}],"collection":[{"href":"https:\/\/www.kirche-hettenhausen.de\/site\/wp-json\/wp\/v2\/pages"}],"about":[{"href":"https:\/\/www.kirche-hettenhausen.de\/site\/wp-json\/wp\/v2\/types\/page"}],"author":[{"embeddable":true,"href":"https:\/\/www.kirche-hettenhausen.de\/site\/wp-json\/wp\/v2\/users\/2"}],"replies":[{"embeddable":true,"href":"https:\/\/www.kirche-hettenhausen.de\/site\/wp-json\/wp\/v2\/comments?post=8776"}],"version-history":[{"count":76,"href":"https:\/\/www.kirche-hettenhausen.de\/site\/wp-json\/wp\/v2\/pages\/8776\/revisions"}],"predecessor-version":[{"id":16224,"href":"https:\/\/www.kirche-hettenhausen.de\/site\/wp-json\/wp\/v2\/pages\/8776\/revisions\/16224"}],"up":[{"embeddable":true,"href":"https:\/\/www.kirche-hettenhausen.de\/site\/wp-json\/wp\/v2\/pages\/6735"}],"wp:featuredmedia":[{"embeddable":true,"href":"https:\/\/www.kirche-hettenhausen.de\/site\/wp-json\/wp\/v2\/media\/8885"}],"wp:attachment":[{"href":"https:\/\/www.kirche-hettenhausen.de\/site\/wp-json\/wp\/v2\/media?parent=8776"}],"curies":[{"name":"wp","href":"https:\/\/api.w.org\/{rel}","templated":true}]}}