{"id":7999,"date":"2021-03-01T21:11:14","date_gmt":"2021-03-01T20:11:14","guid":{"rendered":"https:\/\/kirche-hettenhausen.de\/site\/?page_id=7999"},"modified":"2026-01-18T00:00:07","modified_gmt":"2026-01-17T23:00:07","slug":"kooperationsraum-rhoen","status":"publish","type":"page","link":"https:\/\/www.kirche-hettenhausen.de\/site\/kontakt\/kooperationsraum-rhoen\/","title":{"rendered":"Kooperationsraum Rh\u00f6n"},"content":{"rendered":"<h3><span style=\"color: #db1385;\">Unsere Nachbarschaftsgemeinden im Kooperationsraum Rh\u00f6n<\/span><\/h3>\n<p><a href=\"https:\/\/www.ev-kirche-bieberstein-dipperz.de\" target=\"_blank\" rel=\"noopener noreferrer\">Ev. Kirchengemeinde Bieberstein-Dipperz<\/a><br \/>\n<a href=\"http:\/\/www.kirche-gersfeld.de\" target=\"_blank\" rel=\"noopener noreferrer\">Ev.-luth. Kirchengemeinde Gersfeld (Rh\u00f6n)<\/a><br \/>\n<a href=\"http:\/\/www.ev-kirche-hilders.de\" target=\"_blank\" rel=\"noopener noreferrer\">Ev. Kirchengemeinde Hilders<\/a><br \/>\n<a href=\"https:\/\/www.kirche-tann.de\" target=\"_blank\" rel=\"noopener noreferrer\">Ev.-luth. Kirchengemeinde Tann (Rh\u00f6n)<\/a><br \/>\n<a href=\"https:\/\/www.kirche-tann.de\" target=\"_blank\" rel=\"noopener\">Ev. Kirchengemeinde Habel<\/a><br \/>\n<a href=\"https:\/\/www.kirche-tann.de\" target=\"_blank\" rel=\"noopener\">Ev. Kirchengemeinde Neuswarts<\/a><\/p>\n<p>&nbsp;<\/p>\n<div id=\"attachment_6599\" style=\"width: 220px\" class=\"wp-caption alignnone\"><img loading=\"lazy\" decoding=\"async\" aria-describedby=\"caption-attachment-6599\" class=\"wp-image-6599 size-medium\" src=\"https:\/\/www.kirche-hettenhausen.de\/site\/wp-content\/uploads\/2020\/12\/Foto-Nicole-Henkel-210x300.jpg\" alt=\"Kooperationsraum Rh\u00f6n\" width=\"210\" height=\"300\" srcset=\"https:\/\/www.kirche-hettenhausen.de\/site\/wp-content\/uploads\/2020\/12\/Foto-Nicole-Henkel-210x300.jpg 210w, https:\/\/www.kirche-hettenhausen.de\/site\/wp-content\/uploads\/2020\/12\/Foto-Nicole-Henkel.jpg 416w\" sizes=\"auto, (max-width: 210px) 100vw, 210px\" \/><p id=\"caption-attachment-6599\" class=\"wp-caption-text\">Verwaltungsassistenzkraft Nicole Henkel<\/p><\/div>\n<p>Telefon: <a href=\"tel:+4915168831113\" target=\"_blank\" rel=\"noopener\">+49 (0) 1516 8831113<\/a><\/p>\n<p>E-Mail: <a href=\"mailto:nicole.henkel@ekkw.de\" target=\"_blank\" rel=\"noopener\">nicole.henkel@ekkw.de<\/a><\/p>\n<h3><span style=\"color: #db1385;\">Sprechzeiten<\/span><\/h3>\n<table style=\"border-collapse: collapse; width: 73.0415%;\">\n<tbody>\n<tr>\n<td style=\"width: 41.5276%;\">Montag &#8211; Freitag<\/td>\n<td style=\"width: 38.0942%; text-align: left;\">9:00 &#8211; 12:00 Uhr<\/td>\n<\/tr>\n<tr>\n<td style=\"width: 79.6218%;\" colspan=\"2\">oder nach Vereinbarung<\/td>\n<\/tr>\n<\/tbody>\n<\/table>\n","protected":false},"excerpt":{"rendered":"<p>Unsere Nachbarschaftsgemeinden im Kooperationsraum Rh\u00f6n Ev. Kirchengemeinde Bieberstein-Dipperz Ev.-luth. Kirchengemeinde Gersfeld (Rh\u00f6n) Ev. Kirchengemeinde Hilders Ev.-luth. Kirchengemeinde Tann (Rh\u00f6n) Ev. Kirchengemeinde Habel Ev. Kirchengemeinde Neuswarts &nbsp; Telefon: +49 (0) 1516 8831113 E-Mail: nicole.henkel@ekkw.de Sprechzeiten Montag &#8211; Freitag 9:00 &#8211; 12:00 Uhr oder nach Vereinbarung<\/p>\n","protected":false},"author":2,"featured_media":6599,"parent":27,"menu_order":60,"comment_status":"closed","ping_status":"closed","template":"","meta":{"footnotes":""},"class_list":["post-7999","page","type-page","status-publish","has-post-thumbnail","hentry"],"yoast_head":"<!-- This site is optimized with the Yoast SEO plugin v27.5 - https:\/\/yoast.com\/product\/yoast-seo-wordpress\/ -->\n<title>Kooperationsraum Rh\u00f6n - Ev.-luth. Kirchengemeinde Hettenhausen - Dalherda<\/title>\n<meta name=\"description\" content=\"Ev.-luth. Kirchengemeinde Hettenhausen - Dalherda - Kooperationsraum Rh\u00f6n - Verwaltungsassistentin Nicole Henkel und Nachbarschaftsgemeinden\" \/>\n<meta name=\"robots\" content=\"index, follow, max-snippet:-1, max-image-preview:large, max-video-preview:-1\" \/>\n<link rel=\"canonical\" href=\"https:\/\/www.kirche-hettenhausen.de\/site\/kontakt\/kooperationsraum-rhoen\/\" \/>\n<meta property=\"og:locale\" content=\"de_DE\" \/>\n<meta property=\"og:type\" content=\"article\" \/>\n<meta property=\"og:title\" content=\"Kooperationsraum Rh\u00f6n - Ev.-luth. Kirchengemeinde Hettenhausen - Dalherda\" \/>\n<meta property=\"og:description\" content=\"Ev.-luth. Kirchengemeinde Hettenhausen - Dalherda - Kooperationsraum Rh\u00f6n - Verwaltungsassistentin Nicole Henkel und Nachbarschaftsgemeinden\" \/>\n<meta property=\"og:url\" content=\"https:\/\/www.kirche-hettenhausen.de\/site\/kontakt\/kooperationsraum-rhoen\/\" \/>\n<meta property=\"og:site_name\" content=\"Ev.-luth. Kirchengemeinde Hettenhausen - Dalherda\" \/>\n<meta property=\"article:modified_time\" content=\"2026-01-17T23:00:07+00:00\" \/>\n<meta property=\"og:image\" content=\"https:\/\/www.kirche-hettenhausen.de\/site\/wp-content\/uploads\/2020\/12\/Foto-Nicole-Henkel.jpg\" \/>\n\t<meta property=\"og:image:width\" content=\"416\" \/>\n\t<meta property=\"og:image:height\" content=\"595\" \/>\n\t<meta property=\"og:image:type\" content=\"image\/jpeg\" \/>\n<meta name=\"twitter:card\" content=\"summary_large_image\" \/>\n<meta name=\"twitter:label1\" content=\"Gesch\u00e4tzte Lesezeit\" \/>\n\t<meta name=\"twitter:data1\" content=\"1\u00a0Minute\" \/>\n<script type=\"application\/ld+json\" class=\"yoast-schema-graph\">{\"@context\":\"https:\\\/\\\/schema.org\",\"@graph\":[{\"@type\":\"WebPage\",\"@id\":\"https:\\\/\\\/www.kirche-hettenhausen.de\\\/site\\\/kontakt\\\/kooperationsraum-rhoen\\\/\",\"url\":\"https:\\\/\\\/www.kirche-hettenhausen.de\\\/site\\\/kontakt\\\/kooperationsraum-rhoen\\\/\",\"name\":\"Kooperationsraum Rh\u00f6n - Ev.-luth. Kirchengemeinde Hettenhausen - Dalherda\",\"isPartOf\":{\"@id\":\"https:\\\/\\\/www.kirche-hettenhausen.de\\\/site\\\/#website\"},\"primaryImageOfPage\":{\"@id\":\"https:\\\/\\\/www.kirche-hettenhausen.de\\\/site\\\/kontakt\\\/kooperationsraum-rhoen\\\/#primaryimage\"},\"image\":{\"@id\":\"https:\\\/\\\/www.kirche-hettenhausen.de\\\/site\\\/kontakt\\\/kooperationsraum-rhoen\\\/#primaryimage\"},\"thumbnailUrl\":\"https:\\\/\\\/www.kirche-hettenhausen.de\\\/site\\\/wp-content\\\/uploads\\\/2020\\\/12\\\/Foto-Nicole-Henkel.jpg\",\"datePublished\":\"2021-03-01T20:11:14+00:00\",\"dateModified\":\"2026-01-17T23:00:07+00:00\",\"description\":\"Ev.-luth. Kirchengemeinde Hettenhausen - Dalherda - Kooperationsraum Rh\u00f6n - Verwaltungsassistentin Nicole Henkel und Nachbarschaftsgemeinden\",\"breadcrumb\":{\"@id\":\"https:\\\/\\\/www.kirche-hettenhausen.de\\\/site\\\/kontakt\\\/kooperationsraum-rhoen\\\/#breadcrumb\"},\"inLanguage\":\"de\",\"potentialAction\":[{\"@type\":\"ReadAction\",\"target\":[\"https:\\\/\\\/www.kirche-hettenhausen.de\\\/site\\\/kontakt\\\/kooperationsraum-rhoen\\\/\"]}]},{\"@type\":\"ImageObject\",\"inLanguage\":\"de\",\"@id\":\"https:\\\/\\\/www.kirche-hettenhausen.de\\\/site\\\/kontakt\\\/kooperationsraum-rhoen\\\/#primaryimage\",\"url\":\"https:\\\/\\\/www.kirche-hettenhausen.de\\\/site\\\/wp-content\\\/uploads\\\/2020\\\/12\\\/Foto-Nicole-Henkel.jpg\",\"contentUrl\":\"https:\\\/\\\/www.kirche-hettenhausen.de\\\/site\\\/wp-content\\\/uploads\\\/2020\\\/12\\\/Foto-Nicole-Henkel.jpg\",\"width\":416,\"height\":595,\"caption\":\"Kooperationsraum Rh\u00f6n\"},{\"@type\":\"BreadcrumbList\",\"@id\":\"https:\\\/\\\/www.kirche-hettenhausen.de\\\/site\\\/kontakt\\\/kooperationsraum-rhoen\\\/#breadcrumb\",\"itemListElement\":[{\"@type\":\"ListItem\",\"position\":1,\"name\":\"Startseite\",\"item\":\"https:\\\/\\\/www.kirche-hettenhausen.de\\\/site\\\/\"},{\"@type\":\"ListItem\",\"position\":2,\"name\":\"Kontakt\",\"item\":\"https:\\\/\\\/www.kirche-hettenhausen.de\\\/site\\\/kontakt\\\/\"},{\"@type\":\"ListItem\",\"position\":3,\"name\":\"Kooperationsraum Rh\u00f6n\"}]},{\"@type\":\"WebSite\",\"@id\":\"https:\\\/\\\/www.kirche-hettenhausen.de\\\/site\\\/#website\",\"url\":\"https:\\\/\\\/www.kirche-hettenhausen.de\\\/site\\\/\",\"name\":\"Ev.-luth. Kirchengemeinde Hettenhausen - Dalherda\",\"description\":\"Homepage der Ev.-luth. Kirchengemeinde Hettenhausen - Dalherda\",\"potentialAction\":[{\"@type\":\"SearchAction\",\"target\":{\"@type\":\"EntryPoint\",\"urlTemplate\":\"https:\\\/\\\/www.kirche-hettenhausen.de\\\/site\\\/?s={search_term_string}\"},\"query-input\":{\"@type\":\"PropertyValueSpecification\",\"valueRequired\":true,\"valueName\":\"search_term_string\"}}],\"inLanguage\":\"de\"}]}<\/script>\n<!-- \/ Yoast SEO plugin. -->","yoast_head_json":{"title":"Kooperationsraum Rh\u00f6n - Ev.-luth. Kirchengemeinde Hettenhausen - Dalherda","description":"Ev.-luth. Kirchengemeinde Hettenhausen - Dalherda - Kooperationsraum Rh\u00f6n - Verwaltungsassistentin Nicole Henkel und Nachbarschaftsgemeinden","robots":{"index":"index","follow":"follow","max-snippet":"max-snippet:-1","max-image-preview":"max-image-preview:large","max-video-preview":"max-video-preview:-1"},"canonical":"https:\/\/www.kirche-hettenhausen.de\/site\/kontakt\/kooperationsraum-rhoen\/","og_locale":"de_DE","og_type":"article","og_title":"Kooperationsraum Rh\u00f6n - Ev.-luth. Kirchengemeinde Hettenhausen - Dalherda","og_description":"Ev.-luth. Kirchengemeinde Hettenhausen - Dalherda - Kooperationsraum Rh\u00f6n - Verwaltungsassistentin Nicole Henkel und Nachbarschaftsgemeinden","og_url":"https:\/\/www.kirche-hettenhausen.de\/site\/kontakt\/kooperationsraum-rhoen\/","og_site_name":"Ev.-luth. Kirchengemeinde Hettenhausen - Dalherda","article_modified_time":"2026-01-17T23:00:07+00:00","og_image":[{"width":416,"height":595,"url":"https:\/\/www.kirche-hettenhausen.de\/site\/wp-content\/uploads\/2020\/12\/Foto-Nicole-Henkel.jpg","type":"image\/jpeg"}],"twitter_card":"summary_large_image","twitter_misc":{"Gesch\u00e4tzte Lesezeit":"1\u00a0Minute"},"schema":{"@context":"https:\/\/schema.org","@graph":[{"@type":"WebPage","@id":"https:\/\/www.kirche-hettenhausen.de\/site\/kontakt\/kooperationsraum-rhoen\/","url":"https:\/\/www.kirche-hettenhausen.de\/site\/kontakt\/kooperationsraum-rhoen\/","name":"Kooperationsraum Rh\u00f6n - Ev.-luth. Kirchengemeinde Hettenhausen - Dalherda","isPartOf":{"@id":"https:\/\/www.kirche-hettenhausen.de\/site\/#website"},"primaryImageOfPage":{"@id":"https:\/\/www.kirche-hettenhausen.de\/site\/kontakt\/kooperationsraum-rhoen\/#primaryimage"},"image":{"@id":"https:\/\/www.kirche-hettenhausen.de\/site\/kontakt\/kooperationsraum-rhoen\/#primaryimage"},"thumbnailUrl":"https:\/\/www.kirche-hettenhausen.de\/site\/wp-content\/uploads\/2020\/12\/Foto-Nicole-Henkel.jpg","datePublished":"2021-03-01T20:11:14+00:00","dateModified":"2026-01-17T23:00:07+00:00","description":"Ev.-luth. Kirchengemeinde Hettenhausen - Dalherda - Kooperationsraum Rh\u00f6n - Verwaltungsassistentin Nicole Henkel und Nachbarschaftsgemeinden","breadcrumb":{"@id":"https:\/\/www.kirche-hettenhausen.de\/site\/kontakt\/kooperationsraum-rhoen\/#breadcrumb"},"inLanguage":"de","potentialAction":[{"@type":"ReadAction","target":["https:\/\/www.kirche-hettenhausen.de\/site\/kontakt\/kooperationsraum-rhoen\/"]}]},{"@type":"ImageObject","inLanguage":"de","@id":"https:\/\/www.kirche-hettenhausen.de\/site\/kontakt\/kooperationsraum-rhoen\/#primaryimage","url":"https:\/\/www.kirche-hettenhausen.de\/site\/wp-content\/uploads\/2020\/12\/Foto-Nicole-Henkel.jpg","contentUrl":"https:\/\/www.kirche-hettenhausen.de\/site\/wp-content\/uploads\/2020\/12\/Foto-Nicole-Henkel.jpg","width":416,"height":595,"caption":"Kooperationsraum Rh\u00f6n"},{"@type":"BreadcrumbList","@id":"https:\/\/www.kirche-hettenhausen.de\/site\/kontakt\/kooperationsraum-rhoen\/#breadcrumb","itemListElement":[{"@type":"ListItem","position":1,"name":"Startseite","item":"https:\/\/www.kirche-hettenhausen.de\/site\/"},{"@type":"ListItem","position":2,"name":"Kontakt","item":"https:\/\/www.kirche-hettenhausen.de\/site\/kontakt\/"},{"@type":"ListItem","position":3,"name":"Kooperationsraum Rh\u00f6n"}]},{"@type":"WebSite","@id":"https:\/\/www.kirche-hettenhausen.de\/site\/#website","url":"https:\/\/www.kirche-hettenhausen.de\/site\/","name":"Ev.-luth. Kirchengemeinde Hettenhausen - Dalherda","description":"Homepage der Ev.-luth. Kirchengemeinde Hettenhausen - Dalherda","potentialAction":[{"@type":"SearchAction","target":{"@type":"EntryPoint","urlTemplate":"https:\/\/www.kirche-hettenhausen.de\/site\/?s={search_term_string}"},"query-input":{"@type":"PropertyValueSpecification","valueRequired":true,"valueName":"search_term_string"}}],"inLanguage":"de"}]}},"_links":{"self":[{"href":"https:\/\/www.kirche-hettenhausen.de\/site\/wp-json\/wp\/v2\/pages\/7999","targetHints":{"allow":["GET"]}}],"collection":[{"href":"https:\/\/www.kirche-hettenhausen.de\/site\/wp-json\/wp\/v2\/pages"}],"about":[{"href":"https:\/\/www.kirche-hettenhausen.de\/site\/wp-json\/wp\/v2\/types\/page"}],"author":[{"embeddable":true,"href":"https:\/\/www.kirche-hettenhausen.de\/site\/wp-json\/wp\/v2\/users\/2"}],"replies":[{"embeddable":true,"href":"https:\/\/www.kirche-hettenhausen.de\/site\/wp-json\/wp\/v2\/comments?post=7999"}],"version-history":[{"count":35,"href":"https:\/\/www.kirche-hettenhausen.de\/site\/wp-json\/wp\/v2\/pages\/7999\/revisions"}],"predecessor-version":[{"id":17108,"href":"https:\/\/www.kirche-hettenhausen.de\/site\/wp-json\/wp\/v2\/pages\/7999\/revisions\/17108"}],"up":[{"embeddable":true,"href":"https:\/\/www.kirche-hettenhausen.de\/site\/wp-json\/wp\/v2\/pages\/27"}],"wp:featuredmedia":[{"embeddable":true,"href":"https:\/\/www.kirche-hettenhausen.de\/site\/wp-json\/wp\/v2\/media\/6599"}],"wp:attachment":[{"href":"https:\/\/www.kirche-hettenhausen.de\/site\/wp-json\/wp\/v2\/media?parent=7999"}],"curies":[{"name":"wp","href":"https:\/\/api.w.org\/{rel}","templated":true}]}}