{"id":7647,"date":"2021-02-15T20:03:11","date_gmt":"2021-02-15T19:03:11","guid":{"rendered":"https:\/\/kirche-hettenhausen.de\/site\/?page_id=7647"},"modified":"2021-06-06T13:38:32","modified_gmt":"2021-06-06T11:38:32","slug":"gummibaerchen-experiment","status":"publish","type":"page","link":"https:\/\/www.kirche-hettenhausen.de\/site\/einrichtungen\/ev-kindergarten-arche-noah\/kinderseite\/gummibaerchen-experiment\/","title":{"rendered":"Gummib\u00e4rchen-Experiment"},"content":{"rendered":"<p>Hallo ihr Lieben!<\/p>\n<p>Dieses Mal haben wir ein Experiment mit Gummib\u00e4rchen f\u00fcr euch.<\/p>\n<p><u>Dazu braucht ihr:<\/u><img loading=\"lazy\" decoding=\"async\" class=\"alignright wp-image-7645 size-full\" src=\"https:\/\/www.kirche-hettenhausen.de\/site\/wp-content\/uploads\/2021\/02\/Gummibaerchen.jpg\" alt=\"Kindergarten Hettenhausen\" width=\"225\" height=\"295\" \/><\/p>\n<ul>\n<li>4 Gl\u00e4ser (am besten durchsichtig)<\/li>\n<li>mind. 16 Gummib\u00e4rchen<\/li>\n<li>Wasser<\/li>\n<li>Salz<\/li>\n<li>Essig<\/li>\n<li>\u00d6l<\/li>\n<li>L\u00f6ffel<\/li>\n<li>Etiketten<\/li>\n<li>Stift<\/li>\n<li>Tablett<\/li>\n<li>Handtuch zum Abtrocknen<\/li>\n<\/ul>\n<p><u>Vorbereitung:<\/u><\/p>\n<ol>\n<li>Gl\u00e4ser bis zur H\u00e4lfte f\u00fcllen:<\/li>\n<\/ol>\n<ul style=\"list-style-type: disc;\">\n<li>ein Glas mit Wasser<\/li>\n<li>ein Glas mit Wasser + 1 TL Salz<\/li>\n<li>ein Glas mit Essig<\/li>\n<li>ein Glas mit \u00d6l<\/li>\n<\/ul>\n<ol start=\"2\">\n<li>Gl\u00e4ser passend beschriften, damit nichts durcheinander kommt<\/li>\n<li>mind. 4 Gummib\u00e4rchen jeweils in ein Glas geben<\/li>\n<li>Gl\u00e4ser auf ein Tablett f\u00fcr das Beobachten stellen<\/li>\n<\/ol>\n<p>&nbsp;<\/p>\n<p>Und jetzt k\u00f6nnt ihr immer wieder mal in die Gl\u00e4ser schauen und f\u00fchlen, was denn so mit den Gummib\u00e4rchen passiert! Und ihr k\u00f6nnt sie so lange in den Gl\u00e4sern lassen wie ihr m\u00f6chtet.<\/p>\n<p>Ihr k\u00f6nnt auch mit anderen Fl\u00fcssigkeiten in neuen Gl\u00e4sern weiter experimentieren, wie z.\u00a0B. hei\u00dfes Wasser, Milch, Wasser mit Zucker, Wasser mit Natron usw.<\/p>\n<p>Viel Spa\u00df mit den Gummib\u00e4rchen \ud83d\ude42<\/p>\n<p>&nbsp;<\/p>\n<p><img loading=\"lazy\" decoding=\"async\" class=\"aligncenter wp-image-7644 size-full\" src=\"https:\/\/www.kirche-hettenhausen.de\/site\/wp-content\/uploads\/2021\/02\/Gummibaerchen-Experiment-Foto.jpg\" alt=\"Kindergarten Hettenhausen\" width=\"428\" height=\"240\" srcset=\"https:\/\/www.kirche-hettenhausen.de\/site\/wp-content\/uploads\/2021\/02\/Gummibaerchen-Experiment-Foto.jpg 428w, https:\/\/www.kirche-hettenhausen.de\/site\/wp-content\/uploads\/2021\/02\/Gummibaerchen-Experiment-Foto-300x168.jpg 300w\" sizes=\"auto, (max-width: 428px) 100vw, 428px\" \/><\/p>\n<p>&nbsp;<\/p>\n<p>Hier habt ihr noch ein Blatt zum Gummib\u00e4rchen-Experiment:<\/p>\n<h4 style=\"text-align: center;\"><a href=\"https:\/\/www.kirche-hettenhausen.de\/site\/wp-content\/uploads\/2021\/02\/Gummibaerchen-Experiment-Blatt.pdf\" target=\"_blank\" rel=\"noopener\">Gummib\u00e4rchen-Experiment-Blatt<\/a><\/h4>\n<p>Das k\u00f6nnt ihr euch ausdrucken und dann darauf vergleichen, wie sich die Gummib\u00e4rchen ver\u00e4ndert haben. Dazu nehmt ihr ein normales Gummib\u00e4rchen und legt dann das Gummib\u00e4rchen aus dem Glas daneben.<\/p>\n<p>Wenn ihr m\u00f6chtet, macht ein Foto von den verschiedenen Gummib\u00e4rchen, das wir dann in eure Mappe im Kindergarten abheften k\u00f6nnen.<\/p>\n","protected":false},"excerpt":{"rendered":"<p>Hallo ihr Lieben! Dieses Mal haben wir ein Experiment mit Gummib\u00e4rchen f\u00fcr euch. Dazu braucht ihr: 4 Gl\u00e4ser (am besten durchsichtig) mind. 16 Gummib\u00e4rchen Wasser Salz Essig \u00d6l L\u00f6ffel Etiketten Stift Tablett Handtuch zum Abtrocknen Vorbereitung: Gl\u00e4ser bis zur H\u00e4lfte f\u00fcllen: ein Glas mit Wasser ein Glas mit Wasser + 1 TL Salz ein Glas [&hellip;]<\/p>\n","protected":false},"author":2,"featured_media":7644,"parent":4323,"menu_order":110,"comment_status":"closed","ping_status":"closed","template":"","meta":{"footnotes":""},"class_list":["post-7647","page","type-page","status-publish","has-post-thumbnail","hentry"],"yoast_head":"<!-- This site is optimized with the Yoast SEO plugin v27.4 - https:\/\/yoast.com\/product\/yoast-seo-wordpress\/ -->\n<title>Gummib\u00e4rchen-Experiment - Ev.-luth. Kirchengemeinde Hettenhausen - Dalherda<\/title>\n<meta name=\"description\" content=\"Ev.-luth. Kirchengemeinde Hettenhausen - Dalherda - Kindergarte Arche Noah - Gummib\u00e4rchen-Experiment\" \/>\n<meta name=\"robots\" content=\"index, follow, max-snippet:-1, max-image-preview:large, max-video-preview:-1\" \/>\n<link rel=\"canonical\" href=\"https:\/\/www.kirche-hettenhausen.de\/site\/einrichtungen\/ev-kindergarten-arche-noah\/kinderseite\/gummibaerchen-experiment\/\" \/>\n<meta property=\"og:locale\" content=\"de_DE\" \/>\n<meta property=\"og:type\" content=\"article\" \/>\n<meta property=\"og:title\" content=\"Gummib\u00e4rchen-Experiment - Ev.-luth. Kirchengemeinde Hettenhausen - Dalherda\" \/>\n<meta property=\"og:description\" content=\"Ev.-luth. Kirchengemeinde Hettenhausen - Dalherda - Kindergarte Arche Noah - Gummib\u00e4rchen-Experiment\" \/>\n<meta property=\"og:url\" content=\"https:\/\/www.kirche-hettenhausen.de\/site\/einrichtungen\/ev-kindergarten-arche-noah\/kinderseite\/gummibaerchen-experiment\/\" \/>\n<meta property=\"og:site_name\" content=\"Ev.-luth. Kirchengemeinde Hettenhausen - Dalherda\" \/>\n<meta property=\"article:modified_time\" content=\"2021-06-06T11:38:32+00:00\" \/>\n<meta property=\"og:image\" content=\"https:\/\/www.kirche-hettenhausen.de\/site\/wp-content\/uploads\/2021\/02\/Gummibaerchen-Experiment-Foto.jpg\" \/>\n\t<meta property=\"og:image:width\" content=\"428\" \/>\n\t<meta property=\"og:image:height\" content=\"240\" \/>\n\t<meta property=\"og:image:type\" content=\"image\/jpeg\" \/>\n<meta name=\"twitter:card\" content=\"summary_large_image\" \/>\n<meta name=\"twitter:label1\" content=\"Gesch\u00e4tzte Lesezeit\" \/>\n\t<meta name=\"twitter:data1\" content=\"2\u00a0Minuten\" \/>\n<script type=\"application\/ld+json\" class=\"yoast-schema-graph\">{\"@context\":\"https:\\\/\\\/schema.org\",\"@graph\":[{\"@type\":\"WebPage\",\"@id\":\"https:\\\/\\\/www.kirche-hettenhausen.de\\\/site\\\/einrichtungen\\\/ev-kindergarten-arche-noah\\\/kinderseite\\\/gummibaerchen-experiment\\\/\",\"url\":\"https:\\\/\\\/www.kirche-hettenhausen.de\\\/site\\\/einrichtungen\\\/ev-kindergarten-arche-noah\\\/kinderseite\\\/gummibaerchen-experiment\\\/\",\"name\":\"Gummib\u00e4rchen-Experiment - Ev.-luth. Kirchengemeinde Hettenhausen - Dalherda\",\"isPartOf\":{\"@id\":\"https:\\\/\\\/www.kirche-hettenhausen.de\\\/site\\\/#website\"},\"primaryImageOfPage\":{\"@id\":\"https:\\\/\\\/www.kirche-hettenhausen.de\\\/site\\\/einrichtungen\\\/ev-kindergarten-arche-noah\\\/kinderseite\\\/gummibaerchen-experiment\\\/#primaryimage\"},\"image\":{\"@id\":\"https:\\\/\\\/www.kirche-hettenhausen.de\\\/site\\\/einrichtungen\\\/ev-kindergarten-arche-noah\\\/kinderseite\\\/gummibaerchen-experiment\\\/#primaryimage\"},\"thumbnailUrl\":\"https:\\\/\\\/www.kirche-hettenhausen.de\\\/site\\\/wp-content\\\/uploads\\\/2021\\\/02\\\/Gummibaerchen-Experiment-Foto.jpg\",\"datePublished\":\"2021-02-15T19:03:11+00:00\",\"dateModified\":\"2021-06-06T11:38:32+00:00\",\"description\":\"Ev.-luth. Kirchengemeinde Hettenhausen - Dalherda - Kindergarte Arche Noah - Gummib\u00e4rchen-Experiment\",\"breadcrumb\":{\"@id\":\"https:\\\/\\\/www.kirche-hettenhausen.de\\\/site\\\/einrichtungen\\\/ev-kindergarten-arche-noah\\\/kinderseite\\\/gummibaerchen-experiment\\\/#breadcrumb\"},\"inLanguage\":\"de\",\"potentialAction\":[{\"@type\":\"ReadAction\",\"target\":[\"https:\\\/\\\/www.kirche-hettenhausen.de\\\/site\\\/einrichtungen\\\/ev-kindergarten-arche-noah\\\/kinderseite\\\/gummibaerchen-experiment\\\/\"]}]},{\"@type\":\"ImageObject\",\"inLanguage\":\"de\",\"@id\":\"https:\\\/\\\/www.kirche-hettenhausen.de\\\/site\\\/einrichtungen\\\/ev-kindergarten-arche-noah\\\/kinderseite\\\/gummibaerchen-experiment\\\/#primaryimage\",\"url\":\"https:\\\/\\\/www.kirche-hettenhausen.de\\\/site\\\/wp-content\\\/uploads\\\/2021\\\/02\\\/Gummibaerchen-Experiment-Foto.jpg\",\"contentUrl\":\"https:\\\/\\\/www.kirche-hettenhausen.de\\\/site\\\/wp-content\\\/uploads\\\/2021\\\/02\\\/Gummibaerchen-Experiment-Foto.jpg\",\"width\":428,\"height\":240,\"caption\":\"Kindergarten Hettenhausen\"},{\"@type\":\"BreadcrumbList\",\"@id\":\"https:\\\/\\\/www.kirche-hettenhausen.de\\\/site\\\/einrichtungen\\\/ev-kindergarten-arche-noah\\\/kinderseite\\\/gummibaerchen-experiment\\\/#breadcrumb\",\"itemListElement\":[{\"@type\":\"ListItem\",\"position\":1,\"name\":\"Startseite\",\"item\":\"https:\\\/\\\/www.kirche-hettenhausen.de\\\/site\\\/\"},{\"@type\":\"ListItem\",\"position\":2,\"name\":\"Einrichtungen\",\"item\":\"https:\\\/\\\/www.kirche-hettenhausen.de\\\/site\\\/einrichtungen\\\/\"},{\"@type\":\"ListItem\",\"position\":3,\"name\":\"Ev. Kindergarten &#8222;Arche Noah&#8220;\",\"item\":\"https:\\\/\\\/www.kirche-hettenhausen.de\\\/site\\\/einrichtungen\\\/ev-kindergarten-arche-noah\\\/\"},{\"@type\":\"ListItem\",\"position\":4,\"name\":\"Kinderseite\",\"item\":\"https:\\\/\\\/www.kirche-hettenhausen.de\\\/site\\\/?page_id=4323\"},{\"@type\":\"ListItem\",\"position\":5,\"name\":\"Gummib\u00e4rchen-Experiment\"}]},{\"@type\":\"WebSite\",\"@id\":\"https:\\\/\\\/www.kirche-hettenhausen.de\\\/site\\\/#website\",\"url\":\"https:\\\/\\\/www.kirche-hettenhausen.de\\\/site\\\/\",\"name\":\"Ev.-luth. Kirchengemeinde Hettenhausen - Dalherda\",\"description\":\"Homepage der Ev.-luth. Kirchengemeinde Hettenhausen - Dalherda\",\"potentialAction\":[{\"@type\":\"SearchAction\",\"target\":{\"@type\":\"EntryPoint\",\"urlTemplate\":\"https:\\\/\\\/www.kirche-hettenhausen.de\\\/site\\\/?s={search_term_string}\"},\"query-input\":{\"@type\":\"PropertyValueSpecification\",\"valueRequired\":true,\"valueName\":\"search_term_string\"}}],\"inLanguage\":\"de\"}]}<\/script>\n<!-- \/ Yoast SEO plugin. -->","yoast_head_json":{"title":"Gummib\u00e4rchen-Experiment - Ev.-luth. Kirchengemeinde Hettenhausen - Dalherda","description":"Ev.-luth. Kirchengemeinde Hettenhausen - Dalherda - Kindergarte Arche Noah - Gummib\u00e4rchen-Experiment","robots":{"index":"index","follow":"follow","max-snippet":"max-snippet:-1","max-image-preview":"max-image-preview:large","max-video-preview":"max-video-preview:-1"},"canonical":"https:\/\/www.kirche-hettenhausen.de\/site\/einrichtungen\/ev-kindergarten-arche-noah\/kinderseite\/gummibaerchen-experiment\/","og_locale":"de_DE","og_type":"article","og_title":"Gummib\u00e4rchen-Experiment - Ev.-luth. Kirchengemeinde Hettenhausen - Dalherda","og_description":"Ev.-luth. Kirchengemeinde Hettenhausen - Dalherda - Kindergarte Arche Noah - Gummib\u00e4rchen-Experiment","og_url":"https:\/\/www.kirche-hettenhausen.de\/site\/einrichtungen\/ev-kindergarten-arche-noah\/kinderseite\/gummibaerchen-experiment\/","og_site_name":"Ev.-luth. Kirchengemeinde Hettenhausen - Dalherda","article_modified_time":"2021-06-06T11:38:32+00:00","og_image":[{"width":428,"height":240,"url":"https:\/\/www.kirche-hettenhausen.de\/site\/wp-content\/uploads\/2021\/02\/Gummibaerchen-Experiment-Foto.jpg","type":"image\/jpeg"}],"twitter_card":"summary_large_image","twitter_misc":{"Gesch\u00e4tzte Lesezeit":"2\u00a0Minuten"},"schema":{"@context":"https:\/\/schema.org","@graph":[{"@type":"WebPage","@id":"https:\/\/www.kirche-hettenhausen.de\/site\/einrichtungen\/ev-kindergarten-arche-noah\/kinderseite\/gummibaerchen-experiment\/","url":"https:\/\/www.kirche-hettenhausen.de\/site\/einrichtungen\/ev-kindergarten-arche-noah\/kinderseite\/gummibaerchen-experiment\/","name":"Gummib\u00e4rchen-Experiment - Ev.-luth. Kirchengemeinde Hettenhausen - Dalherda","isPartOf":{"@id":"https:\/\/www.kirche-hettenhausen.de\/site\/#website"},"primaryImageOfPage":{"@id":"https:\/\/www.kirche-hettenhausen.de\/site\/einrichtungen\/ev-kindergarten-arche-noah\/kinderseite\/gummibaerchen-experiment\/#primaryimage"},"image":{"@id":"https:\/\/www.kirche-hettenhausen.de\/site\/einrichtungen\/ev-kindergarten-arche-noah\/kinderseite\/gummibaerchen-experiment\/#primaryimage"},"thumbnailUrl":"https:\/\/www.kirche-hettenhausen.de\/site\/wp-content\/uploads\/2021\/02\/Gummibaerchen-Experiment-Foto.jpg","datePublished":"2021-02-15T19:03:11+00:00","dateModified":"2021-06-06T11:38:32+00:00","description":"Ev.-luth. Kirchengemeinde Hettenhausen - Dalherda - Kindergarte Arche Noah - Gummib\u00e4rchen-Experiment","breadcrumb":{"@id":"https:\/\/www.kirche-hettenhausen.de\/site\/einrichtungen\/ev-kindergarten-arche-noah\/kinderseite\/gummibaerchen-experiment\/#breadcrumb"},"inLanguage":"de","potentialAction":[{"@type":"ReadAction","target":["https:\/\/www.kirche-hettenhausen.de\/site\/einrichtungen\/ev-kindergarten-arche-noah\/kinderseite\/gummibaerchen-experiment\/"]}]},{"@type":"ImageObject","inLanguage":"de","@id":"https:\/\/www.kirche-hettenhausen.de\/site\/einrichtungen\/ev-kindergarten-arche-noah\/kinderseite\/gummibaerchen-experiment\/#primaryimage","url":"https:\/\/www.kirche-hettenhausen.de\/site\/wp-content\/uploads\/2021\/02\/Gummibaerchen-Experiment-Foto.jpg","contentUrl":"https:\/\/www.kirche-hettenhausen.de\/site\/wp-content\/uploads\/2021\/02\/Gummibaerchen-Experiment-Foto.jpg","width":428,"height":240,"caption":"Kindergarten Hettenhausen"},{"@type":"BreadcrumbList","@id":"https:\/\/www.kirche-hettenhausen.de\/site\/einrichtungen\/ev-kindergarten-arche-noah\/kinderseite\/gummibaerchen-experiment\/#breadcrumb","itemListElement":[{"@type":"ListItem","position":1,"name":"Startseite","item":"https:\/\/www.kirche-hettenhausen.de\/site\/"},{"@type":"ListItem","position":2,"name":"Einrichtungen","item":"https:\/\/www.kirche-hettenhausen.de\/site\/einrichtungen\/"},{"@type":"ListItem","position":3,"name":"Ev. Kindergarten &#8222;Arche Noah&#8220;","item":"https:\/\/www.kirche-hettenhausen.de\/site\/einrichtungen\/ev-kindergarten-arche-noah\/"},{"@type":"ListItem","position":4,"name":"Kinderseite","item":"https:\/\/www.kirche-hettenhausen.de\/site\/?page_id=4323"},{"@type":"ListItem","position":5,"name":"Gummib\u00e4rchen-Experiment"}]},{"@type":"WebSite","@id":"https:\/\/www.kirche-hettenhausen.de\/site\/#website","url":"https:\/\/www.kirche-hettenhausen.de\/site\/","name":"Ev.-luth. Kirchengemeinde Hettenhausen - Dalherda","description":"Homepage der Ev.-luth. Kirchengemeinde Hettenhausen - Dalherda","potentialAction":[{"@type":"SearchAction","target":{"@type":"EntryPoint","urlTemplate":"https:\/\/www.kirche-hettenhausen.de\/site\/?s={search_term_string}"},"query-input":{"@type":"PropertyValueSpecification","valueRequired":true,"valueName":"search_term_string"}}],"inLanguage":"de"}]}},"_links":{"self":[{"href":"https:\/\/www.kirche-hettenhausen.de\/site\/wp-json\/wp\/v2\/pages\/7647","targetHints":{"allow":["GET"]}}],"collection":[{"href":"https:\/\/www.kirche-hettenhausen.de\/site\/wp-json\/wp\/v2\/pages"}],"about":[{"href":"https:\/\/www.kirche-hettenhausen.de\/site\/wp-json\/wp\/v2\/types\/page"}],"author":[{"embeddable":true,"href":"https:\/\/www.kirche-hettenhausen.de\/site\/wp-json\/wp\/v2\/users\/2"}],"replies":[{"embeddable":true,"href":"https:\/\/www.kirche-hettenhausen.de\/site\/wp-json\/wp\/v2\/comments?post=7647"}],"version-history":[{"count":5,"href":"https:\/\/www.kirche-hettenhausen.de\/site\/wp-json\/wp\/v2\/pages\/7647\/revisions"}],"predecessor-version":[{"id":7656,"href":"https:\/\/www.kirche-hettenhausen.de\/site\/wp-json\/wp\/v2\/pages\/7647\/revisions\/7656"}],"up":[{"embeddable":true,"href":"https:\/\/www.kirche-hettenhausen.de\/site\/wp-json\/wp\/v2\/pages\/4323"}],"wp:featuredmedia":[{"embeddable":true,"href":"https:\/\/www.kirche-hettenhausen.de\/site\/wp-json\/wp\/v2\/media\/7644"}],"wp:attachment":[{"href":"https:\/\/www.kirche-hettenhausen.de\/site\/wp-json\/wp\/v2\/media?parent=7647"}],"curies":[{"name":"wp","href":"https:\/\/api.w.org\/{rel}","templated":true}]}}