{"id":7481,"date":"2021-02-08T19:46:49","date_gmt":"2021-02-08T18:46:49","guid":{"rendered":"https:\/\/kirche-hettenhausen.de\/site\/?page_id=7481"},"modified":"2023-07-20T19:37:46","modified_gmt":"2023-07-20T17:37:46","slug":"historisches","status":"publish","type":"page","link":"https:\/\/www.kirche-hettenhausen.de\/site\/einrichtungen\/ev-kindergarten-arche-noah\/historisches\/","title":{"rendered":"Historisches"},"content":{"rendered":"<h3><span style=\"color: #db1385;\">Die Geschichte unseres Kindergartens in Hettenhausen<\/span><\/h3>\n<p>&nbsp;<\/p>\n<p><a href=\"https:\/\/www.kirche-hettenhausen.de\/site\/wp-content\/uploads\/2023\/07\/DSC07062_1.jpg\"><img loading=\"lazy\" decoding=\"async\" class=\"alignnone size-medium wp-image-13537\" src=\"https:\/\/www.kirche-hettenhausen.de\/site\/wp-content\/uploads\/2023\/07\/DSC07062_1-300x200.jpg\" alt=\"Kindergarten Arche Noah Hettenhausen\" width=\"300\" height=\"200\" srcset=\"https:\/\/www.kirche-hettenhausen.de\/site\/wp-content\/uploads\/2023\/07\/DSC07062_1-300x200.jpg 300w, https:\/\/www.kirche-hettenhausen.de\/site\/wp-content\/uploads\/2023\/07\/DSC07062_1-391x260.jpg 391w, https:\/\/www.kirche-hettenhausen.de\/site\/wp-content\/uploads\/2023\/07\/DSC07062_1.jpg 600w\" sizes=\"auto, (max-width: 300px) 100vw, 300px\" \/><\/a><a href=\"https:\/\/www.kirche-hettenhausen.de\/site\/wp-content\/uploads\/2023\/07\/PXL_20230719_122700546_1.jpg\"><img loading=\"lazy\" decoding=\"async\" class=\"alignnone size-medium wp-image-13538\" src=\"https:\/\/www.kirche-hettenhausen.de\/site\/wp-content\/uploads\/2023\/07\/PXL_20230719_122700546_1-225x300.jpg\" alt=\"Kindergarten Arche Noah Hettenhausen\" width=\"225\" height=\"300\" srcset=\"https:\/\/www.kirche-hettenhausen.de\/site\/wp-content\/uploads\/2023\/07\/PXL_20230719_122700546_1-225x300.jpg 225w, https:\/\/www.kirche-hettenhausen.de\/site\/wp-content\/uploads\/2023\/07\/PXL_20230719_122700546_1-300x400.jpg 300w, https:\/\/www.kirche-hettenhausen.de\/site\/wp-content\/uploads\/2023\/07\/PXL_20230719_122700546_1.jpg 600w\" sizes=\"auto, (max-width: 225px) 100vw, 225px\" \/><\/a><\/p>\n<p>Ohne Kindergarten &#8211; f\u00fcr Familien in der heutigen Zeit eine besondere Herausforderung und nicht mehr weg zu denken\u2026<\/p>\n<p>Schaut man in die Vergangenheit, gibt es uns schon lange. Genau genommen seit 1928. Das im Jahre 1768 erbaute Geb\u00e4ude wurde damals in ein Diakonissenheim mit Kindergarten und Altersheim umgebaut und Diakonissen k\u00fcmmerten sich um die ersten Kindergartenkinder.<\/p>\n<p>Im zweiten Weltkrieg musste der Kindergarten in ein Nebengeb\u00e4ude umziehen und danach in eine neu gebaute Baracke.<\/p>\n<p>1962 wurde ein neu gebauter eingruppiger Kindergarten oberhalb des Schwesternhauses feierlich eingeweiht.<\/p>\n<p>&nbsp;<\/p>\n<div id=\"attachment_7479\" style=\"width: 312px\" class=\"wp-caption aligncenter\"><img loading=\"lazy\" decoding=\"async\" aria-describedby=\"caption-attachment-7479\" class=\"wp-image-7479 size-full\" src=\"https:\/\/www.kirche-hettenhausen.de\/site\/wp-content\/uploads\/2021\/02\/alter-Kindergarten-Hettenhausen.jpg\" alt=\"Kindergarten &quot;Arche Noah&quot;\" width=\"302\" height=\"210\" srcset=\"https:\/\/www.kirche-hettenhausen.de\/site\/wp-content\/uploads\/2021\/02\/alter-Kindergarten-Hettenhausen.jpg 302w, https:\/\/www.kirche-hettenhausen.de\/site\/wp-content\/uploads\/2021\/02\/alter-Kindergarten-Hettenhausen-300x209.jpg 300w\" sizes=\"auto, (max-width: 302px) 100vw, 302px\" \/><p id=\"caption-attachment-7479\" class=\"wp-caption-text\">Der alte Kindergarten in Hettenhausen<\/p><\/div>\n<p>&nbsp;<\/p>\n<p>In den 90er Jahren war dieses Geb\u00e4ude f\u00fcr die steigende Kinderzahl zu klein und es wurde neu geplant.<\/p>\n<p>Das war vor 25 Jahren. Das historische Schwesternhaus stand leer und sollte erhalten bleiben.<\/p>\n<p>&nbsp;<\/p>\n\n\t\t<style type=\"text\/css\">\n\t\t\t#gallery-1 {\n\t\t\t\tmargin: auto;\n\t\t\t}\n\t\t\t#gallery-1 .gallery-item {\n\t\t\t\tfloat: left;\n\t\t\t\tmargin-top: 10px;\n\t\t\t\ttext-align: center;\n\t\t\t\twidth: 50%;\n\t\t\t}\n\t\t\t#gallery-1 img {\n\t\t\t\tborder: 2px solid #cfcfcf;\n\t\t\t}\n\t\t\t#gallery-1 .gallery-caption {\n\t\t\t\tmargin-left: 0;\n\t\t\t}\n\t\t\t\/* see gallery_shortcode() in wp-includes\/media.php *\/\n\t\t<\/style>\n\t\t<div id='gallery-1' class='gallery galleryid-7481 gallery-columns-2 gallery-size-full'><dl class='gallery-item'>\n\t\t\t<dt class='gallery-icon landscape'>\n\t\t\t\t<img loading=\"lazy\" decoding=\"async\" width=\"609\" height=\"412\" src=\"https:\/\/www.kirche-hettenhausen.de\/site\/wp-content\/uploads\/2021\/02\/Schwesternhaus-Hettenhausen_1.jpg\" class=\"attachment-full size-full\" alt=\"Kindergarten &quot;Arche Noah&quot;\" aria-describedby=\"gallery-1-7477\" srcset=\"https:\/\/www.kirche-hettenhausen.de\/site\/wp-content\/uploads\/2021\/02\/Schwesternhaus-Hettenhausen_1.jpg 609w, https:\/\/www.kirche-hettenhausen.de\/site\/wp-content\/uploads\/2021\/02\/Schwesternhaus-Hettenhausen_1-300x203.jpg 300w\" sizes=\"auto, (max-width: 609px) 100vw, 609px\" \/>\n\t\t\t<\/dt>\n\t\t\t\t<dd class='wp-caption-text gallery-caption' id='gallery-1-7477'>\n\t\t\t\tDas alte Schwesternhaus in Hettenhausen\n\t\t\t\t<\/dd><\/dl><dl class='gallery-item'>\n\t\t\t<dt class='gallery-icon landscape'>\n\t\t\t\t<img loading=\"lazy\" decoding=\"async\" width=\"609\" height=\"402\" src=\"https:\/\/www.kirche-hettenhausen.de\/site\/wp-content\/uploads\/2021\/02\/Schwesternhaus-Hettenhausen_2.jpg\" class=\"attachment-full size-full\" alt=\"Kindergarten &quot;Arche Noah&quot;\" aria-describedby=\"gallery-1-7478\" srcset=\"https:\/\/www.kirche-hettenhausen.de\/site\/wp-content\/uploads\/2021\/02\/Schwesternhaus-Hettenhausen_2.jpg 609w, https:\/\/www.kirche-hettenhausen.de\/site\/wp-content\/uploads\/2021\/02\/Schwesternhaus-Hettenhausen_2-300x198.jpg 300w\" sizes=\"auto, (max-width: 609px) 100vw, 609px\" \/>\n\t\t\t<\/dt>\n\t\t\t\t<dd class='wp-caption-text gallery-caption' id='gallery-1-7478'>\n\t\t\t\tDas Schwesternhaus wird umgebaut zum Kindergarten\n\t\t\t\t<\/dd><\/dl><br style=\"clear: both\" \/>\n\t\t<\/div>\n\n<p>&nbsp;<\/p>\n<p>Eine Idee wurde geboren\u2026.<\/p>\n<p>Das unter Denkmalschutz stehende Haus wurde saniert und mit einem modernen Anbau zu einem dreigruppigen Kindergarten umgebaut.<\/p>\n<p>&nbsp;<\/p>\n\n\t\t<style type=\"text\/css\">\n\t\t\t#gallery-2 {\n\t\t\t\tmargin: auto;\n\t\t\t}\n\t\t\t#gallery-2 .gallery-item {\n\t\t\t\tfloat: left;\n\t\t\t\tmargin-top: 10px;\n\t\t\t\ttext-align: center;\n\t\t\t\twidth: 50%;\n\t\t\t}\n\t\t\t#gallery-2 img {\n\t\t\t\tborder: 2px solid #cfcfcf;\n\t\t\t}\n\t\t\t#gallery-2 .gallery-caption {\n\t\t\t\tmargin-left: 0;\n\t\t\t}\n\t\t\t\/* see gallery_shortcode() in wp-includes\/media.php *\/\n\t\t<\/style>\n\t\t<div id='gallery-2' class='gallery galleryid-7481 gallery-columns-2 gallery-size-full'><dl class='gallery-item'>\n\t\t\t<dt class='gallery-icon landscape'>\n\t\t\t\t<img loading=\"lazy\" decoding=\"async\" width=\"609\" height=\"458\" src=\"https:\/\/www.kirche-hettenhausen.de\/site\/wp-content\/uploads\/2021\/02\/Kindergarten-Anbau_1.jpg\" class=\"attachment-full size-full\" alt=\"Kindergarten &quot;Arche Noah&quot;\" aria-describedby=\"gallery-2-7473\" srcset=\"https:\/\/www.kirche-hettenhausen.de\/site\/wp-content\/uploads\/2021\/02\/Kindergarten-Anbau_1.jpg 609w, https:\/\/www.kirche-hettenhausen.de\/site\/wp-content\/uploads\/2021\/02\/Kindergarten-Anbau_1-300x226.jpg 300w\" sizes=\"auto, (max-width: 609px) 100vw, 609px\" \/>\n\t\t\t<\/dt>\n\t\t\t\t<dd class='wp-caption-text gallery-caption' id='gallery-2-7473'>\n\t\t\t\tKindergarten Hettenhausen\n\t\t\t\t<\/dd><\/dl><dl class='gallery-item'>\n\t\t\t<dt class='gallery-icon portrait'>\n\t\t\t\t<img loading=\"lazy\" decoding=\"async\" width=\"341\" height=\"391\" src=\"https:\/\/www.kirche-hettenhausen.de\/site\/wp-content\/uploads\/2021\/02\/Kindergarten-Anbau_2.jpg\" class=\"attachment-full size-full\" alt=\"Kindergarten &quot;Arche Noah&quot;\" aria-describedby=\"gallery-2-7474\" srcset=\"https:\/\/www.kirche-hettenhausen.de\/site\/wp-content\/uploads\/2021\/02\/Kindergarten-Anbau_2.jpg 341w, https:\/\/www.kirche-hettenhausen.de\/site\/wp-content\/uploads\/2021\/02\/Kindergarten-Anbau_2-262x300.jpg 262w\" sizes=\"auto, (max-width: 341px) 100vw, 341px\" \/>\n\t\t\t<\/dt>\n\t\t\t\t<dd class='wp-caption-text gallery-caption' id='gallery-2-7474'>\n\t\t\t\tModerner Anbau des Kindergartens\n\t\t\t\t<\/dd><\/dl><br style=\"clear: both\" \/>\n\t\t<\/div>\n\n<p>&nbsp;<\/p>\n<p>1995 wurde das neue Kindergartengeb\u00e4ude feierlich eingeweiht. 2010 fand ein weiterer Umbau statt. Im Erdgeschoss des Altbaus wurde eine Kinderkrippe er\u00f6ffnet.<\/p>\n<p>&nbsp;<\/p>\n<div id=\"attachment_7476\" style=\"width: 619px\" class=\"wp-caption aligncenter\"><img loading=\"lazy\" decoding=\"async\" aria-describedby=\"caption-attachment-7476\" class=\"wp-image-7476 size-full\" src=\"https:\/\/www.kirche-hettenhausen.de\/site\/wp-content\/uploads\/2021\/02\/Kinderkrippe.jpg\" alt=\"Kindergarten &quot;Arche Noah&quot;\" width=\"609\" height=\"458\" srcset=\"https:\/\/www.kirche-hettenhausen.de\/site\/wp-content\/uploads\/2021\/02\/Kinderkrippe.jpg 609w, https:\/\/www.kirche-hettenhausen.de\/site\/wp-content\/uploads\/2021\/02\/Kinderkrippe-300x226.jpg 300w\" sizes=\"auto, (max-width: 609px) 100vw, 609px\" \/><p id=\"caption-attachment-7476\" class=\"wp-caption-text\">Gruppenraum der Kinderkrippe<\/p><\/div>\n<p>&nbsp;<\/p>\n<p>Seit dieser Zeit wuseln nun in den drei Gruppenr\u00e4umen Kinder im Alter von 1 bis 6 Jahren herum.<\/p>\n<p>&nbsp;<\/p>\n<p>&nbsp;<\/p>\n<h3><span style=\"color: #db1385;\">Vom Diakonissenheim zum Kindergarten &#8211; Das Schwesternhaus in Hettenhausen<\/span><\/h3>\n<p>Unser heutiger moderner dreigruppiger Kindergarten wurde am 29. September 1995 der Evangelischen Kirchengemeinde Hettenhausen \u00fcbergeben. Das noch vielen als Schwesternhaus bekannte Grundgeb\u00e4ude unseres heutigen Kindergartens wurde im Jahr 1768 von der Gersfelder Gutsherrschaft als Dienstwohnung f\u00fcr einen Forstbeamten gebaut. Die Angaben auf einem Stein \u00fcber der Kellert\u00fcr mit der Jahreszahl neben dem Wappen der Herrn von Ebersberg, der Lilie, und den Buchstaben v.W. (von Weyhers) weisen noch heute darauf hin.<\/p>\n<p>Als im Jahr 1778 die Herrn von Ebersberg ihren Anteil vom Gericht L\u00fctter an das Bistum Fulda verkauften und damit auch die Waldungen der Oberf\u00f6rsterei Gersfeld fuldisch wurden, kamen sie unter die Verwaltung des Forstamtes Motten. Der bisherige Revierf\u00f6rster Sittig wurde mit \u00fcbernommen, verstarb aber dann schon im Jahr 1781 und die Waldungen kamen unter die Aufsicht der Revierf\u00f6rsterei Schmalnau. Das J\u00e4gerhaus in Hettenhausen verlor damit seine Verwendung als Wohnung eines Forstbeamten und wurde verkauft. Es wurde von Heinrich Krei\u00df erworben, der bis 1811 als Schulthei\u00df amtierte.<\/p>\n<p>Um 1860 wurde es von Kaufmann Abraham Liebst\u00e4dter erworben. Sein Sohn bot es nach dem Umzug nach Fulda dem Kreis Gersfeld an, der es f\u00fcr eine Diakonissenstation mit Nebengeb\u00e4uden erwarb und entsprechend einrichtete. Eine Besonderheit des Hauses war eine von einer Zentralstelle ausgehende Warmwasserheizung. Am 1. Juli 1928 im Morgengottesdienst wurden die beiden Schwestern Maria Allendorf und Margarete Dorn der Gemeinde vorgestellt und am Nachmittag das neue Diakonissenheim mit Kindergarten und Altersheim seiner Bestimmung feierlich \u00fcbergeben.<\/p>\n<p>Im Jahr 1937 wurde das Schwesternhaus, das dem Kreis geh\u00f6rte, vom weiblichen Arbeitsdienst belegt und der Kindergarten wurde in dem zur Stra\u00dfe gelegenen Nebengeb\u00e4ude und die die anschlie\u00dfend daran angebaute Kindergartenbaracke untergebracht. Da nach dem Krieg durch den Zuzug von vielen Heimatvertriebenen Mangel an Wohnraum herrschte, wurde nach einer Besichtigung durch den Wohnungskommissar des Landkreises die Kindergartenbaracke instandgesetzt und durch Zumauern von T\u00fcr und Fenster vom Haus Nr. 63 a getrennt, das nun ebenso wie das Schwesternhaus als Wohnung diente.<\/p>\n<p>Durch die nun bestehenden sehr primitiven Verh\u00e4ltnisse wurde die Weiterf\u00fchrung der Kindergartenarbeit mehrfach in Frage gestellt. B\u00fcrgermeister Wilhelm M\u00fcller fasste den Plan von Seiten der Gemeinde Hettenhausen, mit staatlichen Hilfen einen neuen Kindergarten zu bauen. Schlie\u00dflich konnte am 28. Januar 1962 in Gegenwart von Dekan Schuster und Kirchenrechtsrat Dr. P\u00f6pperl ein neuer Kindergarten mit einer Wohnung f\u00fcr die Kinderg\u00e4rtnerin seiner Bestimmung \u00fcbergeben werden. Es war damals wohl der modernste Kindergarten im Kreis Fulda.<\/p>\n<p>Aber auch dieser Kindergarten kam mit der Zeit in die Jahre und entsprach lange nicht mehr den modernen p\u00e4dagogischen Anforderungen. Da bot es sich an, als die letzte Mieterin im Schwesternhaus verstorben war und das Haus schon einige Zeit leer stand, aber wegen der historischen Bedeutung erhalten werden musste, dieses in Verbindung mit einem Anbau zu einem modernen Kindergarten umzubauen. Im Rahmen der Dorferneuerung wurden die An- und Umbauarbeiten in den Jahren 1994 und 1995 durchgef\u00fchrt und die beiden Geb\u00e4ude zu einem harmonischen Ensemble zusammengef\u00fchrt. Am 29. September 1995 konnten diese durch den 1. Kreisbeigeordneten Gerhard M\u00f6ller feierlich \u00fcbergeben werden. Kurze Zeit sp\u00e4ter erfolgte eine feierliche Namensgebung des Kindergartens in &#8222;Evangelischer Kindergarten Arche Noah Hettenhausen&#8220;.<\/p>\n<p>Das alte, 1962 erstellte Kindergartengeb\u00e4ude wurde danach dem Rh\u00f6nklub-Zweigverein Hettenhausen als Vereinsheim zur Verf\u00fcgung gestellt.<\/p>\n<hr \/>\n<div class=\"entry\">\n<p style=\"text-align: center;\">____________________________________________<\/p>\n<p>(u. a. aus der Chronik von Hettenhausen anl\u00e4sslich des 1050-j\u00e4hrigen Bestehens im Jahr 2006, nach den Aufzeichnungen des Chronisten Friedrich Waldschmidt, Hettenhausen)<\/p>\n<\/div>\n","protected":false},"excerpt":{"rendered":"<p>Die Geschichte unseres Kindergartens in Hettenhausen &nbsp; Ohne Kindergarten &#8211; f\u00fcr Familien in der heutigen Zeit eine besondere Herausforderung und nicht mehr weg zu denken\u2026 Schaut man in die Vergangenheit, gibt es uns schon lange. Genau genommen seit 1928. Das im Jahre 1768 erbaute Geb\u00e4ude wurde damals in ein Diakonissenheim mit Kindergarten und Altersheim umgebaut [&hellip;]<\/p>\n","protected":false},"author":2,"featured_media":13537,"parent":116,"menu_order":60,"comment_status":"closed","ping_status":"closed","template":"","meta":{"footnotes":""},"class_list":["post-7481","page","type-page","status-publish","has-post-thumbnail","hentry"],"yoast_head":"<!-- This site is optimized with the Yoast SEO plugin v27.5 - https:\/\/yoast.com\/product\/yoast-seo-wordpress\/ -->\n<title>Historisches - Ev.-luth. Kirchengemeinde Hettenhausen - Dalherda<\/title>\n<meta name=\"description\" content=\"Ev.-luth. Kirchengemeinde Hettenhausen - Dalherda - Kindergarten Arche Noah - Historisches - Die Geschichte unseres Kindergartens in Hettenhausen\" \/>\n<meta name=\"robots\" content=\"index, follow, max-snippet:-1, max-image-preview:large, max-video-preview:-1\" \/>\n<link rel=\"canonical\" href=\"https:\/\/www.kirche-hettenhausen.de\/site\/einrichtungen\/ev-kindergarten-arche-noah\/historisches\/\" \/>\n<meta property=\"og:locale\" content=\"de_DE\" \/>\n<meta property=\"og:type\" content=\"article\" \/>\n<meta property=\"og:title\" content=\"Historisches - Ev.-luth. Kirchengemeinde Hettenhausen - Dalherda\" \/>\n<meta property=\"og:description\" content=\"Ev.-luth. Kirchengemeinde Hettenhausen - Dalherda - Kindergarten Arche Noah - Historisches - Die Geschichte unseres Kindergartens in Hettenhausen\" \/>\n<meta property=\"og:url\" content=\"https:\/\/www.kirche-hettenhausen.de\/site\/einrichtungen\/ev-kindergarten-arche-noah\/historisches\/\" \/>\n<meta property=\"og:site_name\" content=\"Ev.-luth. Kirchengemeinde Hettenhausen - Dalherda\" \/>\n<meta property=\"article:modified_time\" content=\"2023-07-20T17:37:46+00:00\" \/>\n<meta property=\"og:image\" content=\"https:\/\/www.kirche-hettenhausen.de\/site\/wp-content\/uploads\/2023\/07\/DSC07062_1.jpg\" \/>\n\t<meta property=\"og:image:width\" content=\"600\" \/>\n\t<meta property=\"og:image:height\" content=\"400\" \/>\n\t<meta property=\"og:image:type\" content=\"image\/jpeg\" \/>\n<meta name=\"twitter:card\" content=\"summary_large_image\" \/>\n<meta name=\"twitter:label1\" content=\"Gesch\u00e4tzte Lesezeit\" \/>\n\t<meta name=\"twitter:data1\" content=\"6\u00a0Minuten\" \/>\n<script type=\"application\/ld+json\" class=\"yoast-schema-graph\">{\"@context\":\"https:\\\/\\\/schema.org\",\"@graph\":[{\"@type\":\"WebPage\",\"@id\":\"https:\\\/\\\/www.kirche-hettenhausen.de\\\/site\\\/einrichtungen\\\/ev-kindergarten-arche-noah\\\/historisches\\\/\",\"url\":\"https:\\\/\\\/www.kirche-hettenhausen.de\\\/site\\\/einrichtungen\\\/ev-kindergarten-arche-noah\\\/historisches\\\/\",\"name\":\"Historisches - Ev.-luth. Kirchengemeinde Hettenhausen - Dalherda\",\"isPartOf\":{\"@id\":\"https:\\\/\\\/www.kirche-hettenhausen.de\\\/site\\\/#website\"},\"primaryImageOfPage\":{\"@id\":\"https:\\\/\\\/www.kirche-hettenhausen.de\\\/site\\\/einrichtungen\\\/ev-kindergarten-arche-noah\\\/historisches\\\/#primaryimage\"},\"image\":{\"@id\":\"https:\\\/\\\/www.kirche-hettenhausen.de\\\/site\\\/einrichtungen\\\/ev-kindergarten-arche-noah\\\/historisches\\\/#primaryimage\"},\"thumbnailUrl\":\"https:\\\/\\\/www.kirche-hettenhausen.de\\\/site\\\/wp-content\\\/uploads\\\/2023\\\/07\\\/DSC07062_1.jpg\",\"datePublished\":\"2021-02-08T18:46:49+00:00\",\"dateModified\":\"2023-07-20T17:37:46+00:00\",\"description\":\"Ev.-luth. Kirchengemeinde Hettenhausen - Dalherda - Kindergarten Arche Noah - Historisches - Die Geschichte unseres Kindergartens in Hettenhausen\",\"breadcrumb\":{\"@id\":\"https:\\\/\\\/www.kirche-hettenhausen.de\\\/site\\\/einrichtungen\\\/ev-kindergarten-arche-noah\\\/historisches\\\/#breadcrumb\"},\"inLanguage\":\"de\",\"potentialAction\":[{\"@type\":\"ReadAction\",\"target\":[\"https:\\\/\\\/www.kirche-hettenhausen.de\\\/site\\\/einrichtungen\\\/ev-kindergarten-arche-noah\\\/historisches\\\/\"]}]},{\"@type\":\"ImageObject\",\"inLanguage\":\"de\",\"@id\":\"https:\\\/\\\/www.kirche-hettenhausen.de\\\/site\\\/einrichtungen\\\/ev-kindergarten-arche-noah\\\/historisches\\\/#primaryimage\",\"url\":\"https:\\\/\\\/www.kirche-hettenhausen.de\\\/site\\\/wp-content\\\/uploads\\\/2023\\\/07\\\/DSC07062_1.jpg\",\"contentUrl\":\"https:\\\/\\\/www.kirche-hettenhausen.de\\\/site\\\/wp-content\\\/uploads\\\/2023\\\/07\\\/DSC07062_1.jpg\",\"width\":600,\"height\":400,\"caption\":\"Kindergarten Arche Noah Hettenhausen\"},{\"@type\":\"BreadcrumbList\",\"@id\":\"https:\\\/\\\/www.kirche-hettenhausen.de\\\/site\\\/einrichtungen\\\/ev-kindergarten-arche-noah\\\/historisches\\\/#breadcrumb\",\"itemListElement\":[{\"@type\":\"ListItem\",\"position\":1,\"name\":\"Startseite\",\"item\":\"https:\\\/\\\/www.kirche-hettenhausen.de\\\/site\\\/\"},{\"@type\":\"ListItem\",\"position\":2,\"name\":\"Einrichtungen\",\"item\":\"https:\\\/\\\/www.kirche-hettenhausen.de\\\/site\\\/einrichtungen\\\/\"},{\"@type\":\"ListItem\",\"position\":3,\"name\":\"Ev. Kindergarten &#8222;Arche Noah&#8220;\",\"item\":\"https:\\\/\\\/www.kirche-hettenhausen.de\\\/site\\\/einrichtungen\\\/ev-kindergarten-arche-noah\\\/\"},{\"@type\":\"ListItem\",\"position\":4,\"name\":\"Historisches\"}]},{\"@type\":\"WebSite\",\"@id\":\"https:\\\/\\\/www.kirche-hettenhausen.de\\\/site\\\/#website\",\"url\":\"https:\\\/\\\/www.kirche-hettenhausen.de\\\/site\\\/\",\"name\":\"Ev.-luth. Kirchengemeinde Hettenhausen - Dalherda\",\"description\":\"Homepage der Ev.-luth. Kirchengemeinde Hettenhausen - Dalherda\",\"potentialAction\":[{\"@type\":\"SearchAction\",\"target\":{\"@type\":\"EntryPoint\",\"urlTemplate\":\"https:\\\/\\\/www.kirche-hettenhausen.de\\\/site\\\/?s={search_term_string}\"},\"query-input\":{\"@type\":\"PropertyValueSpecification\",\"valueRequired\":true,\"valueName\":\"search_term_string\"}}],\"inLanguage\":\"de\"}]}<\/script>\n<!-- \/ Yoast SEO plugin. -->","yoast_head_json":{"title":"Historisches - Ev.-luth. Kirchengemeinde Hettenhausen - Dalherda","description":"Ev.-luth. Kirchengemeinde Hettenhausen - Dalherda - Kindergarten Arche Noah - Historisches - Die Geschichte unseres Kindergartens in Hettenhausen","robots":{"index":"index","follow":"follow","max-snippet":"max-snippet:-1","max-image-preview":"max-image-preview:large","max-video-preview":"max-video-preview:-1"},"canonical":"https:\/\/www.kirche-hettenhausen.de\/site\/einrichtungen\/ev-kindergarten-arche-noah\/historisches\/","og_locale":"de_DE","og_type":"article","og_title":"Historisches - Ev.-luth. Kirchengemeinde Hettenhausen - Dalherda","og_description":"Ev.-luth. Kirchengemeinde Hettenhausen - Dalherda - Kindergarten Arche Noah - Historisches - Die Geschichte unseres Kindergartens in Hettenhausen","og_url":"https:\/\/www.kirche-hettenhausen.de\/site\/einrichtungen\/ev-kindergarten-arche-noah\/historisches\/","og_site_name":"Ev.-luth. Kirchengemeinde Hettenhausen - Dalherda","article_modified_time":"2023-07-20T17:37:46+00:00","og_image":[{"width":600,"height":400,"url":"https:\/\/www.kirche-hettenhausen.de\/site\/wp-content\/uploads\/2023\/07\/DSC07062_1.jpg","type":"image\/jpeg"}],"twitter_card":"summary_large_image","twitter_misc":{"Gesch\u00e4tzte Lesezeit":"6\u00a0Minuten"},"schema":{"@context":"https:\/\/schema.org","@graph":[{"@type":"WebPage","@id":"https:\/\/www.kirche-hettenhausen.de\/site\/einrichtungen\/ev-kindergarten-arche-noah\/historisches\/","url":"https:\/\/www.kirche-hettenhausen.de\/site\/einrichtungen\/ev-kindergarten-arche-noah\/historisches\/","name":"Historisches - Ev.-luth. Kirchengemeinde Hettenhausen - Dalherda","isPartOf":{"@id":"https:\/\/www.kirche-hettenhausen.de\/site\/#website"},"primaryImageOfPage":{"@id":"https:\/\/www.kirche-hettenhausen.de\/site\/einrichtungen\/ev-kindergarten-arche-noah\/historisches\/#primaryimage"},"image":{"@id":"https:\/\/www.kirche-hettenhausen.de\/site\/einrichtungen\/ev-kindergarten-arche-noah\/historisches\/#primaryimage"},"thumbnailUrl":"https:\/\/www.kirche-hettenhausen.de\/site\/wp-content\/uploads\/2023\/07\/DSC07062_1.jpg","datePublished":"2021-02-08T18:46:49+00:00","dateModified":"2023-07-20T17:37:46+00:00","description":"Ev.-luth. Kirchengemeinde Hettenhausen - Dalherda - Kindergarten Arche Noah - Historisches - Die Geschichte unseres Kindergartens in Hettenhausen","breadcrumb":{"@id":"https:\/\/www.kirche-hettenhausen.de\/site\/einrichtungen\/ev-kindergarten-arche-noah\/historisches\/#breadcrumb"},"inLanguage":"de","potentialAction":[{"@type":"ReadAction","target":["https:\/\/www.kirche-hettenhausen.de\/site\/einrichtungen\/ev-kindergarten-arche-noah\/historisches\/"]}]},{"@type":"ImageObject","inLanguage":"de","@id":"https:\/\/www.kirche-hettenhausen.de\/site\/einrichtungen\/ev-kindergarten-arche-noah\/historisches\/#primaryimage","url":"https:\/\/www.kirche-hettenhausen.de\/site\/wp-content\/uploads\/2023\/07\/DSC07062_1.jpg","contentUrl":"https:\/\/www.kirche-hettenhausen.de\/site\/wp-content\/uploads\/2023\/07\/DSC07062_1.jpg","width":600,"height":400,"caption":"Kindergarten Arche Noah Hettenhausen"},{"@type":"BreadcrumbList","@id":"https:\/\/www.kirche-hettenhausen.de\/site\/einrichtungen\/ev-kindergarten-arche-noah\/historisches\/#breadcrumb","itemListElement":[{"@type":"ListItem","position":1,"name":"Startseite","item":"https:\/\/www.kirche-hettenhausen.de\/site\/"},{"@type":"ListItem","position":2,"name":"Einrichtungen","item":"https:\/\/www.kirche-hettenhausen.de\/site\/einrichtungen\/"},{"@type":"ListItem","position":3,"name":"Ev. Kindergarten &#8222;Arche Noah&#8220;","item":"https:\/\/www.kirche-hettenhausen.de\/site\/einrichtungen\/ev-kindergarten-arche-noah\/"},{"@type":"ListItem","position":4,"name":"Historisches"}]},{"@type":"WebSite","@id":"https:\/\/www.kirche-hettenhausen.de\/site\/#website","url":"https:\/\/www.kirche-hettenhausen.de\/site\/","name":"Ev.-luth. Kirchengemeinde Hettenhausen - Dalherda","description":"Homepage der Ev.-luth. Kirchengemeinde Hettenhausen - Dalherda","potentialAction":[{"@type":"SearchAction","target":{"@type":"EntryPoint","urlTemplate":"https:\/\/www.kirche-hettenhausen.de\/site\/?s={search_term_string}"},"query-input":{"@type":"PropertyValueSpecification","valueRequired":true,"valueName":"search_term_string"}}],"inLanguage":"de"}]}},"_links":{"self":[{"href":"https:\/\/www.kirche-hettenhausen.de\/site\/wp-json\/wp\/v2\/pages\/7481","targetHints":{"allow":["GET"]}}],"collection":[{"href":"https:\/\/www.kirche-hettenhausen.de\/site\/wp-json\/wp\/v2\/pages"}],"about":[{"href":"https:\/\/www.kirche-hettenhausen.de\/site\/wp-json\/wp\/v2\/types\/page"}],"author":[{"embeddable":true,"href":"https:\/\/www.kirche-hettenhausen.de\/site\/wp-json\/wp\/v2\/users\/2"}],"replies":[{"embeddable":true,"href":"https:\/\/www.kirche-hettenhausen.de\/site\/wp-json\/wp\/v2\/comments?post=7481"}],"version-history":[{"count":13,"href":"https:\/\/www.kirche-hettenhausen.de\/site\/wp-json\/wp\/v2\/pages\/7481\/revisions"}],"predecessor-version":[{"id":7885,"href":"https:\/\/www.kirche-hettenhausen.de\/site\/wp-json\/wp\/v2\/pages\/7481\/revisions\/7885"}],"up":[{"embeddable":true,"href":"https:\/\/www.kirche-hettenhausen.de\/site\/wp-json\/wp\/v2\/pages\/116"}],"wp:featuredmedia":[{"embeddable":true,"href":"https:\/\/www.kirche-hettenhausen.de\/site\/wp-json\/wp\/v2\/media\/13537"}],"wp:attachment":[{"href":"https:\/\/www.kirche-hettenhausen.de\/site\/wp-json\/wp\/v2\/media?parent=7481"}],"curies":[{"name":"wp","href":"https:\/\/api.w.org\/{rel}","templated":true}]}}