{"id":7126,"date":"2021-01-19T23:19:29","date_gmt":"2021-01-19T22:19:29","guid":{"rendered":"https:\/\/kirche-hettenhausen.de\/site\/?page_id=7126"},"modified":"2021-06-06T13:36:33","modified_gmt":"2021-06-06T11:36:33","slug":"schneeflocken","status":"publish","type":"page","link":"https:\/\/www.kirche-hettenhausen.de\/site\/einrichtungen\/ev-kindergarten-arche-noah\/kinderseite\/schneeflocken\/","title":{"rendered":"Schneeflocken"},"content":{"rendered":"<p><a href=\"https:\/\/www.kirche-hettenhausen.de\/site\/wp-content\/uploads\/2021\/01\/Anleitung-Schneeflocke.jpg\"><img loading=\"lazy\" decoding=\"async\" class=\"alignleft size-full wp-image-7125\" src=\"https:\/\/www.kirche-hettenhausen.de\/site\/wp-content\/uploads\/2021\/01\/Anleitung-Schneeflocke.jpg\" alt=\"\" width=\"627\" height=\"380\" srcset=\"https:\/\/www.kirche-hettenhausen.de\/site\/wp-content\/uploads\/2021\/01\/Anleitung-Schneeflocke.jpg 627w, https:\/\/www.kirche-hettenhausen.de\/site\/wp-content\/uploads\/2021\/01\/Anleitung-Schneeflocke-300x182.jpg 300w\" sizes=\"auto, (max-width: 627px) 100vw, 627px\" \/><\/a><\/p>\n<p>&nbsp;<\/p>\n<p>Liebe Kinder,<\/p>\n<p>hier findet ihr eine Anleitung, wie ihr ganz tolle Schneeflocken basteln k\u00f6nnt.<\/p>\n<p>Damit d\u00fcrft ihr alle Fenster dekorieren und auch noch Schneeflocken verschenken.<\/p>\n<p>Viel Spa\u00df!<\/p>\n<p>Sandra, Ivonne, Lena, Julia, Melanie, Petra, Desi und Susanne<\/p>\n<p>&nbsp;<\/p>\n<p>Und hier noch eine Geschichte f\u00fcr euch \u00fcber eine kleine Schneeflocke und ihren ersten Ausflug:<\/p>\n<p><a href=\"https:\/\/www.kirche-hettenhausen.de\/site\/wp-content\/uploads\/2021\/01\/Die-kleine-Schneeflocke-und-die-Sonne.pdf\">Die kleine Schneeflocke und die Sonne<\/a><\/p>\n","protected":false},"excerpt":{"rendered":"<p>&nbsp; Liebe Kinder, hier findet ihr eine Anleitung, wie ihr ganz tolle Schneeflocken basteln k\u00f6nnt. Damit d\u00fcrft ihr alle Fenster dekorieren und auch noch Schneeflocken verschenken. Viel Spa\u00df! Sandra, Ivonne, Lena, Julia, Melanie, Petra, Desi und Susanne &nbsp; Und hier noch eine Geschichte f\u00fcr euch \u00fcber eine kleine Schneeflocke und ihren ersten Ausflug: Die kleine [&hellip;]<\/p>\n","protected":false},"author":2,"featured_media":7125,"parent":4323,"menu_order":80,"comment_status":"closed","ping_status":"closed","template":"","meta":{"footnotes":""},"class_list":["post-7126","page","type-page","status-publish","has-post-thumbnail","hentry"],"yoast_head":"<!-- This site is optimized with the Yoast SEO plugin v27.4 - https:\/\/yoast.com\/product\/yoast-seo-wordpress\/ -->\n<title>Schneeflocken - Ev.-luth. Kirchengemeinde Hettenhausen - Dalherda<\/title>\n<meta name=\"description\" content=\"Ev.-luth. Kirchengemeinde Hettenhausen - Dalherda - Kindergarte Arche Noah - Schneeflocken\" \/>\n<meta name=\"robots\" content=\"index, follow, max-snippet:-1, max-image-preview:large, max-video-preview:-1\" \/>\n<link rel=\"canonical\" href=\"https:\/\/www.kirche-hettenhausen.de\/site\/einrichtungen\/ev-kindergarten-arche-noah\/kinderseite\/schneeflocken\/\" \/>\n<meta property=\"og:locale\" content=\"de_DE\" \/>\n<meta property=\"og:type\" content=\"article\" \/>\n<meta property=\"og:title\" content=\"Schneeflocken - Ev.-luth. Kirchengemeinde Hettenhausen - Dalherda\" \/>\n<meta property=\"og:description\" content=\"Ev.-luth. Kirchengemeinde Hettenhausen - Dalherda - Kindergarte Arche Noah - Schneeflocken\" \/>\n<meta property=\"og:url\" content=\"https:\/\/www.kirche-hettenhausen.de\/site\/einrichtungen\/ev-kindergarten-arche-noah\/kinderseite\/schneeflocken\/\" \/>\n<meta property=\"og:site_name\" content=\"Ev.-luth. Kirchengemeinde Hettenhausen - Dalherda\" \/>\n<meta property=\"article:modified_time\" content=\"2021-06-06T11:36:33+00:00\" \/>\n<meta property=\"og:image\" content=\"https:\/\/www.kirche-hettenhausen.de\/site\/wp-content\/uploads\/2021\/01\/Anleitung-Schneeflocke.jpg\" \/>\n\t<meta property=\"og:image:width\" content=\"627\" \/>\n\t<meta property=\"og:image:height\" content=\"380\" \/>\n\t<meta property=\"og:image:type\" content=\"image\/jpeg\" \/>\n<meta name=\"twitter:card\" content=\"summary_large_image\" \/>\n<script type=\"application\/ld+json\" class=\"yoast-schema-graph\">{\"@context\":\"https:\\\/\\\/schema.org\",\"@graph\":[{\"@type\":\"WebPage\",\"@id\":\"https:\\\/\\\/www.kirche-hettenhausen.de\\\/site\\\/einrichtungen\\\/ev-kindergarten-arche-noah\\\/kinderseite\\\/schneeflocken\\\/\",\"url\":\"https:\\\/\\\/www.kirche-hettenhausen.de\\\/site\\\/einrichtungen\\\/ev-kindergarten-arche-noah\\\/kinderseite\\\/schneeflocken\\\/\",\"name\":\"Schneeflocken - Ev.-luth. Kirchengemeinde Hettenhausen - Dalherda\",\"isPartOf\":{\"@id\":\"https:\\\/\\\/www.kirche-hettenhausen.de\\\/site\\\/#website\"},\"primaryImageOfPage\":{\"@id\":\"https:\\\/\\\/www.kirche-hettenhausen.de\\\/site\\\/einrichtungen\\\/ev-kindergarten-arche-noah\\\/kinderseite\\\/schneeflocken\\\/#primaryimage\"},\"image\":{\"@id\":\"https:\\\/\\\/www.kirche-hettenhausen.de\\\/site\\\/einrichtungen\\\/ev-kindergarten-arche-noah\\\/kinderseite\\\/schneeflocken\\\/#primaryimage\"},\"thumbnailUrl\":\"https:\\\/\\\/www.kirche-hettenhausen.de\\\/site\\\/wp-content\\\/uploads\\\/2021\\\/01\\\/Anleitung-Schneeflocke.jpg\",\"datePublished\":\"2021-01-19T22:19:29+00:00\",\"dateModified\":\"2021-06-06T11:36:33+00:00\",\"description\":\"Ev.-luth. Kirchengemeinde Hettenhausen - Dalherda - Kindergarte Arche Noah - Schneeflocken\",\"breadcrumb\":{\"@id\":\"https:\\\/\\\/www.kirche-hettenhausen.de\\\/site\\\/einrichtungen\\\/ev-kindergarten-arche-noah\\\/kinderseite\\\/schneeflocken\\\/#breadcrumb\"},\"inLanguage\":\"de\",\"potentialAction\":[{\"@type\":\"ReadAction\",\"target\":[\"https:\\\/\\\/www.kirche-hettenhausen.de\\\/site\\\/einrichtungen\\\/ev-kindergarten-arche-noah\\\/kinderseite\\\/schneeflocken\\\/\"]}]},{\"@type\":\"ImageObject\",\"inLanguage\":\"de\",\"@id\":\"https:\\\/\\\/www.kirche-hettenhausen.de\\\/site\\\/einrichtungen\\\/ev-kindergarten-arche-noah\\\/kinderseite\\\/schneeflocken\\\/#primaryimage\",\"url\":\"https:\\\/\\\/www.kirche-hettenhausen.de\\\/site\\\/wp-content\\\/uploads\\\/2021\\\/01\\\/Anleitung-Schneeflocke.jpg\",\"contentUrl\":\"https:\\\/\\\/www.kirche-hettenhausen.de\\\/site\\\/wp-content\\\/uploads\\\/2021\\\/01\\\/Anleitung-Schneeflocke.jpg\",\"width\":627,\"height\":380},{\"@type\":\"BreadcrumbList\",\"@id\":\"https:\\\/\\\/www.kirche-hettenhausen.de\\\/site\\\/einrichtungen\\\/ev-kindergarten-arche-noah\\\/kinderseite\\\/schneeflocken\\\/#breadcrumb\",\"itemListElement\":[{\"@type\":\"ListItem\",\"position\":1,\"name\":\"Startseite\",\"item\":\"https:\\\/\\\/www.kirche-hettenhausen.de\\\/site\\\/\"},{\"@type\":\"ListItem\",\"position\":2,\"name\":\"Einrichtungen\",\"item\":\"https:\\\/\\\/www.kirche-hettenhausen.de\\\/site\\\/einrichtungen\\\/\"},{\"@type\":\"ListItem\",\"position\":3,\"name\":\"Ev. Kindergarten &#8222;Arche Noah&#8220;\",\"item\":\"https:\\\/\\\/www.kirche-hettenhausen.de\\\/site\\\/einrichtungen\\\/ev-kindergarten-arche-noah\\\/\"},{\"@type\":\"ListItem\",\"position\":4,\"name\":\"Kinderseite\",\"item\":\"https:\\\/\\\/www.kirche-hettenhausen.de\\\/site\\\/?page_id=4323\"},{\"@type\":\"ListItem\",\"position\":5,\"name\":\"Schneeflocken\"}]},{\"@type\":\"WebSite\",\"@id\":\"https:\\\/\\\/www.kirche-hettenhausen.de\\\/site\\\/#website\",\"url\":\"https:\\\/\\\/www.kirche-hettenhausen.de\\\/site\\\/\",\"name\":\"Ev.-luth. Kirchengemeinde Hettenhausen - Dalherda\",\"description\":\"Homepage der Ev.-luth. Kirchengemeinde Hettenhausen - Dalherda\",\"potentialAction\":[{\"@type\":\"SearchAction\",\"target\":{\"@type\":\"EntryPoint\",\"urlTemplate\":\"https:\\\/\\\/www.kirche-hettenhausen.de\\\/site\\\/?s={search_term_string}\"},\"query-input\":{\"@type\":\"PropertyValueSpecification\",\"valueRequired\":true,\"valueName\":\"search_term_string\"}}],\"inLanguage\":\"de\"}]}<\/script>\n<!-- \/ Yoast SEO plugin. -->","yoast_head_json":{"title":"Schneeflocken - Ev.-luth. Kirchengemeinde Hettenhausen - Dalherda","description":"Ev.-luth. Kirchengemeinde Hettenhausen - Dalherda - Kindergarte Arche Noah - Schneeflocken","robots":{"index":"index","follow":"follow","max-snippet":"max-snippet:-1","max-image-preview":"max-image-preview:large","max-video-preview":"max-video-preview:-1"},"canonical":"https:\/\/www.kirche-hettenhausen.de\/site\/einrichtungen\/ev-kindergarten-arche-noah\/kinderseite\/schneeflocken\/","og_locale":"de_DE","og_type":"article","og_title":"Schneeflocken - Ev.-luth. Kirchengemeinde Hettenhausen - Dalherda","og_description":"Ev.-luth. Kirchengemeinde Hettenhausen - Dalherda - Kindergarte Arche Noah - Schneeflocken","og_url":"https:\/\/www.kirche-hettenhausen.de\/site\/einrichtungen\/ev-kindergarten-arche-noah\/kinderseite\/schneeflocken\/","og_site_name":"Ev.-luth. Kirchengemeinde Hettenhausen - Dalherda","article_modified_time":"2021-06-06T11:36:33+00:00","og_image":[{"width":627,"height":380,"url":"https:\/\/www.kirche-hettenhausen.de\/site\/wp-content\/uploads\/2021\/01\/Anleitung-Schneeflocke.jpg","type":"image\/jpeg"}],"twitter_card":"summary_large_image","schema":{"@context":"https:\/\/schema.org","@graph":[{"@type":"WebPage","@id":"https:\/\/www.kirche-hettenhausen.de\/site\/einrichtungen\/ev-kindergarten-arche-noah\/kinderseite\/schneeflocken\/","url":"https:\/\/www.kirche-hettenhausen.de\/site\/einrichtungen\/ev-kindergarten-arche-noah\/kinderseite\/schneeflocken\/","name":"Schneeflocken - Ev.-luth. Kirchengemeinde Hettenhausen - Dalherda","isPartOf":{"@id":"https:\/\/www.kirche-hettenhausen.de\/site\/#website"},"primaryImageOfPage":{"@id":"https:\/\/www.kirche-hettenhausen.de\/site\/einrichtungen\/ev-kindergarten-arche-noah\/kinderseite\/schneeflocken\/#primaryimage"},"image":{"@id":"https:\/\/www.kirche-hettenhausen.de\/site\/einrichtungen\/ev-kindergarten-arche-noah\/kinderseite\/schneeflocken\/#primaryimage"},"thumbnailUrl":"https:\/\/www.kirche-hettenhausen.de\/site\/wp-content\/uploads\/2021\/01\/Anleitung-Schneeflocke.jpg","datePublished":"2021-01-19T22:19:29+00:00","dateModified":"2021-06-06T11:36:33+00:00","description":"Ev.-luth. Kirchengemeinde Hettenhausen - Dalherda - Kindergarte Arche Noah - Schneeflocken","breadcrumb":{"@id":"https:\/\/www.kirche-hettenhausen.de\/site\/einrichtungen\/ev-kindergarten-arche-noah\/kinderseite\/schneeflocken\/#breadcrumb"},"inLanguage":"de","potentialAction":[{"@type":"ReadAction","target":["https:\/\/www.kirche-hettenhausen.de\/site\/einrichtungen\/ev-kindergarten-arche-noah\/kinderseite\/schneeflocken\/"]}]},{"@type":"ImageObject","inLanguage":"de","@id":"https:\/\/www.kirche-hettenhausen.de\/site\/einrichtungen\/ev-kindergarten-arche-noah\/kinderseite\/schneeflocken\/#primaryimage","url":"https:\/\/www.kirche-hettenhausen.de\/site\/wp-content\/uploads\/2021\/01\/Anleitung-Schneeflocke.jpg","contentUrl":"https:\/\/www.kirche-hettenhausen.de\/site\/wp-content\/uploads\/2021\/01\/Anleitung-Schneeflocke.jpg","width":627,"height":380},{"@type":"BreadcrumbList","@id":"https:\/\/www.kirche-hettenhausen.de\/site\/einrichtungen\/ev-kindergarten-arche-noah\/kinderseite\/schneeflocken\/#breadcrumb","itemListElement":[{"@type":"ListItem","position":1,"name":"Startseite","item":"https:\/\/www.kirche-hettenhausen.de\/site\/"},{"@type":"ListItem","position":2,"name":"Einrichtungen","item":"https:\/\/www.kirche-hettenhausen.de\/site\/einrichtungen\/"},{"@type":"ListItem","position":3,"name":"Ev. Kindergarten &#8222;Arche Noah&#8220;","item":"https:\/\/www.kirche-hettenhausen.de\/site\/einrichtungen\/ev-kindergarten-arche-noah\/"},{"@type":"ListItem","position":4,"name":"Kinderseite","item":"https:\/\/www.kirche-hettenhausen.de\/site\/?page_id=4323"},{"@type":"ListItem","position":5,"name":"Schneeflocken"}]},{"@type":"WebSite","@id":"https:\/\/www.kirche-hettenhausen.de\/site\/#website","url":"https:\/\/www.kirche-hettenhausen.de\/site\/","name":"Ev.-luth. Kirchengemeinde Hettenhausen - Dalherda","description":"Homepage der Ev.-luth. Kirchengemeinde Hettenhausen - Dalherda","potentialAction":[{"@type":"SearchAction","target":{"@type":"EntryPoint","urlTemplate":"https:\/\/www.kirche-hettenhausen.de\/site\/?s={search_term_string}"},"query-input":{"@type":"PropertyValueSpecification","valueRequired":true,"valueName":"search_term_string"}}],"inLanguage":"de"}]}},"_links":{"self":[{"href":"https:\/\/www.kirche-hettenhausen.de\/site\/wp-json\/wp\/v2\/pages\/7126","targetHints":{"allow":["GET"]}}],"collection":[{"href":"https:\/\/www.kirche-hettenhausen.de\/site\/wp-json\/wp\/v2\/pages"}],"about":[{"href":"https:\/\/www.kirche-hettenhausen.de\/site\/wp-json\/wp\/v2\/types\/page"}],"author":[{"embeddable":true,"href":"https:\/\/www.kirche-hettenhausen.de\/site\/wp-json\/wp\/v2\/users\/2"}],"replies":[{"embeddable":true,"href":"https:\/\/www.kirche-hettenhausen.de\/site\/wp-json\/wp\/v2\/comments?post=7126"}],"version-history":[{"count":2,"href":"https:\/\/www.kirche-hettenhausen.de\/site\/wp-json\/wp\/v2\/pages\/7126\/revisions"}],"predecessor-version":[{"id":8111,"href":"https:\/\/www.kirche-hettenhausen.de\/site\/wp-json\/wp\/v2\/pages\/7126\/revisions\/8111"}],"up":[{"embeddable":true,"href":"https:\/\/www.kirche-hettenhausen.de\/site\/wp-json\/wp\/v2\/pages\/4323"}],"wp:featuredmedia":[{"embeddable":true,"href":"https:\/\/www.kirche-hettenhausen.de\/site\/wp-json\/wp\/v2\/media\/7125"}],"wp:attachment":[{"href":"https:\/\/www.kirche-hettenhausen.de\/site\/wp-json\/wp\/v2\/media?parent=7126"}],"curies":[{"name":"wp","href":"https:\/\/api.w.org\/{rel}","templated":true}]}}