{"id":4666,"date":"2020-05-13T17:52:20","date_gmt":"2020-05-13T15:52:20","guid":{"rendered":"https:\/\/kirche-hettenhausen.de\/site\/?page_id=4666"},"modified":"2021-06-06T13:34:19","modified_gmt":"2021-06-06T11:34:19","slug":"mach-mal-mit-werde-fit","status":"publish","type":"page","link":"https:\/\/www.kirche-hettenhausen.de\/site\/einrichtungen\/ev-kindergarten-arche-noah\/kinderseite\/mach-mal-mit-werde-fit\/","title":{"rendered":"Mach mal mit, werde fit!"},"content":{"rendered":"<p style=\"text-align: right;\">13.05.2020<\/p>\n<p>&nbsp;<\/p>\n<p>Liebe Kinder, liebe Eltern,<\/p>\n<p>&nbsp;<\/p>\n<p>schon wieder ist eine Woche um. Letzte Woche, beim Kaspertheater, konntet ihr euch ausruhen. Diese Woche steht unter dem Motto:<\/p>\n<p><strong>Macht mal mit! Werdet fit!<\/strong><\/p>\n<p>In unserer Geschichte werdet ihr einiges auf dem Bauernhof erleben!<\/p>\n<p>Nach dieser anstrengenden Aufgabe habt ihr euch eine \u00dcberraschung verdient. Diese wartet ab Freitag am Zaun Richtung Hauptstra\u00dfe am Kindergarten auf euch. Jede Maus, jeder K\u00e4fer und jedes Bienchen darf sich eine T\u00fcte abholen.<\/p>\n<p>Viel Spa\u00df damit!<\/p>\n<p>Bis bald<\/p>\n<p><a href=\"https:\/\/www.kirche-hettenhausen.de\/site\/wp-content\/uploads\/2020\/05\/Ein-Bauernhof-in-der-Rh\u00f6n_1.jpg\"><img loading=\"lazy\" decoding=\"async\" class=\"size-full wp-image-4672 aligncenter\" src=\"https:\/\/www.kirche-hettenhausen.de\/site\/wp-content\/uploads\/2020\/05\/Ein-Bauernhof-in-der-Rh\u00f6n_1.jpg\" alt=\"\" width=\"595\" height=\"842\" srcset=\"https:\/\/www.kirche-hettenhausen.de\/site\/wp-content\/uploads\/2020\/05\/Ein-Bauernhof-in-der-Rh\u00f6n_1.jpg 595w, https:\/\/www.kirche-hettenhausen.de\/site\/wp-content\/uploads\/2020\/05\/Ein-Bauernhof-in-der-Rh\u00f6n_1-212x300.jpg 212w\" sizes=\"auto, (max-width: 595px) 100vw, 595px\" \/><\/a><a href=\"https:\/\/www.kirche-hettenhausen.de\/site\/wp-content\/uploads\/2020\/05\/Ein-Bauernhof-in-der-Rh\u00f6n_2.jpg\"><img loading=\"lazy\" decoding=\"async\" class=\"size-full wp-image-4673 aligncenter\" src=\"https:\/\/www.kirche-hettenhausen.de\/site\/wp-content\/uploads\/2020\/05\/Ein-Bauernhof-in-der-Rh\u00f6n_2.jpg\" alt=\"\" width=\"595\" height=\"842\" srcset=\"https:\/\/www.kirche-hettenhausen.de\/site\/wp-content\/uploads\/2020\/05\/Ein-Bauernhof-in-der-Rh\u00f6n_2.jpg 595w, https:\/\/www.kirche-hettenhausen.de\/site\/wp-content\/uploads\/2020\/05\/Ein-Bauernhof-in-der-Rh\u00f6n_2-212x300.jpg 212w\" sizes=\"auto, (max-width: 595px) 100vw, 595px\" \/><\/a><a href=\"https:\/\/www.kirche-hettenhausen.de\/site\/wp-content\/uploads\/2020\/05\/Ein-Bauernhof-in-der-Rh\u00f6n_3.jpg\"><img loading=\"lazy\" decoding=\"async\" class=\"size-full wp-image-4671 aligncenter\" src=\"https:\/\/www.kirche-hettenhausen.de\/site\/wp-content\/uploads\/2020\/05\/Ein-Bauernhof-in-der-Rh\u00f6n_3.jpg\" alt=\"\" width=\"595\" height=\"842\" srcset=\"https:\/\/www.kirche-hettenhausen.de\/site\/wp-content\/uploads\/2020\/05\/Ein-Bauernhof-in-der-Rh\u00f6n_3.jpg 595w, https:\/\/www.kirche-hettenhausen.de\/site\/wp-content\/uploads\/2020\/05\/Ein-Bauernhof-in-der-Rh\u00f6n_3-212x300.jpg 212w\" sizes=\"auto, (max-width: 595px) 100vw, 595px\" \/><\/a>Hier findet ihr die Geschichte mit den Ausmalbildern zum Ausdrucken: <a href=\"https:\/\/www.kirche-hettenhausen.de\/site\/wp-content\/uploads\/2020\/05\/Ein-Bauernhof-in-der-Rh\u00f6n.pdf\" target=\"_blank\" rel=\"noopener noreferrer\">Ein Bauernhof in der Rh\u00f6n<\/a><\/p>\n","protected":false},"excerpt":{"rendered":"<p>13.05.2020 &nbsp; Liebe Kinder, liebe Eltern, &nbsp; schon wieder ist eine Woche um. Letzte Woche, beim Kaspertheater, konntet ihr euch ausruhen. Diese Woche steht unter dem Motto: Macht mal mit! Werdet fit! In unserer Geschichte werdet ihr einiges auf dem Bauernhof erleben! Nach dieser anstrengenden Aufgabe habt ihr euch eine \u00dcberraschung verdient. Diese wartet ab [&hellip;]<\/p>\n","protected":false},"author":2,"featured_media":4671,"parent":4323,"menu_order":50,"comment_status":"closed","ping_status":"closed","template":"","meta":{"footnotes":""},"class_list":["post-4666","page","type-page","status-publish","has-post-thumbnail","hentry"],"yoast_head":"<!-- This site is optimized with the Yoast SEO plugin v27.5 - https:\/\/yoast.com\/product\/yoast-seo-wordpress\/ -->\n<title>Mach mal mit, werde fit! - Ev.-luth. Kirchengemeinde Hettenhausen - Dalherda<\/title>\n<meta name=\"description\" content=\"Ev.-luth. Kirchengemeinde Hettenhausen - Dalherda - Kindergarte Arche Noah - Mach mal mit, werde fit!\" \/>\n<meta name=\"robots\" content=\"index, follow, max-snippet:-1, max-image-preview:large, max-video-preview:-1\" \/>\n<link rel=\"canonical\" href=\"https:\/\/www.kirche-hettenhausen.de\/site\/einrichtungen\/ev-kindergarten-arche-noah\/kinderseite\/mach-mal-mit-werde-fit\/\" \/>\n<meta property=\"og:locale\" content=\"de_DE\" \/>\n<meta property=\"og:type\" content=\"article\" \/>\n<meta property=\"og:title\" content=\"Mach mal mit, werde fit! - Ev.-luth. Kirchengemeinde Hettenhausen - Dalherda\" \/>\n<meta property=\"og:description\" content=\"Ev.-luth. Kirchengemeinde Hettenhausen - Dalherda - Kindergarte Arche Noah - Mach mal mit, werde fit!\" \/>\n<meta property=\"og:url\" content=\"https:\/\/www.kirche-hettenhausen.de\/site\/einrichtungen\/ev-kindergarten-arche-noah\/kinderseite\/mach-mal-mit-werde-fit\/\" \/>\n<meta property=\"og:site_name\" content=\"Ev.-luth. Kirchengemeinde Hettenhausen - Dalherda\" \/>\n<meta property=\"article:modified_time\" content=\"2021-06-06T11:34:19+00:00\" \/>\n<meta property=\"og:image\" content=\"https:\/\/www.kirche-hettenhausen.de\/site\/wp-content\/uploads\/2020\/05\/Ein-Bauernhof-in-der-Rh\u00f6n_3.jpg\" \/>\n\t<meta property=\"og:image:width\" content=\"595\" \/>\n\t<meta property=\"og:image:height\" content=\"842\" \/>\n\t<meta property=\"og:image:type\" content=\"image\/jpeg\" \/>\n<meta name=\"twitter:card\" content=\"summary_large_image\" \/>\n<script type=\"application\/ld+json\" class=\"yoast-schema-graph\">{\"@context\":\"https:\\\/\\\/schema.org\",\"@graph\":[{\"@type\":\"WebPage\",\"@id\":\"https:\\\/\\\/www.kirche-hettenhausen.de\\\/site\\\/einrichtungen\\\/ev-kindergarten-arche-noah\\\/kinderseite\\\/mach-mal-mit-werde-fit\\\/\",\"url\":\"https:\\\/\\\/www.kirche-hettenhausen.de\\\/site\\\/einrichtungen\\\/ev-kindergarten-arche-noah\\\/kinderseite\\\/mach-mal-mit-werde-fit\\\/\",\"name\":\"Mach mal mit, werde fit! - Ev.-luth. Kirchengemeinde Hettenhausen - Dalherda\",\"isPartOf\":{\"@id\":\"https:\\\/\\\/www.kirche-hettenhausen.de\\\/site\\\/#website\"},\"primaryImageOfPage\":{\"@id\":\"https:\\\/\\\/www.kirche-hettenhausen.de\\\/site\\\/einrichtungen\\\/ev-kindergarten-arche-noah\\\/kinderseite\\\/mach-mal-mit-werde-fit\\\/#primaryimage\"},\"image\":{\"@id\":\"https:\\\/\\\/www.kirche-hettenhausen.de\\\/site\\\/einrichtungen\\\/ev-kindergarten-arche-noah\\\/kinderseite\\\/mach-mal-mit-werde-fit\\\/#primaryimage\"},\"thumbnailUrl\":\"https:\\\/\\\/www.kirche-hettenhausen.de\\\/site\\\/wp-content\\\/uploads\\\/2020\\\/05\\\/Ein-Bauernhof-in-der-Rh\u00f6n_3.jpg\",\"datePublished\":\"2020-05-13T15:52:20+00:00\",\"dateModified\":\"2021-06-06T11:34:19+00:00\",\"description\":\"Ev.-luth. Kirchengemeinde Hettenhausen - Dalherda - Kindergarte Arche Noah - Mach mal mit, werde fit!\",\"breadcrumb\":{\"@id\":\"https:\\\/\\\/www.kirche-hettenhausen.de\\\/site\\\/einrichtungen\\\/ev-kindergarten-arche-noah\\\/kinderseite\\\/mach-mal-mit-werde-fit\\\/#breadcrumb\"},\"inLanguage\":\"de\",\"potentialAction\":[{\"@type\":\"ReadAction\",\"target\":[\"https:\\\/\\\/www.kirche-hettenhausen.de\\\/site\\\/einrichtungen\\\/ev-kindergarten-arche-noah\\\/kinderseite\\\/mach-mal-mit-werde-fit\\\/\"]}]},{\"@type\":\"ImageObject\",\"inLanguage\":\"de\",\"@id\":\"https:\\\/\\\/www.kirche-hettenhausen.de\\\/site\\\/einrichtungen\\\/ev-kindergarten-arche-noah\\\/kinderseite\\\/mach-mal-mit-werde-fit\\\/#primaryimage\",\"url\":\"https:\\\/\\\/www.kirche-hettenhausen.de\\\/site\\\/wp-content\\\/uploads\\\/2020\\\/05\\\/Ein-Bauernhof-in-der-Rh\u00f6n_3.jpg\",\"contentUrl\":\"https:\\\/\\\/www.kirche-hettenhausen.de\\\/site\\\/wp-content\\\/uploads\\\/2020\\\/05\\\/Ein-Bauernhof-in-der-Rh\u00f6n_3.jpg\",\"width\":595,\"height\":842,\"caption\":\"Kindergarten \\\"Arche Noah\\\"\"},{\"@type\":\"BreadcrumbList\",\"@id\":\"https:\\\/\\\/www.kirche-hettenhausen.de\\\/site\\\/einrichtungen\\\/ev-kindergarten-arche-noah\\\/kinderseite\\\/mach-mal-mit-werde-fit\\\/#breadcrumb\",\"itemListElement\":[{\"@type\":\"ListItem\",\"position\":1,\"name\":\"Startseite\",\"item\":\"https:\\\/\\\/www.kirche-hettenhausen.de\\\/site\\\/\"},{\"@type\":\"ListItem\",\"position\":2,\"name\":\"Einrichtungen\",\"item\":\"https:\\\/\\\/www.kirche-hettenhausen.de\\\/site\\\/einrichtungen\\\/\"},{\"@type\":\"ListItem\",\"position\":3,\"name\":\"Ev. Kindergarten &#8222;Arche Noah&#8220;\",\"item\":\"https:\\\/\\\/www.kirche-hettenhausen.de\\\/site\\\/einrichtungen\\\/ev-kindergarten-arche-noah\\\/\"},{\"@type\":\"ListItem\",\"position\":4,\"name\":\"Kinderseite\",\"item\":\"https:\\\/\\\/www.kirche-hettenhausen.de\\\/site\\\/?page_id=4323\"},{\"@type\":\"ListItem\",\"position\":5,\"name\":\"Mach mal mit, werde fit!\"}]},{\"@type\":\"WebSite\",\"@id\":\"https:\\\/\\\/www.kirche-hettenhausen.de\\\/site\\\/#website\",\"url\":\"https:\\\/\\\/www.kirche-hettenhausen.de\\\/site\\\/\",\"name\":\"Ev.-luth. Kirchengemeinde Hettenhausen - Dalherda\",\"description\":\"Homepage der Ev.-luth. Kirchengemeinde Hettenhausen - Dalherda\",\"potentialAction\":[{\"@type\":\"SearchAction\",\"target\":{\"@type\":\"EntryPoint\",\"urlTemplate\":\"https:\\\/\\\/www.kirche-hettenhausen.de\\\/site\\\/?s={search_term_string}\"},\"query-input\":{\"@type\":\"PropertyValueSpecification\",\"valueRequired\":true,\"valueName\":\"search_term_string\"}}],\"inLanguage\":\"de\"}]}<\/script>\n<!-- \/ Yoast SEO plugin. -->","yoast_head_json":{"title":"Mach mal mit, werde fit! - Ev.-luth. Kirchengemeinde Hettenhausen - Dalherda","description":"Ev.-luth. Kirchengemeinde Hettenhausen - Dalherda - Kindergarte Arche Noah - Mach mal mit, werde fit!","robots":{"index":"index","follow":"follow","max-snippet":"max-snippet:-1","max-image-preview":"max-image-preview:large","max-video-preview":"max-video-preview:-1"},"canonical":"https:\/\/www.kirche-hettenhausen.de\/site\/einrichtungen\/ev-kindergarten-arche-noah\/kinderseite\/mach-mal-mit-werde-fit\/","og_locale":"de_DE","og_type":"article","og_title":"Mach mal mit, werde fit! - Ev.-luth. Kirchengemeinde Hettenhausen - Dalherda","og_description":"Ev.-luth. Kirchengemeinde Hettenhausen - Dalherda - Kindergarte Arche Noah - Mach mal mit, werde fit!","og_url":"https:\/\/www.kirche-hettenhausen.de\/site\/einrichtungen\/ev-kindergarten-arche-noah\/kinderseite\/mach-mal-mit-werde-fit\/","og_site_name":"Ev.-luth. Kirchengemeinde Hettenhausen - Dalherda","article_modified_time":"2021-06-06T11:34:19+00:00","og_image":[{"width":595,"height":842,"url":"https:\/\/www.kirche-hettenhausen.de\/site\/wp-content\/uploads\/2020\/05\/Ein-Bauernhof-in-der-Rh\u00f6n_3.jpg","type":"image\/jpeg"}],"twitter_card":"summary_large_image","schema":{"@context":"https:\/\/schema.org","@graph":[{"@type":"WebPage","@id":"https:\/\/www.kirche-hettenhausen.de\/site\/einrichtungen\/ev-kindergarten-arche-noah\/kinderseite\/mach-mal-mit-werde-fit\/","url":"https:\/\/www.kirche-hettenhausen.de\/site\/einrichtungen\/ev-kindergarten-arche-noah\/kinderseite\/mach-mal-mit-werde-fit\/","name":"Mach mal mit, werde fit! - Ev.-luth. Kirchengemeinde Hettenhausen - Dalherda","isPartOf":{"@id":"https:\/\/www.kirche-hettenhausen.de\/site\/#website"},"primaryImageOfPage":{"@id":"https:\/\/www.kirche-hettenhausen.de\/site\/einrichtungen\/ev-kindergarten-arche-noah\/kinderseite\/mach-mal-mit-werde-fit\/#primaryimage"},"image":{"@id":"https:\/\/www.kirche-hettenhausen.de\/site\/einrichtungen\/ev-kindergarten-arche-noah\/kinderseite\/mach-mal-mit-werde-fit\/#primaryimage"},"thumbnailUrl":"https:\/\/www.kirche-hettenhausen.de\/site\/wp-content\/uploads\/2020\/05\/Ein-Bauernhof-in-der-Rh\u00f6n_3.jpg","datePublished":"2020-05-13T15:52:20+00:00","dateModified":"2021-06-06T11:34:19+00:00","description":"Ev.-luth. Kirchengemeinde Hettenhausen - Dalherda - Kindergarte Arche Noah - Mach mal mit, werde fit!","breadcrumb":{"@id":"https:\/\/www.kirche-hettenhausen.de\/site\/einrichtungen\/ev-kindergarten-arche-noah\/kinderseite\/mach-mal-mit-werde-fit\/#breadcrumb"},"inLanguage":"de","potentialAction":[{"@type":"ReadAction","target":["https:\/\/www.kirche-hettenhausen.de\/site\/einrichtungen\/ev-kindergarten-arche-noah\/kinderseite\/mach-mal-mit-werde-fit\/"]}]},{"@type":"ImageObject","inLanguage":"de","@id":"https:\/\/www.kirche-hettenhausen.de\/site\/einrichtungen\/ev-kindergarten-arche-noah\/kinderseite\/mach-mal-mit-werde-fit\/#primaryimage","url":"https:\/\/www.kirche-hettenhausen.de\/site\/wp-content\/uploads\/2020\/05\/Ein-Bauernhof-in-der-Rh\u00f6n_3.jpg","contentUrl":"https:\/\/www.kirche-hettenhausen.de\/site\/wp-content\/uploads\/2020\/05\/Ein-Bauernhof-in-der-Rh\u00f6n_3.jpg","width":595,"height":842,"caption":"Kindergarten \"Arche Noah\""},{"@type":"BreadcrumbList","@id":"https:\/\/www.kirche-hettenhausen.de\/site\/einrichtungen\/ev-kindergarten-arche-noah\/kinderseite\/mach-mal-mit-werde-fit\/#breadcrumb","itemListElement":[{"@type":"ListItem","position":1,"name":"Startseite","item":"https:\/\/www.kirche-hettenhausen.de\/site\/"},{"@type":"ListItem","position":2,"name":"Einrichtungen","item":"https:\/\/www.kirche-hettenhausen.de\/site\/einrichtungen\/"},{"@type":"ListItem","position":3,"name":"Ev. Kindergarten &#8222;Arche Noah&#8220;","item":"https:\/\/www.kirche-hettenhausen.de\/site\/einrichtungen\/ev-kindergarten-arche-noah\/"},{"@type":"ListItem","position":4,"name":"Kinderseite","item":"https:\/\/www.kirche-hettenhausen.de\/site\/?page_id=4323"},{"@type":"ListItem","position":5,"name":"Mach mal mit, werde fit!"}]},{"@type":"WebSite","@id":"https:\/\/www.kirche-hettenhausen.de\/site\/#website","url":"https:\/\/www.kirche-hettenhausen.de\/site\/","name":"Ev.-luth. Kirchengemeinde Hettenhausen - Dalherda","description":"Homepage der Ev.-luth. Kirchengemeinde Hettenhausen - Dalherda","potentialAction":[{"@type":"SearchAction","target":{"@type":"EntryPoint","urlTemplate":"https:\/\/www.kirche-hettenhausen.de\/site\/?s={search_term_string}"},"query-input":{"@type":"PropertyValueSpecification","valueRequired":true,"valueName":"search_term_string"}}],"inLanguage":"de"}]}},"_links":{"self":[{"href":"https:\/\/www.kirche-hettenhausen.de\/site\/wp-json\/wp\/v2\/pages\/4666","targetHints":{"allow":["GET"]}}],"collection":[{"href":"https:\/\/www.kirche-hettenhausen.de\/site\/wp-json\/wp\/v2\/pages"}],"about":[{"href":"https:\/\/www.kirche-hettenhausen.de\/site\/wp-json\/wp\/v2\/types\/page"}],"author":[{"embeddable":true,"href":"https:\/\/www.kirche-hettenhausen.de\/site\/wp-json\/wp\/v2\/users\/2"}],"replies":[{"embeddable":true,"href":"https:\/\/www.kirche-hettenhausen.de\/site\/wp-json\/wp\/v2\/comments?post=4666"}],"version-history":[{"count":8,"href":"https:\/\/www.kirche-hettenhausen.de\/site\/wp-json\/wp\/v2\/pages\/4666\/revisions"}],"predecessor-version":[{"id":4677,"href":"https:\/\/www.kirche-hettenhausen.de\/site\/wp-json\/wp\/v2\/pages\/4666\/revisions\/4677"}],"up":[{"embeddable":true,"href":"https:\/\/www.kirche-hettenhausen.de\/site\/wp-json\/wp\/v2\/pages\/4323"}],"wp:featuredmedia":[{"embeddable":true,"href":"https:\/\/www.kirche-hettenhausen.de\/site\/wp-json\/wp\/v2\/media\/4671"}],"wp:attachment":[{"href":"https:\/\/www.kirche-hettenhausen.de\/site\/wp-json\/wp\/v2\/media?parent=4666"}],"curies":[{"name":"wp","href":"https:\/\/api.w.org\/{rel}","templated":true}]}}