{"id":4602,"date":"2020-05-06T23:45:40","date_gmt":"2020-05-06T21:45:40","guid":{"rendered":"https:\/\/kirche-hettenhausen.de\/site\/?page_id=4602"},"modified":"2021-06-06T13:34:04","modified_gmt":"2021-06-06T11:34:04","slug":"schmetterlingsprojekt","status":"publish","type":"page","link":"https:\/\/www.kirche-hettenhausen.de\/site\/einrichtungen\/ev-kindergarten-arche-noah\/kinderseite\/schmetterlingsprojekt\/","title":{"rendered":"Schmetterlingsprojekt"},"content":{"rendered":"<h5><\/h5>\n<p style=\"text-align: right;\">06.05.2020<\/p>\n<h5 style=\"text-align: center;\">Hallo Kinder!<\/h5>\n<h5><\/h5>\n<p>&nbsp;<\/p>\n<h5 style=\"text-align: center;\">Schaut mal, wir haben f\u00fcr euch eine sch\u00f6ne Bastelanleitung.<\/h5>\n<h5 style=\"text-align: center;\">Es ist auch ganz einfach und man braucht auch gar nicht viel dazu.<\/h5>\n<h5 style=\"text-align: center;\">Bastle doch auch mal einen sch\u00f6nen bunten Schmetterling.<\/h5>\n<h5 style=\"text-align: center;\">Auch der Kasper hat einen gebastelt.<\/h5>\n<h5 style=\"text-align: center;\">Einen ganz besonderen \u2026 aber schaut selbst.<\/h5>\n<h5 style=\"text-align: center;\">Viel Spa\u00df und bis bald \u2665<\/h5>\n<p>&nbsp;<\/p>\n<p><a href=\"https:\/\/www.kirche-hettenhausen.de\/site\/wp-content\/uploads\/2020\/05\/Projekt-bunter-schmetterling-001.jpg\"><img loading=\"lazy\" decoding=\"async\" class=\"size-full wp-image-4601 aligncenter\" src=\"https:\/\/www.kirche-hettenhausen.de\/site\/wp-content\/uploads\/2020\/05\/Projekt-bunter-schmetterling-001.jpg\" alt=\"\" width=\"640\" height=\"1024\" srcset=\"https:\/\/www.kirche-hettenhausen.de\/site\/wp-content\/uploads\/2020\/05\/Projekt-bunter-schmetterling-001.jpg 640w, https:\/\/www.kirche-hettenhausen.de\/site\/wp-content\/uploads\/2020\/05\/Projekt-bunter-schmetterling-001-188x300.jpg 188w\" sizes=\"auto, (max-width: 640px) 100vw, 640px\" \/><\/a><\/p>\n<p><a href=\"https:\/\/www.kirche-hettenhausen.de\/site\/wp-content\/uploads\/2020\/05\/Projekt-bunter-schmetterling1.jpg\"><img loading=\"lazy\" decoding=\"async\" class=\"size-full wp-image-4599 aligncenter\" src=\"https:\/\/www.kirche-hettenhausen.de\/site\/wp-content\/uploads\/2020\/05\/Projekt-bunter-schmetterling1.jpg\" alt=\"\" width=\"640\" height=\"1024\" srcset=\"https:\/\/www.kirche-hettenhausen.de\/site\/wp-content\/uploads\/2020\/05\/Projekt-bunter-schmetterling1.jpg 640w, https:\/\/www.kirche-hettenhausen.de\/site\/wp-content\/uploads\/2020\/05\/Projekt-bunter-schmetterling1-188x300.jpg 188w\" sizes=\"auto, (max-width: 640px) 100vw, 640px\" \/><\/a><\/p>\n<p><a href=\"https:\/\/www.kirche-hettenhausen.de\/site\/wp-content\/uploads\/2020\/05\/Projekt-bunter-schmetterling2.jpg\"><img loading=\"lazy\" decoding=\"async\" class=\"size-full wp-image-4600 aligncenter\" src=\"https:\/\/www.kirche-hettenhausen.de\/site\/wp-content\/uploads\/2020\/05\/Projekt-bunter-schmetterling2.jpg\" alt=\"\" width=\"640\" height=\"1024\" srcset=\"https:\/\/www.kirche-hettenhausen.de\/site\/wp-content\/uploads\/2020\/05\/Projekt-bunter-schmetterling2.jpg 640w, https:\/\/www.kirche-hettenhausen.de\/site\/wp-content\/uploads\/2020\/05\/Projekt-bunter-schmetterling2-188x300.jpg 188w\" sizes=\"auto, (max-width: 640px) 100vw, 640px\" \/><\/a><\/p>\n<p>&nbsp;<\/p>\n<div class=\"wp-playlist wp-video-playlist wp-playlist-light\">\n\t\t<video controls=\"controls\" preload=\"none\" width=\"748\"\n\t\t height=\"421\"\t><\/video>\n\t<div class=\"wp-playlist-next\"><\/div>\n\t<div class=\"wp-playlist-prev\"><\/div>\n\t<noscript>\n\t<ol>\n\t\t<li><a href='https:\/\/www.kirche-hettenhausen.de\/site\/wp-content\/uploads\/2020\/05\/Kasperle_Teil_1.mp4'>Kindergarten \"Arche Noah\"<\/a><\/li><li><a href='https:\/\/www.kirche-hettenhausen.de\/site\/wp-content\/uploads\/2020\/05\/Kasperle_Teil_2.mp4'>Kindergarten \"Arche Noah\"<\/a><\/li>\t<\/ol>\n\t<\/noscript>\n\t<script type=\"application\/json\" class=\"wp-playlist-script\">{\"type\":\"video\",\"tracklist\":true,\"tracknumbers\":true,\"images\":true,\"artists\":true,\"tracks\":[{\"src\":\"https:\/\/www.kirche-hettenhausen.de\/site\/wp-content\/uploads\/2020\/05\/Kasperle_Teil_1.mp4\",\"type\":\"video\/mp4\",\"title\":\"Kindergarten \\\"Arche Noah\\\"\",\"caption\":\"Kasperle-Theater Teil 1\",\"description\":\"Kindergarten\",\"meta\":{\"length_formatted\":\"4:48\"},\"dimensions\":{\"original\":{\"width\":1280,\"height\":720},\"resized\":{\"width\":748,\"height\":421}},\"image\":{\"src\":\"https:\/\/www.kirche-hettenhausen.de\/site\/wp-includes\/images\/media\/video.svg\",\"width\":48,\"height\":64},\"thumb\":{\"src\":\"https:\/\/www.kirche-hettenhausen.de\/site\/wp-includes\/images\/media\/video.svg\",\"width\":48,\"height\":64}},{\"src\":\"https:\/\/www.kirche-hettenhausen.de\/site\/wp-content\/uploads\/2020\/05\/Kasperle_Teil_2.mp4\",\"type\":\"video\/mp4\",\"title\":\"Kindergarten \\\"Arche Noah\\\"\",\"caption\":\"Kasperle-Theater Teil 2\",\"description\":\"Kindergarten\",\"meta\":{\"length_formatted\":\"8:08\"},\"dimensions\":{\"original\":{\"width\":1280,\"height\":720},\"resized\":{\"width\":748,\"height\":421}},\"image\":{\"src\":\"https:\/\/www.kirche-hettenhausen.de\/site\/wp-includes\/images\/media\/video.svg\",\"width\":48,\"height\":64},\"thumb\":{\"src\":\"https:\/\/www.kirche-hettenhausen.de\/site\/wp-includes\/images\/media\/video.svg\",\"width\":48,\"height\":64}}]}<\/script>\n<\/div>\n\t\n","protected":false},"excerpt":{"rendered":"<p>06.05.2020 Hallo Kinder! &nbsp; Schaut mal, wir haben f\u00fcr euch eine sch\u00f6ne Bastelanleitung. Es ist auch ganz einfach und man braucht auch gar nicht viel dazu. Bastle doch auch mal einen sch\u00f6nen bunten Schmetterling. Auch der Kasper hat einen gebastelt. Einen ganz besonderen \u2026 aber schaut selbst. Viel Spa\u00df und bis bald \u2665 &nbsp; &nbsp;<\/p>\n","protected":false},"author":2,"featured_media":4601,"parent":4323,"menu_order":40,"comment_status":"closed","ping_status":"closed","template":"","meta":{"footnotes":""},"class_list":["post-4602","page","type-page","status-publish","has-post-thumbnail","hentry"],"yoast_head":"<!-- This site is optimized with the Yoast SEO plugin v27.5 - https:\/\/yoast.com\/product\/yoast-seo-wordpress\/ -->\n<title>Schmetterlingsprojekt - Ev.-luth. Kirchengemeinde Hettenhausen - Dalherda<\/title>\n<meta name=\"description\" content=\"Ev.-luth. Kirchengemeinde Hettenhausen - Dalherda - Kindergarte Arche Noah - Schmetterlingsprojekt\" \/>\n<meta name=\"robots\" content=\"index, follow, max-snippet:-1, max-image-preview:large, max-video-preview:-1\" \/>\n<link rel=\"canonical\" href=\"https:\/\/www.kirche-hettenhausen.de\/site\/einrichtungen\/ev-kindergarten-arche-noah\/kinderseite\/schmetterlingsprojekt\/\" \/>\n<meta property=\"og:locale\" content=\"de_DE\" \/>\n<meta property=\"og:type\" content=\"article\" \/>\n<meta property=\"og:title\" content=\"Schmetterlingsprojekt - Ev.-luth. Kirchengemeinde Hettenhausen - Dalherda\" \/>\n<meta property=\"og:description\" content=\"Ev.-luth. Kirchengemeinde Hettenhausen - Dalherda - Kindergarte Arche Noah - Schmetterlingsprojekt\" \/>\n<meta property=\"og:url\" content=\"https:\/\/www.kirche-hettenhausen.de\/site\/einrichtungen\/ev-kindergarten-arche-noah\/kinderseite\/schmetterlingsprojekt\/\" \/>\n<meta property=\"og:site_name\" content=\"Ev.-luth. Kirchengemeinde Hettenhausen - Dalherda\" \/>\n<meta property=\"article:modified_time\" content=\"2021-06-06T11:34:04+00:00\" \/>\n<meta property=\"og:image\" content=\"https:\/\/www.kirche-hettenhausen.de\/site\/wp-content\/uploads\/2020\/05\/Projekt-bunter-schmetterling-001.jpg\" \/>\n\t<meta property=\"og:image:width\" content=\"640\" \/>\n\t<meta property=\"og:image:height\" content=\"1024\" \/>\n\t<meta property=\"og:image:type\" content=\"image\/jpeg\" \/>\n<meta name=\"twitter:card\" content=\"summary_large_image\" \/>\n<meta name=\"twitter:label1\" content=\"Gesch\u00e4tzte Lesezeit\" \/>\n\t<meta name=\"twitter:data1\" content=\"1\u00a0Minute\" \/>\n<script type=\"application\/ld+json\" class=\"yoast-schema-graph\">{\"@context\":\"https:\\\/\\\/schema.org\",\"@graph\":[{\"@type\":\"WebPage\",\"@id\":\"https:\\\/\\\/www.kirche-hettenhausen.de\\\/site\\\/einrichtungen\\\/ev-kindergarten-arche-noah\\\/kinderseite\\\/schmetterlingsprojekt\\\/\",\"url\":\"https:\\\/\\\/www.kirche-hettenhausen.de\\\/site\\\/einrichtungen\\\/ev-kindergarten-arche-noah\\\/kinderseite\\\/schmetterlingsprojekt\\\/\",\"name\":\"Schmetterlingsprojekt - Ev.-luth. Kirchengemeinde Hettenhausen - Dalherda\",\"isPartOf\":{\"@id\":\"https:\\\/\\\/www.kirche-hettenhausen.de\\\/site\\\/#website\"},\"primaryImageOfPage\":{\"@id\":\"https:\\\/\\\/www.kirche-hettenhausen.de\\\/site\\\/einrichtungen\\\/ev-kindergarten-arche-noah\\\/kinderseite\\\/schmetterlingsprojekt\\\/#primaryimage\"},\"image\":{\"@id\":\"https:\\\/\\\/www.kirche-hettenhausen.de\\\/site\\\/einrichtungen\\\/ev-kindergarten-arche-noah\\\/kinderseite\\\/schmetterlingsprojekt\\\/#primaryimage\"},\"thumbnailUrl\":\"https:\\\/\\\/www.kirche-hettenhausen.de\\\/site\\\/wp-content\\\/uploads\\\/2020\\\/05\\\/Projekt-bunter-schmetterling-001.jpg\",\"datePublished\":\"2020-05-06T21:45:40+00:00\",\"dateModified\":\"2021-06-06T11:34:04+00:00\",\"description\":\"Ev.-luth. Kirchengemeinde Hettenhausen - Dalherda - Kindergarte Arche Noah - Schmetterlingsprojekt\",\"breadcrumb\":{\"@id\":\"https:\\\/\\\/www.kirche-hettenhausen.de\\\/site\\\/einrichtungen\\\/ev-kindergarten-arche-noah\\\/kinderseite\\\/schmetterlingsprojekt\\\/#breadcrumb\"},\"inLanguage\":\"de\",\"potentialAction\":[{\"@type\":\"ReadAction\",\"target\":[\"https:\\\/\\\/www.kirche-hettenhausen.de\\\/site\\\/einrichtungen\\\/ev-kindergarten-arche-noah\\\/kinderseite\\\/schmetterlingsprojekt\\\/\"]}]},{\"@type\":\"ImageObject\",\"inLanguage\":\"de\",\"@id\":\"https:\\\/\\\/www.kirche-hettenhausen.de\\\/site\\\/einrichtungen\\\/ev-kindergarten-arche-noah\\\/kinderseite\\\/schmetterlingsprojekt\\\/#primaryimage\",\"url\":\"https:\\\/\\\/www.kirche-hettenhausen.de\\\/site\\\/wp-content\\\/uploads\\\/2020\\\/05\\\/Projekt-bunter-schmetterling-001.jpg\",\"contentUrl\":\"https:\\\/\\\/www.kirche-hettenhausen.de\\\/site\\\/wp-content\\\/uploads\\\/2020\\\/05\\\/Projekt-bunter-schmetterling-001.jpg\",\"width\":640,\"height\":1024,\"caption\":\"Kindergarten \\\"Arche Noah\\\"\"},{\"@type\":\"BreadcrumbList\",\"@id\":\"https:\\\/\\\/www.kirche-hettenhausen.de\\\/site\\\/einrichtungen\\\/ev-kindergarten-arche-noah\\\/kinderseite\\\/schmetterlingsprojekt\\\/#breadcrumb\",\"itemListElement\":[{\"@type\":\"ListItem\",\"position\":1,\"name\":\"Startseite\",\"item\":\"https:\\\/\\\/www.kirche-hettenhausen.de\\\/site\\\/\"},{\"@type\":\"ListItem\",\"position\":2,\"name\":\"Einrichtungen\",\"item\":\"https:\\\/\\\/www.kirche-hettenhausen.de\\\/site\\\/einrichtungen\\\/\"},{\"@type\":\"ListItem\",\"position\":3,\"name\":\"Ev. Kindergarten &#8222;Arche Noah&#8220;\",\"item\":\"https:\\\/\\\/www.kirche-hettenhausen.de\\\/site\\\/einrichtungen\\\/ev-kindergarten-arche-noah\\\/\"},{\"@type\":\"ListItem\",\"position\":4,\"name\":\"Kinderseite\",\"item\":\"https:\\\/\\\/www.kirche-hettenhausen.de\\\/site\\\/?page_id=4323\"},{\"@type\":\"ListItem\",\"position\":5,\"name\":\"Schmetterlingsprojekt\"}]},{\"@type\":\"WebSite\",\"@id\":\"https:\\\/\\\/www.kirche-hettenhausen.de\\\/site\\\/#website\",\"url\":\"https:\\\/\\\/www.kirche-hettenhausen.de\\\/site\\\/\",\"name\":\"Ev.-luth. Kirchengemeinde Hettenhausen - Dalherda\",\"description\":\"Homepage der Ev.-luth. Kirchengemeinde Hettenhausen - Dalherda\",\"potentialAction\":[{\"@type\":\"SearchAction\",\"target\":{\"@type\":\"EntryPoint\",\"urlTemplate\":\"https:\\\/\\\/www.kirche-hettenhausen.de\\\/site\\\/?s={search_term_string}\"},\"query-input\":{\"@type\":\"PropertyValueSpecification\",\"valueRequired\":true,\"valueName\":\"search_term_string\"}}],\"inLanguage\":\"de\"}]}<\/script>\n<!-- \/ Yoast SEO plugin. -->","yoast_head_json":{"title":"Schmetterlingsprojekt - Ev.-luth. Kirchengemeinde Hettenhausen - Dalherda","description":"Ev.-luth. Kirchengemeinde Hettenhausen - Dalherda - Kindergarte Arche Noah - Schmetterlingsprojekt","robots":{"index":"index","follow":"follow","max-snippet":"max-snippet:-1","max-image-preview":"max-image-preview:large","max-video-preview":"max-video-preview:-1"},"canonical":"https:\/\/www.kirche-hettenhausen.de\/site\/einrichtungen\/ev-kindergarten-arche-noah\/kinderseite\/schmetterlingsprojekt\/","og_locale":"de_DE","og_type":"article","og_title":"Schmetterlingsprojekt - Ev.-luth. Kirchengemeinde Hettenhausen - Dalherda","og_description":"Ev.-luth. Kirchengemeinde Hettenhausen - Dalherda - Kindergarte Arche Noah - Schmetterlingsprojekt","og_url":"https:\/\/www.kirche-hettenhausen.de\/site\/einrichtungen\/ev-kindergarten-arche-noah\/kinderseite\/schmetterlingsprojekt\/","og_site_name":"Ev.-luth. Kirchengemeinde Hettenhausen - Dalherda","article_modified_time":"2021-06-06T11:34:04+00:00","og_image":[{"width":640,"height":1024,"url":"https:\/\/www.kirche-hettenhausen.de\/site\/wp-content\/uploads\/2020\/05\/Projekt-bunter-schmetterling-001.jpg","type":"image\/jpeg"}],"twitter_card":"summary_large_image","twitter_misc":{"Gesch\u00e4tzte Lesezeit":"1\u00a0Minute"},"schema":{"@context":"https:\/\/schema.org","@graph":[{"@type":"WebPage","@id":"https:\/\/www.kirche-hettenhausen.de\/site\/einrichtungen\/ev-kindergarten-arche-noah\/kinderseite\/schmetterlingsprojekt\/","url":"https:\/\/www.kirche-hettenhausen.de\/site\/einrichtungen\/ev-kindergarten-arche-noah\/kinderseite\/schmetterlingsprojekt\/","name":"Schmetterlingsprojekt - Ev.-luth. Kirchengemeinde Hettenhausen - Dalherda","isPartOf":{"@id":"https:\/\/www.kirche-hettenhausen.de\/site\/#website"},"primaryImageOfPage":{"@id":"https:\/\/www.kirche-hettenhausen.de\/site\/einrichtungen\/ev-kindergarten-arche-noah\/kinderseite\/schmetterlingsprojekt\/#primaryimage"},"image":{"@id":"https:\/\/www.kirche-hettenhausen.de\/site\/einrichtungen\/ev-kindergarten-arche-noah\/kinderseite\/schmetterlingsprojekt\/#primaryimage"},"thumbnailUrl":"https:\/\/www.kirche-hettenhausen.de\/site\/wp-content\/uploads\/2020\/05\/Projekt-bunter-schmetterling-001.jpg","datePublished":"2020-05-06T21:45:40+00:00","dateModified":"2021-06-06T11:34:04+00:00","description":"Ev.-luth. Kirchengemeinde Hettenhausen - Dalherda - Kindergarte Arche Noah - Schmetterlingsprojekt","breadcrumb":{"@id":"https:\/\/www.kirche-hettenhausen.de\/site\/einrichtungen\/ev-kindergarten-arche-noah\/kinderseite\/schmetterlingsprojekt\/#breadcrumb"},"inLanguage":"de","potentialAction":[{"@type":"ReadAction","target":["https:\/\/www.kirche-hettenhausen.de\/site\/einrichtungen\/ev-kindergarten-arche-noah\/kinderseite\/schmetterlingsprojekt\/"]}]},{"@type":"ImageObject","inLanguage":"de","@id":"https:\/\/www.kirche-hettenhausen.de\/site\/einrichtungen\/ev-kindergarten-arche-noah\/kinderseite\/schmetterlingsprojekt\/#primaryimage","url":"https:\/\/www.kirche-hettenhausen.de\/site\/wp-content\/uploads\/2020\/05\/Projekt-bunter-schmetterling-001.jpg","contentUrl":"https:\/\/www.kirche-hettenhausen.de\/site\/wp-content\/uploads\/2020\/05\/Projekt-bunter-schmetterling-001.jpg","width":640,"height":1024,"caption":"Kindergarten \"Arche Noah\""},{"@type":"BreadcrumbList","@id":"https:\/\/www.kirche-hettenhausen.de\/site\/einrichtungen\/ev-kindergarten-arche-noah\/kinderseite\/schmetterlingsprojekt\/#breadcrumb","itemListElement":[{"@type":"ListItem","position":1,"name":"Startseite","item":"https:\/\/www.kirche-hettenhausen.de\/site\/"},{"@type":"ListItem","position":2,"name":"Einrichtungen","item":"https:\/\/www.kirche-hettenhausen.de\/site\/einrichtungen\/"},{"@type":"ListItem","position":3,"name":"Ev. Kindergarten &#8222;Arche Noah&#8220;","item":"https:\/\/www.kirche-hettenhausen.de\/site\/einrichtungen\/ev-kindergarten-arche-noah\/"},{"@type":"ListItem","position":4,"name":"Kinderseite","item":"https:\/\/www.kirche-hettenhausen.de\/site\/?page_id=4323"},{"@type":"ListItem","position":5,"name":"Schmetterlingsprojekt"}]},{"@type":"WebSite","@id":"https:\/\/www.kirche-hettenhausen.de\/site\/#website","url":"https:\/\/www.kirche-hettenhausen.de\/site\/","name":"Ev.-luth. Kirchengemeinde Hettenhausen - Dalherda","description":"Homepage der Ev.-luth. Kirchengemeinde Hettenhausen - Dalherda","potentialAction":[{"@type":"SearchAction","target":{"@type":"EntryPoint","urlTemplate":"https:\/\/www.kirche-hettenhausen.de\/site\/?s={search_term_string}"},"query-input":{"@type":"PropertyValueSpecification","valueRequired":true,"valueName":"search_term_string"}}],"inLanguage":"de"}]}},"_links":{"self":[{"href":"https:\/\/www.kirche-hettenhausen.de\/site\/wp-json\/wp\/v2\/pages\/4602","targetHints":{"allow":["GET"]}}],"collection":[{"href":"https:\/\/www.kirche-hettenhausen.de\/site\/wp-json\/wp\/v2\/pages"}],"about":[{"href":"https:\/\/www.kirche-hettenhausen.de\/site\/wp-json\/wp\/v2\/types\/page"}],"author":[{"embeddable":true,"href":"https:\/\/www.kirche-hettenhausen.de\/site\/wp-json\/wp\/v2\/users\/2"}],"replies":[{"embeddable":true,"href":"https:\/\/www.kirche-hettenhausen.de\/site\/wp-json\/wp\/v2\/comments?post=4602"}],"version-history":[{"count":11,"href":"https:\/\/www.kirche-hettenhausen.de\/site\/wp-json\/wp\/v2\/pages\/4602\/revisions"}],"predecessor-version":[{"id":4618,"href":"https:\/\/www.kirche-hettenhausen.de\/site\/wp-json\/wp\/v2\/pages\/4602\/revisions\/4618"}],"up":[{"embeddable":true,"href":"https:\/\/www.kirche-hettenhausen.de\/site\/wp-json\/wp\/v2\/pages\/4323"}],"wp:featuredmedia":[{"embeddable":true,"href":"https:\/\/www.kirche-hettenhausen.de\/site\/wp-json\/wp\/v2\/media\/4601"}],"wp:attachment":[{"href":"https:\/\/www.kirche-hettenhausen.de\/site\/wp-json\/wp\/v2\/media?parent=4602"}],"curies":[{"name":"wp","href":"https:\/\/api.w.org\/{rel}","templated":true}]}}