{"id":4282,"date":"2020-04-21T19:33:41","date_gmt":"2020-04-21T17:33:41","guid":{"rendered":"https:\/\/kirche-hettenhausen.de\/site\/?page_id=4282"},"modified":"2025-09-06T11:09:31","modified_gmt":"2025-09-06T09:09:31","slug":"aktuelle-informationen","status":"publish","type":"page","link":"https:\/\/www.kirche-hettenhausen.de\/site\/einrichtungen\/ev-kindergarten-arche-noah\/aktuelle-informationen\/","title":{"rendered":"Aktuelle Informationen"},"content":{"rendered":"<h3><img loading=\"lazy\" decoding=\"async\" class=\"aligncenter wp-image-16328 size-large\" src=\"https:\/\/www.kirche-hettenhausen.de\/site\/wp-content\/uploads\/2025\/07\/2025-07-11-Stellenanzeige-Kiga_Erzieherin.pdf-632x1024.jpg\" alt=\"\" width=\"632\" height=\"1024\" srcset=\"https:\/\/www.kirche-hettenhausen.de\/site\/wp-content\/uploads\/2025\/07\/2025-07-11-Stellenanzeige-Kiga_Erzieherin.pdf-632x1024.jpg 632w, https:\/\/www.kirche-hettenhausen.de\/site\/wp-content\/uploads\/2025\/07\/2025-07-11-Stellenanzeige-Kiga_Erzieherin.pdf-185x300.jpg 185w, https:\/\/www.kirche-hettenhausen.de\/site\/wp-content\/uploads\/2025\/07\/2025-07-11-Stellenanzeige-Kiga_Erzieherin.pdf-768x1244.jpg 768w, https:\/\/www.kirche-hettenhausen.de\/site\/wp-content\/uploads\/2025\/07\/2025-07-11-Stellenanzeige-Kiga_Erzieherin.pdf-948x1536.jpg 948w, https:\/\/www.kirche-hettenhausen.de\/site\/wp-content\/uploads\/2025\/07\/2025-07-11-Stellenanzeige-Kiga_Erzieherin.pdf-309x500.jpg 309w, https:\/\/www.kirche-hettenhausen.de\/site\/wp-content\/uploads\/2025\/07\/2025-07-11-Stellenanzeige-Kiga_Erzieherin.pdf.jpg 1235w\" sizes=\"auto, (max-width: 632px) 100vw, 632px\" \/><\/h3>\n<h3><a href=\"https:\/\/www.kirche-hettenhausen.de\/site\/wp-content\/uploads\/2025\/07\/2025-07-11-Stellenanzeige-Kiga_Erzieherin.pdf\">2025-07-11-Stellenanzeige Kiga_Erzieherin<\/a><\/h3>\n<h3><\/h3>\n<p>&nbsp;<\/p>\n<p>&nbsp;<\/p>\n<h3><\/h3>\n<hr \/>\n<h3><\/h3>\n<h3><\/h3>\n<h3><span style=\"color: #db1385;\">MEKOKI-Projekt \u201eMedienkompetenz in Kinderg\u00e4rten&#8220;<\/span><\/h3>\n<p>Anfang des Jahres hat sich unser Kindergarten f\u00fcr die Teilnahme am <strong>MEKOKI-Projekt \u201eMedienkompetenz in Kinderg\u00e4rten\u201c <\/strong>beworben und wir hatten das Gl\u00fcck, einer von 6 Kinderg\u00e4rten im Bereich des Polizeipr\u00e4sidiums Osthessens zu sein, die ausgew\u00e4hlt wurden. Dies beinhaltet eine Schulung f\u00fcr unsere p\u00e4dagogischen Fachkr\u00e4fte und einen Elternabend. Daher ist am <strong>15. Mai 2025 <\/strong>der Kindergarten geschlossen. Beide Veranstaltungen finden an diesem Tag statt. Altersgerechte Medienkompetenz bei Kindern ist ein wichtiges Thema und besch\u00e4ftigt uns auch gerade aktuell in unserem Kindergartenalltag. Wir sehen dieses Projekt als eine Bereicherung f\u00fcr unsere Arbeit mit den Kindern an.<\/p>\n<p>Kinder kommen immer j\u00fcnger und mehrheitlich mit digitalen Medien in Kontakt. Die hierbei gemachten Erlebnisse nehmen sie zum Beispiel mit in die Kindertagest\u00e4tten. Das kann die Erzieherinnen und Erzieher sowie die p\u00e4dagogischen Fachkr\u00e4fte vor gro\u00dfe Herausforderungen stellen.<\/p>\n<p>Hier setzt das Projekt \u201e<strong>MEKOKI<\/strong>\u201c \u2013 Medienkompetenz in Kindertagesst\u00e4tten (KiTa) der interministeriellen Gewaltpr\u00e4ventionsinitiative des Landes Hessen, Netzwerk gegen Gewalt, mit Sitz im Hessischen Innenministerium an.<\/p>\n<p>\u201eMEKOKI\u201c m\u00f6chte den Eltern beratend zur Seite stehen sie unterst\u00fctzen ihre Kinder kompetent und zugewandt in der digitalen Welt zu begleiten.<\/p>\n<p>Entwickelt wurde \u201eMEKOKI\u201c gemeinsam mit der<\/p>\n<ul>\n<li>Universit\u00e4tsstadt Marburg,<\/li>\n<li>Einsicht \u2013 Marburg gegen Gewalt,<\/li>\n<li>der Philipps-Universit\u00e4t Marburg, Fachbereich Psychologie.<\/li>\n<\/ul>\n<p>Ziel von \u201eMEKOKI\u201c ist es, dass Kinder M\u00f6glichkeiten aber auch Gefahren von digitalen Medien erfassen und lernen mit diesen umzugehen.<\/p>\n<p>Hierzu ist insbesondere die Qualifizierung von p\u00e4dagogischen Fachkr\u00e4ften sowie die Sensibilisierung von Eltern\/ Erziehungsberechtigten erforderlich, dem sich \u201eMEKOKI\u201c widmet.<\/p>\n<p>Die p\u00e4dagogischen Fachkr\u00e4fte bekommen Wissen und Handwerkszeug im Rahmen eines Qualifizierungstags zu<\/p>\n<ul>\n<li>Mediennutzungs- und Medienkonsumverhalten von Kindern und dessen\u00a0Auswirkungen,<\/li>\n<li>einem sinnvollen Einsatz von Medien im Kindergartenalltag und deren Einbindung, sowie<\/li>\n<li>Informationen zur kindgerechten Mediennutzung vermittelt.<\/li>\n<\/ul>\n<p>Bei den begleitenden Eltern-\/Informationsabenden im Projekt \u201eMEKOKI\u201c steht die St\u00e4rkung der elterlichen Medienkompetenz und der Hinweis auf deren Vorbildfunktion im Fokus.<\/p>\n<p>Das Programm wird durch das Hessische Ministerium f\u00fcr Soziales und Integration gef\u00f6rdert.<\/p>\n","protected":false},"excerpt":{"rendered":"<p>2025-07-11-Stellenanzeige Kiga_Erzieherin &nbsp; &nbsp; MEKOKI-Projekt \u201eMedienkompetenz in Kinderg\u00e4rten&#8220; Anfang des Jahres hat sich unser Kindergarten f\u00fcr die Teilnahme am MEKOKI-Projekt \u201eMedienkompetenz in Kinderg\u00e4rten\u201c beworben und wir hatten das Gl\u00fcck, einer von 6 Kinderg\u00e4rten im Bereich des Polizeipr\u00e4sidiums Osthessens zu sein, die ausgew\u00e4hlt wurden. Dies beinhaltet eine Schulung f\u00fcr unsere p\u00e4dagogischen Fachkr\u00e4fte und einen Elternabend. Daher [&hellip;]<\/p>\n","protected":false},"author":2,"featured_media":4304,"parent":116,"menu_order":10,"comment_status":"closed","ping_status":"closed","template":"","meta":{"footnotes":""},"class_list":["post-4282","page","type-page","status-publish","has-post-thumbnail","hentry"],"yoast_head":"<!-- This site is optimized with the Yoast SEO plugin v27.4 - https:\/\/yoast.com\/product\/yoast-seo-wordpress\/ -->\n<title>Aktuelle Informationen - Ev.-luth. Kirchengemeinde Hettenhausen - Dalherda<\/title>\n<meta name=\"description\" content=\"Ev.-luth. Kirchengemeinde Hettenhausen - Dalherda - Aktuelle Informationen\" \/>\n<meta name=\"robots\" content=\"index, follow, max-snippet:-1, max-image-preview:large, max-video-preview:-1\" \/>\n<link rel=\"canonical\" href=\"https:\/\/www.kirche-hettenhausen.de\/site\/einrichtungen\/ev-kindergarten-arche-noah\/aktuelle-informationen\/\" \/>\n<meta property=\"og:locale\" content=\"de_DE\" \/>\n<meta property=\"og:type\" content=\"article\" \/>\n<meta property=\"og:title\" content=\"Aktuelle Informationen - Ev.-luth. Kirchengemeinde Hettenhausen - Dalherda\" \/>\n<meta property=\"og:description\" content=\"Ev.-luth. Kirchengemeinde Hettenhausen - Dalherda - Aktuelle Informationen\" \/>\n<meta property=\"og:url\" content=\"https:\/\/www.kirche-hettenhausen.de\/site\/einrichtungen\/ev-kindergarten-arche-noah\/aktuelle-informationen\/\" \/>\n<meta property=\"og:site_name\" content=\"Ev.-luth. Kirchengemeinde Hettenhausen - Dalherda\" \/>\n<meta property=\"article:modified_time\" content=\"2025-09-06T09:09:31+00:00\" \/>\n<meta property=\"og:image\" content=\"https:\/\/www.kirche-hettenhausen.de\/site\/wp-content\/uploads\/2020\/04\/Logo-Kindergarten.jpg\" \/>\n\t<meta property=\"og:image:width\" content=\"260\" \/>\n\t<meta property=\"og:image:height\" content=\"200\" \/>\n\t<meta property=\"og:image:type\" content=\"image\/jpeg\" \/>\n<meta name=\"twitter:card\" content=\"summary_large_image\" \/>\n<meta name=\"twitter:label1\" content=\"Gesch\u00e4tzte Lesezeit\" \/>\n\t<meta name=\"twitter:data1\" content=\"3\u00a0Minuten\" \/>\n<script type=\"application\/ld+json\" class=\"yoast-schema-graph\">{\"@context\":\"https:\\\/\\\/schema.org\",\"@graph\":[{\"@type\":\"WebPage\",\"@id\":\"https:\\\/\\\/www.kirche-hettenhausen.de\\\/site\\\/einrichtungen\\\/ev-kindergarten-arche-noah\\\/aktuelle-informationen\\\/\",\"url\":\"https:\\\/\\\/www.kirche-hettenhausen.de\\\/site\\\/einrichtungen\\\/ev-kindergarten-arche-noah\\\/aktuelle-informationen\\\/\",\"name\":\"Aktuelle Informationen - Ev.-luth. Kirchengemeinde Hettenhausen - Dalherda\",\"isPartOf\":{\"@id\":\"https:\\\/\\\/www.kirche-hettenhausen.de\\\/site\\\/#website\"},\"primaryImageOfPage\":{\"@id\":\"https:\\\/\\\/www.kirche-hettenhausen.de\\\/site\\\/einrichtungen\\\/ev-kindergarten-arche-noah\\\/aktuelle-informationen\\\/#primaryimage\"},\"image\":{\"@id\":\"https:\\\/\\\/www.kirche-hettenhausen.de\\\/site\\\/einrichtungen\\\/ev-kindergarten-arche-noah\\\/aktuelle-informationen\\\/#primaryimage\"},\"thumbnailUrl\":\"https:\\\/\\\/www.kirche-hettenhausen.de\\\/site\\\/wp-content\\\/uploads\\\/2020\\\/04\\\/Logo-Kindergarten.jpg\",\"datePublished\":\"2020-04-21T17:33:41+00:00\",\"dateModified\":\"2025-09-06T09:09:31+00:00\",\"description\":\"Ev.-luth. Kirchengemeinde Hettenhausen - Dalherda - Aktuelle Informationen\",\"breadcrumb\":{\"@id\":\"https:\\\/\\\/www.kirche-hettenhausen.de\\\/site\\\/einrichtungen\\\/ev-kindergarten-arche-noah\\\/aktuelle-informationen\\\/#breadcrumb\"},\"inLanguage\":\"de\",\"potentialAction\":[{\"@type\":\"ReadAction\",\"target\":[\"https:\\\/\\\/www.kirche-hettenhausen.de\\\/site\\\/einrichtungen\\\/ev-kindergarten-arche-noah\\\/aktuelle-informationen\\\/\"]}]},{\"@type\":\"ImageObject\",\"inLanguage\":\"de\",\"@id\":\"https:\\\/\\\/www.kirche-hettenhausen.de\\\/site\\\/einrichtungen\\\/ev-kindergarten-arche-noah\\\/aktuelle-informationen\\\/#primaryimage\",\"url\":\"https:\\\/\\\/www.kirche-hettenhausen.de\\\/site\\\/wp-content\\\/uploads\\\/2020\\\/04\\\/Logo-Kindergarten.jpg\",\"contentUrl\":\"https:\\\/\\\/www.kirche-hettenhausen.de\\\/site\\\/wp-content\\\/uploads\\\/2020\\\/04\\\/Logo-Kindergarten.jpg\",\"width\":260,\"height\":200,\"caption\":\"Kindergarten \\\"Arche Noah\\\"\"},{\"@type\":\"BreadcrumbList\",\"@id\":\"https:\\\/\\\/www.kirche-hettenhausen.de\\\/site\\\/einrichtungen\\\/ev-kindergarten-arche-noah\\\/aktuelle-informationen\\\/#breadcrumb\",\"itemListElement\":[{\"@type\":\"ListItem\",\"position\":1,\"name\":\"Startseite\",\"item\":\"https:\\\/\\\/www.kirche-hettenhausen.de\\\/site\\\/\"},{\"@type\":\"ListItem\",\"position\":2,\"name\":\"Einrichtungen\",\"item\":\"https:\\\/\\\/www.kirche-hettenhausen.de\\\/site\\\/einrichtungen\\\/\"},{\"@type\":\"ListItem\",\"position\":3,\"name\":\"Ev. Kindergarten &#8222;Arche Noah&#8220;\",\"item\":\"https:\\\/\\\/www.kirche-hettenhausen.de\\\/site\\\/einrichtungen\\\/ev-kindergarten-arche-noah\\\/\"},{\"@type\":\"ListItem\",\"position\":4,\"name\":\"Aktuelle Informationen\"}]},{\"@type\":\"WebSite\",\"@id\":\"https:\\\/\\\/www.kirche-hettenhausen.de\\\/site\\\/#website\",\"url\":\"https:\\\/\\\/www.kirche-hettenhausen.de\\\/site\\\/\",\"name\":\"Ev.-luth. Kirchengemeinde Hettenhausen - Dalherda\",\"description\":\"Homepage der Ev.-luth. Kirchengemeinde Hettenhausen - Dalherda\",\"potentialAction\":[{\"@type\":\"SearchAction\",\"target\":{\"@type\":\"EntryPoint\",\"urlTemplate\":\"https:\\\/\\\/www.kirche-hettenhausen.de\\\/site\\\/?s={search_term_string}\"},\"query-input\":{\"@type\":\"PropertyValueSpecification\",\"valueRequired\":true,\"valueName\":\"search_term_string\"}}],\"inLanguage\":\"de\"}]}<\/script>\n<!-- \/ Yoast SEO plugin. -->","yoast_head_json":{"title":"Aktuelle Informationen - Ev.-luth. Kirchengemeinde Hettenhausen - Dalherda","description":"Ev.-luth. Kirchengemeinde Hettenhausen - Dalherda - Aktuelle Informationen","robots":{"index":"index","follow":"follow","max-snippet":"max-snippet:-1","max-image-preview":"max-image-preview:large","max-video-preview":"max-video-preview:-1"},"canonical":"https:\/\/www.kirche-hettenhausen.de\/site\/einrichtungen\/ev-kindergarten-arche-noah\/aktuelle-informationen\/","og_locale":"de_DE","og_type":"article","og_title":"Aktuelle Informationen - Ev.-luth. Kirchengemeinde Hettenhausen - Dalherda","og_description":"Ev.-luth. Kirchengemeinde Hettenhausen - Dalherda - Aktuelle Informationen","og_url":"https:\/\/www.kirche-hettenhausen.de\/site\/einrichtungen\/ev-kindergarten-arche-noah\/aktuelle-informationen\/","og_site_name":"Ev.-luth. Kirchengemeinde Hettenhausen - Dalherda","article_modified_time":"2025-09-06T09:09:31+00:00","og_image":[{"width":260,"height":200,"url":"https:\/\/www.kirche-hettenhausen.de\/site\/wp-content\/uploads\/2020\/04\/Logo-Kindergarten.jpg","type":"image\/jpeg"}],"twitter_card":"summary_large_image","twitter_misc":{"Gesch\u00e4tzte Lesezeit":"3\u00a0Minuten"},"schema":{"@context":"https:\/\/schema.org","@graph":[{"@type":"WebPage","@id":"https:\/\/www.kirche-hettenhausen.de\/site\/einrichtungen\/ev-kindergarten-arche-noah\/aktuelle-informationen\/","url":"https:\/\/www.kirche-hettenhausen.de\/site\/einrichtungen\/ev-kindergarten-arche-noah\/aktuelle-informationen\/","name":"Aktuelle Informationen - Ev.-luth. Kirchengemeinde Hettenhausen - Dalherda","isPartOf":{"@id":"https:\/\/www.kirche-hettenhausen.de\/site\/#website"},"primaryImageOfPage":{"@id":"https:\/\/www.kirche-hettenhausen.de\/site\/einrichtungen\/ev-kindergarten-arche-noah\/aktuelle-informationen\/#primaryimage"},"image":{"@id":"https:\/\/www.kirche-hettenhausen.de\/site\/einrichtungen\/ev-kindergarten-arche-noah\/aktuelle-informationen\/#primaryimage"},"thumbnailUrl":"https:\/\/www.kirche-hettenhausen.de\/site\/wp-content\/uploads\/2020\/04\/Logo-Kindergarten.jpg","datePublished":"2020-04-21T17:33:41+00:00","dateModified":"2025-09-06T09:09:31+00:00","description":"Ev.-luth. Kirchengemeinde Hettenhausen - Dalherda - Aktuelle Informationen","breadcrumb":{"@id":"https:\/\/www.kirche-hettenhausen.de\/site\/einrichtungen\/ev-kindergarten-arche-noah\/aktuelle-informationen\/#breadcrumb"},"inLanguage":"de","potentialAction":[{"@type":"ReadAction","target":["https:\/\/www.kirche-hettenhausen.de\/site\/einrichtungen\/ev-kindergarten-arche-noah\/aktuelle-informationen\/"]}]},{"@type":"ImageObject","inLanguage":"de","@id":"https:\/\/www.kirche-hettenhausen.de\/site\/einrichtungen\/ev-kindergarten-arche-noah\/aktuelle-informationen\/#primaryimage","url":"https:\/\/www.kirche-hettenhausen.de\/site\/wp-content\/uploads\/2020\/04\/Logo-Kindergarten.jpg","contentUrl":"https:\/\/www.kirche-hettenhausen.de\/site\/wp-content\/uploads\/2020\/04\/Logo-Kindergarten.jpg","width":260,"height":200,"caption":"Kindergarten \"Arche Noah\""},{"@type":"BreadcrumbList","@id":"https:\/\/www.kirche-hettenhausen.de\/site\/einrichtungen\/ev-kindergarten-arche-noah\/aktuelle-informationen\/#breadcrumb","itemListElement":[{"@type":"ListItem","position":1,"name":"Startseite","item":"https:\/\/www.kirche-hettenhausen.de\/site\/"},{"@type":"ListItem","position":2,"name":"Einrichtungen","item":"https:\/\/www.kirche-hettenhausen.de\/site\/einrichtungen\/"},{"@type":"ListItem","position":3,"name":"Ev. Kindergarten &#8222;Arche Noah&#8220;","item":"https:\/\/www.kirche-hettenhausen.de\/site\/einrichtungen\/ev-kindergarten-arche-noah\/"},{"@type":"ListItem","position":4,"name":"Aktuelle Informationen"}]},{"@type":"WebSite","@id":"https:\/\/www.kirche-hettenhausen.de\/site\/#website","url":"https:\/\/www.kirche-hettenhausen.de\/site\/","name":"Ev.-luth. Kirchengemeinde Hettenhausen - Dalherda","description":"Homepage der Ev.-luth. Kirchengemeinde Hettenhausen - Dalherda","potentialAction":[{"@type":"SearchAction","target":{"@type":"EntryPoint","urlTemplate":"https:\/\/www.kirche-hettenhausen.de\/site\/?s={search_term_string}"},"query-input":{"@type":"PropertyValueSpecification","valueRequired":true,"valueName":"search_term_string"}}],"inLanguage":"de"}]}},"_links":{"self":[{"href":"https:\/\/www.kirche-hettenhausen.de\/site\/wp-json\/wp\/v2\/pages\/4282","targetHints":{"allow":["GET"]}}],"collection":[{"href":"https:\/\/www.kirche-hettenhausen.de\/site\/wp-json\/wp\/v2\/pages"}],"about":[{"href":"https:\/\/www.kirche-hettenhausen.de\/site\/wp-json\/wp\/v2\/types\/page"}],"author":[{"embeddable":true,"href":"https:\/\/www.kirche-hettenhausen.de\/site\/wp-json\/wp\/v2\/users\/2"}],"replies":[{"embeddable":true,"href":"https:\/\/www.kirche-hettenhausen.de\/site\/wp-json\/wp\/v2\/comments?post=4282"}],"version-history":[{"count":62,"href":"https:\/\/www.kirche-hettenhausen.de\/site\/wp-json\/wp\/v2\/pages\/4282\/revisions"}],"predecessor-version":[{"id":16443,"href":"https:\/\/www.kirche-hettenhausen.de\/site\/wp-json\/wp\/v2\/pages\/4282\/revisions\/16443"}],"up":[{"embeddable":true,"href":"https:\/\/www.kirche-hettenhausen.de\/site\/wp-json\/wp\/v2\/pages\/116"}],"wp:featuredmedia":[{"embeddable":true,"href":"https:\/\/www.kirche-hettenhausen.de\/site\/wp-json\/wp\/v2\/media\/4304"}],"wp:attachment":[{"href":"https:\/\/www.kirche-hettenhausen.de\/site\/wp-json\/wp\/v2\/media?parent=4282"}],"curies":[{"name":"wp","href":"https:\/\/api.w.org\/{rel}","templated":true}]}}