{"id":3515,"date":"2019-12-03T22:26:56","date_gmt":"2019-12-03T21:26:56","guid":{"rendered":"https:\/\/kirche-hettenhausen.de\/site\/?page_id=3515"},"modified":"2021-07-04T06:54:07","modified_gmt":"2021-07-04T04:54:07","slug":"pfeifenpatenschaften","status":"publish","type":"page","link":"https:\/\/www.kirche-hettenhausen.de\/site\/unsere-kirchen\/kirche-st-georg-hettenhausen\/orgel-renovierung\/pfeifenpatenschaften\/","title":{"rendered":"Pfeifenpatenschaften"},"content":{"rendered":"<p><img loading=\"lazy\" decoding=\"async\" class=\"aligncenter\" src=\"https:\/\/www.kirche-hettenhausen.de\/site\/wp-content\/uploads\/2019\/05\/Logo-Orgelprojekt.jpg\" alt=\"\" width=\"553\" height=\"239\" \/><\/p>\n<p>&nbsp;<\/p>\n<h1 style=\"text-align: center;\">Machen Sie mit!<\/h1>\n<h2 style=\"text-align: center;\">Werden Sie Patin oder Pate!<\/h2>\n<p>&nbsp;<\/p>\n<p>&nbsp;<\/p>\n<p><img loading=\"lazy\" decoding=\"async\" src=\"https:\/\/www.kirche-hettenhausen.de\/site\/wp-content\/uploads\/2019\/12\/Orgel_Prospektpfeifen.jpg\" alt=\"\" width=\"1138\" height=\"1125\" \/><\/p>\n<h1><\/h1>\n<p><img loading=\"lazy\" decoding=\"async\" class=\"aligncenter\" src=\"https:\/\/www.kirche-hettenhausen.de\/site\/wp-content\/uploads\/2019\/12\/Prospekt-Tonfolge-f\u00fcr-Broschuere_191204.jpg\" alt=\"\" width=\"595\" height=\"842\" \/><\/p>\n<p>&nbsp;<\/p>\n<h1 style=\"text-align: center;\"><span style=\"color: #db1385;\">Ihr Ton in der Orgel<\/span><\/h1>\n<p>&nbsp;<\/p>\n<p style=\"text-align: right;\">Hettenhausen, im November 2019<\/p>\n<p>Sehr geehrte Mitb\u00fcrgerinnen und Mitb\u00fcrger,<\/p>\n<p>der Entschluss, unsere Orgel zu restaurieren, liegt noch nicht lange zur\u00fcck. Seitdem sind bei unserer Kirchengemeinde dank Ihrer Hilfe und Gro\u00dfz\u00fcgigkeit bereits Spenden in H\u00f6he von 40.000 \u20ac eingegangen. Das ist die H\u00e4lfte des von der Kirchengemeinde zu leistenden Eigenanteils. Daf\u00fcr m\u00f6chten wir sehr herzlich DANKE sagen.<\/p>\n<p>Doch unser Weg ist noch nicht zu Ende, die Sammlung muss weitergehen. Wie w\u00e4re es, wenn Sie uns helfen, indem Sie eine Patenschaft f\u00fcr eine Orgelpfeife \u00fcbernehmen? Wie das geht? Ganz einfach! Sie suchen sich eine Orgelpfeife zu dem von Ihnen gew\u00e4hlten Betrag aus, \u00fcberweisen diesen auf das Konto der Kirchengemeinde und erhalten als Best\u00e4tigung eine Patenschaftsurkunde. Es handelt sich hierbei nat\u00fcrlich um eine einmalige Spende ohne weitergehende Verpflichtungen!<\/p>\n<p>Die Patenschaften werden f\u00fcr die au\u00dfen angebrachten, repr\u00e4sentativen Prospektpfeifen f\u00fcr 300 \u20ac bis 1.000 \u20ac vergeben. Der Name des Spenders kann eingraviert werden. F\u00fcr eine Pfeife im Innern der Orgel m\u00fcssen je nach Gr\u00f6\u00dfe und Register zwischen 30 \u20ac und 150 \u20ac aufgebracht werden. In diesem Fall kann der Name des Spenders in ein Orgelbuch eingetragen werden.<\/p>\n<p>Selbstverst\u00e4ndlich kann auch eine Patenschaft f\u00fcr ein komplettes Register \u00fcbernommen werden, sprechen Sie uns einfach an!<\/p>\n<p>Haben wir Ihr Interesse geweckt, m\u00f6chten Sie eine Patenschaft \u00fcbernehmen? Dann laden Sie sich das <a href=\"https:\/\/www.kirche-hettenhausen.de\/site\/wp-content\/uploads\/2019\/12\/Patenschaft_Preise_1.pdf\" target=\"_blank\" rel=\"noopener noreferrer\"><strong>Formular<\/strong><\/a> f\u00fcr Ihre pers\u00f6nliche Patenschaft herunter und geben es ausgef\u00fcllt an uns zur\u00fcck oder sprechen Sie uns an.<\/p>\n<p>Allen, die bereits eine nachweisbare Spende get\u00e4tigt haben, bieten wir selbstverst\u00e4ndlich die M\u00f6glichkeit, diese in eine Patenschaft f\u00fcr eine Orgelpfeife umzuwandeln.<\/p>\n<p>Das Jahr neigt sich dem Ende entgegen und bald steht Weihnachten vor der T\u00fcr. Warum verschenken Sie nicht einfach eine Patenschaftsurkunde an Ihre Liebsten? Das gilt nat\u00fcrlich auch f\u00fcr jeden anderen Anlass.<\/p>\n<p>Fragen beantworten gerne: Erwin Krei\u00df, Telefon <a href=\"tel:+4966568881\">+49 (0) 6656 8881<\/a> oder Matthias Schlag, Telefon <a href=\"tel:+4966561241\">+49 (0) 6656 1241<\/a>.<\/p>\n<p>Wir hoffen, dass Sie diesem Projekt freundlich gesonnen sind und gr\u00fc\u00dfen Sie sehr herzlich!<\/p>\n<p>&nbsp;<\/p>\n<p style=\"text-align: center;\">PFEIFENPLAN &#8211; ADAM EIFERT ORGEL VON 1879 &#8211; KIRCHE ST. GEORG HETTENHAUSEN<\/p>\n<p>&nbsp;<\/p>\n<p><a href=\"https:\/\/www.kirche-hettenhausen.de\/site\/wp-content\/uploads\/2020\/11\/Pfeifenplan-02.11.2020.jpg\"><img loading=\"lazy\" decoding=\"async\" class=\"size-large wp-image-6265 aligncenter\" src=\"https:\/\/www.kirche-hettenhausen.de\/site\/wp-content\/uploads\/2020\/11\/Pfeifenplan-02.11.2020-1024x532.jpg\" alt=\"Adam-Eifert-Orgel\" width=\"770\" height=\"400\" srcset=\"https:\/\/www.kirche-hettenhausen.de\/site\/wp-content\/uploads\/2020\/11\/Pfeifenplan-02.11.2020-1024x532.jpg 1024w, https:\/\/www.kirche-hettenhausen.de\/site\/wp-content\/uploads\/2020\/11\/Pfeifenplan-02.11.2020-300x156.jpg 300w, https:\/\/www.kirche-hettenhausen.de\/site\/wp-content\/uploads\/2020\/11\/Pfeifenplan-02.11.2020-768x399.jpg 768w, https:\/\/www.kirche-hettenhausen.de\/site\/wp-content\/uploads\/2020\/11\/Pfeifenplan-02.11.2020.jpg 1373w\" sizes=\"auto, (max-width: 770px) 100vw, 770px\" \/><\/a><\/p>\n<p>&nbsp;<\/p>\n<p>Sie k\u00f6nnen sich eine frei verf\u00fcgbare Pfeife aus dem obigen Plan aussuchen, zun\u00e4chst im 1. Manual und im Pedal. Das 2. Manual ist bis auf weiteres reserviert f\u00fcr solche Spender, die die Patenschaft f\u00fcr ein komplettes Register \u00fcbernehmen m\u00f6chten.<\/p>\n<p style=\"text-align: justify;\">Die <a href=\"https:\/\/www.kirche-hettenhausen.de\/site\/wp-content\/uploads\/2019\/12\/Pfeifenpatenschaften-Regeln.pdf\" target=\"_blank\" rel=\"noopener noreferrer\"><strong>Regularien<\/strong><\/a>\u00a0zur Vergabe der Patenschaften k\u00f6nnen Sie hier nachlesen.<\/p>\n<p>Eine Gravur der Prospektpfeifen ist nur bei Spenden m\u00f6glich, von denen der Antrag und der Zahlungseingang bis sp\u00e4testens 23. Oktober 2020 vorliegen.<\/p>\n<p>&nbsp;<\/p>\n<h4>Kontoverbindung:<\/h4>\n<p>Sparkasse Fulda<br \/>\nIBAN: DE47 5305 0180 0003 0021 91<br \/>\nSWIFT-BIC: HELADEF1FDS<\/p>\n<p>Verwendungszweck: Orgelprojekt Patenschaft<\/p>\n","protected":false},"excerpt":{"rendered":"<p>&nbsp; Machen Sie mit! Werden Sie Patin oder Pate! &nbsp; &nbsp; &nbsp; Ihr Ton in der Orgel &nbsp; Hettenhausen, im November 2019 Sehr geehrte Mitb\u00fcrgerinnen und Mitb\u00fcrger, der Entschluss, unsere Orgel zu restaurieren, liegt noch nicht lange zur\u00fcck. Seitdem sind bei unserer Kirchengemeinde dank Ihrer Hilfe und Gro\u00dfz\u00fcgigkeit bereits Spenden in H\u00f6he von 40.000 \u20ac [&hellip;]<\/p>\n","protected":false},"author":2,"featured_media":3517,"parent":2168,"menu_order":20,"comment_status":"closed","ping_status":"closed","template":"","meta":{"footnotes":""},"class_list":["post-3515","page","type-page","status-publish","has-post-thumbnail","hentry"],"yoast_head":"<!-- This site is optimized with the Yoast SEO plugin v27.4 - https:\/\/yoast.com\/product\/yoast-seo-wordpress\/ -->\n<title>Pfeifenpatenschaften - Ev.-luth. Kirchengemeinde Hettenhausen - Dalherda<\/title>\n<meta name=\"robots\" content=\"index, follow, max-snippet:-1, max-image-preview:large, max-video-preview:-1\" \/>\n<link rel=\"canonical\" href=\"https:\/\/www.kirche-hettenhausen.de\/site\/unsere-kirchen\/kirche-st-georg-hettenhausen\/orgel-renovierung\/pfeifenpatenschaften\/\" \/>\n<meta property=\"og:locale\" content=\"de_DE\" \/>\n<meta property=\"og:type\" content=\"article\" \/>\n<meta property=\"og:title\" content=\"Pfeifenpatenschaften - Ev.-luth. Kirchengemeinde Hettenhausen - Dalherda\" \/>\n<meta property=\"og:description\" content=\"&nbsp; Machen Sie mit! Werden Sie Patin oder Pate! &nbsp; &nbsp; &nbsp; Ihr Ton in der Orgel &nbsp; Hettenhausen, im November 2019 Sehr geehrte Mitb\u00fcrgerinnen und Mitb\u00fcrger, der Entschluss, unsere Orgel zu restaurieren, liegt noch nicht lange zur\u00fcck. Seitdem sind bei unserer Kirchengemeinde dank Ihrer Hilfe und Gro\u00dfz\u00fcgigkeit bereits Spenden in H\u00f6he von 40.000 \u20ac [&hellip;]\" \/>\n<meta property=\"og:url\" content=\"https:\/\/www.kirche-hettenhausen.de\/site\/unsere-kirchen\/kirche-st-georg-hettenhausen\/orgel-renovierung\/pfeifenpatenschaften\/\" \/>\n<meta property=\"og:site_name\" content=\"Ev.-luth. Kirchengemeinde Hettenhausen - Dalherda\" \/>\n<meta property=\"article:modified_time\" content=\"2021-07-04T04:54:07+00:00\" \/>\n<meta property=\"og:image\" content=\"https:\/\/www.kirche-hettenhausen.de\/site\/wp-content\/uploads\/2019\/12\/Orgel_Prospektpfeifen.jpg\" \/>\n\t<meta property=\"og:image:width\" content=\"1138\" \/>\n\t<meta property=\"og:image:height\" content=\"1125\" \/>\n\t<meta property=\"og:image:type\" content=\"image\/jpeg\" \/>\n<meta name=\"twitter:card\" content=\"summary_large_image\" \/>\n<meta name=\"twitter:label1\" content=\"Gesch\u00e4tzte Lesezeit\" \/>\n\t<meta name=\"twitter:data1\" content=\"3\u00a0Minuten\" \/>\n<script type=\"application\/ld+json\" class=\"yoast-schema-graph\">{\"@context\":\"https:\\\/\\\/schema.org\",\"@graph\":[{\"@type\":\"WebPage\",\"@id\":\"https:\\\/\\\/www.kirche-hettenhausen.de\\\/site\\\/unsere-kirchen\\\/kirche-st-georg-hettenhausen\\\/orgel-renovierung\\\/pfeifenpatenschaften\\\/\",\"url\":\"https:\\\/\\\/www.kirche-hettenhausen.de\\\/site\\\/unsere-kirchen\\\/kirche-st-georg-hettenhausen\\\/orgel-renovierung\\\/pfeifenpatenschaften\\\/\",\"name\":\"Pfeifenpatenschaften - Ev.-luth. Kirchengemeinde Hettenhausen - Dalherda\",\"isPartOf\":{\"@id\":\"https:\\\/\\\/www.kirche-hettenhausen.de\\\/site\\\/#website\"},\"primaryImageOfPage\":{\"@id\":\"https:\\\/\\\/www.kirche-hettenhausen.de\\\/site\\\/unsere-kirchen\\\/kirche-st-georg-hettenhausen\\\/orgel-renovierung\\\/pfeifenpatenschaften\\\/#primaryimage\"},\"image\":{\"@id\":\"https:\\\/\\\/www.kirche-hettenhausen.de\\\/site\\\/unsere-kirchen\\\/kirche-st-georg-hettenhausen\\\/orgel-renovierung\\\/pfeifenpatenschaften\\\/#primaryimage\"},\"thumbnailUrl\":\"https:\\\/\\\/www.kirche-hettenhausen.de\\\/site\\\/wp-content\\\/uploads\\\/2019\\\/12\\\/Orgel_Prospektpfeifen.jpg\",\"datePublished\":\"2019-12-03T21:26:56+00:00\",\"dateModified\":\"2021-07-04T04:54:07+00:00\",\"breadcrumb\":{\"@id\":\"https:\\\/\\\/www.kirche-hettenhausen.de\\\/site\\\/unsere-kirchen\\\/kirche-st-georg-hettenhausen\\\/orgel-renovierung\\\/pfeifenpatenschaften\\\/#breadcrumb\"},\"inLanguage\":\"de\",\"potentialAction\":[{\"@type\":\"ReadAction\",\"target\":[\"https:\\\/\\\/www.kirche-hettenhausen.de\\\/site\\\/unsere-kirchen\\\/kirche-st-georg-hettenhausen\\\/orgel-renovierung\\\/pfeifenpatenschaften\\\/\"]}]},{\"@type\":\"ImageObject\",\"inLanguage\":\"de\",\"@id\":\"https:\\\/\\\/www.kirche-hettenhausen.de\\\/site\\\/unsere-kirchen\\\/kirche-st-georg-hettenhausen\\\/orgel-renovierung\\\/pfeifenpatenschaften\\\/#primaryimage\",\"url\":\"https:\\\/\\\/www.kirche-hettenhausen.de\\\/site\\\/wp-content\\\/uploads\\\/2019\\\/12\\\/Orgel_Prospektpfeifen.jpg\",\"contentUrl\":\"https:\\\/\\\/www.kirche-hettenhausen.de\\\/site\\\/wp-content\\\/uploads\\\/2019\\\/12\\\/Orgel_Prospektpfeifen.jpg\",\"width\":1138,\"height\":1125,\"caption\":\"Adam-Eifert-Orgel\"},{\"@type\":\"BreadcrumbList\",\"@id\":\"https:\\\/\\\/www.kirche-hettenhausen.de\\\/site\\\/unsere-kirchen\\\/kirche-st-georg-hettenhausen\\\/orgel-renovierung\\\/pfeifenpatenschaften\\\/#breadcrumb\",\"itemListElement\":[{\"@type\":\"ListItem\",\"position\":1,\"name\":\"Startseite\",\"item\":\"https:\\\/\\\/www.kirche-hettenhausen.de\\\/site\\\/\"},{\"@type\":\"ListItem\",\"position\":2,\"name\":\"Unsere Kirchen\",\"item\":\"https:\\\/\\\/www.kirche-hettenhausen.de\\\/site\\\/unsere-kirchen\\\/\"},{\"@type\":\"ListItem\",\"position\":3,\"name\":\"Kirche St. Georg Hettenhausen\",\"item\":\"https:\\\/\\\/www.kirche-hettenhausen.de\\\/site\\\/unsere-kirchen\\\/kirche-st-georg-hettenhausen\\\/\"},{\"@type\":\"ListItem\",\"position\":4,\"name\":\"Orgel-Renovierung\",\"item\":\"https:\\\/\\\/www.kirche-hettenhausen.de\\\/site\\\/unsere-kirchen\\\/kirche-st-georg-hettenhausen\\\/orgel-renovierung\\\/\"},{\"@type\":\"ListItem\",\"position\":5,\"name\":\"Pfeifenpatenschaften\"}]},{\"@type\":\"WebSite\",\"@id\":\"https:\\\/\\\/www.kirche-hettenhausen.de\\\/site\\\/#website\",\"url\":\"https:\\\/\\\/www.kirche-hettenhausen.de\\\/site\\\/\",\"name\":\"Ev.-luth. Kirchengemeinde Hettenhausen - Dalherda\",\"description\":\"Homepage der Ev.-luth. Kirchengemeinde Hettenhausen - Dalherda\",\"potentialAction\":[{\"@type\":\"SearchAction\",\"target\":{\"@type\":\"EntryPoint\",\"urlTemplate\":\"https:\\\/\\\/www.kirche-hettenhausen.de\\\/site\\\/?s={search_term_string}\"},\"query-input\":{\"@type\":\"PropertyValueSpecification\",\"valueRequired\":true,\"valueName\":\"search_term_string\"}}],\"inLanguage\":\"de\"}]}<\/script>\n<!-- \/ Yoast SEO plugin. -->","yoast_head_json":{"title":"Pfeifenpatenschaften - Ev.-luth. Kirchengemeinde Hettenhausen - Dalherda","robots":{"index":"index","follow":"follow","max-snippet":"max-snippet:-1","max-image-preview":"max-image-preview:large","max-video-preview":"max-video-preview:-1"},"canonical":"https:\/\/www.kirche-hettenhausen.de\/site\/unsere-kirchen\/kirche-st-georg-hettenhausen\/orgel-renovierung\/pfeifenpatenschaften\/","og_locale":"de_DE","og_type":"article","og_title":"Pfeifenpatenschaften - Ev.-luth. Kirchengemeinde Hettenhausen - Dalherda","og_description":"&nbsp; Machen Sie mit! Werden Sie Patin oder Pate! &nbsp; &nbsp; &nbsp; Ihr Ton in der Orgel &nbsp; Hettenhausen, im November 2019 Sehr geehrte Mitb\u00fcrgerinnen und Mitb\u00fcrger, der Entschluss, unsere Orgel zu restaurieren, liegt noch nicht lange zur\u00fcck. Seitdem sind bei unserer Kirchengemeinde dank Ihrer Hilfe und Gro\u00dfz\u00fcgigkeit bereits Spenden in H\u00f6he von 40.000 \u20ac [&hellip;]","og_url":"https:\/\/www.kirche-hettenhausen.de\/site\/unsere-kirchen\/kirche-st-georg-hettenhausen\/orgel-renovierung\/pfeifenpatenschaften\/","og_site_name":"Ev.-luth. Kirchengemeinde Hettenhausen - Dalherda","article_modified_time":"2021-07-04T04:54:07+00:00","og_image":[{"width":1138,"height":1125,"url":"https:\/\/www.kirche-hettenhausen.de\/site\/wp-content\/uploads\/2019\/12\/Orgel_Prospektpfeifen.jpg","type":"image\/jpeg"}],"twitter_card":"summary_large_image","twitter_misc":{"Gesch\u00e4tzte Lesezeit":"3\u00a0Minuten"},"schema":{"@context":"https:\/\/schema.org","@graph":[{"@type":"WebPage","@id":"https:\/\/www.kirche-hettenhausen.de\/site\/unsere-kirchen\/kirche-st-georg-hettenhausen\/orgel-renovierung\/pfeifenpatenschaften\/","url":"https:\/\/www.kirche-hettenhausen.de\/site\/unsere-kirchen\/kirche-st-georg-hettenhausen\/orgel-renovierung\/pfeifenpatenschaften\/","name":"Pfeifenpatenschaften - Ev.-luth. Kirchengemeinde Hettenhausen - Dalherda","isPartOf":{"@id":"https:\/\/www.kirche-hettenhausen.de\/site\/#website"},"primaryImageOfPage":{"@id":"https:\/\/www.kirche-hettenhausen.de\/site\/unsere-kirchen\/kirche-st-georg-hettenhausen\/orgel-renovierung\/pfeifenpatenschaften\/#primaryimage"},"image":{"@id":"https:\/\/www.kirche-hettenhausen.de\/site\/unsere-kirchen\/kirche-st-georg-hettenhausen\/orgel-renovierung\/pfeifenpatenschaften\/#primaryimage"},"thumbnailUrl":"https:\/\/www.kirche-hettenhausen.de\/site\/wp-content\/uploads\/2019\/12\/Orgel_Prospektpfeifen.jpg","datePublished":"2019-12-03T21:26:56+00:00","dateModified":"2021-07-04T04:54:07+00:00","breadcrumb":{"@id":"https:\/\/www.kirche-hettenhausen.de\/site\/unsere-kirchen\/kirche-st-georg-hettenhausen\/orgel-renovierung\/pfeifenpatenschaften\/#breadcrumb"},"inLanguage":"de","potentialAction":[{"@type":"ReadAction","target":["https:\/\/www.kirche-hettenhausen.de\/site\/unsere-kirchen\/kirche-st-georg-hettenhausen\/orgel-renovierung\/pfeifenpatenschaften\/"]}]},{"@type":"ImageObject","inLanguage":"de","@id":"https:\/\/www.kirche-hettenhausen.de\/site\/unsere-kirchen\/kirche-st-georg-hettenhausen\/orgel-renovierung\/pfeifenpatenschaften\/#primaryimage","url":"https:\/\/www.kirche-hettenhausen.de\/site\/wp-content\/uploads\/2019\/12\/Orgel_Prospektpfeifen.jpg","contentUrl":"https:\/\/www.kirche-hettenhausen.de\/site\/wp-content\/uploads\/2019\/12\/Orgel_Prospektpfeifen.jpg","width":1138,"height":1125,"caption":"Adam-Eifert-Orgel"},{"@type":"BreadcrumbList","@id":"https:\/\/www.kirche-hettenhausen.de\/site\/unsere-kirchen\/kirche-st-georg-hettenhausen\/orgel-renovierung\/pfeifenpatenschaften\/#breadcrumb","itemListElement":[{"@type":"ListItem","position":1,"name":"Startseite","item":"https:\/\/www.kirche-hettenhausen.de\/site\/"},{"@type":"ListItem","position":2,"name":"Unsere Kirchen","item":"https:\/\/www.kirche-hettenhausen.de\/site\/unsere-kirchen\/"},{"@type":"ListItem","position":3,"name":"Kirche St. Georg Hettenhausen","item":"https:\/\/www.kirche-hettenhausen.de\/site\/unsere-kirchen\/kirche-st-georg-hettenhausen\/"},{"@type":"ListItem","position":4,"name":"Orgel-Renovierung","item":"https:\/\/www.kirche-hettenhausen.de\/site\/unsere-kirchen\/kirche-st-georg-hettenhausen\/orgel-renovierung\/"},{"@type":"ListItem","position":5,"name":"Pfeifenpatenschaften"}]},{"@type":"WebSite","@id":"https:\/\/www.kirche-hettenhausen.de\/site\/#website","url":"https:\/\/www.kirche-hettenhausen.de\/site\/","name":"Ev.-luth. Kirchengemeinde Hettenhausen - Dalherda","description":"Homepage der Ev.-luth. Kirchengemeinde Hettenhausen - Dalherda","potentialAction":[{"@type":"SearchAction","target":{"@type":"EntryPoint","urlTemplate":"https:\/\/www.kirche-hettenhausen.de\/site\/?s={search_term_string}"},"query-input":{"@type":"PropertyValueSpecification","valueRequired":true,"valueName":"search_term_string"}}],"inLanguage":"de"}]}},"_links":{"self":[{"href":"https:\/\/www.kirche-hettenhausen.de\/site\/wp-json\/wp\/v2\/pages\/3515","targetHints":{"allow":["GET"]}}],"collection":[{"href":"https:\/\/www.kirche-hettenhausen.de\/site\/wp-json\/wp\/v2\/pages"}],"about":[{"href":"https:\/\/www.kirche-hettenhausen.de\/site\/wp-json\/wp\/v2\/types\/page"}],"author":[{"embeddable":true,"href":"https:\/\/www.kirche-hettenhausen.de\/site\/wp-json\/wp\/v2\/users\/2"}],"replies":[{"embeddable":true,"href":"https:\/\/www.kirche-hettenhausen.de\/site\/wp-json\/wp\/v2\/comments?post=3515"}],"version-history":[{"count":43,"href":"https:\/\/www.kirche-hettenhausen.de\/site\/wp-json\/wp\/v2\/pages\/3515\/revisions"}],"predecessor-version":[{"id":9565,"href":"https:\/\/www.kirche-hettenhausen.de\/site\/wp-json\/wp\/v2\/pages\/3515\/revisions\/9565"}],"up":[{"embeddable":true,"href":"https:\/\/www.kirche-hettenhausen.de\/site\/wp-json\/wp\/v2\/pages\/2168"}],"wp:featuredmedia":[{"embeddable":true,"href":"https:\/\/www.kirche-hettenhausen.de\/site\/wp-json\/wp\/v2\/media\/3517"}],"wp:attachment":[{"href":"https:\/\/www.kirche-hettenhausen.de\/site\/wp-json\/wp\/v2\/media?parent=3515"}],"curies":[{"name":"wp","href":"https:\/\/api.w.org\/{rel}","templated":true}]}}