{"id":302,"date":"2014-12-07T22:24:07","date_gmt":"2014-12-07T21:24:07","guid":{"rendered":"https:\/\/kirche-hettenhausen.de\/site\/?page_id=302"},"modified":"2026-04-06T17:14:16","modified_gmt":"2026-04-06T15:14:16","slug":"bankverbindung","status":"publish","type":"page","link":"https:\/\/www.kirche-hettenhausen.de\/site\/kontakt\/bankverbindung\/","title":{"rendered":"Bankverbindung"},"content":{"rendered":"<p>M\u00f6chten Sie eine \u00dcberweisung an unsere Kirchengemeinde vornehmen, verwenden Sie bitte folgende Bankverbindung:<\/p>\n<p><strong><img loading=\"lazy\" decoding=\"async\" class=\"alignright wp-image-7060\" src=\"https:\/\/www.kirche-hettenhausen.de\/site\/wp-content\/uploads\/2021\/01\/Spendenbutton_Weltgebetstag.png\" alt=\"Spendenbutton\" width=\"100\" height=\"100\" srcset=\"https:\/\/www.kirche-hettenhausen.de\/site\/wp-content\/uploads\/2021\/01\/Spendenbutton_Weltgebetstag.png 120w, https:\/\/www.kirche-hettenhausen.de\/site\/wp-content\/uploads\/2021\/01\/Spendenbutton_Weltgebetstag-65x65.png 65w\" sizes=\"auto, (max-width: 100px) 100vw, 100px\" \/><\/strong><\/p>\n<p><strong>Evangelisch-lutherische Kirchengemeinde Hettenhausen-Dalherda<\/strong><strong><br \/>\nSparkasse Fulda<br \/>\n<\/strong><strong>IBAN: DE47 5305 0180 0003 0021 91<\/strong><br \/>\n<strong>SWIFT-BIC: HELADEF1FDS<\/strong><\/p>\n<p>Bitte denken Sie an die genaue <b>Angabe des Verwendungszwecks<\/b>. Nur so k\u00f6nnen Zahlungen nach Ihren W\u00fcnschen verbucht werden.<\/p>\n<p>Ben\u00f6tigen Sie eine <strong>Spendenquittung<\/strong>, denken Sie daran, Ihre Kontaktdaten anzugeben und vermerken bitte au\u00dferdem noch das K\u00fcrzel <b>SQ<\/b> (oder kontaktieren Sie das <strong><a title=\"Gemeindeb\u00fcro\" href=\"https:\/\/www.kirche-hettenhausen.de\/site\/kontakt\/gemeindebuero\/\">Gemeindeb\u00fcro<\/a><\/strong>).<\/p>\n<p>&nbsp;<\/p>\n<p><strong>Mieten<\/strong> f\u00fcr<\/p>\n<ul>\n<li>Martin-Luther-Haus<\/li>\n<li>Melanchthonhaus<\/li>\n<li>Gemeindehaus Dalherda<\/li>\n<li>Zeltplatz am Hauck<\/li>\n<\/ul>\n<p>\u00fcberweisen Sie bitte <strong>direkt auf das Konto:<\/strong><\/p>\n<p><strong>Kirchenkreisamt Fulda<\/strong><br \/>\n<strong>Sparkasse Fulda<\/strong><br \/>\n<strong>IBAN: DE02 5305 0180 0040 0180 07<\/strong><br \/>\n<strong>SWIFT-BIC: HELADEF1FDS<\/strong><\/p>\n<h5><\/h5>\n","protected":false},"excerpt":{"rendered":"<p>M\u00f6chten Sie eine \u00dcberweisung an unsere Kirchengemeinde vornehmen, verwenden Sie bitte folgende Bankverbindung: Evangelisch-lutherische Kirchengemeinde Hettenhausen-Dalherda Sparkasse Fulda IBAN: DE47 5305 0180 0003 0021 91 SWIFT-BIC: HELADEF1FDS Bitte denken Sie an die genaue Angabe des Verwendungszwecks. Nur so k\u00f6nnen Zahlungen nach Ihren W\u00fcnschen verbucht werden. Ben\u00f6tigen Sie eine Spendenquittung, denken Sie daran, Ihre Kontaktdaten anzugeben [&hellip;]<\/p>\n","protected":false},"author":2,"featured_media":2312,"parent":27,"menu_order":50,"comment_status":"closed","ping_status":"open","template":"","meta":{"footnotes":""},"class_list":["post-302","page","type-page","status-publish","has-post-thumbnail","hentry"],"yoast_head":"<!-- This site is optimized with the Yoast SEO plugin v27.5 - https:\/\/yoast.com\/product\/yoast-seo-wordpress\/ -->\n<title>Bankverbindung - Ev.-luth. Kirchengemeinde Hettenhausen - Dalherda<\/title>\n<meta name=\"description\" content=\"Ev.-luth. Kirchengemeinde Hettenhausen - Dalherda - Bankverbindung\" \/>\n<meta name=\"robots\" content=\"index, follow, max-snippet:-1, max-image-preview:large, max-video-preview:-1\" \/>\n<link rel=\"canonical\" href=\"https:\/\/www.kirche-hettenhausen.de\/site\/kontakt\/bankverbindung\/\" \/>\n<meta property=\"og:locale\" content=\"de_DE\" \/>\n<meta property=\"og:type\" content=\"article\" \/>\n<meta property=\"og:title\" content=\"Bankverbindung - Ev.-luth. Kirchengemeinde Hettenhausen - Dalherda\" \/>\n<meta property=\"og:description\" content=\"Ev.-luth. Kirchengemeinde Hettenhausen - Dalherda - Bankverbindung\" \/>\n<meta property=\"og:url\" content=\"https:\/\/www.kirche-hettenhausen.de\/site\/kontakt\/bankverbindung\/\" \/>\n<meta property=\"og:site_name\" content=\"Ev.-luth. Kirchengemeinde Hettenhausen - Dalherda\" \/>\n<meta property=\"article:modified_time\" content=\"2026-04-06T15:14:16+00:00\" \/>\n<meta property=\"og:image\" content=\"https:\/\/www.kirche-hettenhausen.de\/site\/wp-content\/uploads\/2019\/03\/piggy-bank-1510552_640.jpg\" \/>\n\t<meta property=\"og:image:width\" content=\"640\" \/>\n\t<meta property=\"og:image:height\" content=\"397\" \/>\n\t<meta property=\"og:image:type\" content=\"image\/jpeg\" \/>\n<meta name=\"twitter:card\" content=\"summary_large_image\" \/>\n<meta name=\"twitter:label1\" content=\"Gesch\u00e4tzte Lesezeit\" \/>\n\t<meta name=\"twitter:data1\" content=\"1\u00a0Minute\" \/>\n<script type=\"application\/ld+json\" class=\"yoast-schema-graph\">{\"@context\":\"https:\\\/\\\/schema.org\",\"@graph\":[{\"@type\":\"WebPage\",\"@id\":\"https:\\\/\\\/www.kirche-hettenhausen.de\\\/site\\\/kontakt\\\/bankverbindung\\\/\",\"url\":\"https:\\\/\\\/www.kirche-hettenhausen.de\\\/site\\\/kontakt\\\/bankverbindung\\\/\",\"name\":\"Bankverbindung - Ev.-luth. Kirchengemeinde Hettenhausen - Dalherda\",\"isPartOf\":{\"@id\":\"https:\\\/\\\/www.kirche-hettenhausen.de\\\/site\\\/#website\"},\"primaryImageOfPage\":{\"@id\":\"https:\\\/\\\/www.kirche-hettenhausen.de\\\/site\\\/kontakt\\\/bankverbindung\\\/#primaryimage\"},\"image\":{\"@id\":\"https:\\\/\\\/www.kirche-hettenhausen.de\\\/site\\\/kontakt\\\/bankverbindung\\\/#primaryimage\"},\"thumbnailUrl\":\"https:\\\/\\\/www.kirche-hettenhausen.de\\\/site\\\/wp-content\\\/uploads\\\/2019\\\/03\\\/piggy-bank-1510552_640.jpg\",\"datePublished\":\"2014-12-07T21:24:07+00:00\",\"dateModified\":\"2026-04-06T15:14:16+00:00\",\"description\":\"Ev.-luth. Kirchengemeinde Hettenhausen - Dalherda - Bankverbindung\",\"breadcrumb\":{\"@id\":\"https:\\\/\\\/www.kirche-hettenhausen.de\\\/site\\\/kontakt\\\/bankverbindung\\\/#breadcrumb\"},\"inLanguage\":\"de\",\"potentialAction\":[{\"@type\":\"ReadAction\",\"target\":[\"https:\\\/\\\/www.kirche-hettenhausen.de\\\/site\\\/kontakt\\\/bankverbindung\\\/\"]}]},{\"@type\":\"ImageObject\",\"inLanguage\":\"de\",\"@id\":\"https:\\\/\\\/www.kirche-hettenhausen.de\\\/site\\\/kontakt\\\/bankverbindung\\\/#primaryimage\",\"url\":\"https:\\\/\\\/www.kirche-hettenhausen.de\\\/site\\\/wp-content\\\/uploads\\\/2019\\\/03\\\/piggy-bank-1510552_640.jpg\",\"contentUrl\":\"https:\\\/\\\/www.kirche-hettenhausen.de\\\/site\\\/wp-content\\\/uploads\\\/2019\\\/03\\\/piggy-bank-1510552_640.jpg\",\"width\":640,\"height\":397,\"caption\":\"Bild von Alexas_Fotos auf Pixabay\"},{\"@type\":\"BreadcrumbList\",\"@id\":\"https:\\\/\\\/www.kirche-hettenhausen.de\\\/site\\\/kontakt\\\/bankverbindung\\\/#breadcrumb\",\"itemListElement\":[{\"@type\":\"ListItem\",\"position\":1,\"name\":\"Startseite\",\"item\":\"https:\\\/\\\/www.kirche-hettenhausen.de\\\/site\\\/\"},{\"@type\":\"ListItem\",\"position\":2,\"name\":\"Kontakt\",\"item\":\"https:\\\/\\\/www.kirche-hettenhausen.de\\\/site\\\/kontakt\\\/\"},{\"@type\":\"ListItem\",\"position\":3,\"name\":\"Bankverbindung\"}]},{\"@type\":\"WebSite\",\"@id\":\"https:\\\/\\\/www.kirche-hettenhausen.de\\\/site\\\/#website\",\"url\":\"https:\\\/\\\/www.kirche-hettenhausen.de\\\/site\\\/\",\"name\":\"Ev.-luth. Kirchengemeinde Hettenhausen - Dalherda\",\"description\":\"Homepage der Ev.-luth. Kirchengemeinde Hettenhausen - Dalherda\",\"potentialAction\":[{\"@type\":\"SearchAction\",\"target\":{\"@type\":\"EntryPoint\",\"urlTemplate\":\"https:\\\/\\\/www.kirche-hettenhausen.de\\\/site\\\/?s={search_term_string}\"},\"query-input\":{\"@type\":\"PropertyValueSpecification\",\"valueRequired\":true,\"valueName\":\"search_term_string\"}}],\"inLanguage\":\"de\"}]}<\/script>\n<!-- \/ Yoast SEO plugin. -->","yoast_head_json":{"title":"Bankverbindung - Ev.-luth. Kirchengemeinde Hettenhausen - Dalherda","description":"Ev.-luth. Kirchengemeinde Hettenhausen - Dalherda - Bankverbindung","robots":{"index":"index","follow":"follow","max-snippet":"max-snippet:-1","max-image-preview":"max-image-preview:large","max-video-preview":"max-video-preview:-1"},"canonical":"https:\/\/www.kirche-hettenhausen.de\/site\/kontakt\/bankverbindung\/","og_locale":"de_DE","og_type":"article","og_title":"Bankverbindung - Ev.-luth. Kirchengemeinde Hettenhausen - Dalherda","og_description":"Ev.-luth. Kirchengemeinde Hettenhausen - Dalherda - Bankverbindung","og_url":"https:\/\/www.kirche-hettenhausen.de\/site\/kontakt\/bankverbindung\/","og_site_name":"Ev.-luth. Kirchengemeinde Hettenhausen - Dalherda","article_modified_time":"2026-04-06T15:14:16+00:00","og_image":[{"width":640,"height":397,"url":"https:\/\/www.kirche-hettenhausen.de\/site\/wp-content\/uploads\/2019\/03\/piggy-bank-1510552_640.jpg","type":"image\/jpeg"}],"twitter_card":"summary_large_image","twitter_misc":{"Gesch\u00e4tzte Lesezeit":"1\u00a0Minute"},"schema":{"@context":"https:\/\/schema.org","@graph":[{"@type":"WebPage","@id":"https:\/\/www.kirche-hettenhausen.de\/site\/kontakt\/bankverbindung\/","url":"https:\/\/www.kirche-hettenhausen.de\/site\/kontakt\/bankverbindung\/","name":"Bankverbindung - Ev.-luth. Kirchengemeinde Hettenhausen - Dalherda","isPartOf":{"@id":"https:\/\/www.kirche-hettenhausen.de\/site\/#website"},"primaryImageOfPage":{"@id":"https:\/\/www.kirche-hettenhausen.de\/site\/kontakt\/bankverbindung\/#primaryimage"},"image":{"@id":"https:\/\/www.kirche-hettenhausen.de\/site\/kontakt\/bankverbindung\/#primaryimage"},"thumbnailUrl":"https:\/\/www.kirche-hettenhausen.de\/site\/wp-content\/uploads\/2019\/03\/piggy-bank-1510552_640.jpg","datePublished":"2014-12-07T21:24:07+00:00","dateModified":"2026-04-06T15:14:16+00:00","description":"Ev.-luth. Kirchengemeinde Hettenhausen - Dalherda - Bankverbindung","breadcrumb":{"@id":"https:\/\/www.kirche-hettenhausen.de\/site\/kontakt\/bankverbindung\/#breadcrumb"},"inLanguage":"de","potentialAction":[{"@type":"ReadAction","target":["https:\/\/www.kirche-hettenhausen.de\/site\/kontakt\/bankverbindung\/"]}]},{"@type":"ImageObject","inLanguage":"de","@id":"https:\/\/www.kirche-hettenhausen.de\/site\/kontakt\/bankverbindung\/#primaryimage","url":"https:\/\/www.kirche-hettenhausen.de\/site\/wp-content\/uploads\/2019\/03\/piggy-bank-1510552_640.jpg","contentUrl":"https:\/\/www.kirche-hettenhausen.de\/site\/wp-content\/uploads\/2019\/03\/piggy-bank-1510552_640.jpg","width":640,"height":397,"caption":"Bild von Alexas_Fotos auf Pixabay"},{"@type":"BreadcrumbList","@id":"https:\/\/www.kirche-hettenhausen.de\/site\/kontakt\/bankverbindung\/#breadcrumb","itemListElement":[{"@type":"ListItem","position":1,"name":"Startseite","item":"https:\/\/www.kirche-hettenhausen.de\/site\/"},{"@type":"ListItem","position":2,"name":"Kontakt","item":"https:\/\/www.kirche-hettenhausen.de\/site\/kontakt\/"},{"@type":"ListItem","position":3,"name":"Bankverbindung"}]},{"@type":"WebSite","@id":"https:\/\/www.kirche-hettenhausen.de\/site\/#website","url":"https:\/\/www.kirche-hettenhausen.de\/site\/","name":"Ev.-luth. Kirchengemeinde Hettenhausen - Dalherda","description":"Homepage der Ev.-luth. Kirchengemeinde Hettenhausen - Dalherda","potentialAction":[{"@type":"SearchAction","target":{"@type":"EntryPoint","urlTemplate":"https:\/\/www.kirche-hettenhausen.de\/site\/?s={search_term_string}"},"query-input":{"@type":"PropertyValueSpecification","valueRequired":true,"valueName":"search_term_string"}}],"inLanguage":"de"}]}},"_links":{"self":[{"href":"https:\/\/www.kirche-hettenhausen.de\/site\/wp-json\/wp\/v2\/pages\/302","targetHints":{"allow":["GET"]}}],"collection":[{"href":"https:\/\/www.kirche-hettenhausen.de\/site\/wp-json\/wp\/v2\/pages"}],"about":[{"href":"https:\/\/www.kirche-hettenhausen.de\/site\/wp-json\/wp\/v2\/types\/page"}],"author":[{"embeddable":true,"href":"https:\/\/www.kirche-hettenhausen.de\/site\/wp-json\/wp\/v2\/users\/2"}],"replies":[{"embeddable":true,"href":"https:\/\/www.kirche-hettenhausen.de\/site\/wp-json\/wp\/v2\/comments?post=302"}],"version-history":[{"count":30,"href":"https:\/\/www.kirche-hettenhausen.de\/site\/wp-json\/wp\/v2\/pages\/302\/revisions"}],"predecessor-version":[{"id":17386,"href":"https:\/\/www.kirche-hettenhausen.de\/site\/wp-json\/wp\/v2\/pages\/302\/revisions\/17386"}],"up":[{"embeddable":true,"href":"https:\/\/www.kirche-hettenhausen.de\/site\/wp-json\/wp\/v2\/pages\/27"}],"wp:featuredmedia":[{"embeddable":true,"href":"https:\/\/www.kirche-hettenhausen.de\/site\/wp-json\/wp\/v2\/media\/2312"}],"wp:attachment":[{"href":"https:\/\/www.kirche-hettenhausen.de\/site\/wp-json\/wp\/v2\/media?parent=302"}],"curies":[{"name":"wp","href":"https:\/\/api.w.org\/{rel}","templated":true}]}}