{"id":298,"date":"2014-12-07T22:05:59","date_gmt":"2014-12-07T21:05:59","guid":{"rendered":"https:\/\/kirche-hettenhausen.de\/site\/?page_id=298"},"modified":"2026-01-25T10:32:08","modified_gmt":"2026-01-25T09:32:08","slug":"kirchenvorstand","status":"publish","type":"page","link":"https:\/\/www.kirche-hettenhausen.de\/site\/kontakt\/kirchenvorstand\/","title":{"rendered":"Kirchenvorstand"},"content":{"rendered":"<p>&#8222;Die Mitglieder des Kirchenvorstandes leiten in gemeinsamer Verantwortung mit den Pfarrerinnen und Pfarrern die Gemeinde. Sie sollen in der Teilnahme am kirchlichen Leben, in der Mitarbeit an den Aufgaben der Gemeinde und in ihrer eigenen Lebensf\u00fchrung den Gemeindegliedern ein Vorbild sein, sie zu lebendiger und tatkr\u00e4ftiger Mitarbeit f\u00fchren und f\u00fcr neue Aufgaben zur\u00fcsten.&#8220;<br \/>\n(Grundordnung der Evangelischen Kirche von Kurhessen-Waldeck, Art. 35)<\/p>\n<p>&nbsp;<\/p>\n<h3><span style=\"color: #db1385;\">Mitglieder des Kirchenvorstandes und ihre Aussch\u00fcsse<\/span>\u200b<\/h3>\n<table style=\"width: 100.988%; height: 844px;\">\n<tbody>\n<tr style=\"height: 35px;\">\n<td style=\"text-align: left; width: 13.6003%; height: 35px;\"><img loading=\"lazy\" decoding=\"async\" class=\"alignnone wp-image-16870 size-medium\" src=\"https:\/\/www.kirche-hettenhausen.de\/site\/wp-content\/uploads\/2025\/11\/Marion-Friedrich_5-225x300.jpg\" alt=\"Kirchenvorstand 2025\" width=\"225\" height=\"300\" srcset=\"https:\/\/www.kirche-hettenhausen.de\/site\/wp-content\/uploads\/2025\/11\/Marion-Friedrich_5-225x300.jpg 225w, https:\/\/www.kirche-hettenhausen.de\/site\/wp-content\/uploads\/2025\/11\/Marion-Friedrich_5.jpg 300w\" sizes=\"auto, (max-width: 225px) 100vw, 225px\" \/><\/td>\n<td style=\"width: 48.4238%; height: 35px; text-align: left; vertical-align: top;\">\n<h4>Marion Friedrich<\/h4>\n<p>Hettenhausen<br \/>\nTelefon: <a href=\"tel:+4966561256\">+49 (0) 6656 1256<\/a><br \/>\nMobil: <a href=\"tel:+4915115703047\">+49 (0) 1511 5703047<\/a><br \/>\nE-Mail: <a href=\"mailto:m.friedrich@kirche-hettenhausen.de\" target=\"_blank\" rel=\"noopener\">m.friedrich@kirche-hettenhausen.de<\/a><\/td>\n<td style=\"text-align: left; width: 59.6369%; height: 35px; vertical-align: top;\" scope=\"col\"><strong>Vorsitzende des Kirchenvorstandes<br \/>\n<\/strong>Finanzen | Friedhof | IT und \u00d6ffentlichkeitsarbeit (Homepage, Kirchen-Kurier) | Kooperationsraum Rh\u00f6n | Kreissynode<\/td>\n<\/tr>\n<tr style=\"height: 35px;\">\n<td style=\"text-align: left; width: 13.6003%; height: 35px;\"><img loading=\"lazy\" decoding=\"async\" class=\"alignnone wp-image-16872 size-medium\" src=\"https:\/\/www.kirche-hettenhausen.de\/site\/wp-content\/uploads\/2025\/11\/Verena-Frohnapfel_1-225x300.jpg\" alt=\"Kirchenvorstand 2025\" width=\"225\" height=\"300\" srcset=\"https:\/\/www.kirche-hettenhausen.de\/site\/wp-content\/uploads\/2025\/11\/Verena-Frohnapfel_1-225x300.jpg 225w, https:\/\/www.kirche-hettenhausen.de\/site\/wp-content\/uploads\/2025\/11\/Verena-Frohnapfel_1.jpg 300w\" sizes=\"auto, (max-width: 225px) 100vw, 225px\" \/><\/td>\n<td style=\"width: 48.4238%; height: 35px; text-align: left; vertical-align: top;\">\n<h4>Verena Frohnapfel<\/h4>\n<p>Hettenhausen<br \/>\nE-Mail: <a href=\"mailto:v.frohnapfel@kirche-hettenhausen.de\" target=\"_blank\" rel=\"noopener\">v.frohnapfel@kirche-hettenhausen.de<\/a><\/td>\n<td style=\"text-align: left; width: 59.6369%; height: 35px; vertical-align: top;\" scope=\"col\">Bau | Kinder- und Jugendarbeit | Kreissynode<\/td>\n<\/tr>\n<tr style=\"height: 69px;\">\n<td style=\"text-align: left; width: 13.6003%; height: 35px;\"><img loading=\"lazy\" decoding=\"async\" class=\"alignnone wp-image-16869 size-medium\" src=\"https:\/\/www.kirche-hettenhausen.de\/site\/wp-content\/uploads\/2025\/11\/Bettina-Lindner_2-225x300.jpg\" alt=\"\" width=\"225\" height=\"300\" srcset=\"https:\/\/www.kirche-hettenhausen.de\/site\/wp-content\/uploads\/2025\/11\/Bettina-Lindner_2-225x300.jpg 225w, https:\/\/www.kirche-hettenhausen.de\/site\/wp-content\/uploads\/2025\/11\/Bettina-Lindner_2.jpg 300w\" sizes=\"auto, (max-width: 225px) 100vw, 225px\" \/><\/td>\n<td style=\"width: 48.4238%; height: 35px; text-align: left; vertical-align: top;\">\n<h4>Bettina Lindner<\/h4>\n<p>Hettenhausen<br \/>\nE-Mail: <a href=\"mailto:b.lindner@kirche-hettenhausen.de\" target=\"_blank\" rel=\"noopener\">b.lindner@kirche-hettenhausen.de<\/a><\/td>\n<td style=\"text-align: left; width: 59.6369%; height: 35px; vertical-align: top;\" scope=\"col\">IT und \u00d6ffentlichkeitsarbeit (Kirchen-Kurier) | Kooperationsraum Rh\u00f6n | Kreissynode (stellv.) | Zweckverband Kindertagesst\u00e4tten<\/td>\n<\/tr>\n<tr style=\"height: 154px;\">\n<td style=\"text-align: left; width: 13.6003%; height: 154px;\"><img loading=\"lazy\" decoding=\"async\" class=\"alignnone wp-image-16968 size-medium\" src=\"https:\/\/www.kirche-hettenhausen.de\/site\/wp-content\/uploads\/2025\/12\/Elisabeth-Mohr_1-225x300.jpg\" alt=\"Kirchenvorstand 2025\" width=\"225\" height=\"300\" srcset=\"https:\/\/www.kirche-hettenhausen.de\/site\/wp-content\/uploads\/2025\/12\/Elisabeth-Mohr_1-225x300.jpg 225w, https:\/\/www.kirche-hettenhausen.de\/site\/wp-content\/uploads\/2025\/12\/Elisabeth-Mohr_1.jpg 300w\" sizes=\"auto, (max-width: 225px) 100vw, 225px\" \/><\/td>\n<td style=\"width: 48.4238%; text-align: left; vertical-align: top; height: 154px;\">\n<h4>Elisabeth Mohr<\/h4>\n<p>Hettenhausen<br \/>\nMobil: <a href=\"tel:+4915224338675\" target=\"_blank\" rel=\"noopener\">+49 (0) 1522 4338675<\/a><br \/>\nE-Mail: <a href=\"mailto:e.mohr@kirche-hettenhausen.de\" target=\"_blank\" rel=\"noopener\">e.mohr@kirche-hettenhausen.de<\/a><\/td>\n<td style=\"width: 59.6369%; text-align: left; vertical-align: top; height: 154px;\">Finanzen | Friedhof | Kreissynode (stellv.)<\/td>\n<\/tr>\n<tr style=\"height: 130px;\">\n<td style=\"text-align: left; width: 13.6003%; height: 130px;\"><img loading=\"lazy\" decoding=\"async\" class=\"alignnone wp-image-16868 size-medium\" src=\"https:\/\/www.kirche-hettenhausen.de\/site\/wp-content\/uploads\/2025\/11\/Petra-Sauer_1-225x300.jpg\" alt=\"Kirchenvorstand 2025\" width=\"225\" height=\"300\" srcset=\"https:\/\/www.kirche-hettenhausen.de\/site\/wp-content\/uploads\/2025\/11\/Petra-Sauer_1-225x300.jpg 225w, https:\/\/www.kirche-hettenhausen.de\/site\/wp-content\/uploads\/2025\/11\/Petra-Sauer_1.jpg 300w\" sizes=\"auto, (max-width: 225px) 100vw, 225px\" \/><\/td>\n<td style=\"width: 48.4238%; text-align: left; vertical-align: top; height: 130px;\">\n<h4>Petra Sauer<\/h4>\n<p>Poppenhausen<br \/>\nE-Mail: <a href=\"mailto:p.sauer@kirche-hettenhausen.de\" target=\"_blank\" rel=\"noopener\">p.sauer@kirche-hettenhausen.de<\/a><\/td>\n<td style=\"text-align: left; width: 59.6369%; vertical-align: top; height: 130px;\">Bau | IT und \u00d6ffentlichkeitsarbeit (Kirchen-Kurier)<\/td>\n<\/tr>\n<tr style=\"height: 35px;\">\n<td style=\"text-align: left; width: 13.6003%; height: 35px;\"><img loading=\"lazy\" decoding=\"async\" class=\"alignnone wp-image-16966 size-medium\" src=\"https:\/\/www.kirche-hettenhausen.de\/site\/wp-content\/uploads\/2025\/12\/Leonie-Scharf_1-225x300.jpg\" alt=\"Kirchenvorstand 2025\" width=\"225\" height=\"300\" srcset=\"https:\/\/www.kirche-hettenhausen.de\/site\/wp-content\/uploads\/2025\/12\/Leonie-Scharf_1-225x300.jpg 225w, https:\/\/www.kirche-hettenhausen.de\/site\/wp-content\/uploads\/2025\/12\/Leonie-Scharf_1.jpg 300w\" sizes=\"auto, (max-width: 225px) 100vw, 225px\" \/><\/td>\n<td style=\"width: 48.4238%; height: 35px; text-align: left; vertical-align: top;\">\n<h4>Leonie Scharf<\/h4>\n<p>Hettenhausen<br \/>\nE-Mail: <a href=\"mailto:l.scharf@kirche-hettenhausen.de\" target=\"_blank\" rel=\"noopener\">l.scharf@kirche-hettenhausen.de<\/a><\/td>\n<td style=\"text-align: left; width: 59.6369%; height: 35px; vertical-align: top;\" scope=\"col\">Kinder- und Jugendarbeit<\/td>\n<\/tr>\n<tr style=\"height: 130px;\">\n<td style=\"text-align: left; width: 13.6003%; height: 130px;\"><img loading=\"lazy\" decoding=\"async\" class=\"alignnone wp-image-16969 size-medium\" src=\"https:\/\/www.kirche-hettenhausen.de\/site\/wp-content\/uploads\/2025\/12\/Patricia-Ulrich_1-225x300.jpg\" alt=\"\" width=\"225\" height=\"300\" srcset=\"https:\/\/www.kirche-hettenhausen.de\/site\/wp-content\/uploads\/2025\/12\/Patricia-Ulrich_1-225x300.jpg 225w, https:\/\/www.kirche-hettenhausen.de\/site\/wp-content\/uploads\/2025\/12\/Patricia-Ulrich_1.jpg 300w\" sizes=\"auto, (max-width: 225px) 100vw, 225px\" \/><\/td>\n<td style=\"width: 48.4238%; text-align: left; vertical-align: top; height: 130px;\">\n<h4>Patricia Ulrich<\/h4>\n<p>Schmalnau<br \/>\nE-Mail: <a href=\"mailto:p.ulrich@kirche-hettenhausen.de\" target=\"_blank\" rel=\"noopener\">p.ulrich@kirche-hettenhausen.de<\/a><\/td>\n<td style=\"text-align: left; width: 59.6369%; vertical-align: top; height: 130px;\">Kinder- und Jugendarbeit<\/td>\n<\/tr>\n<tr style=\"height: 130px;\">\n<td style=\"text-align: left; width: 13.6003%; height: 136px;\"><img loading=\"lazy\" decoding=\"async\" class=\"alignnone wp-image-16874 size-medium\" src=\"https:\/\/www.kirche-hettenhausen.de\/site\/wp-content\/uploads\/2025\/11\/Ulrich-Walter_2-202x300.jpg\" alt=\"Kirchenvorstand 2025\" width=\"202\" height=\"300\" srcset=\"https:\/\/www.kirche-hettenhausen.de\/site\/wp-content\/uploads\/2025\/11\/Ulrich-Walter_2-202x300.jpg 202w, https:\/\/www.kirche-hettenhausen.de\/site\/wp-content\/uploads\/2025\/11\/Ulrich-Walter_2.jpg 269w\" sizes=\"auto, (max-width: 202px) 100vw, 202px\" \/><\/td>\n<td style=\"width: 48.4238%; text-align: left; vertical-align: top; height: 136px;\">\n<h4>Ulrich Walter<\/h4>\n<p>Poppenhausen<br \/>\nTelefon: <a href=\"tel:+4966581307\">+49 (0) 6658 1307<\/a><br \/>\nE-Mail: <a href=\"mailto:u.walter@kirche-hettenhausen.de\" target=\"_blank\" rel=\"noopener\">u.walter@kirche-hettenhausen.de<\/a><\/td>\n<td style=\"text-align: left; width: 59.6369%; vertical-align: top; height: 136px;\">Bau<\/td>\n<\/tr>\n<tr style=\"height: 154px;\">\n<td style=\"text-align: left; width: 13.6003%; height: 154px;\"><img loading=\"lazy\" decoding=\"async\" class=\"alignnone wp-image-9351 size-full\" src=\"https:\/\/www.kirche-hettenhausen.de\/site\/wp-content\/uploads\/2021\/06\/KV_Zinn_Franziska-2.jpg\" alt=\"Kirchenvorstand Franziska Zinn\" width=\"107\" height=\"160\" \/><\/td>\n<td style=\"width: 48.4238%; text-align: left; vertical-align: top; height: 154px;\">\n<h4>Franziska Zinn<\/h4>\n<p>Dalherda<br \/>\nTelefon: <a href=\"tel:+496656911733\">+49 (0) 6656 911733<\/a><br \/>\nE-Mail: <a href=\"mailto:f.zinn@kirche-hettenhausen.de\" target=\"_blank\" rel=\"noopener\">f.zinn@kirche-hettenhausen.de<\/a><\/td>\n<td style=\"text-align: left; width: 59.6369%; vertical-align: top; height: 154px;\">Bau | Finanzen<strong><br \/>\n<\/strong><\/td>\n<\/tr>\n<\/tbody>\n<\/table>\n<table style=\"border-collapse: collapse; width: 100%;\">\n<tbody>\n<tr style=\"height: 35px;\">\n<td style=\"text-align: left; width: 53.3369%; height: 38px;\">\n<h3><span style=\"color: #db1385;\">Kirchen\u00e4lteste<\/span><\/h3>\n<h4>Reinhold Gebhardt<br \/>\nHeidi Lamp<br \/>\nMartin Schleicher<br \/>\nGernot Schleitzer<\/h4>\n<\/td>\n<\/tr>\n<tr>\n<td style=\"text-align: left; width: 53.3369%;\">\n<h3><span style=\"color: #db1385;\">Ehrenmitglieder<\/span><\/h3>\n<h4>Heidrun Kirchner<br \/>\nWaltraud K\u00fcmmel<\/h4>\n<\/td>\n<\/tr>\n<\/tbody>\n<\/table>\n<p>Was hat ein Kirchenvorstand eigentlich zu tun?\u00a0Ulrike Joachimi vom Referat Gemeindeentwicklung und Missionarische Dienste der EKKW und Beauftragte f\u00fcr die Kirchenvorstandswahl 2025, hat Antworten auf 10 Fragen:<\/p>\n<p><strong><a href=\"https:\/\/www.ekkw.de\/service\/kv-wahl-2025\/kandidaten-\/-kandidatinnen-finden\/alles-umsonst-hoffentlich-nicht\" target=\"_blank\" rel=\"noopener\">EKKW Website: Alles umsonst? Hoffentlich nicht<\/a><\/strong><\/p>\n<p><strong><a href=\"https:\/\/www.ekkw.de\/service\/kirchenvorstand\" target=\"_blank\" rel=\"noopener\">EKKW Website: Kirchenvorstand<\/a><\/strong><\/p>\n<p><strong><a href=\"https:\/\/www.kirche-hettenhausen.de\/site\/wp-content\/uploads\/2025\/05\/kv_handbuch2007.pdf\" target=\"_blank\" rel=\"noopener\">kv_handbuch2007<\/a><\/strong><\/p>\n<p>&nbsp;<\/p>\n<div id=\"attachment_17191\" style=\"width: 810px\" class=\"wp-caption alignnone\"><a href=\"https:\/\/www.kirche-hettenhausen.de\/site\/wp-content\/uploads\/2026\/01\/Kirchenvorstand-2025_2.jpg\"><img loading=\"lazy\" decoding=\"async\" aria-describedby=\"caption-attachment-17191\" class=\"wp-image-17191 size-full\" src=\"https:\/\/www.kirche-hettenhausen.de\/site\/wp-content\/uploads\/2026\/01\/Kirchenvorstand-2025_2.jpg\" alt=\"Einf\u00fchrung KV 2025\" width=\"800\" height=\"450\" srcset=\"https:\/\/www.kirche-hettenhausen.de\/site\/wp-content\/uploads\/2026\/01\/Kirchenvorstand-2025_2.jpg 800w, https:\/\/www.kirche-hettenhausen.de\/site\/wp-content\/uploads\/2026\/01\/Kirchenvorstand-2025_2-300x169.jpg 300w, https:\/\/www.kirche-hettenhausen.de\/site\/wp-content\/uploads\/2026\/01\/Kirchenvorstand-2025_2-768x432.jpg 768w\" sizes=\"auto, (max-width: 800px) 100vw, 800px\" \/><\/a><p id=\"caption-attachment-17191\" class=\"wp-caption-text\">Einf\u00fchrung des Kirchenvorstandes am 30. November 2025 (im Foto fehlt Elisabeth Mohr)<\/p><\/div>\n<p>&nbsp;<\/p>\n<div id=\"attachment_6339\" style=\"width: 458px\" class=\"wp-caption aligncenter\"><img loading=\"lazy\" decoding=\"async\" aria-describedby=\"caption-attachment-6339\" class=\"wp-image-6339\" src=\"https:\/\/www.kirche-hettenhausen.de\/site\/wp-content\/uploads\/2020\/11\/DSC09078-1024x685.jpg\" alt=\"Einweihungsgottesdienst Adam-Eifert-Orgel\" width=\"448\" height=\"300\" srcset=\"https:\/\/www.kirche-hettenhausen.de\/site\/wp-content\/uploads\/2020\/11\/DSC09078-1024x685.jpg 1024w, https:\/\/www.kirche-hettenhausen.de\/site\/wp-content\/uploads\/2020\/11\/DSC09078-300x201.jpg 300w, https:\/\/www.kirche-hettenhausen.de\/site\/wp-content\/uploads\/2020\/11\/DSC09078-768x514.jpg 768w, https:\/\/www.kirche-hettenhausen.de\/site\/wp-content\/uploads\/2020\/11\/DSC09078-1536x1027.jpg 1536w, https:\/\/www.kirche-hettenhausen.de\/site\/wp-content\/uploads\/2020\/11\/DSC09078.jpg 1697w\" sizes=\"auto, (max-width: 448px) 100vw, 448px\" \/><p id=\"caption-attachment-6339\" class=\"wp-caption-text\">Der Kirchenvorstand zur Einf\u00fchrung von Pfr. Jonas Schindelmann am 1. November 2020<\/p><\/div>\n<p>&nbsp;<\/p>\n<div id=\"attachment_2755\" style=\"width: 458px\" class=\"wp-caption aligncenter\"><img loading=\"lazy\" decoding=\"async\" aria-describedby=\"caption-attachment-2755\" class=\"wp-image-2755 size-full\" src=\"https:\/\/www.kirche-hettenhausen.de\/site\/wp-content\/uploads\/2019\/06\/DSC05030_1.jpg\" alt=\"Bischof Martin Hein\" width=\"448\" height=\"299\" srcset=\"https:\/\/www.kirche-hettenhausen.de\/site\/wp-content\/uploads\/2019\/06\/DSC05030_1.jpg 448w, https:\/\/www.kirche-hettenhausen.de\/site\/wp-content\/uploads\/2019\/06\/DSC05030_1-300x200.jpg 300w\" sizes=\"auto, (max-width: 448px) 100vw, 448px\" \/><p id=\"caption-attachment-2755\" class=\"wp-caption-text\">Der Kirchenvorstand mit Bischof Martin Hein im Juni 2019<\/p><\/div>\n<p>&nbsp;<\/p>\n<p>&nbsp;<\/p>\n<div id=\"attachment_3341\" style=\"width: 458px\" class=\"wp-caption aligncenter\"><img loading=\"lazy\" decoding=\"async\" aria-describedby=\"caption-attachment-3341\" class=\"wp-image-3341\" src=\"https:\/\/www.www.kirche-hettenhausen.de\/site\/wp-content\/uploads\/2019\/10\/DSC07293-1024x683.jpg\" alt=\"Kirchenvorstand\" width=\"448\" height=\"299\" srcset=\"https:\/\/www.kirche-hettenhausen.de\/site\/wp-content\/uploads\/2019\/10\/DSC07293-1024x683.jpg 1024w, https:\/\/www.kirche-hettenhausen.de\/site\/wp-content\/uploads\/2019\/10\/DSC07293-300x200.jpg 300w, https:\/\/www.kirche-hettenhausen.de\/site\/wp-content\/uploads\/2019\/10\/DSC07293-768x512.jpg 768w\" sizes=\"auto, (max-width: 448px) 100vw, 448px\" \/><p id=\"caption-attachment-3341\" class=\"wp-caption-text\">Einf\u00fchrung des Kirchenvorstandes 2019 unter Pfr. Gottfried M\u00fcller +<\/p><\/div>\n<p>&nbsp;<\/p>\n<div id=\"attachment_460\" style=\"width: 458px\" class=\"wp-caption aligncenter\"><img loading=\"lazy\" decoding=\"async\" aria-describedby=\"caption-attachment-460\" class=\"wp-image-460\" src=\"https:\/\/www.www.kirche-hettenhausen.de\/site\/wp-content\/uploads\/2015\/02\/PICT0209-1024x681.jpg\" alt=\"\" width=\"448\" height=\"298\" srcset=\"https:\/\/www.kirche-hettenhausen.de\/site\/wp-content\/uploads\/2015\/02\/PICT0209-1024x681.jpg 1024w, https:\/\/www.kirche-hettenhausen.de\/site\/wp-content\/uploads\/2015\/02\/PICT0209-300x199.jpg 300w\" sizes=\"auto, (max-width: 448px) 100vw, 448px\" \/><p id=\"caption-attachment-460\" class=\"wp-caption-text\">Einf\u00fchrung des Kirchenvorstandes 2013 unter Pfr. Dieter Dersch<\/p><\/div>\n<p>&nbsp;<\/p>\n<p>&nbsp;<\/p>\n","protected":false},"excerpt":{"rendered":"<p>&#8222;Die Mitglieder des Kirchenvorstandes leiten in gemeinsamer Verantwortung mit den Pfarrerinnen und Pfarrern die Gemeinde. Sie sollen in der Teilnahme am kirchlichen Leben, in der Mitarbeit an den Aufgaben der Gemeinde und in ihrer eigenen Lebensf\u00fchrung den Gemeindegliedern ein Vorbild sein, sie zu lebendiger und tatkr\u00e4ftiger Mitarbeit f\u00fchren und f\u00fcr neue Aufgaben zur\u00fcsten.&#8220; (Grundordnung der [&hellip;]<\/p>\n","protected":false},"author":2,"featured_media":8177,"parent":27,"menu_order":20,"comment_status":"closed","ping_status":"open","template":"","meta":{"footnotes":""},"class_list":["post-298","page","type-page","status-publish","has-post-thumbnail","hentry"],"yoast_head":"<!-- This site is optimized with the Yoast SEO plugin v27.6 - https:\/\/yoast.com\/product\/yoast-seo-wordpress\/ -->\n<title>Kirchenvorstand - Ev.-luth. Kirchengemeinde Hettenhausen - Dalherda<\/title>\n<meta name=\"description\" content=\"Ev.-luth. Kirchengemeinde Hettenhausen - Dalherda - Kirchenvorstand\" \/>\n<meta name=\"robots\" content=\"index, follow, max-snippet:-1, max-image-preview:large, max-video-preview:-1\" \/>\n<link rel=\"canonical\" href=\"https:\/\/www.kirche-hettenhausen.de\/site\/kontakt\/kirchenvorstand\/\" \/>\n<meta property=\"og:locale\" content=\"de_DE\" \/>\n<meta property=\"og:type\" content=\"article\" \/>\n<meta property=\"og:title\" content=\"Kirchenvorstand - Ev.-luth. Kirchengemeinde Hettenhausen - Dalherda\" \/>\n<meta property=\"og:description\" content=\"Ev.-luth. Kirchengemeinde Hettenhausen - Dalherda - Kirchenvorstand\" \/>\n<meta property=\"og:url\" content=\"https:\/\/www.kirche-hettenhausen.de\/site\/kontakt\/kirchenvorstand\/\" \/>\n<meta property=\"og:site_name\" content=\"Ev.-luth. Kirchengemeinde Hettenhausen - Dalherda\" \/>\n<meta property=\"article:modified_time\" content=\"2026-01-25T09:32:08+00:00\" \/>\n<meta property=\"og:image\" content=\"https:\/\/www.kirche-hettenhausen.de\/site\/wp-content\/uploads\/2021\/03\/Pfarramt-300x300-1.png\" \/>\n\t<meta property=\"og:image:width\" content=\"300\" \/>\n\t<meta property=\"og:image:height\" content=\"300\" \/>\n\t<meta property=\"og:image:type\" content=\"image\/png\" \/>\n<meta name=\"twitter:card\" content=\"summary_large_image\" \/>\n<meta name=\"twitter:label1\" content=\"Gesch\u00e4tzte Lesezeit\" \/>\n\t<meta name=\"twitter:data1\" content=\"5\u00a0Minuten\" \/>\n<script type=\"application\/ld+json\" class=\"yoast-schema-graph\">{\"@context\":\"https:\\\/\\\/schema.org\",\"@graph\":[{\"@type\":\"WebPage\",\"@id\":\"https:\\\/\\\/www.kirche-hettenhausen.de\\\/site\\\/kontakt\\\/kirchenvorstand\\\/\",\"url\":\"https:\\\/\\\/www.kirche-hettenhausen.de\\\/site\\\/kontakt\\\/kirchenvorstand\\\/\",\"name\":\"Kirchenvorstand - Ev.-luth. Kirchengemeinde Hettenhausen - Dalherda\",\"isPartOf\":{\"@id\":\"https:\\\/\\\/www.kirche-hettenhausen.de\\\/site\\\/#website\"},\"primaryImageOfPage\":{\"@id\":\"https:\\\/\\\/www.kirche-hettenhausen.de\\\/site\\\/kontakt\\\/kirchenvorstand\\\/#primaryimage\"},\"image\":{\"@id\":\"https:\\\/\\\/www.kirche-hettenhausen.de\\\/site\\\/kontakt\\\/kirchenvorstand\\\/#primaryimage\"},\"thumbnailUrl\":\"https:\\\/\\\/www.kirche-hettenhausen.de\\\/site\\\/wp-content\\\/uploads\\\/2021\\\/03\\\/Pfarramt-300x300-1.png\",\"datePublished\":\"2014-12-07T21:05:59+00:00\",\"dateModified\":\"2026-01-25T09:32:08+00:00\",\"description\":\"Ev.-luth. Kirchengemeinde Hettenhausen - Dalherda - Kirchenvorstand\",\"breadcrumb\":{\"@id\":\"https:\\\/\\\/www.kirche-hettenhausen.de\\\/site\\\/kontakt\\\/kirchenvorstand\\\/#breadcrumb\"},\"inLanguage\":\"de\",\"potentialAction\":[{\"@type\":\"ReadAction\",\"target\":[\"https:\\\/\\\/www.kirche-hettenhausen.de\\\/site\\\/kontakt\\\/kirchenvorstand\\\/\"]}]},{\"@type\":\"ImageObject\",\"inLanguage\":\"de\",\"@id\":\"https:\\\/\\\/www.kirche-hettenhausen.de\\\/site\\\/kontakt\\\/kirchenvorstand\\\/#primaryimage\",\"url\":\"https:\\\/\\\/www.kirche-hettenhausen.de\\\/site\\\/wp-content\\\/uploads\\\/2021\\\/03\\\/Pfarramt-300x300-1.png\",\"contentUrl\":\"https:\\\/\\\/www.kirche-hettenhausen.de\\\/site\\\/wp-content\\\/uploads\\\/2021\\\/03\\\/Pfarramt-300x300-1.png\",\"width\":300,\"height\":300},{\"@type\":\"BreadcrumbList\",\"@id\":\"https:\\\/\\\/www.kirche-hettenhausen.de\\\/site\\\/kontakt\\\/kirchenvorstand\\\/#breadcrumb\",\"itemListElement\":[{\"@type\":\"ListItem\",\"position\":1,\"name\":\"Startseite\",\"item\":\"https:\\\/\\\/www.kirche-hettenhausen.de\\\/site\\\/\"},{\"@type\":\"ListItem\",\"position\":2,\"name\":\"Kontakt\",\"item\":\"https:\\\/\\\/www.kirche-hettenhausen.de\\\/site\\\/kontakt\\\/\"},{\"@type\":\"ListItem\",\"position\":3,\"name\":\"Kirchenvorstand\"}]},{\"@type\":\"WebSite\",\"@id\":\"https:\\\/\\\/www.kirche-hettenhausen.de\\\/site\\\/#website\",\"url\":\"https:\\\/\\\/www.kirche-hettenhausen.de\\\/site\\\/\",\"name\":\"Ev.-luth. Kirchengemeinde Hettenhausen - Dalherda\",\"description\":\"Homepage der Ev.-luth. Kirchengemeinde Hettenhausen - Dalherda\",\"potentialAction\":[{\"@type\":\"SearchAction\",\"target\":{\"@type\":\"EntryPoint\",\"urlTemplate\":\"https:\\\/\\\/www.kirche-hettenhausen.de\\\/site\\\/?s={search_term_string}\"},\"query-input\":{\"@type\":\"PropertyValueSpecification\",\"valueRequired\":true,\"valueName\":\"search_term_string\"}}],\"inLanguage\":\"de\"}]}<\/script>\n<!-- \/ Yoast SEO plugin. -->","yoast_head_json":{"title":"Kirchenvorstand - Ev.-luth. Kirchengemeinde Hettenhausen - Dalherda","description":"Ev.-luth. Kirchengemeinde Hettenhausen - Dalherda - Kirchenvorstand","robots":{"index":"index","follow":"follow","max-snippet":"max-snippet:-1","max-image-preview":"max-image-preview:large","max-video-preview":"max-video-preview:-1"},"canonical":"https:\/\/www.kirche-hettenhausen.de\/site\/kontakt\/kirchenvorstand\/","og_locale":"de_DE","og_type":"article","og_title":"Kirchenvorstand - Ev.-luth. Kirchengemeinde Hettenhausen - Dalherda","og_description":"Ev.-luth. Kirchengemeinde Hettenhausen - Dalherda - Kirchenvorstand","og_url":"https:\/\/www.kirche-hettenhausen.de\/site\/kontakt\/kirchenvorstand\/","og_site_name":"Ev.-luth. Kirchengemeinde Hettenhausen - Dalherda","article_modified_time":"2026-01-25T09:32:08+00:00","og_image":[{"width":300,"height":300,"url":"https:\/\/www.kirche-hettenhausen.de\/site\/wp-content\/uploads\/2021\/03\/Pfarramt-300x300-1.png","type":"image\/png"}],"twitter_card":"summary_large_image","twitter_misc":{"Gesch\u00e4tzte Lesezeit":"5\u00a0Minuten"},"schema":{"@context":"https:\/\/schema.org","@graph":[{"@type":"WebPage","@id":"https:\/\/www.kirche-hettenhausen.de\/site\/kontakt\/kirchenvorstand\/","url":"https:\/\/www.kirche-hettenhausen.de\/site\/kontakt\/kirchenvorstand\/","name":"Kirchenvorstand - Ev.-luth. Kirchengemeinde Hettenhausen - Dalherda","isPartOf":{"@id":"https:\/\/www.kirche-hettenhausen.de\/site\/#website"},"primaryImageOfPage":{"@id":"https:\/\/www.kirche-hettenhausen.de\/site\/kontakt\/kirchenvorstand\/#primaryimage"},"image":{"@id":"https:\/\/www.kirche-hettenhausen.de\/site\/kontakt\/kirchenvorstand\/#primaryimage"},"thumbnailUrl":"https:\/\/www.kirche-hettenhausen.de\/site\/wp-content\/uploads\/2021\/03\/Pfarramt-300x300-1.png","datePublished":"2014-12-07T21:05:59+00:00","dateModified":"2026-01-25T09:32:08+00:00","description":"Ev.-luth. Kirchengemeinde Hettenhausen - Dalherda - Kirchenvorstand","breadcrumb":{"@id":"https:\/\/www.kirche-hettenhausen.de\/site\/kontakt\/kirchenvorstand\/#breadcrumb"},"inLanguage":"de","potentialAction":[{"@type":"ReadAction","target":["https:\/\/www.kirche-hettenhausen.de\/site\/kontakt\/kirchenvorstand\/"]}]},{"@type":"ImageObject","inLanguage":"de","@id":"https:\/\/www.kirche-hettenhausen.de\/site\/kontakt\/kirchenvorstand\/#primaryimage","url":"https:\/\/www.kirche-hettenhausen.de\/site\/wp-content\/uploads\/2021\/03\/Pfarramt-300x300-1.png","contentUrl":"https:\/\/www.kirche-hettenhausen.de\/site\/wp-content\/uploads\/2021\/03\/Pfarramt-300x300-1.png","width":300,"height":300},{"@type":"BreadcrumbList","@id":"https:\/\/www.kirche-hettenhausen.de\/site\/kontakt\/kirchenvorstand\/#breadcrumb","itemListElement":[{"@type":"ListItem","position":1,"name":"Startseite","item":"https:\/\/www.kirche-hettenhausen.de\/site\/"},{"@type":"ListItem","position":2,"name":"Kontakt","item":"https:\/\/www.kirche-hettenhausen.de\/site\/kontakt\/"},{"@type":"ListItem","position":3,"name":"Kirchenvorstand"}]},{"@type":"WebSite","@id":"https:\/\/www.kirche-hettenhausen.de\/site\/#website","url":"https:\/\/www.kirche-hettenhausen.de\/site\/","name":"Ev.-luth. Kirchengemeinde Hettenhausen - Dalherda","description":"Homepage der Ev.-luth. Kirchengemeinde Hettenhausen - Dalherda","potentialAction":[{"@type":"SearchAction","target":{"@type":"EntryPoint","urlTemplate":"https:\/\/www.kirche-hettenhausen.de\/site\/?s={search_term_string}"},"query-input":{"@type":"PropertyValueSpecification","valueRequired":true,"valueName":"search_term_string"}}],"inLanguage":"de"}]}},"_links":{"self":[{"href":"https:\/\/www.kirche-hettenhausen.de\/site\/wp-json\/wp\/v2\/pages\/298","targetHints":{"allow":["GET"]}}],"collection":[{"href":"https:\/\/www.kirche-hettenhausen.de\/site\/wp-json\/wp\/v2\/pages"}],"about":[{"href":"https:\/\/www.kirche-hettenhausen.de\/site\/wp-json\/wp\/v2\/types\/page"}],"author":[{"embeddable":true,"href":"https:\/\/www.kirche-hettenhausen.de\/site\/wp-json\/wp\/v2\/users\/2"}],"replies":[{"embeddable":true,"href":"https:\/\/www.kirche-hettenhausen.de\/site\/wp-json\/wp\/v2\/comments?post=298"}],"version-history":[{"count":176,"href":"https:\/\/www.kirche-hettenhausen.de\/site\/wp-json\/wp\/v2\/pages\/298\/revisions"}],"predecessor-version":[{"id":17095,"href":"https:\/\/www.kirche-hettenhausen.de\/site\/wp-json\/wp\/v2\/pages\/298\/revisions\/17095"}],"up":[{"embeddable":true,"href":"https:\/\/www.kirche-hettenhausen.de\/site\/wp-json\/wp\/v2\/pages\/27"}],"wp:featuredmedia":[{"embeddable":true,"href":"https:\/\/www.kirche-hettenhausen.de\/site\/wp-json\/wp\/v2\/media\/8177"}],"wp:attachment":[{"href":"https:\/\/www.kirche-hettenhausen.de\/site\/wp-json\/wp\/v2\/media?parent=298"}],"curies":[{"name":"wp","href":"https:\/\/api.w.org\/{rel}","templated":true}]}}