{"id":294,"date":"2014-12-07T22:15:15","date_gmt":"2014-12-07T21:15:15","guid":{"rendered":"https:\/\/kirche-hettenhausen.de\/site\/?page_id=294"},"modified":"2026-04-21T13:12:05","modified_gmt":"2026-04-21T11:12:05","slug":"pfarramt","status":"publish","type":"page","link":"https:\/\/www.kirche-hettenhausen.de\/site\/kontakt\/pfarramt\/","title":{"rendered":"Pfarramt"},"content":{"rendered":"<hr \/>\n<hr \/>\n<p>Ebersberger Stra\u00dfe 11<br \/>\n36129 Gersfeld (Rh\u00f6n)-Hettenhausen<\/p>\n<p style=\"text-align: left;\">Telefon: <a href=\"tel:+496656307\" target=\"_blank\" rel=\"noopener\">+49 (0) 6656 307<\/a><br \/>\nE-Mail: <a href=\"mailto:pfarramt.hettenhausen@ekkw.de\" target=\"_blank\" rel=\"noopener\">pfarramt.hettenhausen@ekkw.de<\/a><\/p>\n<p>&nbsp;<\/p>\n<p>Vertretung:<\/p>\n<div id=\"attachment_16978\" style=\"width: 247px\" class=\"wp-caption alignnone\"><img loading=\"lazy\" decoding=\"async\" aria-describedby=\"caption-attachment-16978\" class=\"wp-image-16978 size-full\" src=\"https:\/\/www.kirche-hettenhausen.de\/site\/wp-content\/uploads\/2025\/12\/Helmut-Stradal_1.jpg\" alt=\"\" width=\"237\" height=\"300\" \/><p id=\"caption-attachment-16978\" class=\"wp-caption-text\">Pfr. Helmut Stradal, Kirchengemeinde Gersfeld<\/p><\/div>\n<p>Telefon: <a href=\"tel:+496654918933\" target=\"_blank\" rel=\"noopener\">+49 (0) 6654 918933<\/a><br \/>\nE-Mail: <a href=\"mailto:helmut.stradal@ekkw.de\" target=\"_blank\" rel=\"noopener\">helmut.stradal@ekkw.de<\/a><\/p>\n<p>&nbsp;<\/p>\n<p>Das Gemeindeb\u00fcro ist momentan krankheitsbedingt nur unregelm\u00e4\u00dfig besetzt. Ihre E-Mails werden bearbeitet. In dringenden F\u00e4llen erreichen Sie Silke Vey telefonisch unter 0171 8346038.<\/p>\n<p>Bei Trauerf\u00e4llen wenden Sie sich bitte an unsere <a href=\"https:\/\/www.kirche-hettenhausen.de\/site\/kontakt\/kirchenvorstand\/\"><strong>Kirchenvorsteherin Elisabeth Mohr<\/strong><\/a><strong>.<\/strong><\/p>\n<p>Vielen Dank f\u00fcr Ihr Verst\u00e4ndnis.<\/p>\n<p>&nbsp;<\/p>\n<div id=\"wp_osm_\" class=\"wp_osm\" style=\"width: 100%; height: 250px\" data-lon=\"6524880\" data-lat=\"1092540\" data-zoom=\"17\">\r\n\r\n\t<div class=\"ol-popup\">\r\n\r\n\t    <a href=\"#\" class=\"ol-popup-closer\"><\/a>\r\n\r\n\t    <div class=\"popup-content\"><\/div>\r\n\r\n\t<\/div>\r\n\r\n\t<div class=\"marker\" data-icon=\"https:\/\/kirche-hettenhausen.de\/site\/wp-content\/plugins\/wp-open-street-map\/images\/markers\/marker.png\" data-lon=\"1092560\" data-lat=\"6524890\" data-name=\"Pfarramt\/Gemeindeb\u00fcro\" data-description=\"Pfarramt\/Gemeindeb\u00fcro\"><\/div>\r\n<\/div>\n","protected":false},"excerpt":{"rendered":"<p>Ebersberger Stra\u00dfe 11 36129 Gersfeld (Rh\u00f6n)-Hettenhausen Telefon: +49 (0) 6656 307 E-Mail: pfarramt.hettenhausen@ekkw.de &nbsp; Vertretung: Telefon: +49 (0) 6654 918933 E-Mail: helmut.stradal@ekkw.de &nbsp; Das Gemeindeb\u00fcro ist momentan krankheitsbedingt nur unregelm\u00e4\u00dfig besetzt. Ihre E-Mails werden bearbeitet. In dringenden F\u00e4llen erreichen Sie Silke Vey telefonisch unter 0171 8346038. Bei Trauerf\u00e4llen wenden Sie sich bitte an unsere Kirchenvorsteherin [&hellip;]<\/p>\n","protected":false},"author":2,"featured_media":8177,"parent":27,"menu_order":10,"comment_status":"closed","ping_status":"open","template":"","meta":{"footnotes":""},"class_list":["post-294","page","type-page","status-publish","has-post-thumbnail","hentry"],"yoast_head":"<!-- This site is optimized with the Yoast SEO plugin v27.5 - https:\/\/yoast.com\/product\/yoast-seo-wordpress\/ -->\n<title>Pfarramt - Ev.-luth. Kirchengemeinde Hettenhausen - Dalherda<\/title>\n<meta name=\"robots\" content=\"index, follow, max-snippet:-1, max-image-preview:large, max-video-preview:-1\" \/>\n<link rel=\"canonical\" href=\"https:\/\/www.kirche-hettenhausen.de\/site\/kontakt\/pfarramt\/\" \/>\n<meta property=\"og:locale\" content=\"de_DE\" \/>\n<meta property=\"og:type\" content=\"article\" \/>\n<meta property=\"og:title\" content=\"Pfarramt - Ev.-luth. Kirchengemeinde Hettenhausen - Dalherda\" \/>\n<meta property=\"og:description\" content=\"Ebersberger Stra\u00dfe 11 36129 Gersfeld (Rh\u00f6n)-Hettenhausen Telefon: +49 (0) 6656 307 E-Mail: pfarramt.hettenhausen@ekkw.de &nbsp; Vertretung: Telefon: +49 (0) 6654 918933 E-Mail: helmut.stradal@ekkw.de &nbsp; Das Gemeindeb\u00fcro ist momentan krankheitsbedingt nur unregelm\u00e4\u00dfig besetzt. Ihre E-Mails werden bearbeitet. In dringenden F\u00e4llen erreichen Sie Silke Vey telefonisch unter 0171 8346038. Bei Trauerf\u00e4llen wenden Sie sich bitte an unsere Kirchenvorsteherin [&hellip;]\" \/>\n<meta property=\"og:url\" content=\"https:\/\/www.kirche-hettenhausen.de\/site\/kontakt\/pfarramt\/\" \/>\n<meta property=\"og:site_name\" content=\"Ev.-luth. Kirchengemeinde Hettenhausen - Dalherda\" \/>\n<meta property=\"article:modified_time\" content=\"2026-04-21T11:12:05+00:00\" \/>\n<meta property=\"og:image\" content=\"https:\/\/www.kirche-hettenhausen.de\/site\/wp-content\/uploads\/2021\/03\/Pfarramt-300x300-1.png\" \/>\n\t<meta property=\"og:image:width\" content=\"300\" \/>\n\t<meta property=\"og:image:height\" content=\"300\" \/>\n\t<meta property=\"og:image:type\" content=\"image\/png\" \/>\n<meta name=\"twitter:card\" content=\"summary_large_image\" \/>\n<meta name=\"twitter:label1\" content=\"Gesch\u00e4tzte Lesezeit\" \/>\n\t<meta name=\"twitter:data1\" content=\"1\u00a0Minute\" \/>\n<script type=\"application\/ld+json\" class=\"yoast-schema-graph\">{\"@context\":\"https:\\\/\\\/schema.org\",\"@graph\":[{\"@type\":\"WebPage\",\"@id\":\"https:\\\/\\\/www.kirche-hettenhausen.de\\\/site\\\/kontakt\\\/pfarramt\\\/\",\"url\":\"https:\\\/\\\/www.kirche-hettenhausen.de\\\/site\\\/kontakt\\\/pfarramt\\\/\",\"name\":\"Pfarramt - Ev.-luth. Kirchengemeinde Hettenhausen - Dalherda\",\"isPartOf\":{\"@id\":\"https:\\\/\\\/www.kirche-hettenhausen.de\\\/site\\\/#website\"},\"primaryImageOfPage\":{\"@id\":\"https:\\\/\\\/www.kirche-hettenhausen.de\\\/site\\\/kontakt\\\/pfarramt\\\/#primaryimage\"},\"image\":{\"@id\":\"https:\\\/\\\/www.kirche-hettenhausen.de\\\/site\\\/kontakt\\\/pfarramt\\\/#primaryimage\"},\"thumbnailUrl\":\"https:\\\/\\\/www.kirche-hettenhausen.de\\\/site\\\/wp-content\\\/uploads\\\/2021\\\/03\\\/Pfarramt-300x300-1.png\",\"datePublished\":\"2014-12-07T21:15:15+00:00\",\"dateModified\":\"2026-04-21T11:12:05+00:00\",\"breadcrumb\":{\"@id\":\"https:\\\/\\\/www.kirche-hettenhausen.de\\\/site\\\/kontakt\\\/pfarramt\\\/#breadcrumb\"},\"inLanguage\":\"de\",\"potentialAction\":[{\"@type\":\"ReadAction\",\"target\":[\"https:\\\/\\\/www.kirche-hettenhausen.de\\\/site\\\/kontakt\\\/pfarramt\\\/\"]}]},{\"@type\":\"ImageObject\",\"inLanguage\":\"de\",\"@id\":\"https:\\\/\\\/www.kirche-hettenhausen.de\\\/site\\\/kontakt\\\/pfarramt\\\/#primaryimage\",\"url\":\"https:\\\/\\\/www.kirche-hettenhausen.de\\\/site\\\/wp-content\\\/uploads\\\/2021\\\/03\\\/Pfarramt-300x300-1.png\",\"contentUrl\":\"https:\\\/\\\/www.kirche-hettenhausen.de\\\/site\\\/wp-content\\\/uploads\\\/2021\\\/03\\\/Pfarramt-300x300-1.png\",\"width\":300,\"height\":300},{\"@type\":\"BreadcrumbList\",\"@id\":\"https:\\\/\\\/www.kirche-hettenhausen.de\\\/site\\\/kontakt\\\/pfarramt\\\/#breadcrumb\",\"itemListElement\":[{\"@type\":\"ListItem\",\"position\":1,\"name\":\"Startseite\",\"item\":\"https:\\\/\\\/www.kirche-hettenhausen.de\\\/site\\\/\"},{\"@type\":\"ListItem\",\"position\":2,\"name\":\"Kontakt\",\"item\":\"https:\\\/\\\/www.kirche-hettenhausen.de\\\/site\\\/kontakt\\\/\"},{\"@type\":\"ListItem\",\"position\":3,\"name\":\"Pfarramt\"}]},{\"@type\":\"WebSite\",\"@id\":\"https:\\\/\\\/www.kirche-hettenhausen.de\\\/site\\\/#website\",\"url\":\"https:\\\/\\\/www.kirche-hettenhausen.de\\\/site\\\/\",\"name\":\"Ev.-luth. Kirchengemeinde Hettenhausen - Dalherda\",\"description\":\"Homepage der Ev.-luth. Kirchengemeinde Hettenhausen - Dalherda\",\"potentialAction\":[{\"@type\":\"SearchAction\",\"target\":{\"@type\":\"EntryPoint\",\"urlTemplate\":\"https:\\\/\\\/www.kirche-hettenhausen.de\\\/site\\\/?s={search_term_string}\"},\"query-input\":{\"@type\":\"PropertyValueSpecification\",\"valueRequired\":true,\"valueName\":\"search_term_string\"}}],\"inLanguage\":\"de\"}]}<\/script>\n<!-- \/ Yoast SEO plugin. -->","yoast_head_json":{"title":"Pfarramt - Ev.-luth. Kirchengemeinde Hettenhausen - Dalherda","robots":{"index":"index","follow":"follow","max-snippet":"max-snippet:-1","max-image-preview":"max-image-preview:large","max-video-preview":"max-video-preview:-1"},"canonical":"https:\/\/www.kirche-hettenhausen.de\/site\/kontakt\/pfarramt\/","og_locale":"de_DE","og_type":"article","og_title":"Pfarramt - Ev.-luth. Kirchengemeinde Hettenhausen - Dalherda","og_description":"Ebersberger Stra\u00dfe 11 36129 Gersfeld (Rh\u00f6n)-Hettenhausen Telefon: +49 (0) 6656 307 E-Mail: pfarramt.hettenhausen@ekkw.de &nbsp; Vertretung: Telefon: +49 (0) 6654 918933 E-Mail: helmut.stradal@ekkw.de &nbsp; Das Gemeindeb\u00fcro ist momentan krankheitsbedingt nur unregelm\u00e4\u00dfig besetzt. Ihre E-Mails werden bearbeitet. In dringenden F\u00e4llen erreichen Sie Silke Vey telefonisch unter 0171 8346038. Bei Trauerf\u00e4llen wenden Sie sich bitte an unsere Kirchenvorsteherin [&hellip;]","og_url":"https:\/\/www.kirche-hettenhausen.de\/site\/kontakt\/pfarramt\/","og_site_name":"Ev.-luth. Kirchengemeinde Hettenhausen - Dalherda","article_modified_time":"2026-04-21T11:12:05+00:00","og_image":[{"width":300,"height":300,"url":"https:\/\/www.kirche-hettenhausen.de\/site\/wp-content\/uploads\/2021\/03\/Pfarramt-300x300-1.png","type":"image\/png"}],"twitter_card":"summary_large_image","twitter_misc":{"Gesch\u00e4tzte Lesezeit":"1\u00a0Minute"},"schema":{"@context":"https:\/\/schema.org","@graph":[{"@type":"WebPage","@id":"https:\/\/www.kirche-hettenhausen.de\/site\/kontakt\/pfarramt\/","url":"https:\/\/www.kirche-hettenhausen.de\/site\/kontakt\/pfarramt\/","name":"Pfarramt - Ev.-luth. Kirchengemeinde Hettenhausen - Dalherda","isPartOf":{"@id":"https:\/\/www.kirche-hettenhausen.de\/site\/#website"},"primaryImageOfPage":{"@id":"https:\/\/www.kirche-hettenhausen.de\/site\/kontakt\/pfarramt\/#primaryimage"},"image":{"@id":"https:\/\/www.kirche-hettenhausen.de\/site\/kontakt\/pfarramt\/#primaryimage"},"thumbnailUrl":"https:\/\/www.kirche-hettenhausen.de\/site\/wp-content\/uploads\/2021\/03\/Pfarramt-300x300-1.png","datePublished":"2014-12-07T21:15:15+00:00","dateModified":"2026-04-21T11:12:05+00:00","breadcrumb":{"@id":"https:\/\/www.kirche-hettenhausen.de\/site\/kontakt\/pfarramt\/#breadcrumb"},"inLanguage":"de","potentialAction":[{"@type":"ReadAction","target":["https:\/\/www.kirche-hettenhausen.de\/site\/kontakt\/pfarramt\/"]}]},{"@type":"ImageObject","inLanguage":"de","@id":"https:\/\/www.kirche-hettenhausen.de\/site\/kontakt\/pfarramt\/#primaryimage","url":"https:\/\/www.kirche-hettenhausen.de\/site\/wp-content\/uploads\/2021\/03\/Pfarramt-300x300-1.png","contentUrl":"https:\/\/www.kirche-hettenhausen.de\/site\/wp-content\/uploads\/2021\/03\/Pfarramt-300x300-1.png","width":300,"height":300},{"@type":"BreadcrumbList","@id":"https:\/\/www.kirche-hettenhausen.de\/site\/kontakt\/pfarramt\/#breadcrumb","itemListElement":[{"@type":"ListItem","position":1,"name":"Startseite","item":"https:\/\/www.kirche-hettenhausen.de\/site\/"},{"@type":"ListItem","position":2,"name":"Kontakt","item":"https:\/\/www.kirche-hettenhausen.de\/site\/kontakt\/"},{"@type":"ListItem","position":3,"name":"Pfarramt"}]},{"@type":"WebSite","@id":"https:\/\/www.kirche-hettenhausen.de\/site\/#website","url":"https:\/\/www.kirche-hettenhausen.de\/site\/","name":"Ev.-luth. Kirchengemeinde Hettenhausen - Dalherda","description":"Homepage der Ev.-luth. Kirchengemeinde Hettenhausen - Dalherda","potentialAction":[{"@type":"SearchAction","target":{"@type":"EntryPoint","urlTemplate":"https:\/\/www.kirche-hettenhausen.de\/site\/?s={search_term_string}"},"query-input":{"@type":"PropertyValueSpecification","valueRequired":true,"valueName":"search_term_string"}}],"inLanguage":"de"}]}},"_links":{"self":[{"href":"https:\/\/www.kirche-hettenhausen.de\/site\/wp-json\/wp\/v2\/pages\/294","targetHints":{"allow":["GET"]}}],"collection":[{"href":"https:\/\/www.kirche-hettenhausen.de\/site\/wp-json\/wp\/v2\/pages"}],"about":[{"href":"https:\/\/www.kirche-hettenhausen.de\/site\/wp-json\/wp\/v2\/types\/page"}],"author":[{"embeddable":true,"href":"https:\/\/www.kirche-hettenhausen.de\/site\/wp-json\/wp\/v2\/users\/2"}],"replies":[{"embeddable":true,"href":"https:\/\/www.kirche-hettenhausen.de\/site\/wp-json\/wp\/v2\/comments?post=294"}],"version-history":[{"count":81,"href":"https:\/\/www.kirche-hettenhausen.de\/site\/wp-json\/wp\/v2\/pages\/294\/revisions"}],"predecessor-version":[{"id":17427,"href":"https:\/\/www.kirche-hettenhausen.de\/site\/wp-json\/wp\/v2\/pages\/294\/revisions\/17427"}],"up":[{"embeddable":true,"href":"https:\/\/www.kirche-hettenhausen.de\/site\/wp-json\/wp\/v2\/pages\/27"}],"wp:featuredmedia":[{"embeddable":true,"href":"https:\/\/www.kirche-hettenhausen.de\/site\/wp-json\/wp\/v2\/media\/8177"}],"wp:attachment":[{"href":"https:\/\/www.kirche-hettenhausen.de\/site\/wp-json\/wp\/v2\/media?parent=294"}],"curies":[{"name":"wp","href":"https:\/\/api.w.org\/{rel}","templated":true}]}}