{"id":25,"date":"2013-11-25T20:41:24","date_gmt":"2013-11-25T19:41:24","guid":{"rendered":"https:\/\/kirche-hettenhausen.de\/site\/?page_id=25"},"modified":"2026-05-01T21:38:07","modified_gmt":"2026-05-01T19:38:07","slug":"gruppen","status":"publish","type":"page","link":"https:\/\/www.kirche-hettenhausen.de\/site\/engagiert-mitgestalten\/gruppen\/","title":{"rendered":"Gruppen"},"content":{"rendered":"<p>&nbsp;<\/p>\n<h2>Gruppen und Kreise der Kirchengemeinde<\/h2>\n<h4><\/h4>\n<p>&nbsp;<\/p>\n<h3><span style=\"color: #db1385;\">Besuchsdienst<br \/>\n<\/span><\/h3>\n<p>In Hettenhausen gibt es einen Kreis aus Gemeindegliedern, der Jubilare ab ihrem 70. Lebensjahr jeweils zu runden und halbrunden Geburtstagen besucht und Gr\u00fc\u00dfe der Kirchengemeinde \u00fcbermittelt.<\/p>\n<p>Informationen \u00fcber das Pfarramt<br \/>\nTelefon: <a href=\"tel:+496656307\" target=\"_blank\" rel=\"noopener\">+49 (0) 6656 307<\/a><\/p>\n<p>&nbsp;<\/p>\n<h3><span style=\"color: #db1385;\">Frauentreff<\/span><\/h3>\n<p>vierzehnt\u00e4glich donnerstags (<a href=\"https:\/\/www.kirche-hettenhausen.de\/site\/gottesdienste\/\">Termine<\/a>) im Martin-Luther-Haus<br \/>\nWer hat, bringt wie immer Spiele mit. Wer nicht spielen m\u00f6chte, kann nat\u00fcrlich auch gerne Handarbeit mitbringen oder einfach nur so zum Erz\u00e4hlen kommen.<\/p>\n<p>Ursula Mohr<br \/>\nTelefon: <a href=\"tel:+4966561306\" target=\"_blank\" rel=\"noopener\">+49 (0) 6656 1306<\/a><\/p>\n<p>&nbsp;<\/p>\n<h3><span style=\"color: #db1385;\">Homepage<\/span><\/h3>\n<p>Marion Friedrich<br \/>\nTelefon: <a href=\"tel:+4966561256\" target=\"_blank\" rel=\"noopener\">+49 (0) 6656 1256<\/a><br \/>\nMobil: <a href=\"tel:+4915115703047\" target=\"_blank\" rel=\"noopener\">+49 (0) 1511 5703047<\/a><br \/>\nE-Mail: <a href=\"mailto:m.friedrich@kirche-hettenhausen.de\" target=\"_blank\" rel=\"noopener\">m.friedrich@kirche-hettenhausen.de<\/a><\/p>\n<p>&nbsp;<\/p>\n<h3><span style=\"color: #db1385;\">IT und \u00d6ffentlichkeitsarbeit<\/span><\/h3>\n<p>Marion Friedrich<\/p>\n<p>Bettina Lindner<\/p>\n<p>Marvin Lindner<\/p>\n<p>Peter Lindner<\/p>\n<p>S\u00f6ren Scharf<\/p>\n<p>E-Mail: <a href=\"mailto:pr@kirche-hettenhausen.de\" target=\"_blank\" rel=\"noopener\">pr@kirche-hettenhausen.de<\/a><\/p>\n<p>&nbsp;<\/p>\n<h3><span style=\"color: #db1385;\">Kindergottesdienst Hettenhausen<br \/>\n<\/span><\/h3>\n<p>vierzehnt\u00e4glich sonntags, 10:30 Uhr (<a title=\"KiGo-Termine\" href=\"https:\/\/www.kirche-hettenhausen.de\/site\/gottesdienste\/\">Termine<\/a>) im Martin-Luther-Haus<\/p>\n<p>Nicole Magerhans<\/p>\n<p>Leonie Scharf<br \/>\nTelefon: <a href=\"tel:+4966566671\" target=\"_blank\" rel=\"noopener\">+49 (0) 6656 6671<\/a><br \/>\nE-Mail: <a href=\"mailto:l.scharf@kirche-hettenhausen.de\" target=\"_blank\" rel=\"noopener\">l.scharf@kirche-hettenhausen.de<\/a><\/p>\n<p>Patricia Ulrich<br \/>\nTelefon: <a href=\"tel:+496656911340\" target=\"_blank\" rel=\"noopener\">+49 (0) 6656 911340<\/a><br \/>\nMobil: <a href=\"tel:+4915150746345\" target=\"_blank\" rel=\"noopener\">+49 (0) 1515 0746345<\/a><br \/>\nE-Mail: <a href=\"mailto:p.ulrich@kirche-hettenhausen.de\" target=\"_blank\" rel=\"noopener\">p.ulrich@kirche-hettenhausen.de<\/a><\/p>\n<p>&nbsp;<\/p>\n<h3><span style=\"color: #db1385;\">Kinderkirche Dalherda<\/span><\/h3>\n<p>Kathrin Girlach<br \/>\nTelefon: <a href=\"tel:+496656918413\" target=\"_blank\" rel=\"noopener\">+49 (0) 6656 918413<\/a><br \/>\nMobil: <a href=\"tel:+4915905388821\" target=\"_blank\" rel=\"noopener\">+49 (0) 1590 5388821<\/a><\/p>\n<p>Franziska Zinn<br \/>\nTelefon: <a href=\"tel:+496656911733\" target=\"_blank\" rel=\"noopener\">+49 (0) 6656 911733<\/a><br \/>\nE-Mail: <a href=\"mailto:f.zinn@kirche-hettenhausen.de\" target=\"_blank\" rel=\"noopener\">f.zinn@kirche-hettenhausen.de<\/a><\/p>\n<p>&nbsp;<\/p>\n<h3><span style=\"color: #db1385;\">Kinderkleiderbasar<\/span><\/h3>\n<p>Informationen und Verkaufsnummern (ab 16:00 Uhr):<\/p>\n<p>Telefon: <a href=\"tel:+4966562759771\" target=\"_blank\" rel=\"noopener\">+49 (0) 6656 2759771<\/a><\/p>\n<p>&nbsp;<\/p>\n<h3><span style=\"color: #db1385;\">Kirchenchor<\/span><\/h3>\n<p>Chorproben donnerstags, 19:30 &#8211; 21:00 Uhr im Martin-Luther-Haus<br \/>\nUlrike Zitzmann<br \/>\nTelefon: <a href=\"tel:+4966565543\" target=\"_blank\" rel=\"noopener\">+49 (0) 6656 5543<\/a><\/p>\n<p>&nbsp;<\/p>\n<h3><span style=\"color: #db1385;\">Kirchen-Kurier Redaktionsteam<br \/>\n<\/span><\/h3>\n<p>Marion Friedrich<br \/>\nTelefon: <a href=\"tel:+4966561256\" target=\"_blank\" rel=\"noopener\">+49 (0) 6656 1256<\/a><br \/>\nMobil: <a href=\"tel:+4915115703047\" target=\"_blank\" rel=\"noopener\">+49 (0) 1511 5703047<\/a><br \/>\nE-Mail: <a href=\"mailto:m.friedrich@kirche-hettenhausen.de\" target=\"_blank\" rel=\"noopener\">m.friedrich@kirche-hettenhausen.de<\/a><\/p>\n<p>Bettina Lindner<br \/>\nTelefon: <a href=\"tel:+496656503627\" target=\"_blank\" rel=\"noopener\">+49 (0) 6656 503627<\/a><br \/>\nE-Mail: <a href=\"mailto:b.lindner@kirche-hettenhausen.de\" target=\"_blank\" rel=\"noopener\">b.lindner@kirche-hettenhausen.de<\/a><\/p>\n<p>Petra Sauer<br \/>\nE-Mail: <a href=\"mailto:p.sauer@kirche-hettenhausen.de\" target=\"_blank\" rel=\"noopener\">p.sauer@kirche-hettenhausen.de<\/a><\/p>\n<p>&nbsp;<\/p>\n<h3><span style=\"color: #db1385;\">Krabbelgruppe Dalherda<\/span><\/h3>\n<p>Kristina Birkholz<br \/>\nTelefon: <a href=\"tel:+4966565059777\" target=\"_blank\" rel=\"noopener\">+49 (0) 6656 5059777<\/a><\/p>\n<p>&nbsp;<\/p>\n<h3><span style=\"color: #db1385;\">Krabbeltreff Hettenhausen<\/span><\/h3>\n<p>Der Krabbeltreff startet wieder neu am 14. Januar 2025, immer dienstags um 10:00 Uhr im Martin-Luther-Haus. Alle Eltern mit Babys und Kleinkindern von 0 bis 2 Jahren sind herzlich willkommen!<\/p>\n<p>Wenn ihr mit eurem Kind Kontakt zu anderen Eltern und Kindern sucht, f\u00fcr Gespr\u00e4che, zum Spielen usw., seid ihr hier genau richtig. Schaut einfach mal vorbei!<\/p>\n<p>Marie Schmitt<br \/>\nMobil: <a href=\"tel:+4917694960011\" target=\"_blank\" rel=\"noopener\">+49 (0) 176 94960011<\/a><\/p>\n<p>&nbsp;<\/p>\n<h3><span style=\"color: #db1385;\">Kreis f\u00fcr Gemeindearbeit<\/span><\/h3>\n<p>Der Kreis f\u00fcr Gemeindearbeit ist ein Zusammenschluss von Menschen, die Freude daran haben, durch kreative Aktionen, Impulse und Veranstaltungen die Gemeinde mit Leben zu f\u00fcllen.<\/p>\n<p>Eva Gro\u00df<br \/>\nTelefon: <a href=\"tel:+4966566005\" target=\"_blank\" rel=\"noopener\">+49 (0) 6656 6005<\/a><\/p>\n<p>&nbsp;<\/p>\n<h3><span style=\"color: #db1385;\">Pfadfinder &#8222;Stamm Gottfried von Ebersberg&#8220;<br \/>\n<\/span><\/h3>\n<p><a href=\"https:\/\/www.vcp-hettenhausen.de\/\" target=\"_blank\" rel=\"noopener noreferrer\">vcp-hettenhausen.de<\/a><br \/>\nE-Mail: <a href=\"mailto:info@vcp-hettenhausen.de\" target=\"_blank\" rel=\"noopener\">info@vcp-hettenhausen.de<\/a><\/p>\n<p>&nbsp;<\/p>\n<h3><span style=\"color: #db1385;\">Quellenkinder ab 4 Jahre (mit W\u00f6lflingen)<\/span><\/h3>\n<p>montags<br \/>\nMartin-Luther-Haus<br \/>\n<a href=\"https:\/\/www.vcp-hettenhausen.de\/\" target=\"_blank\" rel=\"noopener noreferrer\">vcp-hettenhausen.de<\/a><br \/>\nE-Mail: <a href=\"mailto:info@vcp-hettenhausen.de\" target=\"_blank\" rel=\"noopener\">info@vcp-hettenhausen.de<\/a><\/p>\n<p>&nbsp;<\/p>\n<h3><span style=\"color: #db1385;\">Seniorentreff Dalherda<\/span><\/h3>\n<p>Der Seniorentreff wird gemeinsam vom Ortsbeirat Dalherda und unserer Kirchengemeinde organisiert.<\/p>\n<p>Rolf Banik<br \/>\nTelefon: <a href=\"tel:+4966561596\" target=\"_blank\" rel=\"noopener\">+49 (0) 6656 1596<\/a><\/p>\n<p>Franziska Zinn<br \/>\nTelefon: <a href=\"tel:+496656911733\" target=\"_blank\" rel=\"noopener\">+49 (0) 6656 911733<\/a><br \/>\nE-Mail: <a href=\"mailto:f.zinn@kirche-hettenhausen.de\" target=\"_blank\" rel=\"noopener\">f.zinn@kirche-hettenhausen.de<\/a><\/p>\n<p>Ralf Zinn<br \/>\nTelefon: <a href=\"tel:+496656911733\" target=\"_blank\" rel=\"noopener\">+49 (0) 6656 911733<\/a><\/p>\n","protected":false},"excerpt":{"rendered":"<p>&nbsp; Gruppen und Kreise der Kirchengemeinde &nbsp; Besuchsdienst In Hettenhausen gibt es einen Kreis aus Gemeindegliedern, der Jubilare ab ihrem 70. Lebensjahr jeweils zu runden und halbrunden Geburtstagen besucht und Gr\u00fc\u00dfe der Kirchengemeinde \u00fcbermittelt. Informationen \u00fcber das Pfarramt Telefon: +49 (0) 6656 307 &nbsp; Frauentreff vierzehnt\u00e4glich donnerstags (Termine) im Martin-Luther-Haus Wer hat, bringt wie immer [&hellip;]<\/p>\n","protected":false},"author":1,"featured_media":7680,"parent":1758,"menu_order":10,"comment_status":"closed","ping_status":"closed","template":"","meta":{"footnotes":""},"class_list":["post-25","page","type-page","status-publish","has-post-thumbnail","hentry"],"yoast_head":"<!-- This site is optimized with the Yoast SEO plugin v27.5 - https:\/\/yoast.com\/product\/yoast-seo-wordpress\/ -->\n<title>Gruppen - Ev.-luth. Kirchengemeinde Hettenhausen - Dalherda<\/title>\n<meta name=\"description\" content=\"Ev.-luth. Kirchengemeinde Hettenhausen - Dalherda - Gruppen\" \/>\n<meta name=\"robots\" content=\"index, follow, max-snippet:-1, max-image-preview:large, max-video-preview:-1\" \/>\n<link rel=\"canonical\" href=\"https:\/\/www.kirche-hettenhausen.de\/site\/engagiert-mitgestalten\/gruppen\/\" \/>\n<meta property=\"og:locale\" content=\"de_DE\" \/>\n<meta property=\"og:type\" content=\"article\" \/>\n<meta property=\"og:title\" content=\"Gruppen - Ev.-luth. Kirchengemeinde Hettenhausen - Dalherda\" \/>\n<meta property=\"og:description\" content=\"Ev.-luth. Kirchengemeinde Hettenhausen - Dalherda - Gruppen\" \/>\n<meta property=\"og:url\" content=\"https:\/\/www.kirche-hettenhausen.de\/site\/engagiert-mitgestalten\/gruppen\/\" \/>\n<meta property=\"og:site_name\" content=\"Ev.-luth. Kirchengemeinde Hettenhausen - Dalherda\" \/>\n<meta property=\"article:modified_time\" content=\"2026-05-01T19:38:07+00:00\" \/>\n<meta property=\"og:image\" content=\"https:\/\/www.kirche-hettenhausen.de\/site\/wp-content\/uploads\/2021\/02\/59659_bibelkreis_rgb.jpg\" \/>\n\t<meta property=\"og:image:width\" content=\"1012\" \/>\n\t<meta property=\"og:image:height\" content=\"696\" \/>\n\t<meta property=\"og:image:type\" content=\"image\/jpeg\" \/>\n<meta name=\"twitter:card\" content=\"summary_large_image\" \/>\n<meta name=\"twitter:label1\" content=\"Gesch\u00e4tzte Lesezeit\" \/>\n\t<meta name=\"twitter:data1\" content=\"3\u00a0Minuten\" \/>\n<script type=\"application\/ld+json\" class=\"yoast-schema-graph\">{\"@context\":\"https:\\\/\\\/schema.org\",\"@graph\":[{\"@type\":\"WebPage\",\"@id\":\"https:\\\/\\\/www.kirche-hettenhausen.de\\\/site\\\/engagiert-mitgestalten\\\/gruppen\\\/\",\"url\":\"https:\\\/\\\/www.kirche-hettenhausen.de\\\/site\\\/engagiert-mitgestalten\\\/gruppen\\\/\",\"name\":\"Gruppen - Ev.-luth. Kirchengemeinde Hettenhausen - Dalherda\",\"isPartOf\":{\"@id\":\"https:\\\/\\\/www.kirche-hettenhausen.de\\\/site\\\/#website\"},\"primaryImageOfPage\":{\"@id\":\"https:\\\/\\\/www.kirche-hettenhausen.de\\\/site\\\/engagiert-mitgestalten\\\/gruppen\\\/#primaryimage\"},\"image\":{\"@id\":\"https:\\\/\\\/www.kirche-hettenhausen.de\\\/site\\\/engagiert-mitgestalten\\\/gruppen\\\/#primaryimage\"},\"thumbnailUrl\":\"https:\\\/\\\/www.kirche-hettenhausen.de\\\/site\\\/wp-content\\\/uploads\\\/2021\\\/02\\\/59659_bibelkreis_rgb.jpg\",\"datePublished\":\"2013-11-25T19:41:24+00:00\",\"dateModified\":\"2026-05-01T19:38:07+00:00\",\"description\":\"Ev.-luth. Kirchengemeinde Hettenhausen - Dalherda - Gruppen\",\"breadcrumb\":{\"@id\":\"https:\\\/\\\/www.kirche-hettenhausen.de\\\/site\\\/engagiert-mitgestalten\\\/gruppen\\\/#breadcrumb\"},\"inLanguage\":\"de\",\"potentialAction\":[{\"@type\":\"ReadAction\",\"target\":[\"https:\\\/\\\/www.kirche-hettenhausen.de\\\/site\\\/engagiert-mitgestalten\\\/gruppen\\\/\"]}]},{\"@type\":\"ImageObject\",\"inLanguage\":\"de\",\"@id\":\"https:\\\/\\\/www.kirche-hettenhausen.de\\\/site\\\/engagiert-mitgestalten\\\/gruppen\\\/#primaryimage\",\"url\":\"https:\\\/\\\/www.kirche-hettenhausen.de\\\/site\\\/wp-content\\\/uploads\\\/2021\\\/02\\\/59659_bibelkreis_rgb.jpg\",\"contentUrl\":\"https:\\\/\\\/www.kirche-hettenhausen.de\\\/site\\\/wp-content\\\/uploads\\\/2021\\\/02\\\/59659_bibelkreis_rgb.jpg\",\"width\":1012,\"height\":696},{\"@type\":\"BreadcrumbList\",\"@id\":\"https:\\\/\\\/www.kirche-hettenhausen.de\\\/site\\\/engagiert-mitgestalten\\\/gruppen\\\/#breadcrumb\",\"itemListElement\":[{\"@type\":\"ListItem\",\"position\":1,\"name\":\"Startseite\",\"item\":\"https:\\\/\\\/www.kirche-hettenhausen.de\\\/site\\\/\"},{\"@type\":\"ListItem\",\"position\":2,\"name\":\"engagiert! MITGESTALTEN\",\"item\":\"https:\\\/\\\/www.kirche-hettenhausen.de\\\/site\\\/engagiert-mitgestalten\\\/\"},{\"@type\":\"ListItem\",\"position\":3,\"name\":\"Gruppen\"}]},{\"@type\":\"WebSite\",\"@id\":\"https:\\\/\\\/www.kirche-hettenhausen.de\\\/site\\\/#website\",\"url\":\"https:\\\/\\\/www.kirche-hettenhausen.de\\\/site\\\/\",\"name\":\"Ev.-luth. Kirchengemeinde Hettenhausen - Dalherda\",\"description\":\"Homepage der Ev.-luth. Kirchengemeinde Hettenhausen - Dalherda\",\"potentialAction\":[{\"@type\":\"SearchAction\",\"target\":{\"@type\":\"EntryPoint\",\"urlTemplate\":\"https:\\\/\\\/www.kirche-hettenhausen.de\\\/site\\\/?s={search_term_string}\"},\"query-input\":{\"@type\":\"PropertyValueSpecification\",\"valueRequired\":true,\"valueName\":\"search_term_string\"}}],\"inLanguage\":\"de\"}]}<\/script>\n<!-- \/ Yoast SEO plugin. -->","yoast_head_json":{"title":"Gruppen - Ev.-luth. Kirchengemeinde Hettenhausen - Dalherda","description":"Ev.-luth. Kirchengemeinde Hettenhausen - Dalherda - Gruppen","robots":{"index":"index","follow":"follow","max-snippet":"max-snippet:-1","max-image-preview":"max-image-preview:large","max-video-preview":"max-video-preview:-1"},"canonical":"https:\/\/www.kirche-hettenhausen.de\/site\/engagiert-mitgestalten\/gruppen\/","og_locale":"de_DE","og_type":"article","og_title":"Gruppen - Ev.-luth. Kirchengemeinde Hettenhausen - Dalherda","og_description":"Ev.-luth. Kirchengemeinde Hettenhausen - Dalherda - Gruppen","og_url":"https:\/\/www.kirche-hettenhausen.de\/site\/engagiert-mitgestalten\/gruppen\/","og_site_name":"Ev.-luth. Kirchengemeinde Hettenhausen - Dalherda","article_modified_time":"2026-05-01T19:38:07+00:00","og_image":[{"width":1012,"height":696,"url":"https:\/\/www.kirche-hettenhausen.de\/site\/wp-content\/uploads\/2021\/02\/59659_bibelkreis_rgb.jpg","type":"image\/jpeg"}],"twitter_card":"summary_large_image","twitter_misc":{"Gesch\u00e4tzte Lesezeit":"3\u00a0Minuten"},"schema":{"@context":"https:\/\/schema.org","@graph":[{"@type":"WebPage","@id":"https:\/\/www.kirche-hettenhausen.de\/site\/engagiert-mitgestalten\/gruppen\/","url":"https:\/\/www.kirche-hettenhausen.de\/site\/engagiert-mitgestalten\/gruppen\/","name":"Gruppen - Ev.-luth. Kirchengemeinde Hettenhausen - Dalherda","isPartOf":{"@id":"https:\/\/www.kirche-hettenhausen.de\/site\/#website"},"primaryImageOfPage":{"@id":"https:\/\/www.kirche-hettenhausen.de\/site\/engagiert-mitgestalten\/gruppen\/#primaryimage"},"image":{"@id":"https:\/\/www.kirche-hettenhausen.de\/site\/engagiert-mitgestalten\/gruppen\/#primaryimage"},"thumbnailUrl":"https:\/\/www.kirche-hettenhausen.de\/site\/wp-content\/uploads\/2021\/02\/59659_bibelkreis_rgb.jpg","datePublished":"2013-11-25T19:41:24+00:00","dateModified":"2026-05-01T19:38:07+00:00","description":"Ev.-luth. Kirchengemeinde Hettenhausen - Dalherda - Gruppen","breadcrumb":{"@id":"https:\/\/www.kirche-hettenhausen.de\/site\/engagiert-mitgestalten\/gruppen\/#breadcrumb"},"inLanguage":"de","potentialAction":[{"@type":"ReadAction","target":["https:\/\/www.kirche-hettenhausen.de\/site\/engagiert-mitgestalten\/gruppen\/"]}]},{"@type":"ImageObject","inLanguage":"de","@id":"https:\/\/www.kirche-hettenhausen.de\/site\/engagiert-mitgestalten\/gruppen\/#primaryimage","url":"https:\/\/www.kirche-hettenhausen.de\/site\/wp-content\/uploads\/2021\/02\/59659_bibelkreis_rgb.jpg","contentUrl":"https:\/\/www.kirche-hettenhausen.de\/site\/wp-content\/uploads\/2021\/02\/59659_bibelkreis_rgb.jpg","width":1012,"height":696},{"@type":"BreadcrumbList","@id":"https:\/\/www.kirche-hettenhausen.de\/site\/engagiert-mitgestalten\/gruppen\/#breadcrumb","itemListElement":[{"@type":"ListItem","position":1,"name":"Startseite","item":"https:\/\/www.kirche-hettenhausen.de\/site\/"},{"@type":"ListItem","position":2,"name":"engagiert! MITGESTALTEN","item":"https:\/\/www.kirche-hettenhausen.de\/site\/engagiert-mitgestalten\/"},{"@type":"ListItem","position":3,"name":"Gruppen"}]},{"@type":"WebSite","@id":"https:\/\/www.kirche-hettenhausen.de\/site\/#website","url":"https:\/\/www.kirche-hettenhausen.de\/site\/","name":"Ev.-luth. Kirchengemeinde Hettenhausen - Dalherda","description":"Homepage der Ev.-luth. Kirchengemeinde Hettenhausen - Dalherda","potentialAction":[{"@type":"SearchAction","target":{"@type":"EntryPoint","urlTemplate":"https:\/\/www.kirche-hettenhausen.de\/site\/?s={search_term_string}"},"query-input":{"@type":"PropertyValueSpecification","valueRequired":true,"valueName":"search_term_string"}}],"inLanguage":"de"}]}},"_links":{"self":[{"href":"https:\/\/www.kirche-hettenhausen.de\/site\/wp-json\/wp\/v2\/pages\/25","targetHints":{"allow":["GET"]}}],"collection":[{"href":"https:\/\/www.kirche-hettenhausen.de\/site\/wp-json\/wp\/v2\/pages"}],"about":[{"href":"https:\/\/www.kirche-hettenhausen.de\/site\/wp-json\/wp\/v2\/types\/page"}],"author":[{"embeddable":true,"href":"https:\/\/www.kirche-hettenhausen.de\/site\/wp-json\/wp\/v2\/users\/1"}],"replies":[{"embeddable":true,"href":"https:\/\/www.kirche-hettenhausen.de\/site\/wp-json\/wp\/v2\/comments?post=25"}],"version-history":[{"count":132,"href":"https:\/\/www.kirche-hettenhausen.de\/site\/wp-json\/wp\/v2\/pages\/25\/revisions"}],"predecessor-version":[{"id":17454,"href":"https:\/\/www.kirche-hettenhausen.de\/site\/wp-json\/wp\/v2\/pages\/25\/revisions\/17454"}],"up":[{"embeddable":true,"href":"https:\/\/www.kirche-hettenhausen.de\/site\/wp-json\/wp\/v2\/pages\/1758"}],"wp:featuredmedia":[{"embeddable":true,"href":"https:\/\/www.kirche-hettenhausen.de\/site\/wp-json\/wp\/v2\/media\/7680"}],"wp:attachment":[{"href":"https:\/\/www.kirche-hettenhausen.de\/site\/wp-json\/wp\/v2\/media?parent=25"}],"curies":[{"name":"wp","href":"https:\/\/api.w.org\/{rel}","templated":true}]}}