{"id":2177,"date":"2019-02-08T20:26:28","date_gmt":"2019-02-08T19:26:28","guid":{"rendered":"https:\/\/kirche-hettenhausen.de\/site\/?page_id=2177"},"modified":"2021-06-06T13:58:53","modified_gmt":"2021-06-06T11:58:53","slug":"bericht-des-orgelsachverstaendigen","status":"publish","type":"page","link":"https:\/\/www.kirche-hettenhausen.de\/site\/unsere-kirchen\/kirche-st-georg-hettenhausen\/orgel-renovierung\/bericht-des-orgelsachverstaendigen\/","title":{"rendered":"Die Orgel in Hettenhausen &#8211; ein musikalisches Kleinod"},"content":{"rendered":"<p><strong>Schreiben von Klaus Vogt, Orgelsachverst\u00e4ndiger, an die Kirchengemeinde Hettenhausen (Sommer 2013)<\/strong><\/p>\n<p>&nbsp;<\/p>\n<p><em>Liebe Gemeindemitglieder!<\/em><\/p>\n<p><em>Bereits seit 1996 darf ich Ihre Orgel als f\u00fcr den Kirchenkreis Fulda zust\u00e4ndiger Orgelsachverst\u00e4ndiger betreuen. Mein damaliger Eindruck, dass es sich bei Ihrer Orgel um ein au\u00dferordentliches Instrument handelt, hat sich seitdem weiter verfestigt. So darf ich Ihnen an dieser Stelle meine Begeisterung f\u00fcr diese Orgel mit einigen knappen Informationen weitergeben.<\/em><\/p>\n<p><em>Die Orgel in Hettenhausen ist nahezu zeitgleich mit der Fertigstellung Ihrer Kirche im Jahre 1879 im Stil der Neugotik erbaut worden. Erstellt wurde das Instrument von Adam Eifert aus Stadtilm, der auch im osthessischen Raum einige Instrumente gebaut hat. Seine Orgeln sind, dem Zeitgeschmack des 19. Jahrhunderts folgend, klanglich warm, rund und &#8222;grundt\u00f6nig&#8220;, wie dies in der Fachsprache genannt wird. Dieses Klangbild hat man ungef\u00e4hr seit den 30er Jahren des vergangenen Jahrhunderts nicht sonderlich gesch\u00e4tzt und so hat man viele Orgeln aus der Zeit der Romantik modernisiert und &#8222;aufgehellt&#8220;. Dieses Schicksal ist auch Ihrer Orgel nicht erspart geblieben. Und so stellt ein Umbau aus dem Jahr 1954 den heutigen Zustand dar. Gl\u00fccklicherweise hat das Geld damals nicht dazu gereicht, die Orgel vollst\u00e4ndig abzurei\u00dfen oder klanglich v\u00f6llig zu entstellen. Seit wenigen Jahrzehnten wei\u00df man nun den besonders warmen, eben &#8222;romantischen&#8220; Klang einer Orgel des 19. bzw. fr\u00fchen 20. Jahrhunderts wieder zu sch\u00e4tzen. Aber nur wenige Gemeinden k\u00f6nnen sich gl\u00fccklich preisen, noch ein Instrument aus dieser Epoche zu besitzen.<\/em><\/p>\n<p><em>Zu diesen Gemeinden geh\u00f6ren auch Sie! Die 1954 eingef\u00fchrten Register stellen jedoch klanglich gesehen eine deutliche Minderung dar und tr\u00fcben den romantischen Grundeindruck erheblich. Hinter dem jetzigen Klanggewand ahnt man lediglich die Sch\u00f6nheit und den Wohlklang der Orgel von Adam Eifert. Es ist also ein Gebot der Stunde, der Orgel ihren wahren Charakter zur\u00fcckzugeben. Zu dieser Ma\u00dfnahme kommt die zwingende Notwendigkeit, die Orgel gr\u00fcndlich zu reinigen und technisch zu \u00fcberholen. Die mechanischen Probleme sind f\u00fcr das korrekte Orgelspiel hinderlich und werden mit der Zeit zunehmen, was auch zu Ausf\u00e4llen im technischen Bereich f\u00fchren kann. Zurzeit bereitet es keine gro\u00dfe Freude, auf dem st\u00f6ranf\u00e4lligen und mit M\u00e4ngeln behafteten Instrument zu spielen.<\/em><\/p>\n<p><em>Dass sich dies mittelfristig \u00e4ndern soll, haben auch hinzugezogene Kollegen best\u00e4tigt, die sich meinem Vorschlag, das Instrument fachgerecht zu restaurieren und zu rekonstruieren, uneingeschr\u00e4nkt angeschlossen haben. Ich m\u00f6chte Sie mit Nachdruck dazu ermuntern, dieses Vorhaben nach Kr\u00e4ften zu unterst\u00fctzen und die Sache &#8222;Orgel&#8220; zu Ihrer Herzensangelegenheit werden zu lassen.<br \/>\n<\/em><\/p>\n<p><em>In Ihrer Kirche steht zweifelsohne eine wertvolle Denkmalorgel aus der Zeit der Romantik, noch dazu von klanglich besonderer G\u00fcte und obendrein eine der wenigen erhaltenen Orgeln aus der th\u00fcringischen Orgelbautradition des Adam Eifert.<\/em><\/p>\n<p><em>Ich w\u00fcrde mich mit Ihnen freuen, wenn unsere gemeinsamen Bem\u00fchungen, dieses musikalische Kleinod zur\u00fcckzugewinnen, in absehbarer Zeit realisiert werden k\u00f6nnten. In dieser Hoffnung m\u00f6chte ich Sie ermutigen und gr\u00fc\u00dfe Sie vielmals<\/em><\/p>\n<p><em>Klaus Vogt, Orgelsachverst\u00e4ndiger<\/em><\/p>\n","protected":false},"excerpt":{"rendered":"<p>Schreiben von Klaus Vogt, Orgelsachverst\u00e4ndiger, an die Kirchengemeinde Hettenhausen (Sommer 2013) &nbsp; Liebe Gemeindemitglieder! Bereits seit 1996 darf ich Ihre Orgel als f\u00fcr den Kirchenkreis Fulda zust\u00e4ndiger Orgelsachverst\u00e4ndiger betreuen. Mein damaliger Eindruck, dass es sich bei Ihrer Orgel um ein au\u00dferordentliches Instrument handelt, hat sich seitdem weiter verfestigt. So darf ich Ihnen an dieser Stelle [&hellip;]<\/p>\n","protected":false},"author":2,"featured_media":0,"parent":2168,"menu_order":40,"comment_status":"closed","ping_status":"closed","template":"","meta":{"footnotes":""},"class_list":["post-2177","page","type-page","status-publish","hentry"],"yoast_head":"<!-- This site is optimized with the Yoast SEO plugin v27.5 - https:\/\/yoast.com\/product\/yoast-seo-wordpress\/ -->\n<title>Die Orgel in Hettenhausen - ein musikalisches Kleinod - Ev.-luth. Kirchengemeinde Hettenhausen - Dalherda<\/title>\n<meta name=\"robots\" content=\"index, follow, max-snippet:-1, max-image-preview:large, max-video-preview:-1\" \/>\n<link rel=\"canonical\" href=\"https:\/\/www.kirche-hettenhausen.de\/site\/unsere-kirchen\/kirche-st-georg-hettenhausen\/orgel-renovierung\/bericht-des-orgelsachverstaendigen\/\" \/>\n<meta property=\"og:locale\" content=\"de_DE\" \/>\n<meta property=\"og:type\" content=\"article\" \/>\n<meta property=\"og:title\" content=\"Die Orgel in Hettenhausen - ein musikalisches Kleinod - Ev.-luth. Kirchengemeinde Hettenhausen - Dalherda\" \/>\n<meta property=\"og:description\" content=\"Schreiben von Klaus Vogt, Orgelsachverst\u00e4ndiger, an die Kirchengemeinde Hettenhausen (Sommer 2013) &nbsp; Liebe Gemeindemitglieder! Bereits seit 1996 darf ich Ihre Orgel als f\u00fcr den Kirchenkreis Fulda zust\u00e4ndiger Orgelsachverst\u00e4ndiger betreuen. Mein damaliger Eindruck, dass es sich bei Ihrer Orgel um ein au\u00dferordentliches Instrument handelt, hat sich seitdem weiter verfestigt. So darf ich Ihnen an dieser Stelle [&hellip;]\" \/>\n<meta property=\"og:url\" content=\"https:\/\/www.kirche-hettenhausen.de\/site\/unsere-kirchen\/kirche-st-georg-hettenhausen\/orgel-renovierung\/bericht-des-orgelsachverstaendigen\/\" \/>\n<meta property=\"og:site_name\" content=\"Ev.-luth. Kirchengemeinde Hettenhausen - Dalherda\" \/>\n<meta property=\"article:modified_time\" content=\"2021-06-06T11:58:53+00:00\" \/>\n<meta name=\"twitter:card\" content=\"summary_large_image\" \/>\n<meta name=\"twitter:label1\" content=\"Gesch\u00e4tzte Lesezeit\" \/>\n\t<meta name=\"twitter:data1\" content=\"2\u00a0Minuten\" \/>\n<script type=\"application\/ld+json\" class=\"yoast-schema-graph\">{\"@context\":\"https:\\\/\\\/schema.org\",\"@graph\":[{\"@type\":\"WebPage\",\"@id\":\"https:\\\/\\\/www.kirche-hettenhausen.de\\\/site\\\/unsere-kirchen\\\/kirche-st-georg-hettenhausen\\\/orgel-renovierung\\\/bericht-des-orgelsachverstaendigen\\\/\",\"url\":\"https:\\\/\\\/www.kirche-hettenhausen.de\\\/site\\\/unsere-kirchen\\\/kirche-st-georg-hettenhausen\\\/orgel-renovierung\\\/bericht-des-orgelsachverstaendigen\\\/\",\"name\":\"Die Orgel in Hettenhausen - ein musikalisches Kleinod - Ev.-luth. Kirchengemeinde Hettenhausen - Dalherda\",\"isPartOf\":{\"@id\":\"https:\\\/\\\/www.kirche-hettenhausen.de\\\/site\\\/#website\"},\"datePublished\":\"2019-02-08T19:26:28+00:00\",\"dateModified\":\"2021-06-06T11:58:53+00:00\",\"breadcrumb\":{\"@id\":\"https:\\\/\\\/www.kirche-hettenhausen.de\\\/site\\\/unsere-kirchen\\\/kirche-st-georg-hettenhausen\\\/orgel-renovierung\\\/bericht-des-orgelsachverstaendigen\\\/#breadcrumb\"},\"inLanguage\":\"de\",\"potentialAction\":[{\"@type\":\"ReadAction\",\"target\":[\"https:\\\/\\\/www.kirche-hettenhausen.de\\\/site\\\/unsere-kirchen\\\/kirche-st-georg-hettenhausen\\\/orgel-renovierung\\\/bericht-des-orgelsachverstaendigen\\\/\"]}]},{\"@type\":\"BreadcrumbList\",\"@id\":\"https:\\\/\\\/www.kirche-hettenhausen.de\\\/site\\\/unsere-kirchen\\\/kirche-st-georg-hettenhausen\\\/orgel-renovierung\\\/bericht-des-orgelsachverstaendigen\\\/#breadcrumb\",\"itemListElement\":[{\"@type\":\"ListItem\",\"position\":1,\"name\":\"Startseite\",\"item\":\"https:\\\/\\\/www.kirche-hettenhausen.de\\\/site\\\/\"},{\"@type\":\"ListItem\",\"position\":2,\"name\":\"Unsere Kirchen\",\"item\":\"https:\\\/\\\/www.kirche-hettenhausen.de\\\/site\\\/unsere-kirchen\\\/\"},{\"@type\":\"ListItem\",\"position\":3,\"name\":\"Kirche St. Georg Hettenhausen\",\"item\":\"https:\\\/\\\/www.kirche-hettenhausen.de\\\/site\\\/unsere-kirchen\\\/kirche-st-georg-hettenhausen\\\/\"},{\"@type\":\"ListItem\",\"position\":4,\"name\":\"Orgel-Renovierung\",\"item\":\"https:\\\/\\\/www.kirche-hettenhausen.de\\\/site\\\/unsere-kirchen\\\/kirche-st-georg-hettenhausen\\\/orgel-renovierung\\\/\"},{\"@type\":\"ListItem\",\"position\":5,\"name\":\"Die Orgel in Hettenhausen &#8211; ein musikalisches Kleinod\"}]},{\"@type\":\"WebSite\",\"@id\":\"https:\\\/\\\/www.kirche-hettenhausen.de\\\/site\\\/#website\",\"url\":\"https:\\\/\\\/www.kirche-hettenhausen.de\\\/site\\\/\",\"name\":\"Ev.-luth. Kirchengemeinde Hettenhausen - Dalherda\",\"description\":\"Homepage der Ev.-luth. Kirchengemeinde Hettenhausen - Dalherda\",\"potentialAction\":[{\"@type\":\"SearchAction\",\"target\":{\"@type\":\"EntryPoint\",\"urlTemplate\":\"https:\\\/\\\/www.kirche-hettenhausen.de\\\/site\\\/?s={search_term_string}\"},\"query-input\":{\"@type\":\"PropertyValueSpecification\",\"valueRequired\":true,\"valueName\":\"search_term_string\"}}],\"inLanguage\":\"de\"}]}<\/script>\n<!-- \/ Yoast SEO plugin. -->","yoast_head_json":{"title":"Die Orgel in Hettenhausen - ein musikalisches Kleinod - Ev.-luth. Kirchengemeinde Hettenhausen - Dalherda","robots":{"index":"index","follow":"follow","max-snippet":"max-snippet:-1","max-image-preview":"max-image-preview:large","max-video-preview":"max-video-preview:-1"},"canonical":"https:\/\/www.kirche-hettenhausen.de\/site\/unsere-kirchen\/kirche-st-georg-hettenhausen\/orgel-renovierung\/bericht-des-orgelsachverstaendigen\/","og_locale":"de_DE","og_type":"article","og_title":"Die Orgel in Hettenhausen - ein musikalisches Kleinod - Ev.-luth. Kirchengemeinde Hettenhausen - Dalherda","og_description":"Schreiben von Klaus Vogt, Orgelsachverst\u00e4ndiger, an die Kirchengemeinde Hettenhausen (Sommer 2013) &nbsp; Liebe Gemeindemitglieder! Bereits seit 1996 darf ich Ihre Orgel als f\u00fcr den Kirchenkreis Fulda zust\u00e4ndiger Orgelsachverst\u00e4ndiger betreuen. Mein damaliger Eindruck, dass es sich bei Ihrer Orgel um ein au\u00dferordentliches Instrument handelt, hat sich seitdem weiter verfestigt. So darf ich Ihnen an dieser Stelle [&hellip;]","og_url":"https:\/\/www.kirche-hettenhausen.de\/site\/unsere-kirchen\/kirche-st-georg-hettenhausen\/orgel-renovierung\/bericht-des-orgelsachverstaendigen\/","og_site_name":"Ev.-luth. Kirchengemeinde Hettenhausen - Dalherda","article_modified_time":"2021-06-06T11:58:53+00:00","twitter_card":"summary_large_image","twitter_misc":{"Gesch\u00e4tzte Lesezeit":"2\u00a0Minuten"},"schema":{"@context":"https:\/\/schema.org","@graph":[{"@type":"WebPage","@id":"https:\/\/www.kirche-hettenhausen.de\/site\/unsere-kirchen\/kirche-st-georg-hettenhausen\/orgel-renovierung\/bericht-des-orgelsachverstaendigen\/","url":"https:\/\/www.kirche-hettenhausen.de\/site\/unsere-kirchen\/kirche-st-georg-hettenhausen\/orgel-renovierung\/bericht-des-orgelsachverstaendigen\/","name":"Die Orgel in Hettenhausen - ein musikalisches Kleinod - Ev.-luth. Kirchengemeinde Hettenhausen - Dalherda","isPartOf":{"@id":"https:\/\/www.kirche-hettenhausen.de\/site\/#website"},"datePublished":"2019-02-08T19:26:28+00:00","dateModified":"2021-06-06T11:58:53+00:00","breadcrumb":{"@id":"https:\/\/www.kirche-hettenhausen.de\/site\/unsere-kirchen\/kirche-st-georg-hettenhausen\/orgel-renovierung\/bericht-des-orgelsachverstaendigen\/#breadcrumb"},"inLanguage":"de","potentialAction":[{"@type":"ReadAction","target":["https:\/\/www.kirche-hettenhausen.de\/site\/unsere-kirchen\/kirche-st-georg-hettenhausen\/orgel-renovierung\/bericht-des-orgelsachverstaendigen\/"]}]},{"@type":"BreadcrumbList","@id":"https:\/\/www.kirche-hettenhausen.de\/site\/unsere-kirchen\/kirche-st-georg-hettenhausen\/orgel-renovierung\/bericht-des-orgelsachverstaendigen\/#breadcrumb","itemListElement":[{"@type":"ListItem","position":1,"name":"Startseite","item":"https:\/\/www.kirche-hettenhausen.de\/site\/"},{"@type":"ListItem","position":2,"name":"Unsere Kirchen","item":"https:\/\/www.kirche-hettenhausen.de\/site\/unsere-kirchen\/"},{"@type":"ListItem","position":3,"name":"Kirche St. Georg Hettenhausen","item":"https:\/\/www.kirche-hettenhausen.de\/site\/unsere-kirchen\/kirche-st-georg-hettenhausen\/"},{"@type":"ListItem","position":4,"name":"Orgel-Renovierung","item":"https:\/\/www.kirche-hettenhausen.de\/site\/unsere-kirchen\/kirche-st-georg-hettenhausen\/orgel-renovierung\/"},{"@type":"ListItem","position":5,"name":"Die Orgel in Hettenhausen &#8211; ein musikalisches Kleinod"}]},{"@type":"WebSite","@id":"https:\/\/www.kirche-hettenhausen.de\/site\/#website","url":"https:\/\/www.kirche-hettenhausen.de\/site\/","name":"Ev.-luth. Kirchengemeinde Hettenhausen - Dalherda","description":"Homepage der Ev.-luth. Kirchengemeinde Hettenhausen - Dalherda","potentialAction":[{"@type":"SearchAction","target":{"@type":"EntryPoint","urlTemplate":"https:\/\/www.kirche-hettenhausen.de\/site\/?s={search_term_string}"},"query-input":{"@type":"PropertyValueSpecification","valueRequired":true,"valueName":"search_term_string"}}],"inLanguage":"de"}]}},"_links":{"self":[{"href":"https:\/\/www.kirche-hettenhausen.de\/site\/wp-json\/wp\/v2\/pages\/2177","targetHints":{"allow":["GET"]}}],"collection":[{"href":"https:\/\/www.kirche-hettenhausen.de\/site\/wp-json\/wp\/v2\/pages"}],"about":[{"href":"https:\/\/www.kirche-hettenhausen.de\/site\/wp-json\/wp\/v2\/types\/page"}],"author":[{"embeddable":true,"href":"https:\/\/www.kirche-hettenhausen.de\/site\/wp-json\/wp\/v2\/users\/2"}],"replies":[{"embeddable":true,"href":"https:\/\/www.kirche-hettenhausen.de\/site\/wp-json\/wp\/v2\/comments?post=2177"}],"version-history":[{"count":4,"href":"https:\/\/www.kirche-hettenhausen.de\/site\/wp-json\/wp\/v2\/pages\/2177\/revisions"}],"predecessor-version":[{"id":2202,"href":"https:\/\/www.kirche-hettenhausen.de\/site\/wp-json\/wp\/v2\/pages\/2177\/revisions\/2202"}],"up":[{"embeddable":true,"href":"https:\/\/www.kirche-hettenhausen.de\/site\/wp-json\/wp\/v2\/pages\/2168"}],"wp:attachment":[{"href":"https:\/\/www.kirche-hettenhausen.de\/site\/wp-json\/wp\/v2\/media?parent=2177"}],"curies":[{"name":"wp","href":"https:\/\/api.w.org\/{rel}","templated":true}]}}