{"id":2173,"date":"2019-02-08T20:23:10","date_gmt":"2019-02-08T19:23:10","guid":{"rendered":"https:\/\/kirche-hettenhausen.de\/site\/?page_id=2173"},"modified":"2021-06-06T13:58:33","modified_gmt":"2021-06-06T11:58:33","slug":"geschichtliches","status":"publish","type":"page","link":"https:\/\/www.kirche-hettenhausen.de\/site\/unsere-kirchen\/kirche-st-georg-hettenhausen\/orgel-renovierung\/geschichtliches\/","title":{"rendered":"Geschichtliches"},"content":{"rendered":"<p>Erbaut wurde die Orgel mit 17 Registern verteilt auf II Manuale und Pedal durch die &#8222;Orgelfabrik Adam Eifert&#8220; aus Stadtilm im Jahre 1879.<\/p>\n<p>Der 1841 im hessischen Grebenau geborene Adam Eifert \u00fcbernahm 1871 die Werkstatt seines Schwiegervaters August Witzmann. Bei diesem war er seit 1865 zuerst als Geselle und sp\u00e4ter als Werkmeister t\u00e4tig.<sup>1<\/sup> Im Laufe seiner Berufst\u00e4tigkeit wurde ihm der Titel &#8222;Gro\u00dfherzogl. S\u00e4chsischer Hoforgelbauer&#8220; verliehen. Laut Werkverzeichnis wurden in der Stadtilmer Werkstatt zwischen 1871 und 1908 insgesamt 141 Orgeln gebaut.<sup>2<\/sup><\/p>\n<p>Im Lauf der Geschichte wurden sowohl einige Ver\u00e4nderungen an der technischen Anlage als auch an der Disposition der Orgel vorgenommen. 1917 wurden vermutlich die originalen Prospektpfeifen in Zinn f\u00fcr die Kriegswirtschaft abgef\u00fchrt und in den Folgejahren durch Nachbauten in Zink ersetzt.<\/p>\n<p>Die Umdisposition betraf insgesamt 4 Register. Die Register Gambe 8&#8242; wurden dabei zu Quinte 2 2\/3&#8242; und Salicional 8&#8242; zu Quinte 1 1\/3&#8242; unter teilweiser Verwendung vorhandener Pfeifensubstanz umgestaltet. Das Register Flauto angelica 8&#8242; wurde gegen Scharff 3fach und der Violonbass 16&#8242; gegen einen Choralbass 4&#8242; ausgetauscht. Diese Arbeiten wurden 1954 durch die Gebr. Hoffmann aus Ostheim veranschlagt und im Jahr 1955 ausgef\u00fchrt. Hierzu ist in den Aufzeichnungen von Pfr. Heyne Folgendes zu lesen: <em>&#8222;Zur Vollendung der Kirchenrenovation von 1953\/54 geh\u00f6rte in gewissem Sinne noch die Instandsetzung und Umdisponierung der Orgel. Sie war bei der Planung dann aber wegen der Finanzierungsfrage zur\u00fcckgestellt worden. Nachdem das Gustav-Adolf-Werk bei seinem Landesfest in Bad Hersfeld am 26.6.1955 der Kirchengemeinde noch einmal 750,- DM f\u00fcr diesen Zweck zur Verf\u00fcgung gestellt hatte, konnten die Arbeiten an der Orgel im Laufe des Sommers und Herbstes 1955 von der Firma Gebr. Hoffmann aus Ostheim nach dem Plan des Orgelsachverst\u00e4ndigen des Kirchenkreises, Organists Freytag in Fulda, durchgef\u00fchrt werden (au\u00dfer der entscheidenden Umdisponierung und der Beseitigung von mancherlei Sch\u00e4den vor allem auch Elektrifizierung des Blasebalgs), und am 2. Advent 1955 konnte die Wiederingebrauchnahme der Orgel in einem festlichen Gottesdienst erfolgen. Diesen Gottesdienst er\u00f6ffnete ein Lied des Gemischten Chors, es folgte das Weihegebet des Pfarrers, und danach hatte zun\u00e4chst die durch die Umdisponierung in ihrem Klang aufgehellte Orgel das Wort: Organist Freytag aus Fulda lie\u00df sie 20 Minuten lang in verschiedenster Registrierung und schlie\u00dflich mit vollem Klang erklingen. Der Predigt war Psalm 150 V.6 zugrundegelegt.&#8220; <\/em><sup>3<\/sup><\/p>\n<p>In den technischen Bereich der Orgelanlage wurden ebenso Eingriffe vorgenommen. Die originalen Manualklaviaturen wurden gegen neue ausgetauscht. Wann dies erfolgte ist bisher nicht bekannt.<\/p>\n<p>Die Windanlage der Orgel wurde modifiziert. Die originale Balganlage, bestehend aus einem Doppelfaltenmagazinbalg in den Abmessungen 2.700 x 1.290 mm, wurde stillgelegt. Sie wurde durch einen links neben dem Orgelgeh\u00e4use positionierten Schwimmerbalg ersetzt. Eine neue Rolldrossel sowie ein neues Schleudergebl\u00e4se wurden ebenso dort positioniert. Alle Komponenten der Balganlage sind in einem Schutzkasten aus zeitgen\u00f6ssischen Plattenwerkstoffen untergebracht. Anlass f\u00fcr die Umgestaltung der Balganlage waren starke Winddruckschwankungen. Deren Ursache war im Wesentlichen in einer relativ gro\u00dfen Entfernung der im Turm hinter der Orgel stehenden originalen Balganlage begr\u00fcndet. Die Arbeiten wurden im Jahre 2011 ausgef\u00fchrt.<\/p>\n<p>Im Bereich der Windladen und Tontrakturen wurden einige kleinere Modifikationen durchgef\u00fchrt. Diese treten im Wesentlichen durch die Einbringung von f\u00fcr die Entstehungszeit der Orgel stiluntypischen Werkstoffen wie Kunststoff und Neopren zu Tage.<\/p>\n<p>&nbsp;<\/p>\n<h3><span style=\"color: #db1385;\">Stellenwert und Zielsetzung<\/span><\/h3>\n<p>Die Orgel ist in ihrem derzeitigen Zustand in ihrer Spielf\u00e4higkeit nicht eingeschr\u00e4nkt. Ihr wird trotz der aufgelisteten Modifikationen auf Grund ihrer nach wie vor hohen Anteile sowohl an klanglicher als auch an technischer Originalsubstanz ein hoher Denkmalwert beigemessen. Um der Bedeutung des Instruments als Denkmal gerecht zu werden, wird eine grundlegende Restaurierung und weitestgehende R\u00fcckf\u00fchrung auf den urspr\u00fcnglichen Zustand angestrebt.<\/p>\n<p>Die angebotenen Arbeiten haben zum Ziel, das Instrument in seiner Substanz zu erhalten und sowohl in klanglicher als auch in technischer Hinsicht seinem belegbaren Erbauungszustand wieder anzun\u00e4hern. Entgegen der urspr\u00fcnglichen Planung, die Windanlage von den R\u00fcckf\u00fchrungsbestrebungen unber\u00fccksichtigt zu lassen (diese sollte in ihrem 2011 geschaffenen Zustand beibehalten werden), soll jetzt doch in Absprache mit dem Landesdenkmalamt der original vorhandene Blasebalg nach M\u00f6glichkeit reaktiviert werden.<\/p>\n<p>S\u00e4mtliche Arbeiten erfolgen unter Beachtung strenger denkmalpflegerischer Kriterien. Die Rekonstruktion der fehlenden Register sowie der Prospektpfeifen ist integraler Bestandteil der angebotenen Arbeiten.<\/p>\n<p>________________________________________________________________________________________<\/p>\n<p>Aus dem Angebot der Firma &#8222;Jehmlich Orgelbau Dresden GmbH&#8220; vom 17. Dezember 2018<\/p>\n<p><sup>1 <\/sup>Lexikon norddeutscher Orgelbauer Band I Th\u00fcringen und Umgebung, Berlin 2009; S. 64-65<br \/>\n<sup>2 <\/sup>Hackel, Wolfram: Orgelbautradition in Stadtilm\/Th\u00fcringen. In: Ars Organi, Bd.39, 1991 H.2, S.80-90<br \/>\n<sup>3<\/sup> Aufzeichnungen des damaligen Pfarrers Heyne, S. 17<\/p>\n","protected":false},"excerpt":{"rendered":"<p>Erbaut wurde die Orgel mit 17 Registern verteilt auf II Manuale und Pedal durch die &#8222;Orgelfabrik Adam Eifert&#8220; aus Stadtilm im Jahre 1879. Der 1841 im hessischen Grebenau geborene Adam Eifert \u00fcbernahm 1871 die Werkstatt seines Schwiegervaters August Witzmann. Bei diesem war er seit 1865 zuerst als Geselle und sp\u00e4ter als Werkmeister t\u00e4tig.1 Im Laufe [&hellip;]<\/p>\n","protected":false},"author":2,"featured_media":0,"parent":2168,"menu_order":30,"comment_status":"closed","ping_status":"closed","template":"","meta":{"footnotes":""},"class_list":["post-2173","page","type-page","status-publish","hentry"],"yoast_head":"<!-- This site is optimized with the Yoast SEO plugin v27.4 - https:\/\/yoast.com\/product\/yoast-seo-wordpress\/ -->\n<title>Geschichtliches - Ev.-luth. Kirchengemeinde Hettenhausen - Dalherda<\/title>\n<meta name=\"robots\" content=\"index, follow, max-snippet:-1, max-image-preview:large, max-video-preview:-1\" \/>\n<link rel=\"canonical\" href=\"https:\/\/www.kirche-hettenhausen.de\/site\/unsere-kirchen\/kirche-st-georg-hettenhausen\/orgel-renovierung\/geschichtliches\/\" \/>\n<meta property=\"og:locale\" content=\"de_DE\" \/>\n<meta property=\"og:type\" content=\"article\" \/>\n<meta property=\"og:title\" content=\"Geschichtliches - Ev.-luth. Kirchengemeinde Hettenhausen - Dalherda\" \/>\n<meta property=\"og:description\" content=\"Erbaut wurde die Orgel mit 17 Registern verteilt auf II Manuale und Pedal durch die &#8222;Orgelfabrik Adam Eifert&#8220; aus Stadtilm im Jahre 1879. Der 1841 im hessischen Grebenau geborene Adam Eifert \u00fcbernahm 1871 die Werkstatt seines Schwiegervaters August Witzmann. Bei diesem war er seit 1865 zuerst als Geselle und sp\u00e4ter als Werkmeister t\u00e4tig.1 Im Laufe [&hellip;]\" \/>\n<meta property=\"og:url\" content=\"https:\/\/www.kirche-hettenhausen.de\/site\/unsere-kirchen\/kirche-st-georg-hettenhausen\/orgel-renovierung\/geschichtliches\/\" \/>\n<meta property=\"og:site_name\" content=\"Ev.-luth. Kirchengemeinde Hettenhausen - Dalherda\" \/>\n<meta property=\"article:modified_time\" content=\"2021-06-06T11:58:33+00:00\" \/>\n<meta name=\"twitter:card\" content=\"summary_large_image\" \/>\n<meta name=\"twitter:label1\" content=\"Gesch\u00e4tzte Lesezeit\" \/>\n\t<meta name=\"twitter:data1\" content=\"4\u00a0Minuten\" \/>\n<script type=\"application\/ld+json\" class=\"yoast-schema-graph\">{\"@context\":\"https:\\\/\\\/schema.org\",\"@graph\":[{\"@type\":\"WebPage\",\"@id\":\"https:\\\/\\\/www.kirche-hettenhausen.de\\\/site\\\/unsere-kirchen\\\/kirche-st-georg-hettenhausen\\\/orgel-renovierung\\\/geschichtliches\\\/\",\"url\":\"https:\\\/\\\/www.kirche-hettenhausen.de\\\/site\\\/unsere-kirchen\\\/kirche-st-georg-hettenhausen\\\/orgel-renovierung\\\/geschichtliches\\\/\",\"name\":\"Geschichtliches - Ev.-luth. Kirchengemeinde Hettenhausen - Dalherda\",\"isPartOf\":{\"@id\":\"https:\\\/\\\/www.kirche-hettenhausen.de\\\/site\\\/#website\"},\"datePublished\":\"2019-02-08T19:23:10+00:00\",\"dateModified\":\"2021-06-06T11:58:33+00:00\",\"breadcrumb\":{\"@id\":\"https:\\\/\\\/www.kirche-hettenhausen.de\\\/site\\\/unsere-kirchen\\\/kirche-st-georg-hettenhausen\\\/orgel-renovierung\\\/geschichtliches\\\/#breadcrumb\"},\"inLanguage\":\"de\",\"potentialAction\":[{\"@type\":\"ReadAction\",\"target\":[\"https:\\\/\\\/www.kirche-hettenhausen.de\\\/site\\\/unsere-kirchen\\\/kirche-st-georg-hettenhausen\\\/orgel-renovierung\\\/geschichtliches\\\/\"]}]},{\"@type\":\"BreadcrumbList\",\"@id\":\"https:\\\/\\\/www.kirche-hettenhausen.de\\\/site\\\/unsere-kirchen\\\/kirche-st-georg-hettenhausen\\\/orgel-renovierung\\\/geschichtliches\\\/#breadcrumb\",\"itemListElement\":[{\"@type\":\"ListItem\",\"position\":1,\"name\":\"Startseite\",\"item\":\"https:\\\/\\\/www.kirche-hettenhausen.de\\\/site\\\/\"},{\"@type\":\"ListItem\",\"position\":2,\"name\":\"Unsere Kirchen\",\"item\":\"https:\\\/\\\/www.kirche-hettenhausen.de\\\/site\\\/unsere-kirchen\\\/\"},{\"@type\":\"ListItem\",\"position\":3,\"name\":\"Kirche St. Georg Hettenhausen\",\"item\":\"https:\\\/\\\/www.kirche-hettenhausen.de\\\/site\\\/unsere-kirchen\\\/kirche-st-georg-hettenhausen\\\/\"},{\"@type\":\"ListItem\",\"position\":4,\"name\":\"Orgel-Renovierung\",\"item\":\"https:\\\/\\\/www.kirche-hettenhausen.de\\\/site\\\/unsere-kirchen\\\/kirche-st-georg-hettenhausen\\\/orgel-renovierung\\\/\"},{\"@type\":\"ListItem\",\"position\":5,\"name\":\"Geschichtliches\"}]},{\"@type\":\"WebSite\",\"@id\":\"https:\\\/\\\/www.kirche-hettenhausen.de\\\/site\\\/#website\",\"url\":\"https:\\\/\\\/www.kirche-hettenhausen.de\\\/site\\\/\",\"name\":\"Ev.-luth. Kirchengemeinde Hettenhausen - Dalherda\",\"description\":\"Homepage der Ev.-luth. Kirchengemeinde Hettenhausen - Dalherda\",\"potentialAction\":[{\"@type\":\"SearchAction\",\"target\":{\"@type\":\"EntryPoint\",\"urlTemplate\":\"https:\\\/\\\/www.kirche-hettenhausen.de\\\/site\\\/?s={search_term_string}\"},\"query-input\":{\"@type\":\"PropertyValueSpecification\",\"valueRequired\":true,\"valueName\":\"search_term_string\"}}],\"inLanguage\":\"de\"}]}<\/script>\n<!-- \/ Yoast SEO plugin. -->","yoast_head_json":{"title":"Geschichtliches - Ev.-luth. Kirchengemeinde Hettenhausen - Dalherda","robots":{"index":"index","follow":"follow","max-snippet":"max-snippet:-1","max-image-preview":"max-image-preview:large","max-video-preview":"max-video-preview:-1"},"canonical":"https:\/\/www.kirche-hettenhausen.de\/site\/unsere-kirchen\/kirche-st-georg-hettenhausen\/orgel-renovierung\/geschichtliches\/","og_locale":"de_DE","og_type":"article","og_title":"Geschichtliches - Ev.-luth. Kirchengemeinde Hettenhausen - Dalherda","og_description":"Erbaut wurde die Orgel mit 17 Registern verteilt auf II Manuale und Pedal durch die &#8222;Orgelfabrik Adam Eifert&#8220; aus Stadtilm im Jahre 1879. Der 1841 im hessischen Grebenau geborene Adam Eifert \u00fcbernahm 1871 die Werkstatt seines Schwiegervaters August Witzmann. Bei diesem war er seit 1865 zuerst als Geselle und sp\u00e4ter als Werkmeister t\u00e4tig.1 Im Laufe [&hellip;]","og_url":"https:\/\/www.kirche-hettenhausen.de\/site\/unsere-kirchen\/kirche-st-georg-hettenhausen\/orgel-renovierung\/geschichtliches\/","og_site_name":"Ev.-luth. Kirchengemeinde Hettenhausen - Dalherda","article_modified_time":"2021-06-06T11:58:33+00:00","twitter_card":"summary_large_image","twitter_misc":{"Gesch\u00e4tzte Lesezeit":"4\u00a0Minuten"},"schema":{"@context":"https:\/\/schema.org","@graph":[{"@type":"WebPage","@id":"https:\/\/www.kirche-hettenhausen.de\/site\/unsere-kirchen\/kirche-st-georg-hettenhausen\/orgel-renovierung\/geschichtliches\/","url":"https:\/\/www.kirche-hettenhausen.de\/site\/unsere-kirchen\/kirche-st-georg-hettenhausen\/orgel-renovierung\/geschichtliches\/","name":"Geschichtliches - Ev.-luth. Kirchengemeinde Hettenhausen - Dalherda","isPartOf":{"@id":"https:\/\/www.kirche-hettenhausen.de\/site\/#website"},"datePublished":"2019-02-08T19:23:10+00:00","dateModified":"2021-06-06T11:58:33+00:00","breadcrumb":{"@id":"https:\/\/www.kirche-hettenhausen.de\/site\/unsere-kirchen\/kirche-st-georg-hettenhausen\/orgel-renovierung\/geschichtliches\/#breadcrumb"},"inLanguage":"de","potentialAction":[{"@type":"ReadAction","target":["https:\/\/www.kirche-hettenhausen.de\/site\/unsere-kirchen\/kirche-st-georg-hettenhausen\/orgel-renovierung\/geschichtliches\/"]}]},{"@type":"BreadcrumbList","@id":"https:\/\/www.kirche-hettenhausen.de\/site\/unsere-kirchen\/kirche-st-georg-hettenhausen\/orgel-renovierung\/geschichtliches\/#breadcrumb","itemListElement":[{"@type":"ListItem","position":1,"name":"Startseite","item":"https:\/\/www.kirche-hettenhausen.de\/site\/"},{"@type":"ListItem","position":2,"name":"Unsere Kirchen","item":"https:\/\/www.kirche-hettenhausen.de\/site\/unsere-kirchen\/"},{"@type":"ListItem","position":3,"name":"Kirche St. Georg Hettenhausen","item":"https:\/\/www.kirche-hettenhausen.de\/site\/unsere-kirchen\/kirche-st-georg-hettenhausen\/"},{"@type":"ListItem","position":4,"name":"Orgel-Renovierung","item":"https:\/\/www.kirche-hettenhausen.de\/site\/unsere-kirchen\/kirche-st-georg-hettenhausen\/orgel-renovierung\/"},{"@type":"ListItem","position":5,"name":"Geschichtliches"}]},{"@type":"WebSite","@id":"https:\/\/www.kirche-hettenhausen.de\/site\/#website","url":"https:\/\/www.kirche-hettenhausen.de\/site\/","name":"Ev.-luth. Kirchengemeinde Hettenhausen - Dalherda","description":"Homepage der Ev.-luth. Kirchengemeinde Hettenhausen - Dalherda","potentialAction":[{"@type":"SearchAction","target":{"@type":"EntryPoint","urlTemplate":"https:\/\/www.kirche-hettenhausen.de\/site\/?s={search_term_string}"},"query-input":{"@type":"PropertyValueSpecification","valueRequired":true,"valueName":"search_term_string"}}],"inLanguage":"de"}]}},"_links":{"self":[{"href":"https:\/\/www.kirche-hettenhausen.de\/site\/wp-json\/wp\/v2\/pages\/2173","targetHints":{"allow":["GET"]}}],"collection":[{"href":"https:\/\/www.kirche-hettenhausen.de\/site\/wp-json\/wp\/v2\/pages"}],"about":[{"href":"https:\/\/www.kirche-hettenhausen.de\/site\/wp-json\/wp\/v2\/types\/page"}],"author":[{"embeddable":true,"href":"https:\/\/www.kirche-hettenhausen.de\/site\/wp-json\/wp\/v2\/users\/2"}],"replies":[{"embeddable":true,"href":"https:\/\/www.kirche-hettenhausen.de\/site\/wp-json\/wp\/v2\/comments?post=2173"}],"version-history":[{"count":11,"href":"https:\/\/www.kirche-hettenhausen.de\/site\/wp-json\/wp\/v2\/pages\/2173\/revisions"}],"predecessor-version":[{"id":5859,"href":"https:\/\/www.kirche-hettenhausen.de\/site\/wp-json\/wp\/v2\/pages\/2173\/revisions\/5859"}],"up":[{"embeddable":true,"href":"https:\/\/www.kirche-hettenhausen.de\/site\/wp-json\/wp\/v2\/pages\/2168"}],"wp:attachment":[{"href":"https:\/\/www.kirche-hettenhausen.de\/site\/wp-json\/wp\/v2\/media?parent=2173"}],"curies":[{"name":"wp","href":"https:\/\/api.w.org\/{rel}","templated":true}]}}