{"id":1974,"date":"2018-12-21T22:10:27","date_gmt":"2018-12-21T21:10:27","guid":{"rendered":"https:\/\/kirche-hettenhausen.de\/site\/?page_id=1974"},"modified":"2025-01-03T17:09:07","modified_gmt":"2025-01-03T16:09:07","slug":"ideen-entwickeln-und-umsetzen","status":"publish","type":"page","link":"https:\/\/www.kirche-hettenhausen.de\/site\/engagiert-mitgestalten\/ideen-entwickeln-und-umsetzen\/","title":{"rendered":"Ideen entwickeln und umsetzen"},"content":{"rendered":"<div id=\"cc-m-11702157227\" class=\"j-module n j-header \">\n<h3 id=\"cc-m-header-11702157227\" class=\"\">Mit dabei sein&#8230; beim Ideen entwickeln und umsetzen<\/h3>\n<\/div>\n<div id=\"cc-m-11702142627\" class=\"j-module n j-text \">\n<p>Sie entwickeln gern Ideen und organisieren die Umsetzung und w\u00fcrden dies in unsere Kirchengemeinde einbringen?<\/p>\n<p>Wir freuen uns!<\/p>\n<p>Hier finden Sie ein paar Vorschl\u00e4ge, welche Mitwirkungsm\u00f6glichkeiten sich bieten und wen Sie genau dann ansprechen k\u00f6nnen:<\/p>\n<table style=\"height: 159px; width: 406px; border-color: #800060; border-style: double;\" width=\"423\">\n<tbody>\n<tr style=\"height: 41px;\">\n<td style=\"width: 179.467px; text-align: left; height: 41px;\"><span style=\"font-size: 14pt;\"><em>Ihre M\u00f6glichkeit zur Mitarbeit&#8230;<\/em><\/span><\/td>\n<td style=\"width: 210.533px; height: 41px;\"><img loading=\"lazy\" decoding=\"async\" class=\"\" src=\"https:\/\/www.kirche-hettenhausen.de\/site\/wp-content\/uploads\/2018\/12\/Logo-engagiert-MITGESTALTEN.jpg\" alt=\"\" width=\"85\" height=\"40\" \/><\/td>\n<\/tr>\n<tr style=\"height: 40px;\">\n<td style=\"width: 396px; height: 12px;\" colspan=\"2\"><strong><span style=\"color: #db1385;\">Aufgabe:\u00a0<\/span><br \/>\n<\/strong>Die Gemeinde gemeinsam mit der Pfarrerin leiten<strong><span style=\"color: #ff00ff;\"><br \/>\n<\/span><\/strong><\/td>\n<\/tr>\n<tr style=\"height: 56px;\">\n<td style=\"width: 396px; height: 22px;\" colspan=\"2\"><strong><span style=\"color: #ff00ff;\"><span style=\"color: #db1385;\">Ort \/ Gruppe:<\/span><br \/>\n<\/span><\/strong><span style=\"color: #ff00ff;\"><span style=\"color: #000000;\">Kirchenvorstand<\/span><\/span><strong><span style=\"color: #ff00ff;\"><br \/>\n<\/span><\/strong><\/td>\n<\/tr>\n<tr style=\"height: 56px;\">\n<td style=\"width: 396px; height: 10px;\" colspan=\"2\"><strong><span style=\"color: #ff00ff;\"><span style=\"color: #db1385;\">Zeit \/ Zeitaufwand:<\/span><br \/>\n<\/span><\/strong><span style=\"color: #ff00ff;\"><span style=\"color: #000000;\">6 Jahre, ca. 8 Stunden im Monat<\/span><\/span><strong><span style=\"color: #ff00ff;\"><br \/>\n<\/span><\/strong><\/td>\n<\/tr>\n<tr style=\"height: 39px;\">\n<td style=\"width: 396px; height: 26px;\" colspan=\"2\"><strong><span style=\"color: #ff00ff;\"><span style=\"color: #db1385;\">Verantwortliche:<\/span><br \/>\n<\/span><\/strong><span style=\"color: #ff00ff;\"><span style=\"color: #000000;\">Pfarramt, Telefon <a href=\"tel:+496656307\">+49 (0) 6656 307<\/a><\/span><\/span><strong><span style=\"color: #ff00ff;\"><br \/>\n<\/span><\/strong><\/td>\n<\/tr>\n<tr style=\"height: 48px;\">\n<td style=\"width: 179.467px; height: 48px;\"><\/td>\n<td style=\"width: 210.533px; text-align: right; height: 48px;\"><span style=\"font-size: 14pt;\"><em>&#8230; wir freuen uns, wenn Sie sich einbringen!<\/em><\/span><\/td>\n<\/tr>\n<\/tbody>\n<\/table>\n<\/div>\n<table style=\"height: 159px; width: 406px; border-color: #800060; border-style: double;\" width=\"423\">\n<tbody>\n<tr style=\"height: 41px;\">\n<td style=\"width: 179.467px; text-align: left; height: 41px;\"><span style=\"font-size: 14pt;\"><em>Ihre M\u00f6glichkeit zur Mitarbeit&#8230;<\/em><\/span><\/td>\n<td style=\"width: 210.533px; height: 41px;\"><img loading=\"lazy\" decoding=\"async\" class=\"\" src=\"https:\/\/www.kirche-hettenhausen.de\/site\/wp-content\/uploads\/2018\/12\/Logo-engagiert-MITGESTALTEN.jpg\" alt=\"\" width=\"85\" height=\"40\" \/><\/td>\n<\/tr>\n<tr style=\"height: 40px;\">\n<td style=\"width: 396px; height: 12px;\" colspan=\"2\"><strong><span style=\"color: #db1385;\">Aufgabe: <\/span><br \/>\n<\/strong>Berichte f\u00fcr den Kirchen-Kurier schreiben <strong><span style=\"color: #ff00ff;\"><br \/>\n<\/span><\/strong><\/td>\n<\/tr>\n<tr style=\"height: 56px;\">\n<td style=\"width: 396px; height: 22px;\" colspan=\"2\"><strong><span style=\"color: #ff00ff;\"><span style=\"color: #db1385;\">Ort \/ Gruppe:<\/span><br \/>\n<\/span><\/strong><span style=\"color: #ff00ff;\"><span style=\"color: #000000;\">Kirchen-Kurier<\/span><\/span><strong><span style=\"color: #ff00ff;\"><br \/>\n<\/span><\/strong><\/td>\n<\/tr>\n<tr style=\"height: 56px;\">\n<td style=\"width: 396px; height: 10px;\" colspan=\"2\"><strong><span style=\"color: #ff00ff;\"><span style=\"color: #db1385;\">Zeit \/ Zeitaufwand:<\/span><br \/>\n<\/span><\/strong><span style=\"color: #ff00ff;\"><span style=\"color: #000000;\">nach Absprache<\/span><\/span><strong><span style=\"color: #ff00ff;\"><br \/>\n<\/span><\/strong><\/td>\n<\/tr>\n<tr style=\"height: 39px;\">\n<td style=\"width: 396px; height: 26px;\" colspan=\"2\"><strong><span style=\"color: #ff00ff;\"><span style=\"color: #db1385;\">Verantwortliche:<\/span><br \/>\n<\/span><\/strong><span style=\"color: #ff00ff;\"><span style=\"color: #000000;\">Marion Friedrich, Telefon <a href=\"tel:+4915115703047\">+49 (0) 1511 5703047<\/a><\/span><\/span><strong><span style=\"color: #ff00ff;\"><br \/>\n<\/span><\/strong><\/td>\n<\/tr>\n<tr style=\"height: 48px;\">\n<td style=\"width: 179.467px; height: 48px;\"><\/td>\n<td style=\"width: 210.533px; text-align: right; height: 48px;\"><span style=\"font-size: 14pt;\"><em>&#8230; wir freuen uns, wenn Sie sich einbringen!<\/em><\/span><\/td>\n<\/tr>\n<\/tbody>\n<\/table>\n<div id=\"cc-m-11702475827\" class=\"j-module n j-text \"><\/div>\n<div id=\"cc-m-11702475827\" class=\"j-module n j-text \">\n<table style=\"height: 314px; width: 47.953%; border-color: #800060; border-style: double;\" width=\"423\">\n<tbody>\n<tr style=\"height: 41px;\">\n<td style=\"width: 45.9799%; text-align: left; height: 41px;\"><span style=\"font-size: 14pt;\"><em>Ihre M\u00f6glichkeit zur Mitarbeit&#8230;<\/em><\/span><\/td>\n<td style=\"width: 54.2645%; height: 41px;\"><img loading=\"lazy\" decoding=\"async\" class=\"\" src=\"https:\/\/www.kirche-hettenhausen.de\/site\/wp-content\/uploads\/2018\/12\/Logo-engagiert-MITGESTALTEN.jpg\" alt=\"\" width=\"85\" height=\"40\" \/><\/td>\n<\/tr>\n<tr style=\"height: 40px;\">\n<td style=\"width: 100.244%; height: 12px;\" colspan=\"2\"><strong><span style=\"color: #ff00ff;\"><span style=\"color: #db1385;\">Aufgabe:<\/span><br \/>\n<\/span><\/strong>Bei der Ausrichtung des Weltgebetstags helfen<\/td>\n<\/tr>\n<tr style=\"height: 56px;\">\n<td style=\"width: 100.244%; height: 22px;\" colspan=\"2\"><strong><span style=\"color: #ff00ff;\"><span style=\"color: #db1385;\">Ort \/ Gruppe:<\/span><br \/>\n<\/span><\/strong>Kirche, Martin-Luther-Haus<\/td>\n<\/tr>\n<tr style=\"height: 56px;\">\n<td style=\"width: 100.244%; height: 10px;\" colspan=\"2\"><strong><span style=\"color: #ff00ff;\"><span style=\"color: #db1385;\">Zeit \/ Zeitaufwand:<\/span><br \/>\n<\/span><\/strong>nach Absprache<strong><span style=\"color: #ff00ff;\"><br \/>\n<\/span><\/strong><\/td>\n<\/tr>\n<tr style=\"height: 39px;\">\n<td style=\"width: 100.244%; height: 26px;\" colspan=\"2\"><strong><span style=\"color: #ff00ff;\"><span style=\"color: #db1385;\">Verantwortliche:<\/span><br \/>\n<\/span><\/strong>Gemeindeb\u00fcro, Telefon <a href=\"tel:+496656307\">+49 (0) 6656 307<\/a><\/td>\n<\/tr>\n<tr style=\"height: 48px;\">\n<td style=\"width: 45.9799%; height: 48px;\"><\/td>\n<td style=\"width: 54.2645%; text-align: right; height: 48px;\"><span style=\"font-size: 14pt;\"><em>&#8230; wir freuen uns, wenn Sie sich einbringen!<\/em><\/span><\/td>\n<\/tr>\n<\/tbody>\n<\/table>\n<\/div>\n<div id=\"cc-m-11702475827\" class=\"j-module n j-text \">\n<table style=\"height: 314px; width: 47.7202%; border-color: #800060; border-style: double;\" width=\"423\">\n<tbody>\n<tr style=\"height: 41px;\">\n<td style=\"width: 46.2312%; text-align: left; height: 41px;\"><span style=\"font-size: 14pt;\"><em>Ihre M\u00f6glichkeit zur Mitarbeit&#8230;<\/em><\/span><\/td>\n<td style=\"width: 53.0151%; height: 41px;\"><img loading=\"lazy\" decoding=\"async\" class=\"\" src=\"https:\/\/www.kirche-hettenhausen.de\/site\/wp-content\/uploads\/2018\/12\/Logo-engagiert-MITGESTALTEN.jpg\" alt=\"\" width=\"85\" height=\"40\" \/><\/td>\n<\/tr>\n<tr style=\"height: 40px;\">\n<td style=\"width: 99.2462%; height: 12px;\" colspan=\"2\"><strong><span style=\"color: #ff00ff;\"><span style=\"color: #db1385;\">Aufgabe:<\/span><br \/>\n<\/span><\/strong>Planung und Organisation von Festen<\/td>\n<\/tr>\n<tr style=\"height: 56px;\">\n<td style=\"width: 99.2462%; height: 22px;\" colspan=\"2\"><strong><span style=\"color: #ff00ff;\"><span style=\"color: #db1385;\">Ort \/ Gruppe:<\/span><br \/>\n<\/span><\/strong>Gemeindekreis<\/td>\n<\/tr>\n<tr style=\"height: 56px;\">\n<td style=\"width: 99.2462%; height: 10px;\" colspan=\"2\"><strong><span style=\"color: #ff00ff;\"><span style=\"color: #db1385;\">Zeit \/ Zeitaufwand:<\/span><br \/>\n<\/span><\/strong>nach Bedarf<\/td>\n<\/tr>\n<tr style=\"height: 39px;\">\n<td style=\"width: 99.2462%; height: 26px;\" colspan=\"2\"><strong><span style=\"color: #ff00ff;\"><span style=\"color: #db1385;\">Verantwortliche:<\/span><br \/>\n<\/span><\/strong>Eva Gro\u00df, Telefon <a href=\"tel:+4966566005\">+49 (0) 6656 6005<\/a><\/td>\n<\/tr>\n<tr style=\"height: 48px;\">\n<td style=\"width: 46.2312%; height: 48px;\"><\/td>\n<td style=\"width: 53.0151%; text-align: right; height: 48px;\"><span style=\"font-size: 14pt;\"><em>&#8230; wir freuen uns, wenn Sie sich einbringen!<\/em><\/span><\/td>\n<\/tr>\n<\/tbody>\n<\/table>\n<\/div>\n<div id=\"cc-m-11702475827\" class=\"j-module n j-text \">\n<table style=\"height: 314px; width: 394px; border-color: #800060; border-style: double;\" width=\"423\">\n<tbody>\n<tr style=\"height: 41px;\">\n<td style=\"width: 179px; text-align: left; height: 41px;\"><span style=\"font-size: 14pt;\"><em>Ihre M\u00f6glichkeit zur Mitarbeit&#8230;<\/em><\/span><\/td>\n<td style=\"width: 199px; height: 41px;\"><img loading=\"lazy\" decoding=\"async\" class=\"\" src=\"https:\/\/www.kirche-hettenhausen.de\/site\/wp-content\/uploads\/2018\/12\/Logo-engagiert-MITGESTALTEN.jpg\" alt=\"\" width=\"85\" height=\"40\" \/><\/td>\n<\/tr>\n<tr style=\"height: 40px;\">\n<td style=\"width: 384px; height: 12px;\" colspan=\"2\"><strong><span style=\"color: #ff00ff;\"><span style=\"color: #db1385;\">Aufgabe:<\/span><br \/>\n<\/span><\/strong><span style=\"color: #333333;\">Ein Fenster des lebendigen Adventskalenders ausrichten<\/span><strong><span style=\"color: #ff00ff;\"><br \/>\n<\/span><\/strong><\/td>\n<\/tr>\n<tr style=\"height: 56px;\">\n<td style=\"width: 384px; height: 22px;\" colspan=\"2\"><strong><span style=\"color: #ff00ff;\"><span style=\"color: #db1385;\">Ort \/ Gruppe:<\/span><br \/>\n<\/span><\/strong><span style=\"color: #ff00ff;\"><span style=\"color: #333333;\">zuhause<\/span><\/span><strong><span style=\"color: #ff00ff;\"><br \/>\n<\/span><\/strong><\/td>\n<\/tr>\n<tr style=\"height: 56px;\">\n<td style=\"width: 384px; height: 10px;\" colspan=\"2\"><strong><span style=\"color: #ff00ff;\"><span style=\"color: #db1385;\">Zeit \/ Zeitaufwand:<\/span><br \/>\n<\/span><\/strong><span style=\"color: #ff00ff;\"><span style=\"color: #333333;\">Ein Abend im Advent, 18:00 Uhr<\/span><\/span><strong><span style=\"color: #ff00ff;\"><br \/>\n<\/span><\/strong><\/td>\n<\/tr>\n<tr style=\"height: 39px;\">\n<td style=\"width: 384px; height: 26px;\" colspan=\"2\"><strong><span style=\"color: #ff00ff;\"><span style=\"color: #db1385;\">Verantwortliche:<\/span><br \/>\n<\/span><\/strong><span style=\"color: #333333;\">Eva Gro\u00df, Telefon <a href=\"tel:+4966566005\">+49 (0) 6656 6005<\/a><\/span><strong><span style=\"color: #ff00ff;\"><br \/>\n<\/span><\/strong><\/td>\n<\/tr>\n<tr style=\"height: 48px;\">\n<td style=\"width: 179px; height: 48px;\"><\/td>\n<td style=\"width: 199px; text-align: right; height: 48px;\"><span style=\"font-size: 14pt;\"><em>&#8230; wir freuen uns, wenn Sie sich einbringen!<\/em><\/span><\/td>\n<\/tr>\n<\/tbody>\n<\/table>\n<\/div>\n<div id=\"cc-m-11702475827\" class=\"j-module n j-text \">\n<table style=\"height: 159px; width: 393px; border-color: #800060; border-style: double;\" width=\"423\">\n<tbody>\n<tr style=\"height: 41px;\">\n<td style=\"width: 178.967px; text-align: left; height: 41px;\"><span style=\"font-size: 14pt;\"><em>Ihre M\u00f6glichkeit zur Mitarbeit&#8230;<\/em><\/span><\/td>\n<td style=\"width: 198.033px; height: 41px;\"><img loading=\"lazy\" decoding=\"async\" class=\"\" src=\"https:\/\/www.kirche-hettenhausen.de\/site\/wp-content\/uploads\/2018\/12\/Logo-engagiert-MITGESTALTEN.jpg\" alt=\"\" width=\"85\" height=\"40\" \/><\/td>\n<\/tr>\n<tr style=\"height: 40px;\">\n<td style=\"width: 383px; height: 12px;\" colspan=\"2\"><strong><span style=\"color: #ff00ff;\"><span style=\"color: #db1385;\">Aufgabe:<\/span><br \/>\n<\/span><\/strong><strong><span style=\"color: #ff00ff;\"><br \/>\n<\/span><\/strong><\/td>\n<\/tr>\n<tr style=\"height: 56px;\">\n<td style=\"width: 383px; height: 22px;\" colspan=\"2\"><strong><span style=\"color: #ff00ff;\"><span style=\"color: #db1385;\">Ort \/ Gruppe:<\/span><br \/>\n<\/span><\/strong><strong><span style=\"color: #ff00ff;\"><br \/>\n<\/span><\/strong><\/td>\n<\/tr>\n<tr style=\"height: 56px;\">\n<td style=\"width: 383px; height: 10px;\" colspan=\"2\"><strong><span style=\"color: #ff00ff;\"><span style=\"color: #db1385;\">Zeit \/ Zeitaufwand:<\/span><br \/>\n<\/span><\/strong><strong><span style=\"color: #ff00ff;\"><br \/>\n<\/span><\/strong><\/td>\n<\/tr>\n<tr style=\"height: 39px;\">\n<td style=\"width: 383px; height: 26px;\" colspan=\"2\"><strong><span style=\"color: #ff00ff;\"><span style=\"color: #db1385;\">Verantwortlicher:<\/span><br \/>\n<\/span><\/strong><strong><span style=\"color: #ff00ff;\"><br \/>\n<\/span><\/strong><\/td>\n<\/tr>\n<tr style=\"height: 48px;\">\n<td style=\"width: 178.967px; height: 48px;\"><\/td>\n<td style=\"width: 198.033px; text-align: right; height: 48px;\"><span style=\"font-size: 14pt;\"><em>&#8230; wir freuen uns, wenn Sie sich einbringen!<\/em><\/span><\/td>\n<\/tr>\n<\/tbody>\n<\/table>\n<\/div>\n","protected":false},"excerpt":{"rendered":"<p>Mit dabei sein&#8230; beim Ideen entwickeln und umsetzen Sie entwickeln gern Ideen und organisieren die Umsetzung und w\u00fcrden dies in unsere Kirchengemeinde einbringen? Wir freuen uns! Hier finden Sie ein paar Vorschl\u00e4ge, welche Mitwirkungsm\u00f6glichkeiten sich bieten und wen Sie genau dann ansprechen k\u00f6nnen: Ihre M\u00f6glichkeit zur Mitarbeit&#8230; Aufgabe:\u00a0 Die Gemeinde gemeinsam mit der Pfarrerin leiten [&hellip;]<\/p>\n","protected":false},"author":2,"featured_media":1761,"parent":1758,"menu_order":70,"comment_status":"closed","ping_status":"closed","template":"","meta":{"footnotes":""},"class_list":["post-1974","page","type-page","status-publish","has-post-thumbnail","hentry"],"yoast_head":"<!-- This site is optimized with the Yoast SEO plugin v27.6 - https:\/\/yoast.com\/product\/yoast-seo-wordpress\/ -->\n<title>Ideen entwickeln und umsetzen - Ev.-luth. Kirchengemeinde Hettenhausen - Dalherda<\/title>\n<meta name=\"description\" content=\"Ev.-luth. Kirchengemeinde Hettenhausen - Dalherda - Ideen entwickeln und umsetzen\" \/>\n<meta name=\"robots\" content=\"index, follow, max-snippet:-1, max-image-preview:large, max-video-preview:-1\" \/>\n<link rel=\"canonical\" href=\"https:\/\/www.kirche-hettenhausen.de\/site\/engagiert-mitgestalten\/ideen-entwickeln-und-umsetzen\/\" \/>\n<meta property=\"og:locale\" content=\"de_DE\" \/>\n<meta property=\"og:type\" content=\"article\" \/>\n<meta property=\"og:title\" content=\"Ideen entwickeln und umsetzen - Ev.-luth. Kirchengemeinde Hettenhausen - Dalherda\" \/>\n<meta property=\"og:description\" content=\"Ev.-luth. Kirchengemeinde Hettenhausen - Dalherda - Ideen entwickeln und umsetzen\" \/>\n<meta property=\"og:url\" content=\"https:\/\/www.kirche-hettenhausen.de\/site\/engagiert-mitgestalten\/ideen-entwickeln-und-umsetzen\/\" \/>\n<meta property=\"og:site_name\" content=\"Ev.-luth. Kirchengemeinde Hettenhausen - Dalherda\" \/>\n<meta property=\"article:modified_time\" content=\"2025-01-03T16:09:07+00:00\" \/>\n<meta property=\"og:image\" content=\"https:\/\/www.kirche-hettenhausen.de\/site\/wp-content\/uploads\/2018\/07\/1476886816-8153-1140.jpg\" \/>\n\t<meta property=\"og:image:width\" content=\"1140\" \/>\n\t<meta property=\"og:image:height\" content=\"813\" \/>\n\t<meta property=\"og:image:type\" content=\"image\/jpeg\" \/>\n<meta name=\"twitter:card\" content=\"summary_large_image\" \/>\n<meta name=\"twitter:label1\" content=\"Gesch\u00e4tzte Lesezeit\" \/>\n\t<meta name=\"twitter:data1\" content=\"3\u00a0Minuten\" \/>\n<script type=\"application\/ld+json\" class=\"yoast-schema-graph\">{\"@context\":\"https:\\\/\\\/schema.org\",\"@graph\":[{\"@type\":\"WebPage\",\"@id\":\"https:\\\/\\\/www.kirche-hettenhausen.de\\\/site\\\/engagiert-mitgestalten\\\/ideen-entwickeln-und-umsetzen\\\/\",\"url\":\"https:\\\/\\\/www.kirche-hettenhausen.de\\\/site\\\/engagiert-mitgestalten\\\/ideen-entwickeln-und-umsetzen\\\/\",\"name\":\"Ideen entwickeln und umsetzen - Ev.-luth. Kirchengemeinde Hettenhausen - Dalherda\",\"isPartOf\":{\"@id\":\"https:\\\/\\\/www.kirche-hettenhausen.de\\\/site\\\/#website\"},\"primaryImageOfPage\":{\"@id\":\"https:\\\/\\\/www.kirche-hettenhausen.de\\\/site\\\/engagiert-mitgestalten\\\/ideen-entwickeln-und-umsetzen\\\/#primaryimage\"},\"image\":{\"@id\":\"https:\\\/\\\/www.kirche-hettenhausen.de\\\/site\\\/engagiert-mitgestalten\\\/ideen-entwickeln-und-umsetzen\\\/#primaryimage\"},\"thumbnailUrl\":\"https:\\\/\\\/www.kirche-hettenhausen.de\\\/site\\\/wp-content\\\/uploads\\\/2018\\\/07\\\/1476886816-8153-1140.jpg\",\"datePublished\":\"2018-12-21T21:10:27+00:00\",\"dateModified\":\"2025-01-03T16:09:07+00:00\",\"description\":\"Ev.-luth. Kirchengemeinde Hettenhausen - Dalherda - Ideen entwickeln und umsetzen\",\"breadcrumb\":{\"@id\":\"https:\\\/\\\/www.kirche-hettenhausen.de\\\/site\\\/engagiert-mitgestalten\\\/ideen-entwickeln-und-umsetzen\\\/#breadcrumb\"},\"inLanguage\":\"de\",\"potentialAction\":[{\"@type\":\"ReadAction\",\"target\":[\"https:\\\/\\\/www.kirche-hettenhausen.de\\\/site\\\/engagiert-mitgestalten\\\/ideen-entwickeln-und-umsetzen\\\/\"]}]},{\"@type\":\"ImageObject\",\"inLanguage\":\"de\",\"@id\":\"https:\\\/\\\/www.kirche-hettenhausen.de\\\/site\\\/engagiert-mitgestalten\\\/ideen-entwickeln-und-umsetzen\\\/#primaryimage\",\"url\":\"https:\\\/\\\/www.kirche-hettenhausen.de\\\/site\\\/wp-content\\\/uploads\\\/2018\\\/07\\\/1476886816-8153-1140.jpg\",\"contentUrl\":\"https:\\\/\\\/www.kirche-hettenhausen.de\\\/site\\\/wp-content\\\/uploads\\\/2018\\\/07\\\/1476886816-8153-1140.jpg\",\"width\":1140,\"height\":813,\"caption\":\"engagiert MITGESTALTEN\"},{\"@type\":\"BreadcrumbList\",\"@id\":\"https:\\\/\\\/www.kirche-hettenhausen.de\\\/site\\\/engagiert-mitgestalten\\\/ideen-entwickeln-und-umsetzen\\\/#breadcrumb\",\"itemListElement\":[{\"@type\":\"ListItem\",\"position\":1,\"name\":\"Startseite\",\"item\":\"https:\\\/\\\/www.kirche-hettenhausen.de\\\/site\\\/\"},{\"@type\":\"ListItem\",\"position\":2,\"name\":\"engagiert! MITGESTALTEN\",\"item\":\"https:\\\/\\\/www.kirche-hettenhausen.de\\\/site\\\/engagiert-mitgestalten\\\/\"},{\"@type\":\"ListItem\",\"position\":3,\"name\":\"Ideen entwickeln und umsetzen\"}]},{\"@type\":\"WebSite\",\"@id\":\"https:\\\/\\\/www.kirche-hettenhausen.de\\\/site\\\/#website\",\"url\":\"https:\\\/\\\/www.kirche-hettenhausen.de\\\/site\\\/\",\"name\":\"Ev.-luth. Kirchengemeinde Hettenhausen - Dalherda\",\"description\":\"Homepage der Ev.-luth. Kirchengemeinde Hettenhausen - Dalherda\",\"potentialAction\":[{\"@type\":\"SearchAction\",\"target\":{\"@type\":\"EntryPoint\",\"urlTemplate\":\"https:\\\/\\\/www.kirche-hettenhausen.de\\\/site\\\/?s={search_term_string}\"},\"query-input\":{\"@type\":\"PropertyValueSpecification\",\"valueRequired\":true,\"valueName\":\"search_term_string\"}}],\"inLanguage\":\"de\"}]}<\/script>\n<!-- \/ Yoast SEO plugin. -->","yoast_head_json":{"title":"Ideen entwickeln und umsetzen - Ev.-luth. Kirchengemeinde Hettenhausen - Dalherda","description":"Ev.-luth. Kirchengemeinde Hettenhausen - Dalherda - Ideen entwickeln und umsetzen","robots":{"index":"index","follow":"follow","max-snippet":"max-snippet:-1","max-image-preview":"max-image-preview:large","max-video-preview":"max-video-preview:-1"},"canonical":"https:\/\/www.kirche-hettenhausen.de\/site\/engagiert-mitgestalten\/ideen-entwickeln-und-umsetzen\/","og_locale":"de_DE","og_type":"article","og_title":"Ideen entwickeln und umsetzen - Ev.-luth. Kirchengemeinde Hettenhausen - Dalherda","og_description":"Ev.-luth. Kirchengemeinde Hettenhausen - Dalherda - Ideen entwickeln und umsetzen","og_url":"https:\/\/www.kirche-hettenhausen.de\/site\/engagiert-mitgestalten\/ideen-entwickeln-und-umsetzen\/","og_site_name":"Ev.-luth. Kirchengemeinde Hettenhausen - Dalherda","article_modified_time":"2025-01-03T16:09:07+00:00","og_image":[{"width":1140,"height":813,"url":"https:\/\/www.kirche-hettenhausen.de\/site\/wp-content\/uploads\/2018\/07\/1476886816-8153-1140.jpg","type":"image\/jpeg"}],"twitter_card":"summary_large_image","twitter_misc":{"Gesch\u00e4tzte Lesezeit":"3\u00a0Minuten"},"schema":{"@context":"https:\/\/schema.org","@graph":[{"@type":"WebPage","@id":"https:\/\/www.kirche-hettenhausen.de\/site\/engagiert-mitgestalten\/ideen-entwickeln-und-umsetzen\/","url":"https:\/\/www.kirche-hettenhausen.de\/site\/engagiert-mitgestalten\/ideen-entwickeln-und-umsetzen\/","name":"Ideen entwickeln und umsetzen - Ev.-luth. Kirchengemeinde Hettenhausen - Dalherda","isPartOf":{"@id":"https:\/\/www.kirche-hettenhausen.de\/site\/#website"},"primaryImageOfPage":{"@id":"https:\/\/www.kirche-hettenhausen.de\/site\/engagiert-mitgestalten\/ideen-entwickeln-und-umsetzen\/#primaryimage"},"image":{"@id":"https:\/\/www.kirche-hettenhausen.de\/site\/engagiert-mitgestalten\/ideen-entwickeln-und-umsetzen\/#primaryimage"},"thumbnailUrl":"https:\/\/www.kirche-hettenhausen.de\/site\/wp-content\/uploads\/2018\/07\/1476886816-8153-1140.jpg","datePublished":"2018-12-21T21:10:27+00:00","dateModified":"2025-01-03T16:09:07+00:00","description":"Ev.-luth. Kirchengemeinde Hettenhausen - Dalherda - Ideen entwickeln und umsetzen","breadcrumb":{"@id":"https:\/\/www.kirche-hettenhausen.de\/site\/engagiert-mitgestalten\/ideen-entwickeln-und-umsetzen\/#breadcrumb"},"inLanguage":"de","potentialAction":[{"@type":"ReadAction","target":["https:\/\/www.kirche-hettenhausen.de\/site\/engagiert-mitgestalten\/ideen-entwickeln-und-umsetzen\/"]}]},{"@type":"ImageObject","inLanguage":"de","@id":"https:\/\/www.kirche-hettenhausen.de\/site\/engagiert-mitgestalten\/ideen-entwickeln-und-umsetzen\/#primaryimage","url":"https:\/\/www.kirche-hettenhausen.de\/site\/wp-content\/uploads\/2018\/07\/1476886816-8153-1140.jpg","contentUrl":"https:\/\/www.kirche-hettenhausen.de\/site\/wp-content\/uploads\/2018\/07\/1476886816-8153-1140.jpg","width":1140,"height":813,"caption":"engagiert MITGESTALTEN"},{"@type":"BreadcrumbList","@id":"https:\/\/www.kirche-hettenhausen.de\/site\/engagiert-mitgestalten\/ideen-entwickeln-und-umsetzen\/#breadcrumb","itemListElement":[{"@type":"ListItem","position":1,"name":"Startseite","item":"https:\/\/www.kirche-hettenhausen.de\/site\/"},{"@type":"ListItem","position":2,"name":"engagiert! MITGESTALTEN","item":"https:\/\/www.kirche-hettenhausen.de\/site\/engagiert-mitgestalten\/"},{"@type":"ListItem","position":3,"name":"Ideen entwickeln und umsetzen"}]},{"@type":"WebSite","@id":"https:\/\/www.kirche-hettenhausen.de\/site\/#website","url":"https:\/\/www.kirche-hettenhausen.de\/site\/","name":"Ev.-luth. Kirchengemeinde Hettenhausen - Dalherda","description":"Homepage der Ev.-luth. Kirchengemeinde Hettenhausen - Dalherda","potentialAction":[{"@type":"SearchAction","target":{"@type":"EntryPoint","urlTemplate":"https:\/\/www.kirche-hettenhausen.de\/site\/?s={search_term_string}"},"query-input":{"@type":"PropertyValueSpecification","valueRequired":true,"valueName":"search_term_string"}}],"inLanguage":"de"}]}},"_links":{"self":[{"href":"https:\/\/www.kirche-hettenhausen.de\/site\/wp-json\/wp\/v2\/pages\/1974","targetHints":{"allow":["GET"]}}],"collection":[{"href":"https:\/\/www.kirche-hettenhausen.de\/site\/wp-json\/wp\/v2\/pages"}],"about":[{"href":"https:\/\/www.kirche-hettenhausen.de\/site\/wp-json\/wp\/v2\/types\/page"}],"author":[{"embeddable":true,"href":"https:\/\/www.kirche-hettenhausen.de\/site\/wp-json\/wp\/v2\/users\/2"}],"replies":[{"embeddable":true,"href":"https:\/\/www.kirche-hettenhausen.de\/site\/wp-json\/wp\/v2\/comments?post=1974"}],"version-history":[{"count":28,"href":"https:\/\/www.kirche-hettenhausen.de\/site\/wp-json\/wp\/v2\/pages\/1974\/revisions"}],"predecessor-version":[{"id":15717,"href":"https:\/\/www.kirche-hettenhausen.de\/site\/wp-json\/wp\/v2\/pages\/1974\/revisions\/15717"}],"up":[{"embeddable":true,"href":"https:\/\/www.kirche-hettenhausen.de\/site\/wp-json\/wp\/v2\/pages\/1758"}],"wp:featuredmedia":[{"embeddable":true,"href":"https:\/\/www.kirche-hettenhausen.de\/site\/wp-json\/wp\/v2\/media\/1761"}],"wp:attachment":[{"href":"https:\/\/www.kirche-hettenhausen.de\/site\/wp-json\/wp\/v2\/media?parent=1974"}],"curies":[{"name":"wp","href":"https:\/\/api.w.org\/{rel}","templated":true}]}}