{"id":1972,"date":"2018-12-21T22:09:39","date_gmt":"2018-12-21T21:09:39","guid":{"rendered":"https:\/\/kirche-hettenhausen.de\/site\/?page_id=1972"},"modified":"2022-11-11T22:16:30","modified_gmt":"2022-11-11T21:16:30","slug":"gestalten-und-verschoenern","status":"publish","type":"page","link":"https:\/\/www.kirche-hettenhausen.de\/site\/engagiert-mitgestalten\/gestalten-und-verschoenern\/","title":{"rendered":"Gestalten und Versch\u00f6nern"},"content":{"rendered":"<div id=\"cc-m-11702151827\" class=\"j-module n j-header \">\n<h3 id=\"cc-m-header-11702151827\" class=\"\">Mit dabei sein&#8230; beim Gestalten und Versch\u00f6nern<\/h3>\n<\/div>\n<div id=\"cc-m-11702135927\" class=\"j-module n j-text \">\n<p>Sie haben ein &#8222;H\u00e4ndchen&#8220; beim Basteln und Gestalten und w\u00fcrden dies in unsere Kirchengemeinde einbringen?<\/p>\n<p>Wir freuen uns!<\/p>\n<p>Hier finden Sie ein paar Vorschl\u00e4ge, welche Mitwirkungsm\u00f6glichkeiten sich bieten und wen Sie genau dann ansprechen k\u00f6nnen:<\/p>\n<p>&nbsp;<\/p>\n<div id=\"cc-m-11702475827\" class=\"j-module n j-text \">\n<table style=\"height: 159px; width: 423px; border-color: #800060; border-style: double;\" width=\"423\">\n<tbody>\n<tr style=\"height: 41px;\">\n<td style=\"width: 186.467px; text-align: left; height: 41px;\"><span style=\"font-size: 14pt;\"><em>Ihre M\u00f6glichkeit zur Mitarbeit&#8230;<\/em><\/span><\/td>\n<td style=\"width: 220.533px; height: 41px;\"><img loading=\"lazy\" decoding=\"async\" class=\"\" src=\"https:\/\/www.kirche-hettenhausen.de\/site\/wp-content\/uploads\/2018\/12\/Logo-engagiert-MITGESTALTEN.jpg\" alt=\"\" width=\"85\" height=\"40\" \/><\/td>\n<\/tr>\n<tr style=\"height: 40px;\">\n<td style=\"width: 413px; height: 12px;\" colspan=\"2\"><strong><span style=\"color: #ff00ff;\"><span style=\"color: #db1399;\">Aufgabe:<\/span><br \/>\n<\/span><\/strong><span style=\"color: #ff00ff;\"><span style=\"color: #000000;\">Weihnachtsbaum im Team aufstellen<\/span><\/span><strong><span style=\"color: #ff00ff;\"><br \/>\n<\/span><\/strong><\/td>\n<\/tr>\n<tr style=\"height: 56px;\">\n<td style=\"width: 413px; height: 22px;\" colspan=\"2\"><strong><span style=\"color: #ff00ff;\"><span style=\"color: #db1399;\">Ort \/ Gruppe:<\/span><br \/>\n<\/span><\/strong><span style=\"color: #ff00ff;\"><span style=\"color: #000000;\">Kirche<\/span><\/span><strong><span style=\"color: #ff00ff;\"><br \/>\n<\/span><\/strong><\/td>\n<\/tr>\n<tr style=\"height: 56px;\">\n<td style=\"width: 413px; height: 10px;\" colspan=\"2\"><strong><span style=\"color: #ff00ff;\"><span style=\"color: #db1399;\">Zeit \/ Zeitaufwand:<\/span><br \/>\n<\/span><\/strong><span style=\"color: #ff00ff;\"><span style=\"color: #000000;\">ca. 3 Stunden kurz vor dem 24. Dezember<\/span><\/span><strong><span style=\"color: #ff00ff;\"><br \/>\n<\/span><\/strong><\/td>\n<\/tr>\n<tr style=\"height: 39px;\">\n<td style=\"width: 413px; height: 26px;\" colspan=\"2\"><strong><span style=\"color: #ff00ff;\"><span style=\"color: #db1399;\">Verantwortliche:<\/span><br \/>\n<\/span><\/strong><span style=\"color: #000000;\">Kirchenvorstand<\/span><\/td>\n<\/tr>\n<tr style=\"height: 48px;\">\n<td style=\"width: 186.467px; height: 48px;\"><\/td>\n<td style=\"width: 220.533px; text-align: right; height: 48px;\"><span style=\"font-size: 14pt;\"><em>&#8230; wir freuen uns, wenn Sie sich einbringen!<\/em><\/span><\/td>\n<\/tr>\n<\/tbody>\n<\/table>\n<\/div>\n<\/div>\n<div id=\"cc-m-11702475827\" class=\"j-module n j-text \">\n<table style=\"height: 314px; width: 423px; border-color: #800060; border-style: double;\" width=\"423\">\n<tbody>\n<tr style=\"height: 41px;\">\n<td style=\"width: 186.467px; text-align: left; height: 41px;\"><span style=\"font-size: 14pt;\"><em>Ihre M\u00f6glichkeit zur Mitarbeit&#8230;<\/em><\/span><\/td>\n<td style=\"width: 220.533px; height: 41px;\"><img loading=\"lazy\" decoding=\"async\" class=\"\" src=\"https:\/\/www.kirche-hettenhausen.de\/site\/wp-content\/uploads\/2018\/12\/Logo-engagiert-MITGESTALTEN.jpg\" alt=\"\" width=\"85\" height=\"40\" \/><\/td>\n<\/tr>\n<tr style=\"height: 40px;\">\n<td style=\"width: 413px; height: 12px;\" colspan=\"2\"><strong><span style=\"color: #ff00ff;\"><span style=\"color: #db1399;\">Aufgabe:<\/span><br \/>\n<\/span><\/strong><span style=\"color: #000000;\">Bastelideen in einer Gruppe umsetzen<br \/>\n<\/span><\/td>\n<\/tr>\n<tr style=\"height: 56px;\">\n<td style=\"width: 413px; height: 22px;\" colspan=\"2\"><strong><span style=\"color: #ff00ff;\"><span style=\"color: #db1399;\">Ort \/ Gruppe:<\/span><br \/>\n<\/span><\/strong><span style=\"color: #000000;\">Gemeinde Kreativ<br \/>\n<\/span><\/td>\n<\/tr>\n<tr style=\"height: 56px;\">\n<td style=\"width: 413px; height: 10px;\" colspan=\"2\"><strong><span style=\"color: #ff00ff;\"><span style=\"color: #db1399;\">Zeit \/ Zeitaufwand:<\/span><br \/>\n<\/span><\/strong><span style=\"color: #000000;\">nach Absprache<br \/>\n<\/span><\/td>\n<\/tr>\n<tr style=\"height: 39px;\">\n<td style=\"width: 413px; height: 26px;\" colspan=\"2\"><strong><span style=\"color: #db1385;\">Verantwortliche:<\/span><br \/>\n<\/strong>Barbara Schleicher, Telefon <a href=\"tel:+496656918708\">+49 (0) 6656 918708<\/a><\/td>\n<\/tr>\n<tr style=\"height: 48px;\">\n<td style=\"width: 186.467px; height: 48px;\"><\/td>\n<td style=\"width: 220.533px; text-align: right; height: 48px;\"><span style=\"font-size: 14pt;\"><em>&#8230; wir freuen uns, wenn Sie sich einbringen!<\/em><\/span><\/td>\n<\/tr>\n<\/tbody>\n<\/table>\n<\/div>\n<div id=\"cc-m-11702475827\" class=\"j-module n j-text \">\n<table style=\"height: 314px; width: 423px; border-color: #800060; border-style: double;\" width=\"423\">\n<tbody>\n<tr style=\"height: 41px;\">\n<td style=\"width: 186.467px; text-align: left; height: 41px;\"><span style=\"font-size: 14pt;\"><em>Ihre M\u00f6glichkeit zur Mitarbeit&#8230;<\/em><\/span><\/td>\n<td style=\"width: 220.533px; height: 41px;\"><img loading=\"lazy\" decoding=\"async\" class=\"\" src=\"https:\/\/www.kirche-hettenhausen.de\/site\/wp-content\/uploads\/2018\/12\/Logo-engagiert-MITGESTALTEN.jpg\" alt=\"\" width=\"85\" height=\"40\" \/><\/td>\n<\/tr>\n<tr style=\"height: 40px;\">\n<td style=\"width: 413px; height: 12px;\" colspan=\"2\"><strong><span style=\"color: #ff00ff;\"><span style=\"color: #db1399;\">Aufgabe:<\/span><br \/>\n<\/span><\/strong>Ein Fenster beim &#8222;Lebendigen Adventskalender&#8220; ausrichten<\/td>\n<\/tr>\n<tr style=\"height: 56px;\">\n<td style=\"width: 413px; height: 22px;\" colspan=\"2\"><strong><span style=\"color: #ff00ff;\"><span style=\"color: #db1399;\">Ort \/ Gruppe:<\/span><br \/>\n<\/span><\/strong><span style=\"color: #ff00ff;\"><span style=\"color: #000000;\">bei Ihnen zuhause<\/span><\/span><strong><span style=\"color: #ff00ff;\"><br \/>\n<\/span><\/strong><\/td>\n<\/tr>\n<tr style=\"height: 56px;\">\n<td style=\"width: 413px; height: 10px;\" colspan=\"2\"><strong><span style=\"color: #ff00ff;\"><span style=\"color: #db1399;\">Zeit \/ Zeitaufwand:<\/span><br \/>\n<\/span><\/strong><span style=\"color: #ff00ff;\"><span style=\"color: #000000;\">1 Abend im Advent<\/span><\/span><strong><span style=\"color: #ff00ff;\"><br \/>\n<\/span><\/strong><\/td>\n<\/tr>\n<tr style=\"height: 39px;\">\n<td style=\"width: 413px; height: 26px;\" colspan=\"2\"><strong><span style=\"color: #ff00ff;\"><span style=\"color: #db1399;\">Verantwortliche:<\/span><br \/>\n<\/span><\/strong>Eva Gro\u00df, Telefon <a href=\"tel:+4966566005\">+49 (0) 6656 6005<\/a><strong><span style=\"color: #ff00ff;\"><br \/>\n<\/span><\/strong><\/td>\n<\/tr>\n<tr style=\"height: 48px;\">\n<td style=\"width: 186.467px; height: 48px;\"><\/td>\n<td style=\"width: 220.533px; text-align: right; height: 48px;\"><span style=\"font-size: 14pt;\"><em>&#8230; wir freuen uns, wenn Sie sich einbringen!<\/em><\/span><\/td>\n<\/tr>\n<\/tbody>\n<\/table>\n<\/div>\n<div id=\"cc-m-11702475827\" class=\"j-module n j-text \">\n<table style=\"height: 314px; width: 423px; border-color: #800060; border-style: double;\" width=\"423\">\n<tbody>\n<tr style=\"height: 41px;\">\n<td style=\"width: 186.467px; text-align: left; height: 41px;\"><span style=\"font-size: 14pt;\"><em>Ihre M\u00f6glichkeit zur Mitarbeit&#8230;<\/em><\/span><\/td>\n<td style=\"width: 220.533px; height: 41px;\"><img loading=\"lazy\" decoding=\"async\" class=\"\" src=\"https:\/\/www.kirche-hettenhausen.de\/site\/wp-content\/uploads\/2018\/12\/Logo-engagiert-MITGESTALTEN.jpg\" alt=\"\" width=\"85\" height=\"40\" \/><\/td>\n<\/tr>\n<tr style=\"height: 40px;\">\n<td style=\"width: 413px; height: 12px;\" colspan=\"2\"><strong><span style=\"color: #ff00ff;\"><span style=\"color: #db1399;\">Aufgabe:<\/span><br \/>\n<\/span><\/strong>Mitgestalten der Osternacht<\/td>\n<\/tr>\n<tr style=\"height: 56px;\">\n<td style=\"width: 413px; height: 22px;\" colspan=\"2\"><strong><span style=\"color: #ff00ff;\"><span style=\"color: #db1399;\">Ort \/ Gruppe:<\/span><br \/>\n<\/span><\/strong>Kirche Dalherda<\/td>\n<\/tr>\n<tr style=\"height: 56px;\">\n<td style=\"width: 413px; height: 10px;\" colspan=\"2\"><strong><span style=\"color: #ff00ff;\"><span style=\"color: #db1399;\">Zeit \/ Zeitaufwand:<\/span><br \/>\n<\/span><\/strong>Ostersonntag 2023<\/td>\n<\/tr>\n<tr style=\"height: 39px;\">\n<td style=\"width: 413px; height: 26px;\" colspan=\"2\"><strong><span style=\"color: #ff00ff;\"><span style=\"color: #db1399;\">Verantwortliche:<\/span><br \/>\n<\/span><\/strong>Ira Magerhans, Franziska Zinn<\/td>\n<\/tr>\n<tr style=\"height: 48px;\">\n<td style=\"width: 186.467px; height: 48px;\"><\/td>\n<td style=\"width: 220.533px; text-align: right; height: 48px;\"><span style=\"font-size: 14pt;\"><em>&#8230; wir freuen uns, wenn Sie sich einbringen!<\/em><\/span><\/td>\n<\/tr>\n<\/tbody>\n<\/table>\n<\/div>\n<div id=\"cc-m-11702475827\" class=\"j-module n j-text \">\n<table style=\"height: 314px; width: 423px; border-color: #800060; border-style: double;\" width=\"423\">\n<tbody>\n<tr style=\"height: 41px;\">\n<td style=\"width: 186.467px; text-align: left; height: 41px;\"><span style=\"font-size: 14pt;\"><em>Ihre M\u00f6glichkeit zur Mitarbeit&#8230;<\/em><\/span><\/td>\n<td style=\"width: 220.533px; height: 41px;\"><img loading=\"lazy\" decoding=\"async\" class=\"\" src=\"https:\/\/www.kirche-hettenhausen.de\/site\/wp-content\/uploads\/2018\/12\/Logo-engagiert-MITGESTALTEN.jpg\" alt=\"\" width=\"85\" height=\"40\" \/><\/td>\n<\/tr>\n<tr style=\"height: 40px;\">\n<td style=\"width: 413px; height: 12px;\" colspan=\"2\"><strong><span style=\"color: #ff00ff;\"><span style=\"color: #db1399;\">Aufgabe:<\/span><br \/>\n<\/span><\/strong>Dekorieren an Erntedank, Weihnachten usw.<\/td>\n<\/tr>\n<tr style=\"height: 56px;\">\n<td style=\"width: 413px; height: 22px;\" colspan=\"2\"><strong><span style=\"color: #ff00ff;\"><span style=\"color: #db1399;\">Ort \/ Gruppe:<\/span><br \/>\n<\/span><\/strong>Kirche Dalherda<\/td>\n<\/tr>\n<tr style=\"height: 56px;\">\n<td style=\"width: 413px; height: 10px;\" colspan=\"2\"><strong><span style=\"color: #ff00ff;\"><span style=\"color: #db1399;\">Zeit \/ Zeitaufwand:<\/span><br \/>\n<\/span><\/strong>nach Bedarf<\/td>\n<\/tr>\n<tr style=\"height: 39px;\">\n<td style=\"width: 413px; height: 26px;\" colspan=\"2\"><strong><span style=\"color: #ff00ff;\"><span style=\"color: #db1399;\">Verantwortliche:<\/span><br \/>\n<\/span><\/strong>Ira Magerhans, Franziska Zinn<strong><span style=\"color: #ff00ff;\"><br \/>\n<\/span><\/strong><\/td>\n<\/tr>\n<tr style=\"height: 48px;\">\n<td style=\"width: 186.467px; height: 48px;\"><\/td>\n<td style=\"width: 220.533px; text-align: right; height: 48px;\"><span style=\"font-size: 14pt;\"><em>&#8230; wir freuen uns, wenn Sie sich einbringen!<\/em><\/span><\/td>\n<\/tr>\n<\/tbody>\n<\/table>\n<\/div>\n<div id=\"cc-m-11702475827\" class=\"j-module n j-text \">\n<table style=\"height: 314px; width: 423px; border-color: #800060; border-style: double;\" width=\"423\">\n<tbody>\n<tr style=\"height: 41px;\">\n<td style=\"width: 186.467px; text-align: left; height: 41px;\"><span style=\"font-size: 14pt;\"><em>Ihre M\u00f6glichkeit zur Mitarbeit&#8230;<\/em><\/span><\/td>\n<td style=\"width: 220.533px; height: 41px;\"><img loading=\"lazy\" decoding=\"async\" class=\"\" src=\"https:\/\/www.kirche-hettenhausen.de\/site\/wp-content\/uploads\/2018\/12\/Logo-engagiert-MITGESTALTEN.jpg\" alt=\"\" width=\"85\" height=\"40\" \/><\/td>\n<\/tr>\n<tr style=\"height: 40px;\">\n<td style=\"width: 413px; height: 12px;\" colspan=\"2\"><strong><span style=\"color: #ff00ff;\"><span style=\"color: #db1399;\">Aufgabe:<\/span><br \/>\n<\/span><\/strong><strong><span style=\"color: #ff00ff;\"><br \/>\n<\/span><\/strong><\/td>\n<\/tr>\n<tr style=\"height: 56px;\">\n<td style=\"width: 413px; height: 22px;\" colspan=\"2\"><strong><span style=\"color: #ff00ff;\"><span style=\"color: #db1399;\">Ort \/ Gruppe:<\/span><br \/>\n<\/span><\/strong><strong><span style=\"color: #ff00ff;\"><br \/>\n<\/span><\/strong><\/td>\n<\/tr>\n<tr style=\"height: 56px;\">\n<td style=\"width: 413px; height: 10px;\" colspan=\"2\"><strong><span style=\"color: #ff00ff;\"><span style=\"color: #db1399;\">Zeit \/ Zeitaufwand:<\/span><br \/>\n<\/span><\/strong><strong><span style=\"color: #ff00ff;\"><br \/>\n<\/span><\/strong><\/td>\n<\/tr>\n<tr style=\"height: 39px;\">\n<td style=\"width: 413px; height: 26px;\" colspan=\"2\"><strong><span style=\"color: #ff00ff;\"><span style=\"color: #db1399;\">Verantwortliche:<\/span><br \/>\n<\/span><\/strong><strong><span style=\"color: #ff00ff;\"><br \/>\n<\/span><\/strong><\/td>\n<\/tr>\n<tr style=\"height: 48px;\">\n<td style=\"width: 186.467px; height: 48px;\"><\/td>\n<td style=\"width: 220.533px; text-align: right; height: 48px;\"><span style=\"font-size: 14pt;\"><em>&#8230; wir freuen uns, wenn Sie sich einbringen!<\/em><\/span><\/td>\n<\/tr>\n<\/tbody>\n<\/table>\n<\/div>\n","protected":false},"excerpt":{"rendered":"<p>Mit dabei sein&#8230; beim Gestalten und Versch\u00f6nern Sie haben ein &#8222;H\u00e4ndchen&#8220; beim Basteln und Gestalten und w\u00fcrden dies in unsere Kirchengemeinde einbringen? Wir freuen uns! Hier finden Sie ein paar Vorschl\u00e4ge, welche Mitwirkungsm\u00f6glichkeiten sich bieten und wen Sie genau dann ansprechen k\u00f6nnen: &nbsp; Ihre M\u00f6glichkeit zur Mitarbeit&#8230; Aufgabe: Weihnachtsbaum im Team aufstellen Ort \/ Gruppe: [&hellip;]<\/p>\n","protected":false},"author":2,"featured_media":1761,"parent":1758,"menu_order":50,"comment_status":"closed","ping_status":"closed","template":"","meta":{"footnotes":""},"class_list":["post-1972","page","type-page","status-publish","has-post-thumbnail","hentry"],"yoast_head":"<!-- This site is optimized with the Yoast SEO plugin v27.4 - https:\/\/yoast.com\/product\/yoast-seo-wordpress\/ -->\n<title>Gestalten und Versch\u00f6nern - Ev.-luth. Kirchengemeinde Hettenhausen - Dalherda<\/title>\n<meta name=\"description\" content=\"Ev.-luth. Kirchengemeinde Hettenhausen - Dalherda - Gestalten und Versch\u00f6nern\" \/>\n<meta name=\"robots\" content=\"index, follow, max-snippet:-1, max-image-preview:large, max-video-preview:-1\" \/>\n<link rel=\"canonical\" href=\"https:\/\/www.kirche-hettenhausen.de\/site\/engagiert-mitgestalten\/gestalten-und-verschoenern\/\" \/>\n<meta property=\"og:locale\" content=\"de_DE\" \/>\n<meta property=\"og:type\" content=\"article\" \/>\n<meta property=\"og:title\" content=\"Gestalten und Versch\u00f6nern - Ev.-luth. Kirchengemeinde Hettenhausen - Dalherda\" \/>\n<meta property=\"og:description\" content=\"Ev.-luth. Kirchengemeinde Hettenhausen - Dalherda - Gestalten und Versch\u00f6nern\" \/>\n<meta property=\"og:url\" content=\"https:\/\/www.kirche-hettenhausen.de\/site\/engagiert-mitgestalten\/gestalten-und-verschoenern\/\" \/>\n<meta property=\"og:site_name\" content=\"Ev.-luth. Kirchengemeinde Hettenhausen - Dalherda\" \/>\n<meta property=\"article:modified_time\" content=\"2022-11-11T21:16:30+00:00\" \/>\n<meta property=\"og:image\" content=\"https:\/\/www.kirche-hettenhausen.de\/site\/wp-content\/uploads\/2018\/07\/1476886816-8153-1140.jpg\" \/>\n\t<meta property=\"og:image:width\" content=\"1140\" \/>\n\t<meta property=\"og:image:height\" content=\"813\" \/>\n\t<meta property=\"og:image:type\" content=\"image\/jpeg\" \/>\n<meta name=\"twitter:card\" content=\"summary_large_image\" \/>\n<meta name=\"twitter:label1\" content=\"Gesch\u00e4tzte Lesezeit\" \/>\n\t<meta name=\"twitter:data1\" content=\"3\u00a0Minuten\" \/>\n<script type=\"application\/ld+json\" class=\"yoast-schema-graph\">{\"@context\":\"https:\\\/\\\/schema.org\",\"@graph\":[{\"@type\":\"WebPage\",\"@id\":\"https:\\\/\\\/www.kirche-hettenhausen.de\\\/site\\\/engagiert-mitgestalten\\\/gestalten-und-verschoenern\\\/\",\"url\":\"https:\\\/\\\/www.kirche-hettenhausen.de\\\/site\\\/engagiert-mitgestalten\\\/gestalten-und-verschoenern\\\/\",\"name\":\"Gestalten und Versch\u00f6nern - Ev.-luth. Kirchengemeinde Hettenhausen - Dalherda\",\"isPartOf\":{\"@id\":\"https:\\\/\\\/www.kirche-hettenhausen.de\\\/site\\\/#website\"},\"primaryImageOfPage\":{\"@id\":\"https:\\\/\\\/www.kirche-hettenhausen.de\\\/site\\\/engagiert-mitgestalten\\\/gestalten-und-verschoenern\\\/#primaryimage\"},\"image\":{\"@id\":\"https:\\\/\\\/www.kirche-hettenhausen.de\\\/site\\\/engagiert-mitgestalten\\\/gestalten-und-verschoenern\\\/#primaryimage\"},\"thumbnailUrl\":\"https:\\\/\\\/www.kirche-hettenhausen.de\\\/site\\\/wp-content\\\/uploads\\\/2018\\\/07\\\/1476886816-8153-1140.jpg\",\"datePublished\":\"2018-12-21T21:09:39+00:00\",\"dateModified\":\"2022-11-11T21:16:30+00:00\",\"description\":\"Ev.-luth. Kirchengemeinde Hettenhausen - Dalherda - Gestalten und Versch\u00f6nern\",\"breadcrumb\":{\"@id\":\"https:\\\/\\\/www.kirche-hettenhausen.de\\\/site\\\/engagiert-mitgestalten\\\/gestalten-und-verschoenern\\\/#breadcrumb\"},\"inLanguage\":\"de\",\"potentialAction\":[{\"@type\":\"ReadAction\",\"target\":[\"https:\\\/\\\/www.kirche-hettenhausen.de\\\/site\\\/engagiert-mitgestalten\\\/gestalten-und-verschoenern\\\/\"]}]},{\"@type\":\"ImageObject\",\"inLanguage\":\"de\",\"@id\":\"https:\\\/\\\/www.kirche-hettenhausen.de\\\/site\\\/engagiert-mitgestalten\\\/gestalten-und-verschoenern\\\/#primaryimage\",\"url\":\"https:\\\/\\\/www.kirche-hettenhausen.de\\\/site\\\/wp-content\\\/uploads\\\/2018\\\/07\\\/1476886816-8153-1140.jpg\",\"contentUrl\":\"https:\\\/\\\/www.kirche-hettenhausen.de\\\/site\\\/wp-content\\\/uploads\\\/2018\\\/07\\\/1476886816-8153-1140.jpg\",\"width\":1140,\"height\":813,\"caption\":\"engagiert MITGESTALTEN\"},{\"@type\":\"BreadcrumbList\",\"@id\":\"https:\\\/\\\/www.kirche-hettenhausen.de\\\/site\\\/engagiert-mitgestalten\\\/gestalten-und-verschoenern\\\/#breadcrumb\",\"itemListElement\":[{\"@type\":\"ListItem\",\"position\":1,\"name\":\"Startseite\",\"item\":\"https:\\\/\\\/www.kirche-hettenhausen.de\\\/site\\\/\"},{\"@type\":\"ListItem\",\"position\":2,\"name\":\"engagiert! MITGESTALTEN\",\"item\":\"https:\\\/\\\/www.kirche-hettenhausen.de\\\/site\\\/engagiert-mitgestalten\\\/\"},{\"@type\":\"ListItem\",\"position\":3,\"name\":\"Gestalten und Versch\u00f6nern\"}]},{\"@type\":\"WebSite\",\"@id\":\"https:\\\/\\\/www.kirche-hettenhausen.de\\\/site\\\/#website\",\"url\":\"https:\\\/\\\/www.kirche-hettenhausen.de\\\/site\\\/\",\"name\":\"Ev.-luth. Kirchengemeinde Hettenhausen - Dalherda\",\"description\":\"Homepage der Ev.-luth. Kirchengemeinde Hettenhausen - Dalherda\",\"potentialAction\":[{\"@type\":\"SearchAction\",\"target\":{\"@type\":\"EntryPoint\",\"urlTemplate\":\"https:\\\/\\\/www.kirche-hettenhausen.de\\\/site\\\/?s={search_term_string}\"},\"query-input\":{\"@type\":\"PropertyValueSpecification\",\"valueRequired\":true,\"valueName\":\"search_term_string\"}}],\"inLanguage\":\"de\"}]}<\/script>\n<!-- \/ Yoast SEO plugin. -->","yoast_head_json":{"title":"Gestalten und Versch\u00f6nern - Ev.-luth. Kirchengemeinde Hettenhausen - Dalherda","description":"Ev.-luth. Kirchengemeinde Hettenhausen - Dalherda - Gestalten und Versch\u00f6nern","robots":{"index":"index","follow":"follow","max-snippet":"max-snippet:-1","max-image-preview":"max-image-preview:large","max-video-preview":"max-video-preview:-1"},"canonical":"https:\/\/www.kirche-hettenhausen.de\/site\/engagiert-mitgestalten\/gestalten-und-verschoenern\/","og_locale":"de_DE","og_type":"article","og_title":"Gestalten und Versch\u00f6nern - Ev.-luth. Kirchengemeinde Hettenhausen - Dalherda","og_description":"Ev.-luth. Kirchengemeinde Hettenhausen - Dalherda - Gestalten und Versch\u00f6nern","og_url":"https:\/\/www.kirche-hettenhausen.de\/site\/engagiert-mitgestalten\/gestalten-und-verschoenern\/","og_site_name":"Ev.-luth. Kirchengemeinde Hettenhausen - Dalherda","article_modified_time":"2022-11-11T21:16:30+00:00","og_image":[{"width":1140,"height":813,"url":"https:\/\/www.kirche-hettenhausen.de\/site\/wp-content\/uploads\/2018\/07\/1476886816-8153-1140.jpg","type":"image\/jpeg"}],"twitter_card":"summary_large_image","twitter_misc":{"Gesch\u00e4tzte Lesezeit":"3\u00a0Minuten"},"schema":{"@context":"https:\/\/schema.org","@graph":[{"@type":"WebPage","@id":"https:\/\/www.kirche-hettenhausen.de\/site\/engagiert-mitgestalten\/gestalten-und-verschoenern\/","url":"https:\/\/www.kirche-hettenhausen.de\/site\/engagiert-mitgestalten\/gestalten-und-verschoenern\/","name":"Gestalten und Versch\u00f6nern - Ev.-luth. Kirchengemeinde Hettenhausen - Dalherda","isPartOf":{"@id":"https:\/\/www.kirche-hettenhausen.de\/site\/#website"},"primaryImageOfPage":{"@id":"https:\/\/www.kirche-hettenhausen.de\/site\/engagiert-mitgestalten\/gestalten-und-verschoenern\/#primaryimage"},"image":{"@id":"https:\/\/www.kirche-hettenhausen.de\/site\/engagiert-mitgestalten\/gestalten-und-verschoenern\/#primaryimage"},"thumbnailUrl":"https:\/\/www.kirche-hettenhausen.de\/site\/wp-content\/uploads\/2018\/07\/1476886816-8153-1140.jpg","datePublished":"2018-12-21T21:09:39+00:00","dateModified":"2022-11-11T21:16:30+00:00","description":"Ev.-luth. Kirchengemeinde Hettenhausen - Dalherda - Gestalten und Versch\u00f6nern","breadcrumb":{"@id":"https:\/\/www.kirche-hettenhausen.de\/site\/engagiert-mitgestalten\/gestalten-und-verschoenern\/#breadcrumb"},"inLanguage":"de","potentialAction":[{"@type":"ReadAction","target":["https:\/\/www.kirche-hettenhausen.de\/site\/engagiert-mitgestalten\/gestalten-und-verschoenern\/"]}]},{"@type":"ImageObject","inLanguage":"de","@id":"https:\/\/www.kirche-hettenhausen.de\/site\/engagiert-mitgestalten\/gestalten-und-verschoenern\/#primaryimage","url":"https:\/\/www.kirche-hettenhausen.de\/site\/wp-content\/uploads\/2018\/07\/1476886816-8153-1140.jpg","contentUrl":"https:\/\/www.kirche-hettenhausen.de\/site\/wp-content\/uploads\/2018\/07\/1476886816-8153-1140.jpg","width":1140,"height":813,"caption":"engagiert MITGESTALTEN"},{"@type":"BreadcrumbList","@id":"https:\/\/www.kirche-hettenhausen.de\/site\/engagiert-mitgestalten\/gestalten-und-verschoenern\/#breadcrumb","itemListElement":[{"@type":"ListItem","position":1,"name":"Startseite","item":"https:\/\/www.kirche-hettenhausen.de\/site\/"},{"@type":"ListItem","position":2,"name":"engagiert! MITGESTALTEN","item":"https:\/\/www.kirche-hettenhausen.de\/site\/engagiert-mitgestalten\/"},{"@type":"ListItem","position":3,"name":"Gestalten und Versch\u00f6nern"}]},{"@type":"WebSite","@id":"https:\/\/www.kirche-hettenhausen.de\/site\/#website","url":"https:\/\/www.kirche-hettenhausen.de\/site\/","name":"Ev.-luth. Kirchengemeinde Hettenhausen - Dalherda","description":"Homepage der Ev.-luth. Kirchengemeinde Hettenhausen - Dalherda","potentialAction":[{"@type":"SearchAction","target":{"@type":"EntryPoint","urlTemplate":"https:\/\/www.kirche-hettenhausen.de\/site\/?s={search_term_string}"},"query-input":{"@type":"PropertyValueSpecification","valueRequired":true,"valueName":"search_term_string"}}],"inLanguage":"de"}]}},"_links":{"self":[{"href":"https:\/\/www.kirche-hettenhausen.de\/site\/wp-json\/wp\/v2\/pages\/1972","targetHints":{"allow":["GET"]}}],"collection":[{"href":"https:\/\/www.kirche-hettenhausen.de\/site\/wp-json\/wp\/v2\/pages"}],"about":[{"href":"https:\/\/www.kirche-hettenhausen.de\/site\/wp-json\/wp\/v2\/types\/page"}],"author":[{"embeddable":true,"href":"https:\/\/www.kirche-hettenhausen.de\/site\/wp-json\/wp\/v2\/users\/2"}],"replies":[{"embeddable":true,"href":"https:\/\/www.kirche-hettenhausen.de\/site\/wp-json\/wp\/v2\/comments?post=1972"}],"version-history":[{"count":17,"href":"https:\/\/www.kirche-hettenhausen.de\/site\/wp-json\/wp\/v2\/pages\/1972\/revisions"}],"predecessor-version":[{"id":12568,"href":"https:\/\/www.kirche-hettenhausen.de\/site\/wp-json\/wp\/v2\/pages\/1972\/revisions\/12568"}],"up":[{"embeddable":true,"href":"https:\/\/www.kirche-hettenhausen.de\/site\/wp-json\/wp\/v2\/pages\/1758"}],"wp:featuredmedia":[{"embeddable":true,"href":"https:\/\/www.kirche-hettenhausen.de\/site\/wp-json\/wp\/v2\/media\/1761"}],"wp:attachment":[{"href":"https:\/\/www.kirche-hettenhausen.de\/site\/wp-json\/wp\/v2\/media?parent=1972"}],"curies":[{"name":"wp","href":"https:\/\/api.w.org\/{rel}","templated":true}]}}