{"id":1970,"date":"2018-12-21T22:09:06","date_gmt":"2018-12-21T21:09:06","guid":{"rendered":"https:\/\/kirche-hettenhausen.de\/site\/?page_id=1970"},"modified":"2022-11-11T22:15:54","modified_gmt":"2022-11-11T21:15:54","slug":"backen-und-handwerken","status":"publish","type":"page","link":"https:\/\/www.kirche-hettenhausen.de\/site\/engagiert-mitgestalten\/backen-und-handwerken\/","title":{"rendered":"Backen und Handwerken"},"content":{"rendered":"<div id=\"cc-m-11702102327\" class=\"j-module n j-text \">\n<section class=\"jtpl-section content-options-inner cc-content-parent\">\n<div class=\"jtpl-section__main cc-content-parent\">\n<div id=\"content_area\" data-container=\"content\">\n<div id=\"cc-matrix-3037698127\">\n<div id=\"cc-m-11702122827\" class=\"j-module n j-header \">\n<h3 id=\"cc-m-header-11702122827\" class=\"\">Mit dabei sein&#8230; beim Backen und Handwerken<\/h3>\n<\/div>\n<\/div>\n<\/div>\n<\/div>\n<\/section>\n<p>Sie k\u00f6nnen backen und kochen oder haben in anderen Bereichen handwerkliches Geschick und w\u00fcrden dies in unsere Kirchengemeinde einbringen?<\/p>\n<p>Wir freuen uns!<\/p>\n<p>Hier finden Sie ein paar Vorschl\u00e4ge, welche Mitwirkungsm\u00f6glichkeiten sich bieten und wen Sie genau dann ansprechen k\u00f6nnen:<\/p>\n<p>&nbsp;<\/p>\n<div id=\"cc-m-11702475827\" class=\"j-module n j-text \">\n<table style=\"height: 314px; width: 423px; border-color: #800060; border-style: double;\" width=\"423\">\n<tbody>\n<tr style=\"height: 41px;\">\n<td style=\"width: 186.467px; text-align: left; height: 41px;\"><span style=\"font-size: 14pt;\"><em>Ihre M\u00f6glichkeit zur Mitarbeit&#8230;<\/em><\/span><\/td>\n<td style=\"width: 220.533px; height: 41px;\"><img loading=\"lazy\" decoding=\"async\" class=\"\" src=\"https:\/\/www.kirche-hettenhausen.de\/site\/wp-content\/uploads\/2018\/12\/Logo-engagiert-MITGESTALTEN.jpg\" alt=\"\" width=\"85\" height=\"40\" \/><\/td>\n<\/tr>\n<tr style=\"height: 40px;\">\n<td style=\"width: 413px; height: 12px;\" colspan=\"2\"><strong><span style=\"color: #ff00ff;\"><span style=\"color: #db1385;\">Aufgabe:<\/span><br \/>\n<\/span><\/strong><span style=\"color: #000000;\">Kuchen oder Torte backen<br \/>\n<\/span><\/td>\n<\/tr>\n<tr style=\"height: 56px;\">\n<td style=\"width: 413px; height: 22px;\" colspan=\"2\"><strong><span style=\"color: #ff00ff;\"><span style=\"color: #db1385;\">Ort \/ Gruppe:<\/span><br \/>\n<\/span><\/strong><span style=\"color: #000000;\">Gemeinde-Caf\u00e9<\/span><\/td>\n<\/tr>\n<tr style=\"height: 56px;\">\n<td style=\"width: 413px; height: 10px;\" colspan=\"2\"><strong><span style=\"color: #ff00ff;\"><span style=\"color: #db1385;\">Zeit \/ Zeitaufwand:<\/span><br \/>\n<\/span><\/strong><span style=\"color: #000000;\">1x monatlich im Sommer (nach Bedarf und Wunsch)<br \/>\n<\/span><\/td>\n<\/tr>\n<tr style=\"height: 39px;\">\n<td style=\"width: 413px; height: 26px;\" colspan=\"2\"><strong><span style=\"color: #ff00ff;\"><span style=\"color: #db1385;\">Verantwortliche:<\/span><br \/>\n<\/span><\/strong><span style=\"color: #000000;\">Heidi Lamp<\/span><strong><span style=\"color: #ff00ff;\"><br \/>\n<\/span><\/strong><\/td>\n<\/tr>\n<tr style=\"height: 48px;\">\n<td style=\"width: 186.467px; height: 48px;\"><\/td>\n<td style=\"width: 220.533px; text-align: right; height: 48px;\"><span style=\"font-size: 14pt;\"><em>&#8230; wir freuen uns, wenn Sie sich einbringen!<\/em><\/span><\/td>\n<\/tr>\n<\/tbody>\n<\/table>\n<\/div>\n<\/div>\n<div id=\"cc-m-11702475827\" class=\"j-module n j-text \">\n<table style=\"height: 314px; width: 423px; border-color: #800060; border-style: double;\" width=\"423\">\n<tbody>\n<tr style=\"height: 41px;\">\n<td style=\"width: 186.467px; text-align: left; height: 41px;\"><span style=\"font-size: 14pt;\"><em>Ihre M\u00f6glichkeit zur Mitarbeit&#8230;<\/em><\/span><\/td>\n<td style=\"width: 220.533px; height: 41px;\"><img loading=\"lazy\" decoding=\"async\" class=\"\" src=\"https:\/\/www.kirche-hettenhausen.de\/site\/wp-content\/uploads\/2018\/12\/Logo-engagiert-MITGESTALTEN.jpg\" alt=\"\" width=\"85\" height=\"40\" \/><\/td>\n<\/tr>\n<tr style=\"height: 40px;\">\n<td style=\"width: 413px; height: 12px;\" colspan=\"2\"><strong><span style=\"color: #ff00ff;\"><span style=\"color: #db1385;\">Aufgabe:<\/span><br \/>\n<\/span><\/strong><span style=\"color: #000000;\">Kuchen oder Torte backen<br \/>\n<\/span><\/td>\n<\/tr>\n<tr style=\"height: 56px;\">\n<td style=\"width: 413px; height: 22px;\" colspan=\"2\"><strong><span style=\"color: #ff00ff;\"><span style=\"color: #db1385;\">Ort \/ Gruppe:<\/span><br \/>\n<\/span><\/strong><span style=\"color: #ff00ff;\"><span style=\"color: #000000;\">Gemeindefest<\/span><\/span><strong><span style=\"color: #ff00ff;\"><br \/>\n<\/span><\/strong><\/td>\n<\/tr>\n<tr style=\"height: 56px;\">\n<td style=\"width: 413px; height: 10px;\" colspan=\"2\"><strong><span style=\"color: #ff00ff;\"><span style=\"color: #db1385;\">Zeit \/ Zeitaufwand:<\/span><br \/>\n<\/span><\/strong><span style=\"color: #000000;\">alle 2 Jahre am Pfingstsonntag<br \/>\n<\/span><\/td>\n<\/tr>\n<tr style=\"height: 39px;\">\n<td style=\"width: 413px; height: 26px;\" colspan=\"2\"><strong><span style=\"color: #ff00ff;\"><span style=\"color: #db1385;\">Verantwortliche:<\/span><br \/>\n<\/span><\/strong><span style=\"color: #000000;\">Kreis f\u00fcr Gemeindearbeit<br \/>\n<\/span><\/td>\n<\/tr>\n<tr style=\"height: 48px;\">\n<td style=\"width: 186.467px; height: 48px;\"><\/td>\n<td style=\"width: 220.533px; text-align: right; height: 48px;\"><span style=\"font-size: 14pt;\"><em>&#8230; wir freuen uns, wenn Sie sich einbringen!<\/em><\/span><\/td>\n<\/tr>\n<\/tbody>\n<\/table>\n<\/div>\n<div id=\"cc-m-11702475827\" class=\"j-module n j-text \">\n<table style=\"height: 314px; width: 423px; border-color: #800060; border-style: double;\" width=\"423\">\n<tbody>\n<tr style=\"height: 41px;\">\n<td style=\"width: 186.467px; text-align: left; height: 41px;\"><span style=\"font-size: 14pt;\"><em>Ihre M\u00f6glichkeit zur Mitarbeit&#8230;<\/em><\/span><\/td>\n<td style=\"width: 220.533px; height: 41px;\"><img loading=\"lazy\" decoding=\"async\" class=\"\" src=\"https:\/\/www.kirche-hettenhausen.de\/site\/wp-content\/uploads\/2018\/12\/Logo-engagiert-MITGESTALTEN.jpg\" alt=\"\" width=\"85\" height=\"40\" \/><\/td>\n<\/tr>\n<tr style=\"height: 40px;\">\n<td style=\"width: 413px; height: 12px;\" colspan=\"2\"><strong><span style=\"color: #ff00ff;\"><span style=\"color: #db1385;\">Aufgabe:<\/span><br \/>\n<\/span><\/strong><span style=\"color: #000000;\">Blechkuchen oder Kr\u00e4ppel backen<br \/>\n<\/span><\/td>\n<\/tr>\n<tr style=\"height: 56px;\">\n<td style=\"width: 413px; height: 22px;\" colspan=\"2\"><strong><span style=\"color: #ff00ff;\"><span style=\"color: #db1385;\">Ort \/ Gruppe:<\/span><br \/>\n<\/span><\/strong><span style=\"color: #000000;\">\u00dc60-Advent bzw. \u00dc60-Fasching<br \/>\n<\/span><\/td>\n<\/tr>\n<tr style=\"height: 56px;\">\n<td style=\"width: 413px; height: 10px;\" colspan=\"2\"><strong><span style=\"color: #ff00ff;\"><span style=\"color: #db1385;\">Zeit \/ Zeitaufwand:<\/span><br \/>\n<\/span><\/strong><span style=\"color: #000000;\">Freitag vor 2. Advent bzw. Freitag vor Rosenmontag<br \/>\n<\/span><\/td>\n<\/tr>\n<tr style=\"height: 39px;\">\n<td style=\"width: 413px; height: 26px;\" colspan=\"2\"><strong><span style=\"color: #ff00ff;\"><span style=\"color: #db1385;\">Verantwortliche:<\/span><br \/>\n<\/span><\/strong><span style=\"color: #ff00ff;\"><span style=\"color: #000000;\">Heidi Lamp<\/span><\/span><strong><span style=\"color: #ff00ff;\"><br \/>\n<\/span><\/strong><\/td>\n<\/tr>\n<tr style=\"height: 48px;\">\n<td style=\"width: 186.467px; height: 48px;\"><\/td>\n<td style=\"width: 220.533px; text-align: right; height: 48px;\"><span style=\"font-size: 14pt;\"><em>&#8230; wir freuen uns, wenn Sie sich einbringen!<\/em><\/span><\/td>\n<\/tr>\n<\/tbody>\n<\/table>\n<\/div>\n<div id=\"cc-m-11702475827\" class=\"j-module n j-text \">\n<table style=\"height: 314px; width: 423px; border-color: #800060; border-style: double;\" width=\"423\">\n<tbody>\n<tr style=\"height: 41px;\">\n<td style=\"width: 186.467px; text-align: left; height: 41px;\"><span style=\"font-size: 14pt;\"><em>Ihre M\u00f6glichkeit zur Mitarbeit&#8230;<\/em><\/span><\/td>\n<td style=\"width: 220.533px; height: 41px;\"><img loading=\"lazy\" decoding=\"async\" class=\"\" src=\"https:\/\/www.kirche-hettenhausen.de\/site\/wp-content\/uploads\/2018\/12\/Logo-engagiert-MITGESTALTEN.jpg\" alt=\"\" width=\"85\" height=\"40\" \/><\/td>\n<\/tr>\n<tr style=\"height: 40px;\">\n<td style=\"width: 413px; height: 12px;\" colspan=\"2\"><strong><span style=\"color: #ff00ff;\"><span style=\"color: #db1385;\">Aufgabe:<\/span><br \/>\n<\/span><\/strong><span style=\"color: #ff00ff;\"><span style=\"color: #000000;\">Pl\u00e4tzchen backen<\/span><\/span><strong><span style=\"color: #ff00ff;\"><br \/>\n<\/span><\/strong><\/td>\n<\/tr>\n<tr style=\"height: 56px;\">\n<td style=\"width: 413px; height: 22px;\" colspan=\"2\"><strong><span style=\"color: #ff00ff;\"><span style=\"color: #db1385;\">Ort \/ Gruppe:<\/span><br \/>\n<\/span><\/strong><span style=\"color: #000000;\">Adventsmarkt<\/span><strong><span style=\"color: #ff00ff;\"><br \/>\n<\/span><\/strong><\/td>\n<\/tr>\n<tr style=\"height: 56px;\">\n<td style=\"width: 413px; height: 10px;\" colspan=\"2\"><strong><span style=\"color: #ff00ff;\"><span style=\"color: #db1385;\">Zeit \/ Zeitaufwand:<\/span><br \/>\n<\/span><\/strong><span style=\"color: #ff00ff;\"><span style=\"color: #000000;\">1. Advent<\/span><\/span><strong><span style=\"color: #ff00ff;\"><br \/>\n<\/span><\/strong><\/td>\n<\/tr>\n<tr style=\"height: 39px;\">\n<td style=\"width: 413px; height: 26px;\" colspan=\"2\"><strong><span style=\"color: #ff00ff;\"><span style=\"color: #db1385;\">Verantwortliche:<\/span><br \/>\n<\/span><\/strong><span style=\"color: #ff00ff;\"><span style=\"color: #000000;\">Gemeindekreis<\/span><\/span><strong><span style=\"color: #ff00ff;\"><br \/>\n<\/span><\/strong><\/td>\n<\/tr>\n<tr style=\"height: 48px;\">\n<td style=\"width: 186.467px; height: 48px;\"><\/td>\n<td style=\"width: 220.533px; text-align: right; height: 48px;\"><span style=\"font-size: 14pt;\"><em>&#8230; wir freuen uns, wenn Sie sich einbringen!<\/em><\/span><\/td>\n<\/tr>\n<\/tbody>\n<\/table>\n<\/div>\n<div id=\"cc-m-11702475827\" class=\"j-module n j-text \">\n<table style=\"height: 314px; width: 423px; border-color: #800060; border-style: double;\" width=\"423\">\n<tbody>\n<tr style=\"height: 41px;\">\n<td style=\"width: 186.467px; text-align: left; height: 41px;\"><span style=\"font-size: 14pt;\"><em>Ihre M\u00f6glichkeit zur Mitarbeit&#8230;<\/em><\/span><\/td>\n<td style=\"width: 220.533px; height: 41px;\"><img loading=\"lazy\" decoding=\"async\" class=\"\" src=\"https:\/\/www.kirche-hettenhausen.de\/site\/wp-content\/uploads\/2018\/12\/Logo-engagiert-MITGESTALTEN.jpg\" alt=\"\" width=\"85\" height=\"40\" \/><\/td>\n<\/tr>\n<tr style=\"height: 40px;\">\n<td style=\"width: 413px; height: 12px;\" colspan=\"2\"><strong><span style=\"color: #ff00ff;\"><span style=\"color: #db1385;\">Aufgabe:<\/span><br \/>\n<\/span><\/strong>Grillen und Essen ausgeben<\/td>\n<\/tr>\n<tr style=\"height: 56px;\">\n<td style=\"width: 413px; height: 22px;\" colspan=\"2\"><strong><span style=\"color: #ff00ff;\"><span style=\"color: #db1385;\">Ort \/ Gruppe:<\/span><br \/>\n<\/span><\/strong>Gemeindefest, Adventsmarkt u. \u00e4.<\/td>\n<\/tr>\n<tr style=\"height: 56px;\">\n<td style=\"width: 413px; height: 10px;\" colspan=\"2\"><strong><span style=\"color: #ff00ff;\"><span style=\"color: #db1385;\">Zeit \/ Zeitaufwand:<\/span><br \/>\n<\/span><\/strong>nach Bedarf\/Absprache<\/td>\n<\/tr>\n<tr style=\"height: 39px;\">\n<td style=\"width: 413px; height: 26px;\" colspan=\"2\"><strong><span style=\"color: #ff00ff;\"><span style=\"color: #db1385;\">Verantwortliche:<\/span><br \/>\n<\/span><\/strong>Gemeindekreis<\/td>\n<\/tr>\n<tr style=\"height: 48px;\">\n<td style=\"width: 186.467px; height: 48px;\"><\/td>\n<td style=\"width: 220.533px; text-align: right; height: 48px;\"><span style=\"font-size: 14pt;\"><em>&#8230; wir freuen uns, wenn Sie sich einbringen!<\/em><\/span><\/td>\n<\/tr>\n<\/tbody>\n<\/table>\n<\/div>\n<div id=\"cc-m-11702475827\" class=\"j-module n j-text \">\n<table style=\"height: 159px; width: 423px; border-color: #800060; border-style: double;\" width=\"423\">\n<tbody>\n<tr style=\"height: 41px;\">\n<td style=\"width: 186.467px; text-align: left; height: 41px;\"><span style=\"font-size: 14pt;\"><em>Ihre M\u00f6glichkeit zur Mitarbeit&#8230;<\/em><\/span><\/td>\n<td style=\"width: 220.533px; height: 41px;\"><img loading=\"lazy\" decoding=\"async\" class=\"\" src=\"https:\/\/www.kirche-hettenhausen.de\/site\/wp-content\/uploads\/2018\/12\/Logo-engagiert-MITGESTALTEN.jpg\" alt=\"\" width=\"85\" height=\"40\" \/><\/td>\n<\/tr>\n<tr style=\"height: 40px;\">\n<td style=\"width: 413px; height: 12px;\" colspan=\"2\"><strong><span style=\"color: #ff00ff;\"><span style=\"color: #db1385;\">Aufgabe:<\/span><br \/>\n<\/span><\/strong>Bier zapfen und Getr\u00e4nke ausgeben<\/td>\n<\/tr>\n<tr style=\"height: 56px;\">\n<td style=\"width: 413px; height: 22px;\" colspan=\"2\"><strong><span style=\"color: #ff00ff;\"><span style=\"color: #db1385;\">Ort \/ Gruppe:<\/span><br \/>\n<\/span><\/strong>Gemeindefest, Adventsmarkt u. \u00e4.<\/td>\n<\/tr>\n<tr style=\"height: 56px;\">\n<td style=\"width: 413px; height: 10px;\" colspan=\"2\"><strong><span style=\"color: #ff00ff;\"><span style=\"color: #db1385;\">Zeit \/ Zeitaufwand:<\/span><br \/>\n<\/span><\/strong>nach Bedarf\/Absprache<\/td>\n<\/tr>\n<tr style=\"height: 39px;\">\n<td style=\"width: 413px; height: 26px;\" colspan=\"2\"><strong><span style=\"color: #ff00ff;\"><span style=\"color: #db1385;\">Verantwortliche:<\/span><br \/>\n<\/span><\/strong>Gemeindekreis<\/td>\n<\/tr>\n<tr style=\"height: 48px;\">\n<td style=\"width: 186.467px; height: 48px;\"><\/td>\n<td style=\"width: 220.533px; text-align: right; height: 48px;\"><span style=\"font-size: 14pt;\"><em>&#8230; wir freuen uns, wenn Sie sich einbringen!<\/em><\/span><\/td>\n<\/tr>\n<\/tbody>\n<\/table>\n<\/div>\n","protected":false},"excerpt":{"rendered":"<p>Mit dabei sein&#8230; beim Backen und Handwerken Sie k\u00f6nnen backen und kochen oder haben in anderen Bereichen handwerkliches Geschick und w\u00fcrden dies in unsere Kirchengemeinde einbringen? Wir freuen uns! Hier finden Sie ein paar Vorschl\u00e4ge, welche Mitwirkungsm\u00f6glichkeiten sich bieten und wen Sie genau dann ansprechen k\u00f6nnen: &nbsp; Ihre M\u00f6glichkeit zur Mitarbeit&#8230; Aufgabe: Kuchen oder Torte [&hellip;]<\/p>\n","protected":false},"author":2,"featured_media":1761,"parent":1758,"menu_order":40,"comment_status":"closed","ping_status":"closed","template":"","meta":{"footnotes":""},"class_list":["post-1970","page","type-page","status-publish","has-post-thumbnail","hentry"],"yoast_head":"<!-- This site is optimized with the Yoast SEO plugin v27.5 - https:\/\/yoast.com\/product\/yoast-seo-wordpress\/ -->\n<title>Backen und Handwerken - Ev.-luth. Kirchengemeinde Hettenhausen - Dalherda<\/title>\n<meta name=\"description\" content=\"Ev.-luth. Kirchengemeinde Hettenhausen - Dalherda - Backen und Handwerken\" \/>\n<meta name=\"robots\" content=\"index, follow, max-snippet:-1, max-image-preview:large, max-video-preview:-1\" \/>\n<link rel=\"canonical\" href=\"https:\/\/www.kirche-hettenhausen.de\/site\/engagiert-mitgestalten\/backen-und-handwerken\/\" \/>\n<meta property=\"og:locale\" content=\"de_DE\" \/>\n<meta property=\"og:type\" content=\"article\" \/>\n<meta property=\"og:title\" content=\"Backen und Handwerken - Ev.-luth. Kirchengemeinde Hettenhausen - Dalherda\" \/>\n<meta property=\"og:description\" content=\"Ev.-luth. Kirchengemeinde Hettenhausen - Dalherda - Backen und Handwerken\" \/>\n<meta property=\"og:url\" content=\"https:\/\/www.kirche-hettenhausen.de\/site\/engagiert-mitgestalten\/backen-und-handwerken\/\" \/>\n<meta property=\"og:site_name\" content=\"Ev.-luth. Kirchengemeinde Hettenhausen - Dalherda\" \/>\n<meta property=\"article:modified_time\" content=\"2022-11-11T21:15:54+00:00\" \/>\n<meta property=\"og:image\" content=\"https:\/\/www.kirche-hettenhausen.de\/site\/wp-content\/uploads\/2018\/07\/1476886816-8153-1140.jpg\" \/>\n\t<meta property=\"og:image:width\" content=\"1140\" \/>\n\t<meta property=\"og:image:height\" content=\"813\" \/>\n\t<meta property=\"og:image:type\" content=\"image\/jpeg\" \/>\n<meta name=\"twitter:card\" content=\"summary_large_image\" \/>\n<meta name=\"twitter:label1\" content=\"Gesch\u00e4tzte Lesezeit\" \/>\n\t<meta name=\"twitter:data1\" content=\"3\u00a0Minuten\" \/>\n<script type=\"application\/ld+json\" class=\"yoast-schema-graph\">{\"@context\":\"https:\\\/\\\/schema.org\",\"@graph\":[{\"@type\":\"WebPage\",\"@id\":\"https:\\\/\\\/www.kirche-hettenhausen.de\\\/site\\\/engagiert-mitgestalten\\\/backen-und-handwerken\\\/\",\"url\":\"https:\\\/\\\/www.kirche-hettenhausen.de\\\/site\\\/engagiert-mitgestalten\\\/backen-und-handwerken\\\/\",\"name\":\"Backen und Handwerken - Ev.-luth. Kirchengemeinde Hettenhausen - Dalherda\",\"isPartOf\":{\"@id\":\"https:\\\/\\\/www.kirche-hettenhausen.de\\\/site\\\/#website\"},\"primaryImageOfPage\":{\"@id\":\"https:\\\/\\\/www.kirche-hettenhausen.de\\\/site\\\/engagiert-mitgestalten\\\/backen-und-handwerken\\\/#primaryimage\"},\"image\":{\"@id\":\"https:\\\/\\\/www.kirche-hettenhausen.de\\\/site\\\/engagiert-mitgestalten\\\/backen-und-handwerken\\\/#primaryimage\"},\"thumbnailUrl\":\"https:\\\/\\\/www.kirche-hettenhausen.de\\\/site\\\/wp-content\\\/uploads\\\/2018\\\/07\\\/1476886816-8153-1140.jpg\",\"datePublished\":\"2018-12-21T21:09:06+00:00\",\"dateModified\":\"2022-11-11T21:15:54+00:00\",\"description\":\"Ev.-luth. Kirchengemeinde Hettenhausen - Dalherda - Backen und Handwerken\",\"breadcrumb\":{\"@id\":\"https:\\\/\\\/www.kirche-hettenhausen.de\\\/site\\\/engagiert-mitgestalten\\\/backen-und-handwerken\\\/#breadcrumb\"},\"inLanguage\":\"de\",\"potentialAction\":[{\"@type\":\"ReadAction\",\"target\":[\"https:\\\/\\\/www.kirche-hettenhausen.de\\\/site\\\/engagiert-mitgestalten\\\/backen-und-handwerken\\\/\"]}]},{\"@type\":\"ImageObject\",\"inLanguage\":\"de\",\"@id\":\"https:\\\/\\\/www.kirche-hettenhausen.de\\\/site\\\/engagiert-mitgestalten\\\/backen-und-handwerken\\\/#primaryimage\",\"url\":\"https:\\\/\\\/www.kirche-hettenhausen.de\\\/site\\\/wp-content\\\/uploads\\\/2018\\\/07\\\/1476886816-8153-1140.jpg\",\"contentUrl\":\"https:\\\/\\\/www.kirche-hettenhausen.de\\\/site\\\/wp-content\\\/uploads\\\/2018\\\/07\\\/1476886816-8153-1140.jpg\",\"width\":1140,\"height\":813,\"caption\":\"engagiert MITGESTALTEN\"},{\"@type\":\"BreadcrumbList\",\"@id\":\"https:\\\/\\\/www.kirche-hettenhausen.de\\\/site\\\/engagiert-mitgestalten\\\/backen-und-handwerken\\\/#breadcrumb\",\"itemListElement\":[{\"@type\":\"ListItem\",\"position\":1,\"name\":\"Startseite\",\"item\":\"https:\\\/\\\/www.kirche-hettenhausen.de\\\/site\\\/\"},{\"@type\":\"ListItem\",\"position\":2,\"name\":\"engagiert! MITGESTALTEN\",\"item\":\"https:\\\/\\\/www.kirche-hettenhausen.de\\\/site\\\/engagiert-mitgestalten\\\/\"},{\"@type\":\"ListItem\",\"position\":3,\"name\":\"Backen und Handwerken\"}]},{\"@type\":\"WebSite\",\"@id\":\"https:\\\/\\\/www.kirche-hettenhausen.de\\\/site\\\/#website\",\"url\":\"https:\\\/\\\/www.kirche-hettenhausen.de\\\/site\\\/\",\"name\":\"Ev.-luth. Kirchengemeinde Hettenhausen - Dalherda\",\"description\":\"Homepage der Ev.-luth. Kirchengemeinde Hettenhausen - Dalherda\",\"potentialAction\":[{\"@type\":\"SearchAction\",\"target\":{\"@type\":\"EntryPoint\",\"urlTemplate\":\"https:\\\/\\\/www.kirche-hettenhausen.de\\\/site\\\/?s={search_term_string}\"},\"query-input\":{\"@type\":\"PropertyValueSpecification\",\"valueRequired\":true,\"valueName\":\"search_term_string\"}}],\"inLanguage\":\"de\"}]}<\/script>\n<!-- \/ Yoast SEO plugin. -->","yoast_head_json":{"title":"Backen und Handwerken - Ev.-luth. Kirchengemeinde Hettenhausen - Dalherda","description":"Ev.-luth. Kirchengemeinde Hettenhausen - Dalherda - Backen und Handwerken","robots":{"index":"index","follow":"follow","max-snippet":"max-snippet:-1","max-image-preview":"max-image-preview:large","max-video-preview":"max-video-preview:-1"},"canonical":"https:\/\/www.kirche-hettenhausen.de\/site\/engagiert-mitgestalten\/backen-und-handwerken\/","og_locale":"de_DE","og_type":"article","og_title":"Backen und Handwerken - Ev.-luth. Kirchengemeinde Hettenhausen - Dalherda","og_description":"Ev.-luth. Kirchengemeinde Hettenhausen - Dalherda - Backen und Handwerken","og_url":"https:\/\/www.kirche-hettenhausen.de\/site\/engagiert-mitgestalten\/backen-und-handwerken\/","og_site_name":"Ev.-luth. Kirchengemeinde Hettenhausen - Dalherda","article_modified_time":"2022-11-11T21:15:54+00:00","og_image":[{"width":1140,"height":813,"url":"https:\/\/www.kirche-hettenhausen.de\/site\/wp-content\/uploads\/2018\/07\/1476886816-8153-1140.jpg","type":"image\/jpeg"}],"twitter_card":"summary_large_image","twitter_misc":{"Gesch\u00e4tzte Lesezeit":"3\u00a0Minuten"},"schema":{"@context":"https:\/\/schema.org","@graph":[{"@type":"WebPage","@id":"https:\/\/www.kirche-hettenhausen.de\/site\/engagiert-mitgestalten\/backen-und-handwerken\/","url":"https:\/\/www.kirche-hettenhausen.de\/site\/engagiert-mitgestalten\/backen-und-handwerken\/","name":"Backen und Handwerken - Ev.-luth. Kirchengemeinde Hettenhausen - Dalherda","isPartOf":{"@id":"https:\/\/www.kirche-hettenhausen.de\/site\/#website"},"primaryImageOfPage":{"@id":"https:\/\/www.kirche-hettenhausen.de\/site\/engagiert-mitgestalten\/backen-und-handwerken\/#primaryimage"},"image":{"@id":"https:\/\/www.kirche-hettenhausen.de\/site\/engagiert-mitgestalten\/backen-und-handwerken\/#primaryimage"},"thumbnailUrl":"https:\/\/www.kirche-hettenhausen.de\/site\/wp-content\/uploads\/2018\/07\/1476886816-8153-1140.jpg","datePublished":"2018-12-21T21:09:06+00:00","dateModified":"2022-11-11T21:15:54+00:00","description":"Ev.-luth. Kirchengemeinde Hettenhausen - Dalherda - Backen und Handwerken","breadcrumb":{"@id":"https:\/\/www.kirche-hettenhausen.de\/site\/engagiert-mitgestalten\/backen-und-handwerken\/#breadcrumb"},"inLanguage":"de","potentialAction":[{"@type":"ReadAction","target":["https:\/\/www.kirche-hettenhausen.de\/site\/engagiert-mitgestalten\/backen-und-handwerken\/"]}]},{"@type":"ImageObject","inLanguage":"de","@id":"https:\/\/www.kirche-hettenhausen.de\/site\/engagiert-mitgestalten\/backen-und-handwerken\/#primaryimage","url":"https:\/\/www.kirche-hettenhausen.de\/site\/wp-content\/uploads\/2018\/07\/1476886816-8153-1140.jpg","contentUrl":"https:\/\/www.kirche-hettenhausen.de\/site\/wp-content\/uploads\/2018\/07\/1476886816-8153-1140.jpg","width":1140,"height":813,"caption":"engagiert MITGESTALTEN"},{"@type":"BreadcrumbList","@id":"https:\/\/www.kirche-hettenhausen.de\/site\/engagiert-mitgestalten\/backen-und-handwerken\/#breadcrumb","itemListElement":[{"@type":"ListItem","position":1,"name":"Startseite","item":"https:\/\/www.kirche-hettenhausen.de\/site\/"},{"@type":"ListItem","position":2,"name":"engagiert! MITGESTALTEN","item":"https:\/\/www.kirche-hettenhausen.de\/site\/engagiert-mitgestalten\/"},{"@type":"ListItem","position":3,"name":"Backen und Handwerken"}]},{"@type":"WebSite","@id":"https:\/\/www.kirche-hettenhausen.de\/site\/#website","url":"https:\/\/www.kirche-hettenhausen.de\/site\/","name":"Ev.-luth. Kirchengemeinde Hettenhausen - Dalherda","description":"Homepage der Ev.-luth. Kirchengemeinde Hettenhausen - Dalherda","potentialAction":[{"@type":"SearchAction","target":{"@type":"EntryPoint","urlTemplate":"https:\/\/www.kirche-hettenhausen.de\/site\/?s={search_term_string}"},"query-input":{"@type":"PropertyValueSpecification","valueRequired":true,"valueName":"search_term_string"}}],"inLanguage":"de"}]}},"_links":{"self":[{"href":"https:\/\/www.kirche-hettenhausen.de\/site\/wp-json\/wp\/v2\/pages\/1970","targetHints":{"allow":["GET"]}}],"collection":[{"href":"https:\/\/www.kirche-hettenhausen.de\/site\/wp-json\/wp\/v2\/pages"}],"about":[{"href":"https:\/\/www.kirche-hettenhausen.de\/site\/wp-json\/wp\/v2\/types\/page"}],"author":[{"embeddable":true,"href":"https:\/\/www.kirche-hettenhausen.de\/site\/wp-json\/wp\/v2\/users\/2"}],"replies":[{"embeddable":true,"href":"https:\/\/www.kirche-hettenhausen.de\/site\/wp-json\/wp\/v2\/comments?post=1970"}],"version-history":[{"count":14,"href":"https:\/\/www.kirche-hettenhausen.de\/site\/wp-json\/wp\/v2\/pages\/1970\/revisions"}],"predecessor-version":[{"id":12567,"href":"https:\/\/www.kirche-hettenhausen.de\/site\/wp-json\/wp\/v2\/pages\/1970\/revisions\/12567"}],"up":[{"embeddable":true,"href":"https:\/\/www.kirche-hettenhausen.de\/site\/wp-json\/wp\/v2\/pages\/1758"}],"wp:featuredmedia":[{"embeddable":true,"href":"https:\/\/www.kirche-hettenhausen.de\/site\/wp-json\/wp\/v2\/media\/1761"}],"wp:attachment":[{"href":"https:\/\/www.kirche-hettenhausen.de\/site\/wp-json\/wp\/v2\/media?parent=1970"}],"curies":[{"name":"wp","href":"https:\/\/api.w.org\/{rel}","templated":true}]}}