{"id":1968,"date":"2018-12-21T22:07:35","date_gmt":"2018-12-21T21:07:35","guid":{"rendered":"https:\/\/kirche-hettenhausen.de\/site\/?page_id=1968"},"modified":"2025-01-03T17:06:54","modified_gmt":"2025-01-03T16:06:54","slug":"anpacken-und-schaffen","status":"publish","type":"page","link":"https:\/\/www.kirche-hettenhausen.de\/site\/engagiert-mitgestalten\/anpacken-und-schaffen\/","title":{"rendered":"Anpacken und Schaffen"},"content":{"rendered":"<div id=\"cc-m-11702161227\" class=\"j-module n j-header \">\n<h3 id=\"cc-m-header-11702161227\" class=\"\">Mit dabei sein&#8230; beim Anpacken und Schaffen<\/h3>\n<\/div>\n<div id=\"cc-m-11702147027\" class=\"j-module n j-text \">\n<p>Sie packen gern mit an, haben Freude daran, gemeinsam etwas zu schaffen und m\u00f6chten dies in unsere Kirchengemeinde einbringen?<\/p>\n<p>Wir freuen uns!<\/p>\n<p>Hier finden Sie ein paar Vorschl\u00e4ge, welche Mitwirkungsm\u00f6glichkeiten sich bieten und wen Sie genau dann ansprechen k\u00f6nnen:<\/p>\n<table style=\"height: 159px; width: 406px; border-color: #800060; border-style: double;\" width=\"423\">\n<tbody>\n<tr style=\"height: 41px;\">\n<td style=\"width: 179.467px; text-align: left; height: 41px;\"><span style=\"font-size: 14pt;\"><em>Ihre M\u00f6glichkeit zur Mitarbeit&#8230;<\/em><\/span><\/td>\n<td style=\"width: 210.533px; height: 41px;\"><img loading=\"lazy\" decoding=\"async\" class=\"\" src=\"https:\/\/www.kirche-hettenhausen.de\/site\/wp-content\/uploads\/2018\/12\/Logo-engagiert-MITGESTALTEN.jpg\" alt=\"\" width=\"85\" height=\"40\" \/><\/td>\n<\/tr>\n<tr style=\"height: 40px;\">\n<td style=\"width: 396px; height: 12px;\" colspan=\"2\"><strong><span style=\"color: #ff00ff;\"><span style=\"color: #cc0099;\"><span style=\"color: #db1385;\">Aufgabe:<\/span> <\/span><br \/>\n<\/span><\/strong><span style=\"color: #ff00ff;\"><span style=\"color: #000000;\">Die Gemeinde gemeinsam mit der Pfarrerin leiten<\/span><\/span><strong><span style=\"color: #ff00ff;\"><br \/>\n<\/span><\/strong><\/td>\n<\/tr>\n<tr style=\"height: 56px;\">\n<td style=\"width: 396px; height: 22px;\" colspan=\"2\"><strong><span style=\"color: #ff00ff;\"><span style=\"color: #db1385;\">Ort \/ Gruppe:<\/span><br \/>\n<\/span><\/strong><span style=\"color: #ff00ff;\"><span style=\"color: #000000;\">Kirchenvorstand<\/span><\/span><strong><span style=\"color: #ff00ff;\"><br \/>\n<\/span><\/strong><\/td>\n<\/tr>\n<tr style=\"height: 56px;\">\n<td style=\"width: 396px; height: 10px;\" colspan=\"2\"><strong><span style=\"color: #ff00ff;\"><span style=\"color: #db1385;\">Zeit \/ Zeitaufwand:<\/span><br \/>\n<\/span><\/strong><span style=\"color: #ff00ff;\"><span style=\"color: #000000;\">6 Jahre, ca. 8 Stunden im Monat<\/span><\/span><strong><span style=\"color: #ff00ff;\"><br \/>\n<\/span><\/strong><\/td>\n<\/tr>\n<tr style=\"height: 39px;\">\n<td style=\"width: 396px; height: 26px;\" colspan=\"2\"><strong><span style=\"color: #ff00ff;\"><span style=\"color: #db1385;\">Verantwortliche:<\/span><br \/>\n<\/span><\/strong><span style=\"color: #ff00ff;\"><span style=\"color: #000000;\">Pfarramt, Telefon <a href=\"tel:+496656307\">+49 (0) 6656 307<\/a><\/span><\/span><strong><span style=\"color: #ff00ff;\"><br \/>\n<\/span><\/strong><\/td>\n<\/tr>\n<tr style=\"height: 48px;\">\n<td style=\"width: 179.467px; height: 48px;\"><\/td>\n<td style=\"width: 210.533px; text-align: right; height: 48px;\"><span style=\"font-size: 14pt;\"><em>&#8230; wir freuen uns, wenn Sie sich einbringen!<\/em><\/span><\/td>\n<\/tr>\n<\/tbody>\n<\/table>\n<\/div>\n<table style=\"height: 159px; width: 407px; border-color: #800060; border-style: double;\" width=\"423\">\n<tbody>\n<tr style=\"height: 41px;\">\n<td style=\"width: 146.25px; text-align: left; height: 41px;\"><span style=\"font-size: 14pt;\"><em>Ihre M\u00f6glichkeit zur Mitarbeit&#8230;<\/em><\/span><\/td>\n<td style=\"width: 244.75px; height: 41px;\"><img loading=\"lazy\" decoding=\"async\" class=\"\" src=\"https:\/\/www.kirche-hettenhausen.de\/site\/wp-content\/uploads\/2018\/12\/Logo-engagiert-MITGESTALTEN.jpg\" alt=\"\" width=\"85\" height=\"40\" \/><\/td>\n<\/tr>\n<tr>\n<td style=\"width: 397px;\" colspan=\"2\"><strong><span style=\"color: #db1385;\">Aufgabe:<\/span><br \/>\n<\/strong>Verschiedene Arbeiten am Kirchenvorplatz (B\u00e4ume schneiden, Steine aufr\u00e4umen)<\/td>\n<\/tr>\n<tr>\n<td style=\"width: 397px;\" colspan=\"2\"><strong><span style=\"color: #db1385;\">Ort \/ Gruppe:<\/span><br \/>\n<\/strong>Kirchenvorplatz<\/td>\n<\/tr>\n<tr>\n<td style=\"width: 397px;\" colspan=\"2\"><strong><span style=\"color: #db1385;\">Zeit \/ Zeitaufwand:<\/span><br \/>\n<\/strong>nach Vereinbarung<strong><br \/>\n<\/strong><\/td>\n<\/tr>\n<tr>\n<td style=\"width: 397px;\" colspan=\"2\"><strong><span style=\"color: #db1385;\">Verantwortliche:<\/span><br \/>\n<\/strong>Kirchenvorstand<strong><br \/>\n<\/strong><\/td>\n<\/tr>\n<tr style=\"height: 48px;\">\n<td style=\"width: 146.25px; height: 48px;\"><\/td>\n<td style=\"width: 244.75px; text-align: right; height: 48px;\"><span style=\"font-size: 14pt;\"><em>&#8230; wir freuen uns, wenn Sie sich einbringen!<\/em><\/span><\/td>\n<\/tr>\n<\/tbody>\n<\/table>\n<div id=\"cc-m-11702475827\" class=\"j-module n j-text \">\n<table style=\"height: 314px; width: 404px; border-color: #800060; border-style: double;\" width=\"423\">\n<tbody>\n<tr style=\"height: 41px;\">\n<td style=\"width: 122.25px; text-align: left; height: 41px;\"><span style=\"font-size: 14pt;\"><em>Ihre M\u00f6glichkeit zur Mitarbeit&#8230;<\/em><\/span><\/td>\n<td style=\"width: 265.75px; height: 41px;\"><img loading=\"lazy\" decoding=\"async\" class=\"\" src=\"https:\/\/www.kirche-hettenhausen.de\/site\/wp-content\/uploads\/2018\/12\/Logo-engagiert-MITGESTALTEN.jpg\" alt=\"\" width=\"85\" height=\"40\" \/><\/td>\n<\/tr>\n<tr style=\"height: 40px;\">\n<td style=\"width: 394px; height: 12px;\" colspan=\"2\"><strong><span style=\"color: #ff00ff;\"><span style=\"color: #db1385;\">Aufgabe:<\/span><br \/>\n<\/span><\/strong>Parkplatz des MLH kehren, ggf. Baumschnitt<strong><span style=\"color: #ff00ff;\"><br \/>\n<\/span><\/strong><\/td>\n<\/tr>\n<tr style=\"height: 56px;\">\n<td style=\"width: 394px; height: 22px;\" colspan=\"2\"><strong><span style=\"color: #ff00ff;\"><span style=\"color: #db1385;\">Ort \/ Gruppe:<\/span><br \/>\n<\/span><\/strong>Martin-Luther-Haus, Parkplatz<strong><span style=\"color: #ff00ff;\"><br \/>\n<\/span><\/strong><\/td>\n<\/tr>\n<tr style=\"height: 56px;\">\n<td style=\"width: 394px; height: 10px;\" colspan=\"2\"><strong><span style=\"color: #ff00ff;\"><span style=\"color: #db1385;\">Zeit \/ Zeitaufwand:<\/span><br \/>\n<\/span><\/strong>nach Absprache<strong><span style=\"color: #ff00ff;\"><br \/>\n<\/span><\/strong><\/td>\n<\/tr>\n<tr style=\"height: 39px;\">\n<td style=\"width: 394px; height: 26px;\" colspan=\"2\"><strong><span style=\"color: #ff00ff;\"><span style=\"color: #db1385;\">Verantwortliche:<\/span><br \/>\n<\/span><\/strong>Gemeindeb\u00fcro, Telefon <a href=\"tel:+496656307\">+49 (0) 6656 307<\/a><\/td>\n<\/tr>\n<tr style=\"height: 48px;\">\n<td style=\"width: 122.25px; height: 48px;\"><\/td>\n<td style=\"width: 265.75px; text-align: right; height: 48px;\"><span style=\"font-size: 14pt;\"><em>&#8230; wir freuen uns, wenn Sie sich einbringen!<\/em><\/span><\/td>\n<\/tr>\n<\/tbody>\n<\/table>\n<\/div>\n<div id=\"cc-m-11702475827\" class=\"j-module n j-text \">\n<table style=\"height: 314px; width: 402px; border-color: #800060; border-style: double;\" width=\"423\">\n<tbody>\n<tr style=\"height: 41px;\">\n<td style=\"width: 154.4px; text-align: left; height: 41px;\"><span style=\"font-size: 14pt;\"><em>Ihre M\u00f6glichkeit zur Mitarbeit&#8230;<\/em><\/span><\/td>\n<td style=\"width: 231.6px; height: 41px;\"><img loading=\"lazy\" decoding=\"async\" class=\"\" src=\"https:\/\/www.kirche-hettenhausen.de\/site\/wp-content\/uploads\/2018\/12\/Logo-engagiert-MITGESTALTEN.jpg\" alt=\"\" width=\"85\" height=\"40\" \/><\/td>\n<\/tr>\n<tr style=\"height: 40px;\">\n<td style=\"width: 392px; height: 12px;\" colspan=\"2\"><strong><span style=\"color: #ff00ff;\"><span style=\"color: #db1385;\">Aufgabe:<\/span><br \/>\n<\/span><\/strong>Unkraut auf den Friedhofswegen j\u00e4ten<strong><span style=\"color: #ff00ff;\"><br \/>\n<\/span><\/strong><\/td>\n<\/tr>\n<tr style=\"height: 56px;\">\n<td style=\"width: 392px; height: 22px;\" colspan=\"2\"><strong><span style=\"color: #ff00ff;\"><span style=\"color: #db1385;\">Ort \/ Gruppe:<\/span><br \/>\n<\/span><\/strong>Friedhof<\/td>\n<\/tr>\n<tr style=\"height: 56px;\">\n<td style=\"width: 392px; height: 10px;\" colspan=\"2\"><strong><span style=\"color: #ff00ff;\"><span style=\"color: #db1385;\">Zeit \/ Zeitaufwand:<\/span><br \/>\n<\/span><\/strong>nach Absprache<\/td>\n<\/tr>\n<tr style=\"height: 39px;\">\n<td style=\"width: 392px; height: 26px;\" colspan=\"2\"><strong><span style=\"color: #ff00ff;\"><span style=\"color: #db1385;\">Verantwortliche:<\/span><br \/>\n<\/span><\/strong><span style=\"color: #ff00ff;\"><span style=\"color: #000000;\">Gemeindeb\u00fcro, Telefon <a href=\"tel:+496656307\">+49 (0) 6656 307<\/a><br \/>\n<\/span><\/span><\/td>\n<\/tr>\n<tr style=\"height: 48px;\">\n<td style=\"width: 154.4px; height: 48px;\"><\/td>\n<td style=\"width: 231.6px; text-align: right; height: 48px;\"><span style=\"font-size: 14pt;\"><em>&#8230; wir freuen uns, wenn Sie sich einbringen!<\/em><\/span><\/td>\n<\/tr>\n<\/tbody>\n<\/table>\n<\/div>\n<div id=\"cc-m-11702475827\" class=\"j-module n j-text \">\n<table style=\"height: 314px; width: 402px; border-color: #800060; border-style: double;\" width=\"423\">\n<tbody>\n<tr style=\"height: 41px;\">\n<td style=\"width: 154.4px; text-align: left; height: 41px;\"><span style=\"font-size: 14pt;\"><em>Ihre M\u00f6glichkeit zur Mitarbeit&#8230;<\/em><\/span><\/td>\n<td style=\"width: 231.6px; height: 41px;\"><img loading=\"lazy\" decoding=\"async\" class=\"\" src=\"https:\/\/www.kirche-hettenhausen.de\/site\/wp-content\/uploads\/2018\/12\/Logo-engagiert-MITGESTALTEN.jpg\" alt=\"\" width=\"85\" height=\"40\" \/><\/td>\n<\/tr>\n<tr style=\"height: 40px;\">\n<td style=\"width: 392px; height: 12px;\" colspan=\"2\"><strong><span style=\"color: #ff00ff;\"><span style=\"color: #db1385;\">Aufgabe:<\/span><br \/>\n<\/span><\/strong>Bei der Ausrichtung von verschiedenen Veranstaltungen helfen, z. B. Biergarten, Adventsmarkt, Gemeinde-Caf\u00e9, Konzerte, Osterfr\u00fchst\u00fcck, Adventsnachmittag, \u00dc 60-Fasching (Auf- und Abbau, Dekorieren, Theke, Bedienen, Sp\u00fclen)<strong><span style=\"color: #ff00ff;\"><br \/>\n<\/span><\/strong><\/td>\n<\/tr>\n<tr style=\"height: 56px;\">\n<td style=\"width: 392px; height: 22px;\" colspan=\"2\"><strong><span style=\"color: #ff00ff;\"><span style=\"color: #db1385;\">Ort \/ Gruppe:<\/span><br \/>\n<\/span><\/strong>Gemeindefeste, Veranstaltungen<\/td>\n<\/tr>\n<tr style=\"height: 56px;\">\n<td style=\"width: 392px; height: 10px;\" colspan=\"2\"><strong><span style=\"color: #ff00ff;\"><span style=\"color: #db1385;\">Zeit \/ Zeitaufwand:<\/span><br \/>\n<\/span><\/strong>nach Absprache<\/td>\n<\/tr>\n<tr style=\"height: 39px;\">\n<td style=\"width: 392px; height: 26px;\" colspan=\"2\"><strong><span style=\"color: #ff00ff;\"><span style=\"color: #db1385;\">Verantwortliche:<\/span><br \/>\n<\/span><\/strong><span style=\"color: #ff00ff;\"><span style=\"color: #000000;\">Frauenkreis und Kreis f\u00fcr Gemeindearbeit<br \/>\n<\/span><\/span><\/td>\n<\/tr>\n<tr style=\"height: 48px;\">\n<td style=\"width: 154.4px; height: 48px;\"><\/td>\n<td style=\"width: 231.6px; text-align: right; height: 48px;\"><span style=\"font-size: 14pt;\"><em>&#8230; wir freuen uns, wenn Sie sich einbringen!<\/em><\/span><\/td>\n<\/tr>\n<\/tbody>\n<\/table>\n<\/div>\n<div id=\"cc-m-11702475827\" class=\"j-module n j-text \">\n<table style=\"height: 314px; width: 53.5509%; border-color: #800060; border-style: double;\" width=\"423\">\n<tbody>\n<tr style=\"height: 41px;\">\n<td style=\"width: 45.1991%; text-align: left; height: 41px;\"><span style=\"font-size: 14pt;\"><em>Ihre M\u00f6glichkeit zur Mitarbeit&#8230;<\/em><\/span><\/td>\n<td style=\"width: 89.6512%; height: 41px;\"><img loading=\"lazy\" decoding=\"async\" class=\"\" src=\"https:\/\/www.kirche-hettenhausen.de\/site\/wp-content\/uploads\/2018\/12\/Logo-engagiert-MITGESTALTEN.jpg\" alt=\"\" width=\"85\" height=\"40\" \/><\/td>\n<\/tr>\n<tr style=\"height: 40px;\">\n<td style=\"width: 134.85%; height: 12px;\" colspan=\"2\"><strong><span style=\"color: #ff00ff;\"><span style=\"color: #db1385;\">Aufgabe:<\/span><br \/>\n<\/span><\/strong>freiwilliger K\u00fcsterdienst<\/td>\n<\/tr>\n<tr style=\"height: 56px;\">\n<td style=\"width: 134.85%; height: 22px;\" colspan=\"2\"><strong><span style=\"color: #ff00ff;\"><span style=\"color: #db1385;\">Ort \/ Gruppe:<\/span><br \/>\n<\/span><\/strong>Kirche Dalherda<\/td>\n<\/tr>\n<tr style=\"height: 56px;\">\n<td style=\"width: 134.85%; height: 10px;\" colspan=\"2\"><strong><span style=\"color: #ff00ff;\"><span style=\"color: #db1385;\">Zeit \/ Zeitaufwand:<\/span><br \/>\n<\/span><\/strong>nach Bedarf\/Absprache<\/td>\n<\/tr>\n<tr style=\"height: 39px;\">\n<td style=\"width: 134.85%; height: 26px;\" colspan=\"2\"><strong><span style=\"color: #ff00ff;\"><span style=\"color: #db1385;\">Verantwortliche:<\/span><br \/>\n<\/span><\/strong>Ira Magerhans, Franziska Zinn<\/td>\n<\/tr>\n<tr style=\"height: 48px;\">\n<td style=\"width: 45.1991%; height: 48px;\"><\/td>\n<td style=\"width: 89.6512%; text-align: right; height: 48px;\"><span style=\"font-size: 14pt;\"><em>&#8230; wir freuen uns, wenn Sie sich einbringen!<\/em><\/span><\/td>\n<\/tr>\n<\/tbody>\n<\/table>\n<table style=\"height: 314px; width: 53.8477%; border-color: #800060; border-style: double;\">\n<tbody>\n<tr style=\"height: 41px;\">\n<td style=\"width: 45.1991%; text-align: left; height: 41px;\"><span style=\"font-size: 14pt;\"><em>Ihre M\u00f6glichkeit zur Mitarbeit&#8230;<\/em><\/span><\/td>\n<td style=\"width: 89.6067%; height: 41px;\"><img loading=\"lazy\" decoding=\"async\" class=\"\" src=\"https:\/\/www.kirche-hettenhausen.de\/site\/wp-content\/uploads\/2018\/12\/Logo-engagiert-MITGESTALTEN.jpg\" alt=\"\" width=\"85\" height=\"40\" \/><\/td>\n<\/tr>\n<tr style=\"height: 40px;\">\n<td style=\"width: 134.806%; height: 12px;\" colspan=\"2\"><strong><span style=\"color: #ff00ff;\"><span style=\"color: #db1385;\">Aufgabe:<\/span><br \/>\n<\/span><\/strong>Kirchen-Kurier austragen<\/td>\n<\/tr>\n<tr style=\"height: 56px;\">\n<td style=\"width: 134.806%; height: 22px;\" colspan=\"2\"><strong><span style=\"color: #ff00ff;\"><span style=\"color: #db1385;\">Ort \/ Gruppe:<\/span><br \/>\n<\/span><\/strong>Poppenhausen (Kernort)<\/td>\n<\/tr>\n<tr style=\"height: 56px;\">\n<td style=\"width: 134.806%; height: 10px;\" colspan=\"2\"><strong><span style=\"color: #ff00ff;\"><span style=\"color: #db1385;\">Zeit \/ Zeitaufwand:<\/span><br \/>\n<\/span><\/strong>4x j\u00e4hrlich<\/td>\n<\/tr>\n<tr style=\"height: 39px;\">\n<td style=\"width: 134.806%; height: 26px;\" colspan=\"2\"><strong><span style=\"color: #ff00ff;\"><span style=\"color: #db1385;\">Verantwortliche:<\/span><br \/>\n<\/span><\/strong>Petra Sauer<\/td>\n<\/tr>\n<tr style=\"height: 48px;\">\n<td style=\"width: 45.1991%; height: 48px;\"><\/td>\n<td style=\"width: 89.6067%; text-align: right; height: 48px;\"><span style=\"font-size: 14pt;\"><em>&#8230; wir freuen uns, wenn Sie sich einbringen!<\/em><\/span><\/td>\n<\/tr>\n<\/tbody>\n<\/table>\n<\/div>\n","protected":false},"excerpt":{"rendered":"<p>Mit dabei sein&#8230; beim Anpacken und Schaffen Sie packen gern mit an, haben Freude daran, gemeinsam etwas zu schaffen und m\u00f6chten dies in unsere Kirchengemeinde einbringen? Wir freuen uns! Hier finden Sie ein paar Vorschl\u00e4ge, welche Mitwirkungsm\u00f6glichkeiten sich bieten und wen Sie genau dann ansprechen k\u00f6nnen: Ihre M\u00f6glichkeit zur Mitarbeit&#8230; Aufgabe: Die Gemeinde gemeinsam mit [&hellip;]<\/p>\n","protected":false},"author":2,"featured_media":1761,"parent":1758,"menu_order":30,"comment_status":"closed","ping_status":"closed","template":"","meta":{"footnotes":""},"class_list":["post-1968","page","type-page","status-publish","has-post-thumbnail","hentry"],"yoast_head":"<!-- This site is optimized with the Yoast SEO plugin v27.3 - https:\/\/yoast.com\/product\/yoast-seo-wordpress\/ -->\n<title>Anpacken und Schaffen - Ev.-luth. Kirchengemeinde Hettenhausen - Dalherda<\/title>\n<meta name=\"description\" content=\"Ev.-luth. Kirchengemeinde Hettenhausen - Dalherda - Anpacken und Schaffen\" \/>\n<meta name=\"robots\" content=\"index, follow, max-snippet:-1, max-image-preview:large, max-video-preview:-1\" \/>\n<link rel=\"canonical\" href=\"https:\/\/www.kirche-hettenhausen.de\/site\/engagiert-mitgestalten\/anpacken-und-schaffen\/\" \/>\n<meta property=\"og:locale\" content=\"de_DE\" \/>\n<meta property=\"og:type\" content=\"article\" \/>\n<meta property=\"og:title\" content=\"Anpacken und Schaffen - Ev.-luth. Kirchengemeinde Hettenhausen - Dalherda\" \/>\n<meta property=\"og:description\" content=\"Ev.-luth. Kirchengemeinde Hettenhausen - Dalherda - Anpacken und Schaffen\" \/>\n<meta property=\"og:url\" content=\"https:\/\/www.kirche-hettenhausen.de\/site\/engagiert-mitgestalten\/anpacken-und-schaffen\/\" \/>\n<meta property=\"og:site_name\" content=\"Ev.-luth. Kirchengemeinde Hettenhausen - Dalherda\" \/>\n<meta property=\"article:modified_time\" content=\"2025-01-03T16:06:54+00:00\" \/>\n<meta property=\"og:image\" content=\"https:\/\/www.kirche-hettenhausen.de\/site\/wp-content\/uploads\/2018\/07\/1476886816-8153-1140.jpg\" \/>\n\t<meta property=\"og:image:width\" content=\"1140\" \/>\n\t<meta property=\"og:image:height\" content=\"813\" \/>\n\t<meta property=\"og:image:type\" content=\"image\/jpeg\" \/>\n<meta name=\"twitter:card\" content=\"summary_large_image\" \/>\n<meta name=\"twitter:label1\" content=\"Gesch\u00e4tzte Lesezeit\" \/>\n\t<meta name=\"twitter:data1\" content=\"4\u00a0Minuten\" \/>\n<script type=\"application\/ld+json\" class=\"yoast-schema-graph\">{\"@context\":\"https:\\\/\\\/schema.org\",\"@graph\":[{\"@type\":\"WebPage\",\"@id\":\"https:\\\/\\\/www.kirche-hettenhausen.de\\\/site\\\/engagiert-mitgestalten\\\/anpacken-und-schaffen\\\/\",\"url\":\"https:\\\/\\\/www.kirche-hettenhausen.de\\\/site\\\/engagiert-mitgestalten\\\/anpacken-und-schaffen\\\/\",\"name\":\"Anpacken und Schaffen - Ev.-luth. Kirchengemeinde Hettenhausen - Dalherda\",\"isPartOf\":{\"@id\":\"https:\\\/\\\/www.kirche-hettenhausen.de\\\/site\\\/#website\"},\"primaryImageOfPage\":{\"@id\":\"https:\\\/\\\/www.kirche-hettenhausen.de\\\/site\\\/engagiert-mitgestalten\\\/anpacken-und-schaffen\\\/#primaryimage\"},\"image\":{\"@id\":\"https:\\\/\\\/www.kirche-hettenhausen.de\\\/site\\\/engagiert-mitgestalten\\\/anpacken-und-schaffen\\\/#primaryimage\"},\"thumbnailUrl\":\"https:\\\/\\\/www.kirche-hettenhausen.de\\\/site\\\/wp-content\\\/uploads\\\/2018\\\/07\\\/1476886816-8153-1140.jpg\",\"datePublished\":\"2018-12-21T21:07:35+00:00\",\"dateModified\":\"2025-01-03T16:06:54+00:00\",\"description\":\"Ev.-luth. Kirchengemeinde Hettenhausen - Dalherda - Anpacken und Schaffen\",\"breadcrumb\":{\"@id\":\"https:\\\/\\\/www.kirche-hettenhausen.de\\\/site\\\/engagiert-mitgestalten\\\/anpacken-und-schaffen\\\/#breadcrumb\"},\"inLanguage\":\"de\",\"potentialAction\":[{\"@type\":\"ReadAction\",\"target\":[\"https:\\\/\\\/www.kirche-hettenhausen.de\\\/site\\\/engagiert-mitgestalten\\\/anpacken-und-schaffen\\\/\"]}]},{\"@type\":\"ImageObject\",\"inLanguage\":\"de\",\"@id\":\"https:\\\/\\\/www.kirche-hettenhausen.de\\\/site\\\/engagiert-mitgestalten\\\/anpacken-und-schaffen\\\/#primaryimage\",\"url\":\"https:\\\/\\\/www.kirche-hettenhausen.de\\\/site\\\/wp-content\\\/uploads\\\/2018\\\/07\\\/1476886816-8153-1140.jpg\",\"contentUrl\":\"https:\\\/\\\/www.kirche-hettenhausen.de\\\/site\\\/wp-content\\\/uploads\\\/2018\\\/07\\\/1476886816-8153-1140.jpg\",\"width\":1140,\"height\":813,\"caption\":\"engagiert MITGESTALTEN\"},{\"@type\":\"BreadcrumbList\",\"@id\":\"https:\\\/\\\/www.kirche-hettenhausen.de\\\/site\\\/engagiert-mitgestalten\\\/anpacken-und-schaffen\\\/#breadcrumb\",\"itemListElement\":[{\"@type\":\"ListItem\",\"position\":1,\"name\":\"Startseite\",\"item\":\"https:\\\/\\\/www.kirche-hettenhausen.de\\\/site\\\/\"},{\"@type\":\"ListItem\",\"position\":2,\"name\":\"engagiert! MITGESTALTEN\",\"item\":\"https:\\\/\\\/www.kirche-hettenhausen.de\\\/site\\\/engagiert-mitgestalten\\\/\"},{\"@type\":\"ListItem\",\"position\":3,\"name\":\"Anpacken und Schaffen\"}]},{\"@type\":\"WebSite\",\"@id\":\"https:\\\/\\\/www.kirche-hettenhausen.de\\\/site\\\/#website\",\"url\":\"https:\\\/\\\/www.kirche-hettenhausen.de\\\/site\\\/\",\"name\":\"Ev.-luth. Kirchengemeinde Hettenhausen - Dalherda\",\"description\":\"Homepage der Ev.-luth. Kirchengemeinde Hettenhausen - Dalherda\",\"potentialAction\":[{\"@type\":\"SearchAction\",\"target\":{\"@type\":\"EntryPoint\",\"urlTemplate\":\"https:\\\/\\\/www.kirche-hettenhausen.de\\\/site\\\/?s={search_term_string}\"},\"query-input\":{\"@type\":\"PropertyValueSpecification\",\"valueRequired\":true,\"valueName\":\"search_term_string\"}}],\"inLanguage\":\"de\"}]}<\/script>\n<!-- \/ Yoast SEO plugin. -->","yoast_head_json":{"title":"Anpacken und Schaffen - Ev.-luth. Kirchengemeinde Hettenhausen - Dalherda","description":"Ev.-luth. Kirchengemeinde Hettenhausen - Dalherda - Anpacken und Schaffen","robots":{"index":"index","follow":"follow","max-snippet":"max-snippet:-1","max-image-preview":"max-image-preview:large","max-video-preview":"max-video-preview:-1"},"canonical":"https:\/\/www.kirche-hettenhausen.de\/site\/engagiert-mitgestalten\/anpacken-und-schaffen\/","og_locale":"de_DE","og_type":"article","og_title":"Anpacken und Schaffen - Ev.-luth. Kirchengemeinde Hettenhausen - Dalherda","og_description":"Ev.-luth. Kirchengemeinde Hettenhausen - Dalherda - Anpacken und Schaffen","og_url":"https:\/\/www.kirche-hettenhausen.de\/site\/engagiert-mitgestalten\/anpacken-und-schaffen\/","og_site_name":"Ev.-luth. Kirchengemeinde Hettenhausen - Dalherda","article_modified_time":"2025-01-03T16:06:54+00:00","og_image":[{"width":1140,"height":813,"url":"https:\/\/www.kirche-hettenhausen.de\/site\/wp-content\/uploads\/2018\/07\/1476886816-8153-1140.jpg","type":"image\/jpeg"}],"twitter_card":"summary_large_image","twitter_misc":{"Gesch\u00e4tzte Lesezeit":"4\u00a0Minuten"},"schema":{"@context":"https:\/\/schema.org","@graph":[{"@type":"WebPage","@id":"https:\/\/www.kirche-hettenhausen.de\/site\/engagiert-mitgestalten\/anpacken-und-schaffen\/","url":"https:\/\/www.kirche-hettenhausen.de\/site\/engagiert-mitgestalten\/anpacken-und-schaffen\/","name":"Anpacken und Schaffen - Ev.-luth. Kirchengemeinde Hettenhausen - Dalherda","isPartOf":{"@id":"https:\/\/www.kirche-hettenhausen.de\/site\/#website"},"primaryImageOfPage":{"@id":"https:\/\/www.kirche-hettenhausen.de\/site\/engagiert-mitgestalten\/anpacken-und-schaffen\/#primaryimage"},"image":{"@id":"https:\/\/www.kirche-hettenhausen.de\/site\/engagiert-mitgestalten\/anpacken-und-schaffen\/#primaryimage"},"thumbnailUrl":"https:\/\/www.kirche-hettenhausen.de\/site\/wp-content\/uploads\/2018\/07\/1476886816-8153-1140.jpg","datePublished":"2018-12-21T21:07:35+00:00","dateModified":"2025-01-03T16:06:54+00:00","description":"Ev.-luth. Kirchengemeinde Hettenhausen - Dalherda - Anpacken und Schaffen","breadcrumb":{"@id":"https:\/\/www.kirche-hettenhausen.de\/site\/engagiert-mitgestalten\/anpacken-und-schaffen\/#breadcrumb"},"inLanguage":"de","potentialAction":[{"@type":"ReadAction","target":["https:\/\/www.kirche-hettenhausen.de\/site\/engagiert-mitgestalten\/anpacken-und-schaffen\/"]}]},{"@type":"ImageObject","inLanguage":"de","@id":"https:\/\/www.kirche-hettenhausen.de\/site\/engagiert-mitgestalten\/anpacken-und-schaffen\/#primaryimage","url":"https:\/\/www.kirche-hettenhausen.de\/site\/wp-content\/uploads\/2018\/07\/1476886816-8153-1140.jpg","contentUrl":"https:\/\/www.kirche-hettenhausen.de\/site\/wp-content\/uploads\/2018\/07\/1476886816-8153-1140.jpg","width":1140,"height":813,"caption":"engagiert MITGESTALTEN"},{"@type":"BreadcrumbList","@id":"https:\/\/www.kirche-hettenhausen.de\/site\/engagiert-mitgestalten\/anpacken-und-schaffen\/#breadcrumb","itemListElement":[{"@type":"ListItem","position":1,"name":"Startseite","item":"https:\/\/www.kirche-hettenhausen.de\/site\/"},{"@type":"ListItem","position":2,"name":"engagiert! MITGESTALTEN","item":"https:\/\/www.kirche-hettenhausen.de\/site\/engagiert-mitgestalten\/"},{"@type":"ListItem","position":3,"name":"Anpacken und Schaffen"}]},{"@type":"WebSite","@id":"https:\/\/www.kirche-hettenhausen.de\/site\/#website","url":"https:\/\/www.kirche-hettenhausen.de\/site\/","name":"Ev.-luth. Kirchengemeinde Hettenhausen - Dalherda","description":"Homepage der Ev.-luth. Kirchengemeinde Hettenhausen - Dalherda","potentialAction":[{"@type":"SearchAction","target":{"@type":"EntryPoint","urlTemplate":"https:\/\/www.kirche-hettenhausen.de\/site\/?s={search_term_string}"},"query-input":{"@type":"PropertyValueSpecification","valueRequired":true,"valueName":"search_term_string"}}],"inLanguage":"de"}]}},"_links":{"self":[{"href":"https:\/\/www.kirche-hettenhausen.de\/site\/wp-json\/wp\/v2\/pages\/1968","targetHints":{"allow":["GET"]}}],"collection":[{"href":"https:\/\/www.kirche-hettenhausen.de\/site\/wp-json\/wp\/v2\/pages"}],"about":[{"href":"https:\/\/www.kirche-hettenhausen.de\/site\/wp-json\/wp\/v2\/types\/page"}],"author":[{"embeddable":true,"href":"https:\/\/www.kirche-hettenhausen.de\/site\/wp-json\/wp\/v2\/users\/2"}],"replies":[{"embeddable":true,"href":"https:\/\/www.kirche-hettenhausen.de\/site\/wp-json\/wp\/v2\/comments?post=1968"}],"version-history":[{"count":32,"href":"https:\/\/www.kirche-hettenhausen.de\/site\/wp-json\/wp\/v2\/pages\/1968\/revisions"}],"predecessor-version":[{"id":15716,"href":"https:\/\/www.kirche-hettenhausen.de\/site\/wp-json\/wp\/v2\/pages\/1968\/revisions\/15716"}],"up":[{"embeddable":true,"href":"https:\/\/www.kirche-hettenhausen.de\/site\/wp-json\/wp\/v2\/pages\/1758"}],"wp:featuredmedia":[{"embeddable":true,"href":"https:\/\/www.kirche-hettenhausen.de\/site\/wp-json\/wp\/v2\/media\/1761"}],"wp:attachment":[{"href":"https:\/\/www.kirche-hettenhausen.de\/site\/wp-json\/wp\/v2\/media?parent=1968"}],"curies":[{"name":"wp","href":"https:\/\/api.w.org\/{rel}","templated":true}]}}