{"id":147,"date":"2014-11-29T18:10:25","date_gmt":"2014-11-29T17:10:25","guid":{"rendered":"https:\/\/kirche-hettenhausen.de\/site\/?page_id=147"},"modified":"2021-03-11T21:01:40","modified_gmt":"2021-03-11T20:01:40","slug":"kirchenein-und-austritt","status":"publish","type":"page","link":"https:\/\/www.kirche-hettenhausen.de\/site\/fragen-antworten\/kirchenein-und-austritt\/","title":{"rendered":"Kirchenein- und austritt"},"content":{"rendered":"<h2><span style=\"color: #db1385;\"><img loading=\"lazy\" decoding=\"async\" class=\"alignright wp-image-7661 size-medium\" src=\"https:\/\/www.kirche-hettenhausen.de\/site\/wp-content\/uploads\/2021\/02\/60237_gottesdienst_rgb-300x244.jpg\" alt=\"\" width=\"300\" height=\"244\" srcset=\"https:\/\/www.kirche-hettenhausen.de\/site\/wp-content\/uploads\/2021\/02\/60237_gottesdienst_rgb-300x244.jpg 300w, https:\/\/www.kirche-hettenhausen.de\/site\/wp-content\/uploads\/2021\/02\/60237_gottesdienst_rgb-1024x833.jpg 1024w, https:\/\/www.kirche-hettenhausen.de\/site\/wp-content\/uploads\/2021\/02\/60237_gottesdienst_rgb-768x625.jpg 768w, https:\/\/www.kirche-hettenhausen.de\/site\/wp-content\/uploads\/2021\/02\/60237_gottesdienst_rgb.jpg 1322w\" sizes=\"auto, (max-width: 300px) 100vw, 300px\" \/>Informationen zum Kirchenein- und austritt<\/span><\/h2>\n<p>Immer wieder kommt es vor, dass ich ein Schreiben des Amtsgerichts zugestellt bekomme, in dem mir der Kirchenaustritt eines Gemeindegliedes mitgeteilt wird. Zun\u00e4chst bleibt mir nichts anderes \u00fcbrig, als diesen Schritt mit Bedauern zur Kenntnis zu nehmen. Meist sind mir die Menschen, die sich entschlossen haben, unsere Kirchengemeinde zu verlassen, nicht pers\u00f6nlich bekannt. So bleiben mir auch die Gr\u00fcnde f\u00fcr diesen Entschluss in der Regel unbekannt.<\/p>\n<p>&nbsp;<\/p>\n<h4>Welche Gr\u00fcnde f\u00fcr einen Kirchenaustritt kann es geben?<\/h4>\n<p>Oftmals geht es sicher darum, die <strong>Kirchensteuer<\/strong>, die von manch einem als Mitgliedsbeitrag bezeichnet wird, zu sparen. Da die Kirche kein Verein ist, spreche ich nur ungern von einem Mitgliedsbeitrag. Vielmehr ist die Kirchensteuer der Beitrag, den ich leiste, um die vielf\u00e4ltigen Aufgaben der Kirche zu unterst\u00fctzen, die ich alleine nicht bew\u00e4ltigen kann.<\/p>\n<p>Dazu geh\u00f6ren die Verk\u00fcndigung der Botschaft Jesu, die Unterrichtung unserer Kinder, Gruppenarbeit mit Jugendlichen und Senioren, die Unterhaltung der Kinderg\u00e4rten und kirchlichen Geb\u00e4ude, Krankenpflege in der Gemeinde, Sozialarbeit mit Behinderten und Randgruppen, die pers\u00f6nliche Seelsorge, Verbindung mit Kirchen in der Dritten Welt und anderes mehr.<\/p>\n<p>Als Christen sollten uns diese Aufgaben am Herzen liegen und unterst\u00fctzenswert sein!<\/p>\n<p>Weitergehende Informationen zur Verwendung der Kirchensteuer in unserer Landeskirche finden Sie unter <a href=\"https:\/\/www.ekkw.de\/ratgeber\/kirchensteuer.html\" target=\"_blank\" rel=\"noopener\">www.ekkw.de\/ratgeber\/kirchensteuer.html<\/a> oder in den nachfolgenden Brosch\u00fcren, die Sie sich hier herunterladen k\u00f6nnen:<strong><br \/>\n<\/strong><\/p>\n<p><a href=\"https:\/\/www.kirche-hettenhausen.de\/site\/wp-content\/uploads\/2021\/02\/ekkw_kirchensteuer_konkret.pdf\">ekkw_kirchensteuer_konkret<\/a><\/p>\n<p><a href=\"https:\/\/www.kirche-hettenhausen.de\/site\/wp-content\/uploads\/2021\/02\/ekkw_finanzen_broschuere_2014.pdf\">ekkw_finanzen_broschuere_2014<\/a><\/p>\n<p>&nbsp;<\/p>\n<p>Ein anderer Grund, die Kirchengemeinde zu verlassen besteht gelegentlich auch darin, einer <strong>anderen Kirche oder Glaubensgemeinschaft<\/strong> beizutreten. Dann handelt es sich im eigentlichen Sinn um eine sogenannte\u00a0<strong>Konvertierung<\/strong>, die aber durch das Schreiben des Amtsgerichts nicht ersichtlich ist, denn dem zust\u00e4ndigen Pfarramt wird lediglich der Kirchenaustritt mitgeteilt.<\/p>\n<p>Besonders bedauerlich ist es, wenn Menschen die Kirche verlassen, weil sie <strong>mit dem Glauben abgeschlossen<\/strong> haben und daher grunds\u00e4tzlich keinen Sinn mehr erkennen, einer christlichen Gemeinde anzugeh\u00f6ren.<\/p>\n<p>W\u00fcnschenswert w\u00e4re es, wenn Gemeindeglieder, die sich \u2013 aus welchen Gr\u00fcnden auch immer \u2013 mit dem Gedanken tragen, die Kirche zu verlassen, ein Gespr\u00e4ch mit ihrem Pfarrer oder ihrer Pfarrerin suchen w\u00fcrden. Das w\u00fcrde nicht nur der n\u00f6tigen kritischen Selbstreflexion in der Kirche dienen, sondern unter Umst\u00e4nden auch eine M\u00f6glichkeit bieten, Missverst\u00e4ndnisse und Unzufriedenheiten zur Sprache zu bringen oder gar Missverst\u00e4ndnisse zu vermeiden.<\/p>\n<p>&nbsp;<\/p>\n<h4>Welche Folgen hat ein Kirchenaustritt?<\/h4>\n<p>Oft wird als erste Konsequenz angef\u00fchrt, dass Ausgetretene <strong>keine kirchliche Bestattung<\/strong> bekommen. In Absprache mit dem Kirchenvorstand unserer Kirchengemeinde ist diesbez\u00fcglich beschlossen worden, dass es den Willen Verstorbener zu achten gilt. Dazu geh\u00f6rt auch die zu Lebzeiten abgegebene Willenserkl\u00e4rung, sich von der Kirche zu distanzieren. Oft sind es aber die Angeh\u00f6rigen eines aus der Kirche Ausgetretenen, die unter dieser Situation besonders zu leiden haben.<\/p>\n<p>Nat\u00fcrlich werden diese <strong>Angeh\u00f6rigen<\/strong> seelsorgerlich von ihrem zust\u00e4ndigen Pfarrer betreut, wenn das gew\u00fcnscht ist. Das kann in Seelsorgegespr\u00e4chen geschehen, denkbar ist aber auch eine von der Beisetzung unabh\u00e4ngige Andacht in der Kirche. Es ist sehr ratsam, die eigenen Angeh\u00f6rigen \u00fcber den Kirchenaustritt in Kenntnis zu setzen, um sp\u00e4ter unangenehme \u00dcberraschungen zu vermeiden.<\/p>\n<p>Neben der Frage nach einer kirchlichen Bestattung treten aber auch oft andere Schwierigkeiten auf, \u00fcber die es zu bedenken gilt:<\/p>\n<p>Wer aus der Kirche ausgetreten ist, hat sich selbst aus der christlichen Gemeinschaft ausgeschlossen. Das betrifft insbesondere die <strong>Abendmahlsgemeinschaft<\/strong>. Da jedoch nach evangelischen Verst\u00e4ndnis Jesus Christus selbst durch das Wirken des Heiligen Geistes an den Tisch Gottes einl\u00e4dt, werde ich niemanden zur\u00fcckweisen, der sich geladen f\u00fchlt und die Achtung vor dem Heiligen Abendmahl erkennen l\u00e4sst. Ich scheue mich jedoch nicht, ein einladendes Gespr\u00e4ch nach dem Gottesdienst zu suchen, wenn ich feststelle, dass ein Ausgetretener das Bed\u00fcrfnis hatte, am Abendmahl teilzunehmen.<\/p>\n<p><strong>Grunds\u00e4tzlich stehen die Kirchent\u00fcren jedem offen \u2013 auch Ausgetretenen.<\/strong><\/p>\n<p>Verwehrt bleiben Ausgetretenen jedoch <strong>kirchliche \u00c4mter<\/strong> wie etwa das Patenamt und einige <strong>Rechte,<\/strong> wie z. B. das Wahlrecht bei Kirchenvorstandswahlen, das Recht an Gemeindeversammlungen teilzunehmen oder das Recht der Inanspruchnahme von bestimmten Amtshandlungen.<\/p>\n<p>&nbsp;<\/p>\n<h4>Sie sind bereits aus der Kirche ausgetreten und tragen sich mit dem Gedanken, wieder einzutreten?<\/h4>\n<p>Generell ist es kein Problem, wieder in eine Kirche einzutreten. Hier gibt es zwei M\u00f6glichkeiten:<\/p>\n<p>Zun\u00e4chst besteht die M\u00f6glichkeit, den zust\u00e4ndigen <strong>Pfarrer<\/strong> anzusprechen. Vielleicht ergibt es sich, \u00fcber Ihre bisherigen Erfahrungen mit Kirche oder auch \u00fcber die Gr\u00fcnde zu sprechen, die Sie einst zu einem Austritt bewogen haben. \u00dcber das weitere Vorgehen kann dann im Detail gesprochen werden.<\/p>\n<p>Eine andere M\u00f6glichkeit des Wiedereintritts bietet die <strong>Kircheneintrittsstelle <\/strong>in Fulda, Heinrichstra\u00dfe 3. Von Montag bis Freitag ist sie zwischen 10:00 und 17:00 Uhr ge\u00f6ffnet. Eine Voranmeldung ist nicht n\u00f6tig, kann aber per Telefon: 0661 90190480 oder E-Mail\u00a0(<a href=\"eintritt@evang-kirche-fulda.de\">eintritt@evang-kirche-fulda.de<\/a>) erfolgen.<\/p>\n<p>Auch hier stehen Seelsorger f\u00fcr ein pers\u00f6nliches Gespr\u00e4ch zur Verf\u00fcgung. Im Laufe des Gespr\u00e4chs kann dann auch der <strong>Aufnahmeantrag<\/strong> ausgef\u00fcllt werden. Mit der Unterschrift ist der Eintritt in die Evangelische Kirche rechtskr\u00e4ftig. Nach Vollzug des Kircheneintritts erhalten Sie eine Mitgliedschaftsbescheinigung, mit der Sie als Mitglied der Evangelischen Kirche in der Kirchengemeinde Ihres ersten Wohnsitzes ausgewiesen werden.<\/p>\n<p>Sowohl im Pfarramt als auch in der Kircheneintrittsstelle ben\u00f6tigen Sie f\u00fcr den Kircheneintritt Ihre <strong>Taufurkunde<\/strong> und die <strong>Bescheinigung des Amtsgerichts<\/strong>, die Sie beim Austritt aus der Kirche erhalten haben.<\/p>\n<p>&nbsp;<\/p>\n<p>Vielleicht konnten hier einige Ihrer Fragen beantwortet werden. Sollten Sie weitere Fragen oder Gespr\u00e4chsbedarf haben oder auch pers\u00f6nlich vor einer Entscheidung stehen, bin ich gerne f\u00fcr Sie da!<\/p>\n","protected":false},"excerpt":{"rendered":"<p>Informationen zum Kirchenein- und austritt Immer wieder kommt es vor, dass ich ein Schreiben des Amtsgerichts zugestellt bekomme, in dem mir der Kirchenaustritt eines Gemeindegliedes mitgeteilt wird. Zun\u00e4chst bleibt mir nichts anderes \u00fcbrig, als diesen Schritt mit Bedauern zur Kenntnis zu nehmen. Meist sind mir die Menschen, die sich entschlossen haben, unsere Kirchengemeinde zu verlassen, [&hellip;]<\/p>\n","protected":false},"author":1,"featured_media":8178,"parent":96,"menu_order":50,"comment_status":"closed","ping_status":"open","template":"","meta":{"footnotes":""},"class_list":["post-147","page","type-page","status-publish","has-post-thumbnail","hentry"],"yoast_head":"<!-- This site is optimized with the Yoast SEO plugin v27.3 - https:\/\/yoast.com\/product\/yoast-seo-wordpress\/ -->\n<title>Kirchenein- und austritt - Ev.-luth. Kirchengemeinde Hettenhausen - Dalherda<\/title>\n<meta name=\"description\" content=\"Ev.-luth. Kirchengemeinde Hettenhausen - Dalherda Kirchenein- und austritt Kirchenaustritt und Kircheneintritt\" \/>\n<meta name=\"robots\" content=\"index, follow, max-snippet:-1, max-image-preview:large, max-video-preview:-1\" \/>\n<link rel=\"canonical\" href=\"https:\/\/www.kirche-hettenhausen.de\/site\/fragen-antworten\/kirchenein-und-austritt\/\" \/>\n<meta property=\"og:locale\" content=\"de_DE\" \/>\n<meta property=\"og:type\" content=\"article\" \/>\n<meta property=\"og:title\" content=\"Kirchenein- und austritt - Ev.-luth. Kirchengemeinde Hettenhausen - Dalherda\" \/>\n<meta property=\"og:description\" content=\"Ev.-luth. Kirchengemeinde Hettenhausen - Dalherda Kirchenein- und austritt Kirchenaustritt und Kircheneintritt\" \/>\n<meta property=\"og:url\" content=\"https:\/\/www.kirche-hettenhausen.de\/site\/fragen-antworten\/kirchenein-und-austritt\/\" \/>\n<meta property=\"og:site_name\" content=\"Ev.-luth. Kirchengemeinde Hettenhausen - Dalherda\" \/>\n<meta property=\"article:modified_time\" content=\"2021-03-11T20:01:40+00:00\" \/>\n<meta property=\"og:image\" content=\"https:\/\/www.kirche-hettenhausen.de\/site\/wp-content\/uploads\/2021\/03\/Gottesdienst-300x300-1.png\" \/>\n\t<meta property=\"og:image:width\" content=\"300\" \/>\n\t<meta property=\"og:image:height\" content=\"300\" \/>\n\t<meta property=\"og:image:type\" content=\"image\/png\" \/>\n<meta name=\"twitter:card\" content=\"summary_large_image\" \/>\n<meta name=\"twitter:label1\" content=\"Gesch\u00e4tzte Lesezeit\" \/>\n\t<meta name=\"twitter:data1\" content=\"4\u00a0Minuten\" \/>\n<script type=\"application\/ld+json\" class=\"yoast-schema-graph\">{\"@context\":\"https:\\\/\\\/schema.org\",\"@graph\":[{\"@type\":\"WebPage\",\"@id\":\"https:\\\/\\\/www.kirche-hettenhausen.de\\\/site\\\/fragen-antworten\\\/kirchenein-und-austritt\\\/\",\"url\":\"https:\\\/\\\/www.kirche-hettenhausen.de\\\/site\\\/fragen-antworten\\\/kirchenein-und-austritt\\\/\",\"name\":\"Kirchenein- und austritt - Ev.-luth. Kirchengemeinde Hettenhausen - Dalherda\",\"isPartOf\":{\"@id\":\"https:\\\/\\\/www.kirche-hettenhausen.de\\\/site\\\/#website\"},\"primaryImageOfPage\":{\"@id\":\"https:\\\/\\\/www.kirche-hettenhausen.de\\\/site\\\/fragen-antworten\\\/kirchenein-und-austritt\\\/#primaryimage\"},\"image\":{\"@id\":\"https:\\\/\\\/www.kirche-hettenhausen.de\\\/site\\\/fragen-antworten\\\/kirchenein-und-austritt\\\/#primaryimage\"},\"thumbnailUrl\":\"https:\\\/\\\/www.kirche-hettenhausen.de\\\/site\\\/wp-content\\\/uploads\\\/2021\\\/03\\\/Gottesdienst-300x300-1.png\",\"datePublished\":\"2014-11-29T17:10:25+00:00\",\"dateModified\":\"2021-03-11T20:01:40+00:00\",\"description\":\"Ev.-luth. Kirchengemeinde Hettenhausen - Dalherda Kirchenein- und austritt Kirchenaustritt und Kircheneintritt\",\"breadcrumb\":{\"@id\":\"https:\\\/\\\/www.kirche-hettenhausen.de\\\/site\\\/fragen-antworten\\\/kirchenein-und-austritt\\\/#breadcrumb\"},\"inLanguage\":\"de\",\"potentialAction\":[{\"@type\":\"ReadAction\",\"target\":[\"https:\\\/\\\/www.kirche-hettenhausen.de\\\/site\\\/fragen-antworten\\\/kirchenein-und-austritt\\\/\"]}]},{\"@type\":\"ImageObject\",\"inLanguage\":\"de\",\"@id\":\"https:\\\/\\\/www.kirche-hettenhausen.de\\\/site\\\/fragen-antworten\\\/kirchenein-und-austritt\\\/#primaryimage\",\"url\":\"https:\\\/\\\/www.kirche-hettenhausen.de\\\/site\\\/wp-content\\\/uploads\\\/2021\\\/03\\\/Gottesdienst-300x300-1.png\",\"contentUrl\":\"https:\\\/\\\/www.kirche-hettenhausen.de\\\/site\\\/wp-content\\\/uploads\\\/2021\\\/03\\\/Gottesdienst-300x300-1.png\",\"width\":300,\"height\":300},{\"@type\":\"BreadcrumbList\",\"@id\":\"https:\\\/\\\/www.kirche-hettenhausen.de\\\/site\\\/fragen-antworten\\\/kirchenein-und-austritt\\\/#breadcrumb\",\"itemListElement\":[{\"@type\":\"ListItem\",\"position\":1,\"name\":\"Startseite\",\"item\":\"https:\\\/\\\/www.kirche-hettenhausen.de\\\/site\\\/\"},{\"@type\":\"ListItem\",\"position\":2,\"name\":\"Fragen &#038; Antworten\",\"item\":\"https:\\\/\\\/www.kirche-hettenhausen.de\\\/site\\\/fragen-antworten\\\/\"},{\"@type\":\"ListItem\",\"position\":3,\"name\":\"Kirchenein- und austritt\"}]},{\"@type\":\"WebSite\",\"@id\":\"https:\\\/\\\/www.kirche-hettenhausen.de\\\/site\\\/#website\",\"url\":\"https:\\\/\\\/www.kirche-hettenhausen.de\\\/site\\\/\",\"name\":\"Ev.-luth. Kirchengemeinde Hettenhausen - Dalherda\",\"description\":\"Homepage der Ev.-luth. Kirchengemeinde Hettenhausen - Dalherda\",\"potentialAction\":[{\"@type\":\"SearchAction\",\"target\":{\"@type\":\"EntryPoint\",\"urlTemplate\":\"https:\\\/\\\/www.kirche-hettenhausen.de\\\/site\\\/?s={search_term_string}\"},\"query-input\":{\"@type\":\"PropertyValueSpecification\",\"valueRequired\":true,\"valueName\":\"search_term_string\"}}],\"inLanguage\":\"de\"}]}<\/script>\n<!-- \/ Yoast SEO plugin. -->","yoast_head_json":{"title":"Kirchenein- und austritt - Ev.-luth. Kirchengemeinde Hettenhausen - Dalherda","description":"Ev.-luth. Kirchengemeinde Hettenhausen - Dalherda Kirchenein- und austritt Kirchenaustritt und Kircheneintritt","robots":{"index":"index","follow":"follow","max-snippet":"max-snippet:-1","max-image-preview":"max-image-preview:large","max-video-preview":"max-video-preview:-1"},"canonical":"https:\/\/www.kirche-hettenhausen.de\/site\/fragen-antworten\/kirchenein-und-austritt\/","og_locale":"de_DE","og_type":"article","og_title":"Kirchenein- und austritt - Ev.-luth. Kirchengemeinde Hettenhausen - Dalherda","og_description":"Ev.-luth. Kirchengemeinde Hettenhausen - Dalherda Kirchenein- und austritt Kirchenaustritt und Kircheneintritt","og_url":"https:\/\/www.kirche-hettenhausen.de\/site\/fragen-antworten\/kirchenein-und-austritt\/","og_site_name":"Ev.-luth. Kirchengemeinde Hettenhausen - Dalherda","article_modified_time":"2021-03-11T20:01:40+00:00","og_image":[{"width":300,"height":300,"url":"https:\/\/www.kirche-hettenhausen.de\/site\/wp-content\/uploads\/2021\/03\/Gottesdienst-300x300-1.png","type":"image\/png"}],"twitter_card":"summary_large_image","twitter_misc":{"Gesch\u00e4tzte Lesezeit":"4\u00a0Minuten"},"schema":{"@context":"https:\/\/schema.org","@graph":[{"@type":"WebPage","@id":"https:\/\/www.kirche-hettenhausen.de\/site\/fragen-antworten\/kirchenein-und-austritt\/","url":"https:\/\/www.kirche-hettenhausen.de\/site\/fragen-antworten\/kirchenein-und-austritt\/","name":"Kirchenein- und austritt - Ev.-luth. Kirchengemeinde Hettenhausen - Dalherda","isPartOf":{"@id":"https:\/\/www.kirche-hettenhausen.de\/site\/#website"},"primaryImageOfPage":{"@id":"https:\/\/www.kirche-hettenhausen.de\/site\/fragen-antworten\/kirchenein-und-austritt\/#primaryimage"},"image":{"@id":"https:\/\/www.kirche-hettenhausen.de\/site\/fragen-antworten\/kirchenein-und-austritt\/#primaryimage"},"thumbnailUrl":"https:\/\/www.kirche-hettenhausen.de\/site\/wp-content\/uploads\/2021\/03\/Gottesdienst-300x300-1.png","datePublished":"2014-11-29T17:10:25+00:00","dateModified":"2021-03-11T20:01:40+00:00","description":"Ev.-luth. Kirchengemeinde Hettenhausen - Dalherda Kirchenein- und austritt Kirchenaustritt und Kircheneintritt","breadcrumb":{"@id":"https:\/\/www.kirche-hettenhausen.de\/site\/fragen-antworten\/kirchenein-und-austritt\/#breadcrumb"},"inLanguage":"de","potentialAction":[{"@type":"ReadAction","target":["https:\/\/www.kirche-hettenhausen.de\/site\/fragen-antworten\/kirchenein-und-austritt\/"]}]},{"@type":"ImageObject","inLanguage":"de","@id":"https:\/\/www.kirche-hettenhausen.de\/site\/fragen-antworten\/kirchenein-und-austritt\/#primaryimage","url":"https:\/\/www.kirche-hettenhausen.de\/site\/wp-content\/uploads\/2021\/03\/Gottesdienst-300x300-1.png","contentUrl":"https:\/\/www.kirche-hettenhausen.de\/site\/wp-content\/uploads\/2021\/03\/Gottesdienst-300x300-1.png","width":300,"height":300},{"@type":"BreadcrumbList","@id":"https:\/\/www.kirche-hettenhausen.de\/site\/fragen-antworten\/kirchenein-und-austritt\/#breadcrumb","itemListElement":[{"@type":"ListItem","position":1,"name":"Startseite","item":"https:\/\/www.kirche-hettenhausen.de\/site\/"},{"@type":"ListItem","position":2,"name":"Fragen &#038; Antworten","item":"https:\/\/www.kirche-hettenhausen.de\/site\/fragen-antworten\/"},{"@type":"ListItem","position":3,"name":"Kirchenein- und austritt"}]},{"@type":"WebSite","@id":"https:\/\/www.kirche-hettenhausen.de\/site\/#website","url":"https:\/\/www.kirche-hettenhausen.de\/site\/","name":"Ev.-luth. Kirchengemeinde Hettenhausen - Dalherda","description":"Homepage der Ev.-luth. Kirchengemeinde Hettenhausen - Dalherda","potentialAction":[{"@type":"SearchAction","target":{"@type":"EntryPoint","urlTemplate":"https:\/\/www.kirche-hettenhausen.de\/site\/?s={search_term_string}"},"query-input":{"@type":"PropertyValueSpecification","valueRequired":true,"valueName":"search_term_string"}}],"inLanguage":"de"}]}},"_links":{"self":[{"href":"https:\/\/www.kirche-hettenhausen.de\/site\/wp-json\/wp\/v2\/pages\/147","targetHints":{"allow":["GET"]}}],"collection":[{"href":"https:\/\/www.kirche-hettenhausen.de\/site\/wp-json\/wp\/v2\/pages"}],"about":[{"href":"https:\/\/www.kirche-hettenhausen.de\/site\/wp-json\/wp\/v2\/types\/page"}],"author":[{"embeddable":true,"href":"https:\/\/www.kirche-hettenhausen.de\/site\/wp-json\/wp\/v2\/users\/1"}],"replies":[{"embeddable":true,"href":"https:\/\/www.kirche-hettenhausen.de\/site\/wp-json\/wp\/v2\/comments?post=147"}],"version-history":[{"count":23,"href":"https:\/\/www.kirche-hettenhausen.de\/site\/wp-json\/wp\/v2\/pages\/147\/revisions"}],"predecessor-version":[{"id":7889,"href":"https:\/\/www.kirche-hettenhausen.de\/site\/wp-json\/wp\/v2\/pages\/147\/revisions\/7889"}],"up":[{"embeddable":true,"href":"https:\/\/www.kirche-hettenhausen.de\/site\/wp-json\/wp\/v2\/pages\/96"}],"wp:featuredmedia":[{"embeddable":true,"href":"https:\/\/www.kirche-hettenhausen.de\/site\/wp-json\/wp\/v2\/media\/8178"}],"wp:attachment":[{"href":"https:\/\/www.kirche-hettenhausen.de\/site\/wp-json\/wp\/v2\/media?parent=147"}],"curies":[{"name":"wp","href":"https:\/\/api.w.org\/{rel}","templated":true}]}}