{"id":140,"date":"2014-11-29T15:55:53","date_gmt":"2014-11-29T14:55:53","guid":{"rendered":"https:\/\/kirche-hettenhausen.de\/site\/?page_id=140"},"modified":"2021-02-22T20:37:01","modified_gmt":"2021-02-22T19:37:01","slug":"konfirmation","status":"publish","type":"page","link":"https:\/\/www.kirche-hettenhausen.de\/site\/fragen-antworten\/konfirmation\/","title":{"rendered":"Konfirmation"},"content":{"rendered":"<h2><img loading=\"lazy\" decoding=\"async\" class=\"wp-image-7678 size-medium aligncenter\" src=\"https:\/\/www.kirche-hettenhausen.de\/site\/wp-content\/uploads\/2021\/02\/59422_abendmahl_rgb-239x300.jpg\" alt=\"\" width=\"239\" height=\"300\" srcset=\"https:\/\/www.kirche-hettenhausen.de\/site\/wp-content\/uploads\/2021\/02\/59422_abendmahl_rgb-239x300.jpg 239w, https:\/\/www.kirche-hettenhausen.de\/site\/wp-content\/uploads\/2021\/02\/59422_abendmahl_rgb.jpg 513w\" sizes=\"auto, (max-width: 239px) 100vw, 239px\" \/><\/h2>\n<h2><span style=\"color: #db1385;\">Informationen zur Konfirmation<\/span><\/h2>\n<h4>Was bedeutet Konfirmation?<\/h4>\n<p>Das Wort \u201eKonfirmation\u201c leitet sich aus dem Lateinischen ab und bedeutet \u201eSt\u00e4rkung\u201c. Wenn ein Mensch als S\u00e4ugling getauft wurde, bekennt er bei der Konfirmation selbst, was seine Eltern und Paten bei seiner Taufe stellvertretend bekannt haben. Das hei\u00dft, dass die Taufe die Voraussetzung f\u00fcr die Konfirmation ist. Wenn Erwachsene getauft werden, fallen Taufe und Konfirmation ineinander.<\/p>\n<p>&nbsp;<\/p>\n<h4>Was geschieht bei der Konfirmation?<\/h4>\n<p>Die Konfirmation ist ein festlicher Gottesdienst, mit dem der Konfirmandenunterricht seinen Abschluss findet. Am Beginn des Gottesdienstes steht der Einzug der Jugendlichen in die Kirche. H\u00f6hepunkt des Gottesdienstes ist das pers\u00f6nliche Zusprechen des Segens (\u201eEinsegnung\u201c) f\u00fcr jeden Konfirmanden und jede Konfirmandin. Dazu wird eine Urkunde und ein kleines Geschenk der Gemeinde \u00fcberreicht. In den meisten Gemeinden schlie\u00dft sich daran die erste Abendmahlsfeier der Jugendlichen an. In manchen Gemeinden werden getaufte Kinder bereits w\u00e4hrend des Konfirmandenunterrichtes zum Abendmahl zugelassen. Nach dem Gottesdienst wird in der Regel die Konfirmation im Rahmen der Familie gefeiert.<\/p>\n<p>&nbsp;<\/p>\n<h4>Wie bereitet man sich auf die Konfirmation vor?<\/h4>\n<p>Durch den Konfirmandenunterricht, der in unserer Gemeinde 1 1\/2 Jahre dauert. Im Konfirmandenunterricht lernen die Jugendlichen die wesentlichen Grundlagen christlichen Glaubens kennen. Es geht um den Sinn des Lebens und das Erwachsenwerden. Die Jugendlichen debattieren miteinander und entdecken zusammen, was f\u00fcr ihr Leben wichtig ist. In dieser Zeit wird auch Wert darauf gelegt, dass die Jugendlichen die Gemeinde kennen lernen, die Gottesdienste besuchen und in ihnen mitwirken. In vielen Gemeinden wird der Konfirmandenunterricht durch gemeinsame Freizeiten begleitet.<\/p>\n<p>&nbsp;<\/p>\n<h4>Kostet die Konfirmation Geld?<\/h4>\n<p>Was den Unterricht und die kirchliche Feier betrifft: Nein. Lediglich f\u00fcr Arbeitsmaterialien und Konfirmandenfreizeit ist ein Eigenanteil zu zahlen. W\u00e4hrend des Gottesdienstes wird wie immer eine Kollekte gesammelt. Es ist in unserer Gemeinde \u00fcblich, dass die Jugendlichen einen Teil ihres Geldgeschenkes als Konfirmandengabe f\u00fcr ein Projekt spenden.<\/p>\n<p>&nbsp;<\/p>\n<h4>Wann finden Konfirmationen statt?<\/h4>\n<p>Die Konfirmationsgottesdienste finden in den meisten Gemeinden zwischen Ostern und dem Pfingstfest statt; in unserer Gemeinde immer am Sonntag &#8222;Miserikordias Domini&#8220; (2. Sonntag nach Ostern).<\/p>\n<p>&nbsp;<\/p>\n<h4>Wie meldet man sich zur Konfirmation an?<\/h4>\n<p>Die Jugendlichen werden in der Regel in der Kirchengemeinde, in der sie wohnen, am Beginn des 7. Schuljahrs angemeldet (Anmeldefrist 30. September). Auskunft gibt gern das zust\u00e4ndige Pfarramt.<\/p>\n<p>&nbsp;<\/p>\n<h4>Kann man sich auch ohne Taufe konfirmieren lassen?<\/h4>\n<p>Nein, die Konfirmation setzt die Taufe voraus. Allerdings ist bei der Taufe eines Erwachsenen keine Konfirmation mehr n\u00f6tig, da der T\u00e4ufling das Bekenntnis bei der Taufe selbst gibt \u2013 und er oder sie religionsm\u00fcndig ist. Die Religionsm\u00fcndigkeit wird in Deutschland uneingeschr\u00e4nkt mit dem 14. Lebensjahr erreicht.<\/p>\n<p>&nbsp;<\/p>\n<h4>Was bringt mir die Konfirmation?<\/h4>\n<p>Vordergr\u00fcndig bringt die Konfirmation vielleicht ein sch\u00f6nes Fest, Geschenke oder das Geld f\u00fcr den F\u00fchrerschein. Tiefgr\u00fcndiger bringen die Konfirmation und ihre Vorbereitung die Chance, \u00fcber Fragen des Lebens nachzudenken, in einer Gruppe Orientierung zu suchen und Freude am Christsein zu wecken. Schlie\u00dflich bringt die Konfirmation auch kirchenrechtlich etwas: Konfirmierte k\u00f6nnen Pate oder Patin werden, eine Nottaufe vornehmen und an den kirchlichen Wahlen teilnehmen.<\/p>\n<p>&nbsp;<\/p>\n<h4>M\u00fcssen Erwachsene, die sich taufen lassen wollen, dann auch noch eine Konfirmation machen?<\/h4>\n<p>Nein. Da der Erwachsene bei der Taufe selbst seinen Wunsch nach der Taufe \u00e4u\u00dfert und sein Bekenntnis zu Gott als Vater, Sohn und Heiligem Geist abgibt, ist eine Erwachsenenkonfirmation nicht mehr n\u00f6tig. Das gilt auch f\u00fcr Jugendliche, die sich im Zusammenhang mit dem Konfirmandenunterricht oder der Konfirmation taufen lassen.<\/p>\n<p>&nbsp;<\/p>\n<h4>K\u00f6nnen Eltern ihr Kind konfirmieren lassen, wenn sie selbst nicht Kirchenmitglieder sind?<\/h4>\n<p>Ja, das ist m\u00f6glich. Allerdings sollten sich die Eltern in dieser Frage einig sein. Vielleicht ist es in manchen F\u00e4llen sinnvoll, bis zur Religionsm\u00fcndigkeit des Kindes (14. Lebensjahr) zu warten, weil das Kind dann selbst entscheiden kann.<\/p>\n<p>&nbsp;<\/p>\n<h4>Was soll man zur Konfirmation schenken?<\/h4>\n<p>Die Konfirmation ist ein besonderer Tag f\u00fcr die Jugendlichen. Daran wird sich auch das Geschenk orientieren. Eine alte Tradition ist es, Konfirmandinnen und Konfirmanden eine Bibel oder ein Gesangbuch zu schenken. Vielfach wird Bargeld zur Konfirmation verschenkt, damit sich die Jugendlichen sp\u00e4ter selbst einen Wunsch erf\u00fcllen k\u00f6nnen.<\/p>\n<p>&nbsp;<\/p>\n<h4>K\u00f6nnen Nichtgetaufte am Konfirmandenunterricht in einer Gemeinde teilnehmen?<\/h4>\n<p>Ja. Die Teilnahme an Gemeindeveranstaltungen, also auch am Konfirmandenunterricht, ist offen f\u00fcr alle, egal ob getauft oder ungetauft. Ob am Ende des Unterrichtes die Taufe oder die Konfirmation steht, k\u00f6nnen die Jugendlichen mit ihren Eltern selbst entscheiden.<\/p>\n<p>&nbsp;<\/p>\n<h4>Welche Rolle spielen die Taufpaten bei der Konfirmation?<\/h4>\n<p>Formal endet das Patenamt mit der Konfirmation. Praxis ist eher, dass die Paten die jungen Menschen auch \u00fcber die Konfirmation hinaus begleiten.<\/p>\n<p>&nbsp;<\/p>\n<h4>Welches ist die angemessene Konfirmationskleidung?<\/h4>\n<p>Eine jugendgem\u00e4\u00dfe, festliche Kleidung ist angemessen. Die Kleiderfrage sollten Eltern und Jugendliche gemeinsam besprechen. Wichtig ist, dass man mit den Konfirmationssachen weder \u201eover- noch underdressed\u201c ist.<\/p>\n<p>&nbsp;<\/p>\n<h4>Wo finde ich einen Konfirmationsspruch?<\/h4>\n<p>Konfirmationsspr\u00fcche finden sich in der Bibel. Manche Pastorin oder mancher Pfarrer stellt f\u00fcr die Konfirmandinnen und Konfirmanden eine Liste mit Spr\u00fcchen zusammen, aus denen sie sich einen Spruch heraussuchen k\u00f6nnen. Manche Jugendliche suchen selbst in der Bibel oder w\u00e4hlen Spr\u00fcche, die schon bei ihren Eltern, Gro\u00dfeltern oder Paten Konfirmationsspr\u00fcche waren. Siehe auch: <a href=\"http:\/\/www.konfiweb.de\" target=\"_blank\" rel=\"noopener noreferrer\">www.konfiweb.de<\/a><\/p>\n<p>&nbsp;<\/p>\n<h4>Muss nach einem Kirchenaustritt die Konfirmation wiederholt werden?<\/h4>\n<p>Nein, ein Austritt aus der Kirche macht die Konfirmation nicht r\u00fcckg\u00e4ngig. Er entbindet von den kirchlichen Pflichten und schr\u00e4nkt die kirchlichen Mitgliedschaftsrechte ein. Die Konfirmation wird \u2013 wie die Taufe \u2013 bei einem Wiedereintritt in die Kirche nicht wiederholt.<\/p>\n<p>&nbsp;<\/p>\n<p><strong>In den einzelnen Gemeinden unserer Landeskirche gibt es viele regionale Unterschiede. Deshalb wenden Sie sich bitte bei weiteren Fragen an das Pfarramt, in der die Konfirmation stattfinden soll.<\/strong><\/p>\n","protected":false},"excerpt":{"rendered":"<p>Informationen zur Konfirmation Was bedeutet Konfirmation? Das Wort \u201eKonfirmation\u201c leitet sich aus dem Lateinischen ab und bedeutet \u201eSt\u00e4rkung\u201c. Wenn ein Mensch als S\u00e4ugling getauft wurde, bekennt er bei der Konfirmation selbst, was seine Eltern und Paten bei seiner Taufe stellvertretend bekannt haben. Das hei\u00dft, dass die Taufe die Voraussetzung f\u00fcr die Konfirmation ist. Wenn Erwachsene [&hellip;]<\/p>\n","protected":false},"author":1,"featured_media":7678,"parent":96,"menu_order":20,"comment_status":"closed","ping_status":"open","template":"","meta":{"footnotes":""},"class_list":["post-140","page","type-page","status-publish","has-post-thumbnail","hentry"],"yoast_head":"<!-- This site is optimized with the Yoast SEO plugin v27.4 - https:\/\/yoast.com\/product\/yoast-seo-wordpress\/ -->\n<title>Konfirmation - Ev.-luth. Kirchengemeinde Hettenhausen - Dalherda<\/title>\n<meta name=\"description\" content=\"Ev.-luth. Kirchengemeinde Hettenhausen - Dalherda - Konfirmation - Was bedeutet Konfirmation? - Was geschieht bei der Konfirmation?\" \/>\n<meta name=\"robots\" content=\"index, follow, max-snippet:-1, max-image-preview:large, max-video-preview:-1\" \/>\n<link rel=\"canonical\" href=\"https:\/\/www.kirche-hettenhausen.de\/site\/fragen-antworten\/konfirmation\/\" \/>\n<meta property=\"og:locale\" content=\"de_DE\" \/>\n<meta property=\"og:type\" content=\"article\" \/>\n<meta property=\"og:title\" content=\"Konfirmation - Ev.-luth. Kirchengemeinde Hettenhausen - Dalherda\" \/>\n<meta property=\"og:description\" content=\"Ev.-luth. Kirchengemeinde Hettenhausen - Dalherda - Konfirmation - Was bedeutet Konfirmation? - Was geschieht bei der Konfirmation?\" \/>\n<meta property=\"og:url\" content=\"https:\/\/www.kirche-hettenhausen.de\/site\/fragen-antworten\/konfirmation\/\" \/>\n<meta property=\"og:site_name\" content=\"Ev.-luth. Kirchengemeinde Hettenhausen - Dalherda\" \/>\n<meta property=\"article:modified_time\" content=\"2021-02-22T19:37:01+00:00\" \/>\n<meta property=\"og:image\" content=\"https:\/\/www.kirche-hettenhausen.de\/site\/wp-content\/uploads\/2021\/02\/59422_abendmahl_rgb.jpg\" \/>\n\t<meta property=\"og:image:width\" content=\"513\" \/>\n\t<meta property=\"og:image:height\" content=\"645\" \/>\n\t<meta property=\"og:image:type\" content=\"image\/jpeg\" \/>\n<meta name=\"twitter:card\" content=\"summary_large_image\" \/>\n<meta name=\"twitter:label1\" content=\"Gesch\u00e4tzte Lesezeit\" \/>\n\t<meta name=\"twitter:data1\" content=\"5\u00a0Minuten\" \/>\n<script type=\"application\/ld+json\" class=\"yoast-schema-graph\">{\"@context\":\"https:\\\/\\\/schema.org\",\"@graph\":[{\"@type\":\"WebPage\",\"@id\":\"https:\\\/\\\/www.kirche-hettenhausen.de\\\/site\\\/fragen-antworten\\\/konfirmation\\\/\",\"url\":\"https:\\\/\\\/www.kirche-hettenhausen.de\\\/site\\\/fragen-antworten\\\/konfirmation\\\/\",\"name\":\"Konfirmation - Ev.-luth. Kirchengemeinde Hettenhausen - Dalherda\",\"isPartOf\":{\"@id\":\"https:\\\/\\\/www.kirche-hettenhausen.de\\\/site\\\/#website\"},\"primaryImageOfPage\":{\"@id\":\"https:\\\/\\\/www.kirche-hettenhausen.de\\\/site\\\/fragen-antworten\\\/konfirmation\\\/#primaryimage\"},\"image\":{\"@id\":\"https:\\\/\\\/www.kirche-hettenhausen.de\\\/site\\\/fragen-antworten\\\/konfirmation\\\/#primaryimage\"},\"thumbnailUrl\":\"https:\\\/\\\/www.kirche-hettenhausen.de\\\/site\\\/wp-content\\\/uploads\\\/2021\\\/02\\\/59422_abendmahl_rgb.jpg\",\"datePublished\":\"2014-11-29T14:55:53+00:00\",\"dateModified\":\"2021-02-22T19:37:01+00:00\",\"description\":\"Ev.-luth. Kirchengemeinde Hettenhausen - Dalherda - Konfirmation - Was bedeutet Konfirmation? - Was geschieht bei der Konfirmation?\",\"breadcrumb\":{\"@id\":\"https:\\\/\\\/www.kirche-hettenhausen.de\\\/site\\\/fragen-antworten\\\/konfirmation\\\/#breadcrumb\"},\"inLanguage\":\"de\",\"potentialAction\":[{\"@type\":\"ReadAction\",\"target\":[\"https:\\\/\\\/www.kirche-hettenhausen.de\\\/site\\\/fragen-antworten\\\/konfirmation\\\/\"]}]},{\"@type\":\"ImageObject\",\"inLanguage\":\"de\",\"@id\":\"https:\\\/\\\/www.kirche-hettenhausen.de\\\/site\\\/fragen-antworten\\\/konfirmation\\\/#primaryimage\",\"url\":\"https:\\\/\\\/www.kirche-hettenhausen.de\\\/site\\\/wp-content\\\/uploads\\\/2021\\\/02\\\/59422_abendmahl_rgb.jpg\",\"contentUrl\":\"https:\\\/\\\/www.kirche-hettenhausen.de\\\/site\\\/wp-content\\\/uploads\\\/2021\\\/02\\\/59422_abendmahl_rgb.jpg\",\"width\":513,\"height\":645},{\"@type\":\"BreadcrumbList\",\"@id\":\"https:\\\/\\\/www.kirche-hettenhausen.de\\\/site\\\/fragen-antworten\\\/konfirmation\\\/#breadcrumb\",\"itemListElement\":[{\"@type\":\"ListItem\",\"position\":1,\"name\":\"Startseite\",\"item\":\"https:\\\/\\\/www.kirche-hettenhausen.de\\\/site\\\/\"},{\"@type\":\"ListItem\",\"position\":2,\"name\":\"Fragen &#038; Antworten\",\"item\":\"https:\\\/\\\/www.kirche-hettenhausen.de\\\/site\\\/fragen-antworten\\\/\"},{\"@type\":\"ListItem\",\"position\":3,\"name\":\"Konfirmation\"}]},{\"@type\":\"WebSite\",\"@id\":\"https:\\\/\\\/www.kirche-hettenhausen.de\\\/site\\\/#website\",\"url\":\"https:\\\/\\\/www.kirche-hettenhausen.de\\\/site\\\/\",\"name\":\"Ev.-luth. Kirchengemeinde Hettenhausen - Dalherda\",\"description\":\"Homepage der Ev.-luth. Kirchengemeinde Hettenhausen - Dalherda\",\"potentialAction\":[{\"@type\":\"SearchAction\",\"target\":{\"@type\":\"EntryPoint\",\"urlTemplate\":\"https:\\\/\\\/www.kirche-hettenhausen.de\\\/site\\\/?s={search_term_string}\"},\"query-input\":{\"@type\":\"PropertyValueSpecification\",\"valueRequired\":true,\"valueName\":\"search_term_string\"}}],\"inLanguage\":\"de\"}]}<\/script>\n<!-- \/ Yoast SEO plugin. -->","yoast_head_json":{"title":"Konfirmation - Ev.-luth. Kirchengemeinde Hettenhausen - Dalherda","description":"Ev.-luth. Kirchengemeinde Hettenhausen - Dalherda - Konfirmation - Was bedeutet Konfirmation? - Was geschieht bei der Konfirmation?","robots":{"index":"index","follow":"follow","max-snippet":"max-snippet:-1","max-image-preview":"max-image-preview:large","max-video-preview":"max-video-preview:-1"},"canonical":"https:\/\/www.kirche-hettenhausen.de\/site\/fragen-antworten\/konfirmation\/","og_locale":"de_DE","og_type":"article","og_title":"Konfirmation - Ev.-luth. Kirchengemeinde Hettenhausen - Dalherda","og_description":"Ev.-luth. Kirchengemeinde Hettenhausen - Dalherda - Konfirmation - Was bedeutet Konfirmation? - Was geschieht bei der Konfirmation?","og_url":"https:\/\/www.kirche-hettenhausen.de\/site\/fragen-antworten\/konfirmation\/","og_site_name":"Ev.-luth. Kirchengemeinde Hettenhausen - Dalherda","article_modified_time":"2021-02-22T19:37:01+00:00","og_image":[{"width":513,"height":645,"url":"https:\/\/www.kirche-hettenhausen.de\/site\/wp-content\/uploads\/2021\/02\/59422_abendmahl_rgb.jpg","type":"image\/jpeg"}],"twitter_card":"summary_large_image","twitter_misc":{"Gesch\u00e4tzte Lesezeit":"5\u00a0Minuten"},"schema":{"@context":"https:\/\/schema.org","@graph":[{"@type":"WebPage","@id":"https:\/\/www.kirche-hettenhausen.de\/site\/fragen-antworten\/konfirmation\/","url":"https:\/\/www.kirche-hettenhausen.de\/site\/fragen-antworten\/konfirmation\/","name":"Konfirmation - Ev.-luth. Kirchengemeinde Hettenhausen - Dalherda","isPartOf":{"@id":"https:\/\/www.kirche-hettenhausen.de\/site\/#website"},"primaryImageOfPage":{"@id":"https:\/\/www.kirche-hettenhausen.de\/site\/fragen-antworten\/konfirmation\/#primaryimage"},"image":{"@id":"https:\/\/www.kirche-hettenhausen.de\/site\/fragen-antworten\/konfirmation\/#primaryimage"},"thumbnailUrl":"https:\/\/www.kirche-hettenhausen.de\/site\/wp-content\/uploads\/2021\/02\/59422_abendmahl_rgb.jpg","datePublished":"2014-11-29T14:55:53+00:00","dateModified":"2021-02-22T19:37:01+00:00","description":"Ev.-luth. Kirchengemeinde Hettenhausen - Dalherda - Konfirmation - Was bedeutet Konfirmation? - Was geschieht bei der Konfirmation?","breadcrumb":{"@id":"https:\/\/www.kirche-hettenhausen.de\/site\/fragen-antworten\/konfirmation\/#breadcrumb"},"inLanguage":"de","potentialAction":[{"@type":"ReadAction","target":["https:\/\/www.kirche-hettenhausen.de\/site\/fragen-antworten\/konfirmation\/"]}]},{"@type":"ImageObject","inLanguage":"de","@id":"https:\/\/www.kirche-hettenhausen.de\/site\/fragen-antworten\/konfirmation\/#primaryimage","url":"https:\/\/www.kirche-hettenhausen.de\/site\/wp-content\/uploads\/2021\/02\/59422_abendmahl_rgb.jpg","contentUrl":"https:\/\/www.kirche-hettenhausen.de\/site\/wp-content\/uploads\/2021\/02\/59422_abendmahl_rgb.jpg","width":513,"height":645},{"@type":"BreadcrumbList","@id":"https:\/\/www.kirche-hettenhausen.de\/site\/fragen-antworten\/konfirmation\/#breadcrumb","itemListElement":[{"@type":"ListItem","position":1,"name":"Startseite","item":"https:\/\/www.kirche-hettenhausen.de\/site\/"},{"@type":"ListItem","position":2,"name":"Fragen &#038; Antworten","item":"https:\/\/www.kirche-hettenhausen.de\/site\/fragen-antworten\/"},{"@type":"ListItem","position":3,"name":"Konfirmation"}]},{"@type":"WebSite","@id":"https:\/\/www.kirche-hettenhausen.de\/site\/#website","url":"https:\/\/www.kirche-hettenhausen.de\/site\/","name":"Ev.-luth. Kirchengemeinde Hettenhausen - Dalherda","description":"Homepage der Ev.-luth. Kirchengemeinde Hettenhausen - Dalherda","potentialAction":[{"@type":"SearchAction","target":{"@type":"EntryPoint","urlTemplate":"https:\/\/www.kirche-hettenhausen.de\/site\/?s={search_term_string}"},"query-input":{"@type":"PropertyValueSpecification","valueRequired":true,"valueName":"search_term_string"}}],"inLanguage":"de"}]}},"_links":{"self":[{"href":"https:\/\/www.kirche-hettenhausen.de\/site\/wp-json\/wp\/v2\/pages\/140","targetHints":{"allow":["GET"]}}],"collection":[{"href":"https:\/\/www.kirche-hettenhausen.de\/site\/wp-json\/wp\/v2\/pages"}],"about":[{"href":"https:\/\/www.kirche-hettenhausen.de\/site\/wp-json\/wp\/v2\/types\/page"}],"author":[{"embeddable":true,"href":"https:\/\/www.kirche-hettenhausen.de\/site\/wp-json\/wp\/v2\/users\/1"}],"replies":[{"embeddable":true,"href":"https:\/\/www.kirche-hettenhausen.de\/site\/wp-json\/wp\/v2\/comments?post=140"}],"version-history":[{"count":14,"href":"https:\/\/www.kirche-hettenhausen.de\/site\/wp-json\/wp\/v2\/pages\/140\/revisions"}],"predecessor-version":[{"id":7876,"href":"https:\/\/www.kirche-hettenhausen.de\/site\/wp-json\/wp\/v2\/pages\/140\/revisions\/7876"}],"up":[{"embeddable":true,"href":"https:\/\/www.kirche-hettenhausen.de\/site\/wp-json\/wp\/v2\/pages\/96"}],"wp:featuredmedia":[{"embeddable":true,"href":"https:\/\/www.kirche-hettenhausen.de\/site\/wp-json\/wp\/v2\/media\/7678"}],"wp:attachment":[{"href":"https:\/\/www.kirche-hettenhausen.de\/site\/wp-json\/wp\/v2\/media?parent=140"}],"curies":[{"name":"wp","href":"https:\/\/api.w.org\/{rel}","templated":true}]}}