{"id":1260,"date":"2017-01-16T19:36:40","date_gmt":"2017-01-16T18:36:40","guid":{"rendered":"https:\/\/kirche-hettenhausen.de\/site\/?page_id=1260"},"modified":"2021-08-09T23:00:41","modified_gmt":"2021-08-09T21:00:41","slug":"bauliche-massnahmen","status":"publish","type":"page","link":"https:\/\/www.kirche-hettenhausen.de\/site\/unsere-kirchen\/kirche-st-georg-hettenhausen\/bauliche-massnahmen\/","title":{"rendered":"Bauliche Ma\u00dfnahmen"},"content":{"rendered":"<h2><span style=\"color: #db1385;\">Sanierung des Altarraums<\/span><\/h2>\n<h2><img loading=\"lazy\" decoding=\"async\" class=\"alignright\" src=\"https:\/\/www.kirche-hettenhausen.de\/site\/wp-content\/uploads\/2019\/05\/SAM_1567_1.jpg\" alt=\"Sanierung Altarraum\" width=\"252\" height=\"448\" \/><\/h2>\n<p>(Sommer 2018 &#8211; Sommer 2019)<br \/>\nVielen Besuchern unserer Kirche ist es sicherlich schon aufgefallen: Im Altarraum hat sich etwas getan.<\/p>\n<p>Die hohe Feuchtigkeit im Erdreich um die Kirche wurde in den vergangenen Jahrzehnten kontinuierlich vom Sandstein der Fundamente in das dar\u00fcber liegende Mauerwerk weitergegeben. Die Folgen waren Abl\u00f6sungen des Putzes von den Innenw\u00e4nden, was gerade im unteren Bereich des Altarraums sehr augenscheinlich war. Dar\u00fcberhinaus haben die Kerzen im Altarraum \u00fcber die Jahrzehnte ebenfalls Spuren hinterlassen.<\/p>\n<p>Der schadhafte Putz wurde in einer H\u00f6he von 30\u00a0cm vom Boden entfernt und der Sandstein freigelegt. Dies geschah aus Kostengr\u00fcnden in Eigenleistung durch den Kirchenvorstand.<\/p>\n<p>Die freigelegten Sandsteine im Sockelbereich wurden ges\u00e4ubert und mit historischem Fugm\u00f6rtel verfugt. Auch die besch\u00e4digten Solnhofer Bodenplatten wurden ausgetauscht. Diese Arbeiten wurden durch einen Hettenh\u00e4user Fachbetrieb ausgef\u00fchrt.<\/p>\n<p>Mit den abschlie\u00dfenden Malerarbeiten im Mai 2019 durch eine spezialisierte Firma konnte schlie\u00dflich das Projekt &#8222;Altarraum-Renovierung&#8220; erfolgreich beendet werden.<\/p>\n<p>&nbsp;<\/p>\n<p>&nbsp;<\/p>\n<h2><span style=\"color: #db1385;\">Reparaturarbeiten an der Glockenanlage<\/span><\/h2>\n<p>(Winter 2013)<br \/>\nBei den j\u00e4hrlichen Wartungs- und Inspektionsarbeiten an der Glockenanlage wurde durch eine Fachfirma festgestellt, dass an zwei Glocken die Achslager verbraucht und reparaturbed\u00fcrftig sind. Die Reparaturkosten f\u00fcr beide Glocken w\u00fcrden sich auf ca. 2.000 \u20ac belaufen. Diese Summe h\u00e4tte von unserer Kirchengemeinde selbst aufgebracht werden m\u00fcssen.<\/p>\n<p>Zwei ehrenamtliche Helfer haben sich vor Ort mit der Situation vertraut gemacht und sich bereit erkl\u00e4rt, diese Arbeiten selbst auszuf\u00fchren. Die entsprechenden Achslager wurden besorgt, die Glocke abgeh\u00e4ngt, die Achslager ausgebaut und durch neue ersetzt. Fehlteile sind von einer Hettenh\u00e4user Firma als Spende angefertigt worden.<\/p>\n<p>Vorerst wurde nur eine Glocke gangbar gemacht, die zweite folgt bei Bedarf. Durch diesen ehrenamtlichen Einsatz konnte die Kirchengemeinde eine Ersparnis von ca. 1.500 \u20ac verzeichnen.<\/p>\n<p>Ein herzliches Dankesch\u00f6n an die beiden Helfer und die Spende.<\/p>\n<p>&nbsp;<\/p>\n<p>&nbsp;<\/p>\n<h2><span style=\"color: #db1385;\">Neue Dachrinne am Kirchengeb\u00e4ude<\/span><\/h2>\n<p>(Winter 2013)<br \/>\nSeit l\u00e4ngerem wurde schon festgestellt, dass die Dachrinnen sowohl am Kirchengeb\u00e4ude als auch am Martin-Luther-Haus defekt sind. Nach eingehenden Beratungen im Kirchenvorstand sowie Vorsprache beim Kirchenkreisamt wegen entsprechenden Zusch\u00fcssen haben wir die Zusage erhalten, die Arbeiten an der Kirche ausf\u00fchren zu lassen.<\/p>\n<p>Die Gesamtsumme der Erneuerung am Kirchengeb\u00e4ude und an der Apsis bel\u00e4uft sich auf ca. 10.000 \u20ac. Hierf\u00fcr bekommen wir einen Zuschuss von 50%.<\/p>\n<p>Die Arbeiten am Kirchengeb\u00e4ude wurden am 14. Oktober begonnen und sind mittlerweile abgeschlossen. Zus\u00e4tzlich zu den Dachrinnenarbeiten sind Abdichtungsm\u00e4ngel an verschiedenen Wandanschl\u00fcssen beseitigt worden. Au\u00dferdem konnte im Zuge dieser Bauma\u00dfnahmen die komplette Einfassung des Steinkreuzes auf dem Kirchendach erneuert werden.<\/p>\n<p>Auch diese Arbeiten wurden mit Unterst\u00fctzung ehrenamtlicher Helfer durchgef\u00fchrt, vielen Dank hierf\u00fcr.<\/p>\n<p>&nbsp;<\/p>\n<p>&nbsp;<\/p>\n<h2><span style=\"color: #db1385;\">Verborgene T\u00fcr entdeckt<\/span><\/h2>\n<div id=\"attachment_190\" style=\"width: 160px\" class=\"wp-caption alignright\"><a href=\"https:\/\/www.kirche-hettenhausen.de\/site\/wp-content\/uploads\/2014\/11\/tuer.jpg\" target=\"_blank\" rel=\"noopener noreferrer\"><img loading=\"lazy\" decoding=\"async\" aria-describedby=\"caption-attachment-190\" class=\"wp-image-190 size-thumbnail\" src=\"https:\/\/www.kirche-hettenhausen.de\/site\/wp-content\/uploads\/2014\/11\/tuer-150x150.jpg\" alt=\"Ehemaliger Zugang zur Kirche an der S\u00fcdseite des Turmes\" width=\"150\" height=\"150\" srcset=\"https:\/\/www.kirche-hettenhausen.de\/site\/wp-content\/uploads\/2014\/11\/tuer-150x150.jpg 150w, https:\/\/www.kirche-hettenhausen.de\/site\/wp-content\/uploads\/2014\/11\/tuer-160x160.jpg 160w, https:\/\/www.kirche-hettenhausen.de\/site\/wp-content\/uploads\/2014\/11\/tuer-45x45.jpg 45w\" sizes=\"auto, (max-width: 150px) 100vw, 150px\" \/><\/a><p id=\"caption-attachment-190\" class=\"wp-caption-text\">Ehemaliger Zugang zur Kirche an der S\u00fcdseite des Turmes<\/p><\/div>\n<p>(Herbst 2012)<br \/>\nBei den baulichen Ma\u00dfnahmen am Turm zur Verminderung der Feuchtigkeit im Gem\u00e4uer wurde auf der S\u00fcdseite des Kirchturms eine zugemauerte T\u00fcr freigelegt. Erkennbar ist, dass die T\u00fcr einen Rundbogen besitzt. Deutlich ist auch, dass der Eingang zur Kirche weit tiefer gelegen hat als heute. Ob diese T\u00fcr bereits aus der Zeit der ersten Kirche stammt oder erst 1650 eingebaut wurde, lie\u00df sich bislang nicht ermitteln. Im Innenraum des Turmes wurde beim Entfernen des schadhaften Putzes eine vermauerte rechteckige Nische in der Wand freigelegt. Da sich der Altar in der Vorg\u00e4ngerkirche im Turm befand, k\u00f6nnte es sich um die Reste eines Tabernakels (zur Aufbewahrung geweihter Hostien) aus vorreformatorischer Zeit handeln.<\/p>\n<p>&nbsp;<\/p>\n<p>&nbsp;<\/p>\n<h2><span style=\"color: #db1385;\">Arbeiten am historischen Fundament<\/span><\/h2>\n<div id=\"attachment_193\" style=\"width: 170px\" class=\"wp-caption alignright\"><a href=\"https:\/\/www.kirche-hettenhausen.de\/site\/wp-content\/uploads\/2014\/11\/untitled-1_160.jpg\" target=\"_blank\" rel=\"noopener noreferrer\"><img loading=\"lazy\" decoding=\"async\" aria-describedby=\"caption-attachment-193\" class=\"wp-image-193 size-full\" src=\"https:\/\/www.kirche-hettenhausen.de\/site\/wp-content\/uploads\/2014\/11\/untitled-1_160.jpg\" alt=\"Willi Dietz (l.) und Reinhold Gebhardt (r.) bei Arbeiten am Fundament\" width=\"160\" height=\"236\" \/><\/a><p id=\"caption-attachment-193\" class=\"wp-caption-text\">Willi Dietz (l.) und Reinhold Gebhardt (r.) bei Arbeiten am Fundament<\/p><\/div>\n<p>(Herbst 2012)<br \/>\nDer Kirchturm der Ev.-luth. Pfarrkirche St. Georg in Hettenhausen galt lange Zeit als der spitzeste Kirchturm der Rh\u00f6n. Wie eine Nadel ragte er in den Himmel, bevor er 1979 aus baulichen Gr\u00fcnden um 3 Meter gek\u00fcrzt werden musste. Derzeit gilt unsere Aufmerksamkeit dem Fundament des Kirchturmes, das schon den alten Turm der Kirche in Hettenhausen getragen hat. Die hohe Feuchtigkeit im Erdreich um den Kirchturm wurde in den vergangenen Jahrzehnten kontinuierlich vom Sandstein der Fundamente in das dar\u00fcber liegende Mauerwerk weitergegeben. Die Folgen waren Abl\u00f6sungen des Putzes von den Innenw\u00e4nden. Die schadhaften Putzstellen im Kirchenvorraum wurden mitlerweile entfernt und mit einem speziellen Unterputz versehen. Da dieser Putz sehr langsam trocknen muss, um Rissbildungen zu vermeiden, ziehen sich die weiteren Arbeiten entsprechend in die L\u00e4nge. Zwischenzeitlich wurde das Fundament des Kirchturmes von au\u00dfen freigelegt, um Ma\u00dfnahmen zu treffen, die Feuchtigkeit k\u00fcnftig schneller in das Erdreich abzuleiten. Dabei wurden die Blitzableiter und die Anschl\u00fcsse der Dachrinnen erneuert. Bei der Entfernung des \u00e4u\u00dferen Putzes wurde eine zugemauerte Rundbogent\u00fcr an der S\u00fcdseite des Turmes freigelegt. Offensichtlich handelt es sich hier um eine T\u00fcr der alten Kirche.<\/p>\n<p>Die freigelegten Fundamente im Au\u00dfenbereich sind mittlerweile wieder verf\u00fcllt und auch das aufgenommene Pflaster ist verlegt. Die \u00e4u\u00dferen Putzfl\u00e4chen sind fertiggestellt und die freigelegte T\u00fcr (ein ehemaliger Eingang) wurde belassen und der Putz angeglichen.<\/p>\n<p>Die schadhaften Innenwandfl\u00e4chen des Kirchenvorraumes sind alle wieder mit einem Spezialputz versehen. Auch die Schrift \u00fcber dem Eingangsportal bekam neue Farbe. Der gesamte Vorraum erstrahlt nun in einem neuen Anstrich.<\/p>\n<p>Auch diese Arbeiten wurden mit der Unterst\u00fctzung ehrenamtlicher Helfer und ortsans\u00e4ssiger Firmen durchgef\u00fchrt, denen die Kirchengemeinde Hettenhausen auch auf diesem Wege herzlich dankt!<\/p>\n<p>&nbsp;<\/p>\n<p>&nbsp;<\/p>\n<h2><span style=\"color: #db1385;\">Geb\u00e4ude im Wandel der Zeit<\/span><\/h2>\n<p>(1951-1984)<br \/>\nIm Jahr 1953 wurde das <strong>Pfarrhaus<\/strong>, das noch Sch\u00e4den vom Artilleriebeschuss zum Kriegsende vorwies, neu verputzt und im Jahr 1955 notwendige kleinere Reparaturen ausgef\u00fchrt. Nach dem Auszug der Untermieterin Lisa Hofmann konnte 1963 eine grundlegende Renovierung des Pfarrhauses vorgenommen werden.<\/p>\n<p>Kleinere Reparaturen der Sch\u00e4den am <strong>Dach der Kirche<\/strong> und an der <strong>St\u00fctzmauer des Kirchenvorplatzes<\/strong> wurden bereits 1951 vorgenommen, u. a. auch die Instandsetzung der Butzenscheiben im Altarraum, die ebenfalls durch den Artilleriebeschuss stark besch\u00e4digt waren.<\/p>\n<p>Im Laufe der 75 Jahre war der <strong>Innenraum der Kirche<\/strong> sehr stark nachgedunkelt und machte durch die dunkelbraune Farbe des Holzes einen sehr d\u00fcsteren Eindruck. Eine <strong>grundlegende Renovierung <\/strong>des Innenraums wurde<strong> 1953\/1954<\/strong> vorgenommen. Der alte Koksofen, der in der Mitte stand, den die Kirche unter Pfarrer Kahl erhielt und mit dem die Kirche am 1. Weihnachtstag 1932 zum ersten Mal beheizt wurde, wurde entfernt und es wurde eine <strong>Warmluftheizung eingebaut<\/strong>. Das alte Sakristeih\u00e4uschen links vor der Kanzel wurde beseitigt und der Kronleuchter abgebaut.<\/p>\n<p>Die <strong>Kreuzigungsgruppe<\/strong>, die fr\u00fcher auf dem Altar stand und seit dem Neubau der Kirche 1879 unerreichbar \u00fcber dem Bogen des Altarraums angebracht und mit wei\u00dfer Farbe \u00fcberstrichen war, <strong>wurde renoviert und jetzt \u00fcber dem Taufstein angebracht<\/strong>. Am 26. September 1954 konnte zum 75-j\u00e4hrigen Bestehen der Kirche die Einweihung mit einer Predigt von Dekan Schuster vorgenommen werden.<\/p>\n<p><img loading=\"lazy\" decoding=\"async\" class=\"aligncenter wp-image-9899 size-full\" src=\"https:\/\/www.kirche-hettenhausen.de\/site\/wp-content\/uploads\/2021\/08\/20210809_185522_1.jpg\" alt=\"Pfarrkirche St. Georg\" width=\"1024\" height=\"728\" srcset=\"https:\/\/www.kirche-hettenhausen.de\/site\/wp-content\/uploads\/2021\/08\/20210809_185522_1.jpg 1024w, https:\/\/www.kirche-hettenhausen.de\/site\/wp-content\/uploads\/2021\/08\/20210809_185522_1-300x213.jpg 300w, https:\/\/www.kirche-hettenhausen.de\/site\/wp-content\/uploads\/2021\/08\/20210809_185522_1-768x546.jpg 768w\" sizes=\"auto, (max-width: 1024px) 100vw, 1024px\" \/><\/p>\n<p>Die <strong>n\u00e4chste grundlegende Renovierung der Kirche<\/strong> erfolgte anl\u00e4sslich des 100-j\u00e4hrigen Bestehens <strong>im Jahr 1979<\/strong>.<\/p>\n<p>Das kleine <strong>Friedhofsh\u00e4uschen<\/strong> f\u00fcr Ger\u00e4tschaften zwischen Kirche und St\u00fctzmauer wurde schon 1948 auf Betreiben des Heimatvertriebenen Robert Schleitzer durch Verputz des Innenraums und Instandsetzung der T\u00fcr so hergerichtet, dass in in dringenden F\u00e4llen als Leichenh\u00e4uschen dienen konnte. Der Bau einer <strong>Leichenhalle<\/strong> folgte erst viel sp\u00e4ter im Jahr 1958. Die Einweihung wurde am Sonntag nach dem Erntedankfest, am 12. Oktober 1958 nach dem Gottesdienst unter gro\u00dfer Teilnahme der Gemeinde und Mitwirkung des Gemischten Chors gehalten.<\/p>\n<p>Eine grundlegende Renovierung der <strong>Orgel<\/strong> wurde 1955 vorgenommen und am 2. Advent die Wiederinbetriebnahme mit einem Festgottesdienst gehalten. F\u00fcnf Jahre sp\u00e4ter, im Jahr 1962, musste nochmals eine gr\u00f6\u00dfere Reparatur der Orgel vorgenommen werden. Eine weitere grundlegende Restaurierung der Orgel fand 1984 statt.<\/p>\n<p>Eine grundlegende Instandsetzung des <strong>Turmdachs<\/strong> wurde 1958 vorgenommen. Hierbei wurden auch die im Kopf gelagerten stark besch\u00e4digten Urkunden entnommen. Am 9. Juni 1958 konnte das von Schmied Fritz Helfrich instandgesetzte und von Maler Kurt Heil neu gestrichene Kreuz wieder aufgelegt werden. Eine weitere Erneuerung wurde 1979 durchgef\u00fchrt. Dabei wurde der Turm mit Kupfer eingedeckt und der Turmknopf und das Eisenkreuz nochmals abgenommen und erneuert. Rechtzeitig zur Feier des 100-j\u00e4hrigen Jubil\u00e4ums der Kirche und der Jubil\u00e4umskirmes war die Renovierung abgeschlossen.<\/p>\n<p>1965 wurde eine <strong>elektrische Anlage f\u00fcr die Kirchenuhr und das Gel\u00e4ut<\/strong> eingebaut und am Gr\u00fcndonnerstag wurden die Glocken das erste Mal elektrisch gel\u00e4utet.<\/p>\n<p>Das <strong>Kriegerdenkmal<\/strong>, das fr\u00fcher im Lamp&#8217;schen Hausgarten stand, musste infolge des Stra\u00dfenbaus im Jahr 1936 abgebaut werden und wurde vor die Kirche gesetzt. Am 1. Mai 1936 fand im Rahmen einer kleinen \u00dcberlassungsfeier die Wiederaufstellung mit einem Gottesdienst und einer Gedenkansprache statt. Ein <strong>neues Ehrenmal<\/strong>, das auch die Opfer des Zweiten Weltkrieges mit auff\u00fchrte, wurde erst am Volkstrauertag 1966 eingeweiht. 119 Namen, 35 aus dem Ersten und 84 aus dem Zweiten Weltkrieg, sind zur bleibenden Erinnerung und Mahnung in sechs Bronzetafeln angebracht.<\/p>\n<p>&nbsp;<\/p>\n<hr \/>\n<div class=\"entry\">\n<p style=\"text-align: center;\">____________________________________________<\/p>\n<p>(u. a. aus der Chronik von Hettenhausen anl\u00e4sslich des 1050-j\u00e4hrigen Bestehens im Jahr 2006, nach den Aufzeichnungen des Chronisten Friedrich Waldschmidt, Hettenhausen)<\/p>\n<\/div>\n","protected":false},"excerpt":{"rendered":"<p>Sanierung des Altarraums (Sommer 2018 &#8211; Sommer 2019) Vielen Besuchern unserer Kirche ist es sicherlich schon aufgefallen: Im Altarraum hat sich etwas getan. Die hohe Feuchtigkeit im Erdreich um die Kirche wurde in den vergangenen Jahrzehnten kontinuierlich vom Sandstein der Fundamente in das dar\u00fcber liegende Mauerwerk weitergegeben. Die Folgen waren Abl\u00f6sungen des Putzes von den [&hellip;]<\/p>\n","protected":false},"author":2,"featured_media":192,"parent":164,"menu_order":70,"comment_status":"closed","ping_status":"closed","template":"","meta":{"footnotes":""},"class_list":["post-1260","page","type-page","status-publish","has-post-thumbnail","hentry"],"yoast_head":"<!-- This site is optimized with the Yoast SEO plugin v27.3 - https:\/\/yoast.com\/product\/yoast-seo-wordpress\/ -->\n<title>Bauliche Ma\u00dfnahmen - Ev.-luth. Kirchengemeinde Hettenhausen - Dalherda<\/title>\n<meta name=\"description\" content=\"Ev.-luth. Kirchengemeinde Hettenhausen - Dalherda - Bauliche Ma\u00dfnahmen % -\" \/>\n<meta name=\"robots\" content=\"index, follow, max-snippet:-1, max-image-preview:large, max-video-preview:-1\" \/>\n<link rel=\"canonical\" href=\"https:\/\/www.kirche-hettenhausen.de\/site\/unsere-kirchen\/kirche-st-georg-hettenhausen\/bauliche-massnahmen\/\" \/>\n<meta property=\"og:locale\" content=\"de_DE\" \/>\n<meta property=\"og:type\" content=\"article\" \/>\n<meta property=\"og:title\" content=\"Bauliche Ma\u00dfnahmen - Ev.-luth. Kirchengemeinde Hettenhausen - Dalherda\" \/>\n<meta property=\"og:description\" content=\"Ev.-luth. Kirchengemeinde Hettenhausen - Dalherda - Bauliche Ma\u00dfnahmen % -\" \/>\n<meta property=\"og:url\" content=\"https:\/\/www.kirche-hettenhausen.de\/site\/unsere-kirchen\/kirche-st-georg-hettenhausen\/bauliche-massnahmen\/\" \/>\n<meta property=\"og:site_name\" content=\"Ev.-luth. Kirchengemeinde Hettenhausen - Dalherda\" \/>\n<meta property=\"article:modified_time\" content=\"2021-08-09T21:00:41+00:00\" \/>\n<meta property=\"og:image\" content=\"https:\/\/www.kirche-hettenhausen.de\/site\/wp-content\/uploads\/2014\/11\/untitled-1.jpg\" \/>\n\t<meta property=\"og:image:width\" content=\"620\" \/>\n\t<meta property=\"og:image:height\" content=\"916\" \/>\n\t<meta property=\"og:image:type\" content=\"image\/jpeg\" \/>\n<meta name=\"twitter:card\" content=\"summary_large_image\" \/>\n<meta name=\"twitter:label1\" content=\"Gesch\u00e4tzte Lesezeit\" \/>\n\t<meta name=\"twitter:data1\" content=\"7\u00a0Minuten\" \/>\n<script type=\"application\/ld+json\" class=\"yoast-schema-graph\">{\"@context\":\"https:\\\/\\\/schema.org\",\"@graph\":[{\"@type\":\"WebPage\",\"@id\":\"https:\\\/\\\/www.kirche-hettenhausen.de\\\/site\\\/unsere-kirchen\\\/kirche-st-georg-hettenhausen\\\/bauliche-massnahmen\\\/\",\"url\":\"https:\\\/\\\/www.kirche-hettenhausen.de\\\/site\\\/unsere-kirchen\\\/kirche-st-georg-hettenhausen\\\/bauliche-massnahmen\\\/\",\"name\":\"Bauliche Ma\u00dfnahmen - Ev.-luth. Kirchengemeinde Hettenhausen - Dalherda\",\"isPartOf\":{\"@id\":\"https:\\\/\\\/www.kirche-hettenhausen.de\\\/site\\\/#website\"},\"primaryImageOfPage\":{\"@id\":\"https:\\\/\\\/www.kirche-hettenhausen.de\\\/site\\\/unsere-kirchen\\\/kirche-st-georg-hettenhausen\\\/bauliche-massnahmen\\\/#primaryimage\"},\"image\":{\"@id\":\"https:\\\/\\\/www.kirche-hettenhausen.de\\\/site\\\/unsere-kirchen\\\/kirche-st-georg-hettenhausen\\\/bauliche-massnahmen\\\/#primaryimage\"},\"thumbnailUrl\":\"https:\\\/\\\/www.kirche-hettenhausen.de\\\/site\\\/wp-content\\\/uploads\\\/2014\\\/11\\\/untitled-1.jpg\",\"datePublished\":\"2017-01-16T18:36:40+00:00\",\"dateModified\":\"2021-08-09T21:00:41+00:00\",\"description\":\"Ev.-luth. Kirchengemeinde Hettenhausen - Dalherda - Bauliche Ma\u00dfnahmen % -\",\"breadcrumb\":{\"@id\":\"https:\\\/\\\/www.kirche-hettenhausen.de\\\/site\\\/unsere-kirchen\\\/kirche-st-georg-hettenhausen\\\/bauliche-massnahmen\\\/#breadcrumb\"},\"inLanguage\":\"de\",\"potentialAction\":[{\"@type\":\"ReadAction\",\"target\":[\"https:\\\/\\\/www.kirche-hettenhausen.de\\\/site\\\/unsere-kirchen\\\/kirche-st-georg-hettenhausen\\\/bauliche-massnahmen\\\/\"]}]},{\"@type\":\"ImageObject\",\"inLanguage\":\"de\",\"@id\":\"https:\\\/\\\/www.kirche-hettenhausen.de\\\/site\\\/unsere-kirchen\\\/kirche-st-georg-hettenhausen\\\/bauliche-massnahmen\\\/#primaryimage\",\"url\":\"https:\\\/\\\/www.kirche-hettenhausen.de\\\/site\\\/wp-content\\\/uploads\\\/2014\\\/11\\\/untitled-1.jpg\",\"contentUrl\":\"https:\\\/\\\/www.kirche-hettenhausen.de\\\/site\\\/wp-content\\\/uploads\\\/2014\\\/11\\\/untitled-1.jpg\",\"width\":620,\"height\":916},{\"@type\":\"BreadcrumbList\",\"@id\":\"https:\\\/\\\/www.kirche-hettenhausen.de\\\/site\\\/unsere-kirchen\\\/kirche-st-georg-hettenhausen\\\/bauliche-massnahmen\\\/#breadcrumb\",\"itemListElement\":[{\"@type\":\"ListItem\",\"position\":1,\"name\":\"Startseite\",\"item\":\"https:\\\/\\\/www.kirche-hettenhausen.de\\\/site\\\/\"},{\"@type\":\"ListItem\",\"position\":2,\"name\":\"Unsere Kirchen\",\"item\":\"https:\\\/\\\/www.kirche-hettenhausen.de\\\/site\\\/unsere-kirchen\\\/\"},{\"@type\":\"ListItem\",\"position\":3,\"name\":\"Kirche St. Georg Hettenhausen\",\"item\":\"https:\\\/\\\/www.kirche-hettenhausen.de\\\/site\\\/unsere-kirchen\\\/kirche-st-georg-hettenhausen\\\/\"},{\"@type\":\"ListItem\",\"position\":4,\"name\":\"Bauliche Ma\u00dfnahmen\"}]},{\"@type\":\"WebSite\",\"@id\":\"https:\\\/\\\/www.kirche-hettenhausen.de\\\/site\\\/#website\",\"url\":\"https:\\\/\\\/www.kirche-hettenhausen.de\\\/site\\\/\",\"name\":\"Ev.-luth. Kirchengemeinde Hettenhausen - Dalherda\",\"description\":\"Homepage der Ev.-luth. Kirchengemeinde Hettenhausen - Dalherda\",\"potentialAction\":[{\"@type\":\"SearchAction\",\"target\":{\"@type\":\"EntryPoint\",\"urlTemplate\":\"https:\\\/\\\/www.kirche-hettenhausen.de\\\/site\\\/?s={search_term_string}\"},\"query-input\":{\"@type\":\"PropertyValueSpecification\",\"valueRequired\":true,\"valueName\":\"search_term_string\"}}],\"inLanguage\":\"de\"}]}<\/script>\n<!-- \/ Yoast SEO plugin. -->","yoast_head_json":{"title":"Bauliche Ma\u00dfnahmen - Ev.-luth. Kirchengemeinde Hettenhausen - Dalherda","description":"Ev.-luth. Kirchengemeinde Hettenhausen - Dalherda - Bauliche Ma\u00dfnahmen % -","robots":{"index":"index","follow":"follow","max-snippet":"max-snippet:-1","max-image-preview":"max-image-preview:large","max-video-preview":"max-video-preview:-1"},"canonical":"https:\/\/www.kirche-hettenhausen.de\/site\/unsere-kirchen\/kirche-st-georg-hettenhausen\/bauliche-massnahmen\/","og_locale":"de_DE","og_type":"article","og_title":"Bauliche Ma\u00dfnahmen - Ev.-luth. Kirchengemeinde Hettenhausen - Dalherda","og_description":"Ev.-luth. Kirchengemeinde Hettenhausen - Dalherda - Bauliche Ma\u00dfnahmen % -","og_url":"https:\/\/www.kirche-hettenhausen.de\/site\/unsere-kirchen\/kirche-st-georg-hettenhausen\/bauliche-massnahmen\/","og_site_name":"Ev.-luth. Kirchengemeinde Hettenhausen - Dalherda","article_modified_time":"2021-08-09T21:00:41+00:00","og_image":[{"width":620,"height":916,"url":"https:\/\/www.kirche-hettenhausen.de\/site\/wp-content\/uploads\/2014\/11\/untitled-1.jpg","type":"image\/jpeg"}],"twitter_card":"summary_large_image","twitter_misc":{"Gesch\u00e4tzte Lesezeit":"7\u00a0Minuten"},"schema":{"@context":"https:\/\/schema.org","@graph":[{"@type":"WebPage","@id":"https:\/\/www.kirche-hettenhausen.de\/site\/unsere-kirchen\/kirche-st-georg-hettenhausen\/bauliche-massnahmen\/","url":"https:\/\/www.kirche-hettenhausen.de\/site\/unsere-kirchen\/kirche-st-georg-hettenhausen\/bauliche-massnahmen\/","name":"Bauliche Ma\u00dfnahmen - Ev.-luth. Kirchengemeinde Hettenhausen - Dalherda","isPartOf":{"@id":"https:\/\/www.kirche-hettenhausen.de\/site\/#website"},"primaryImageOfPage":{"@id":"https:\/\/www.kirche-hettenhausen.de\/site\/unsere-kirchen\/kirche-st-georg-hettenhausen\/bauliche-massnahmen\/#primaryimage"},"image":{"@id":"https:\/\/www.kirche-hettenhausen.de\/site\/unsere-kirchen\/kirche-st-georg-hettenhausen\/bauliche-massnahmen\/#primaryimage"},"thumbnailUrl":"https:\/\/www.kirche-hettenhausen.de\/site\/wp-content\/uploads\/2014\/11\/untitled-1.jpg","datePublished":"2017-01-16T18:36:40+00:00","dateModified":"2021-08-09T21:00:41+00:00","description":"Ev.-luth. Kirchengemeinde Hettenhausen - Dalherda - Bauliche Ma\u00dfnahmen % -","breadcrumb":{"@id":"https:\/\/www.kirche-hettenhausen.de\/site\/unsere-kirchen\/kirche-st-georg-hettenhausen\/bauliche-massnahmen\/#breadcrumb"},"inLanguage":"de","potentialAction":[{"@type":"ReadAction","target":["https:\/\/www.kirche-hettenhausen.de\/site\/unsere-kirchen\/kirche-st-georg-hettenhausen\/bauliche-massnahmen\/"]}]},{"@type":"ImageObject","inLanguage":"de","@id":"https:\/\/www.kirche-hettenhausen.de\/site\/unsere-kirchen\/kirche-st-georg-hettenhausen\/bauliche-massnahmen\/#primaryimage","url":"https:\/\/www.kirche-hettenhausen.de\/site\/wp-content\/uploads\/2014\/11\/untitled-1.jpg","contentUrl":"https:\/\/www.kirche-hettenhausen.de\/site\/wp-content\/uploads\/2014\/11\/untitled-1.jpg","width":620,"height":916},{"@type":"BreadcrumbList","@id":"https:\/\/www.kirche-hettenhausen.de\/site\/unsere-kirchen\/kirche-st-georg-hettenhausen\/bauliche-massnahmen\/#breadcrumb","itemListElement":[{"@type":"ListItem","position":1,"name":"Startseite","item":"https:\/\/www.kirche-hettenhausen.de\/site\/"},{"@type":"ListItem","position":2,"name":"Unsere Kirchen","item":"https:\/\/www.kirche-hettenhausen.de\/site\/unsere-kirchen\/"},{"@type":"ListItem","position":3,"name":"Kirche St. Georg Hettenhausen","item":"https:\/\/www.kirche-hettenhausen.de\/site\/unsere-kirchen\/kirche-st-georg-hettenhausen\/"},{"@type":"ListItem","position":4,"name":"Bauliche Ma\u00dfnahmen"}]},{"@type":"WebSite","@id":"https:\/\/www.kirche-hettenhausen.de\/site\/#website","url":"https:\/\/www.kirche-hettenhausen.de\/site\/","name":"Ev.-luth. Kirchengemeinde Hettenhausen - Dalherda","description":"Homepage der Ev.-luth. Kirchengemeinde Hettenhausen - Dalherda","potentialAction":[{"@type":"SearchAction","target":{"@type":"EntryPoint","urlTemplate":"https:\/\/www.kirche-hettenhausen.de\/site\/?s={search_term_string}"},"query-input":{"@type":"PropertyValueSpecification","valueRequired":true,"valueName":"search_term_string"}}],"inLanguage":"de"}]}},"_links":{"self":[{"href":"https:\/\/www.kirche-hettenhausen.de\/site\/wp-json\/wp\/v2\/pages\/1260","targetHints":{"allow":["GET"]}}],"collection":[{"href":"https:\/\/www.kirche-hettenhausen.de\/site\/wp-json\/wp\/v2\/pages"}],"about":[{"href":"https:\/\/www.kirche-hettenhausen.de\/site\/wp-json\/wp\/v2\/types\/page"}],"author":[{"embeddable":true,"href":"https:\/\/www.kirche-hettenhausen.de\/site\/wp-json\/wp\/v2\/users\/2"}],"replies":[{"embeddable":true,"href":"https:\/\/www.kirche-hettenhausen.de\/site\/wp-json\/wp\/v2\/comments?post=1260"}],"version-history":[{"count":43,"href":"https:\/\/www.kirche-hettenhausen.de\/site\/wp-json\/wp\/v2\/pages\/1260\/revisions"}],"predecessor-version":[{"id":9904,"href":"https:\/\/www.kirche-hettenhausen.de\/site\/wp-json\/wp\/v2\/pages\/1260\/revisions\/9904"}],"up":[{"embeddable":true,"href":"https:\/\/www.kirche-hettenhausen.de\/site\/wp-json\/wp\/v2\/pages\/164"}],"wp:featuredmedia":[{"embeddable":true,"href":"https:\/\/www.kirche-hettenhausen.de\/site\/wp-json\/wp\/v2\/media\/192"}],"wp:attachment":[{"href":"https:\/\/www.kirche-hettenhausen.de\/site\/wp-json\/wp\/v2\/media?parent=1260"}],"curies":[{"name":"wp","href":"https:\/\/api.w.org\/{rel}","templated":true}]}}