{"id":116,"date":"2014-11-29T15:08:10","date_gmt":"2014-11-29T14:08:10","guid":{"rendered":"https:\/\/kirche-hettenhausen.de\/site\/?page_id=116"},"modified":"2021-06-29T23:08:36","modified_gmt":"2021-06-29T21:08:36","slug":"ev-kindergarten-arche-noah","status":"publish","type":"page","link":"https:\/\/www.kirche-hettenhausen.de\/site\/einrichtungen\/ev-kindergarten-arche-noah\/","title":{"rendered":"Ev. Kindergarten &#8222;Arche Noah&#8220;"},"content":{"rendered":"<p><img decoding=\"async\" src=\"https:\/\/www.kirche-hettenhausen.de\/site\/wp-content\/uploads\/2018\/08\/SAM_1563_1.jpg\" alt=\"\" \/><\/p>\n<p><strong>Leitung:\u00a0<strong>Susanne Lieb<\/strong><\/strong><\/p>\n<p>Hauptstra\u00dfe 39<br \/>\n36129 Gersfeld (Rh\u00f6n)-Hettenhausen<\/p>\n<p>Telefon: <a href=\"tel:+4966561288\">+49 (0) 6656 1288<\/a><\/p>\n<p>E-Mail: <a href=\"mailto:kita.hettenhausen@ekkw.de\">kita.hettenhausen@ekkw.de<\/a><\/p>\n<p>&nbsp;<\/p>\n<h3><span style=\"color: #db1385;\">Sprech- bzw. \u00d6ffnungszeiten<\/span><\/h3>\n<table class=\" alignleft\" style=\"width: 100%; border-collapse: collapse;\">\n<tbody>\n<tr>\n<td style=\"width: 50%;\">Montag &#8211; Donnerstag<\/td>\n<td style=\"width: 50%;\">7:30 &#8211; 16:30 Uhr<\/td>\n<\/tr>\n<tr>\n<td style=\"width: 50%;\">Freitag<\/td>\n<td style=\"width: 50%;\">7:30 &#8211; 13:30 Uhr<\/td>\n<\/tr>\n<\/tbody>\n<\/table>\n<p>&nbsp;<\/p>\n<h3><\/h3>\n<h3><\/h3>\n<h3><span style=\"color: #db1385;\">Telefonnummern<\/span><\/h3>\n<table style=\"width: 100%; border-collapse: collapse;\">\n<tbody>\n<tr>\n<td style=\"width: 50%;\">M\u00e4usegruppe<\/td>\n<td style=\"width: 50%;\"><a href=\"tel:+4966569112496\">+49 (0) 6656 9112496<\/a><\/td>\n<\/tr>\n<tr>\n<td style=\"width: 50%;\">K\u00e4fergruppe<\/td>\n<td style=\"width: 50%;\"><a href=\"tel:+4966569112497\">+49 (0) 6656 9112497<\/a><\/td>\n<\/tr>\n<tr>\n<td style=\"width: 50%;\">Bienchengruppe<\/td>\n<td style=\"width: 50%;\"><a href=\"tel:+4966569112498\">+49 (0) 6656 9112498<\/a><\/td>\n<\/tr>\n<\/tbody>\n<\/table>\n<p>Unter diesen Nummern k\u00f6nnen Sie die Erzieherin aus der jeweiligen Gruppe direkt erreichen.<br \/>\nBitte diese Nummern auch f\u00fcr die Krankmeldungen verwenden.<\/p>\n<p>&nbsp;<\/p>\n<div id=\"wp_osm_\" class=\"wp_osm\" style=\"width: 100%; height: 250px\" data-lon=\"6524670\" data-lat=\"1092390\" data-zoom=\"17\">\r\n\r\n\t<div class=\"ol-popup\">\r\n\r\n\t    <a href=\"#\" class=\"ol-popup-closer\"><\/a>\r\n\r\n\t    <div class=\"popup-content\"><\/div>\r\n\r\n\t<\/div>\r\n\r\n\t<div class=\"marker\" data-icon=\"https:\/\/kirche-hettenhausen.de\/site\/wp-content\/plugins\/wp-open-street-map\/images\/markers\/marker.png\" data-lon=\"1092400\" data-lat=\"6524670\" data-name=\"Kindergarten\" data-description=\"Kindergarten &quot;Arche Noah&quot;\"><\/div>\r\n<\/div>\n","protected":false},"excerpt":{"rendered":"<p>Leitung:\u00a0Susanne Lieb Hauptstra\u00dfe 39 36129 Gersfeld (Rh\u00f6n)-Hettenhausen Telefon: +49 (0) 6656 1288 E-Mail: kita.hettenhausen@ekkw.de &nbsp; Sprech- bzw. \u00d6ffnungszeiten Montag &#8211; Donnerstag 7:30 &#8211; 16:30 Uhr Freitag 7:30 &#8211; 13:30 Uhr &nbsp; Telefonnummern M\u00e4usegruppe +49 (0) 6656 9112496 K\u00e4fergruppe +49 (0) 6656 9112497 Bienchengruppe +49 (0) 6656 9112498 Unter diesen Nummern k\u00f6nnen Sie die Erzieherin aus [&hellip;]<\/p>\n","protected":false},"author":1,"featured_media":4304,"parent":23,"menu_order":10,"comment_status":"closed","ping_status":"open","template":"","meta":{"footnotes":""},"class_list":["post-116","page","type-page","status-publish","has-post-thumbnail","hentry"],"yoast_head":"<!-- This site is optimized with the Yoast SEO plugin v27.4 - https:\/\/yoast.com\/product\/yoast-seo-wordpress\/ -->\n<title>Ev. Kindergarten &quot;Arche Noah&quot; - Ev.-luth. Kirchengemeinde Hettenhausen - Dalherda<\/title>\n<meta name=\"robots\" content=\"index, follow, max-snippet:-1, max-image-preview:large, max-video-preview:-1\" \/>\n<link rel=\"canonical\" href=\"https:\/\/www.kirche-hettenhausen.de\/site\/einrichtungen\/ev-kindergarten-arche-noah\/\" \/>\n<meta property=\"og:locale\" content=\"de_DE\" \/>\n<meta property=\"og:type\" content=\"article\" \/>\n<meta property=\"og:title\" content=\"Ev. Kindergarten &quot;Arche Noah&quot; - Ev.-luth. Kirchengemeinde Hettenhausen - Dalherda\" \/>\n<meta property=\"og:description\" content=\"Leitung:\u00a0Susanne Lieb Hauptstra\u00dfe 39 36129 Gersfeld (Rh\u00f6n)-Hettenhausen Telefon: +49 (0) 6656 1288 E-Mail: kita.hettenhausen@ekkw.de &nbsp; Sprech- bzw. \u00d6ffnungszeiten Montag &#8211; Donnerstag 7:30 &#8211; 16:30 Uhr Freitag 7:30 &#8211; 13:30 Uhr &nbsp; Telefonnummern M\u00e4usegruppe +49 (0) 6656 9112496 K\u00e4fergruppe +49 (0) 6656 9112497 Bienchengruppe +49 (0) 6656 9112498 Unter diesen Nummern k\u00f6nnen Sie die Erzieherin aus [&hellip;]\" \/>\n<meta property=\"og:url\" content=\"https:\/\/www.kirche-hettenhausen.de\/site\/einrichtungen\/ev-kindergarten-arche-noah\/\" \/>\n<meta property=\"og:site_name\" content=\"Ev.-luth. Kirchengemeinde Hettenhausen - Dalherda\" \/>\n<meta property=\"article:modified_time\" content=\"2021-06-29T21:08:36+00:00\" \/>\n<meta property=\"og:image\" content=\"https:\/\/www.kirche-hettenhausen.de\/site\/wp-content\/uploads\/2020\/04\/Logo-Kindergarten.jpg\" \/>\n\t<meta property=\"og:image:width\" content=\"260\" \/>\n\t<meta property=\"og:image:height\" content=\"200\" \/>\n\t<meta property=\"og:image:type\" content=\"image\/jpeg\" \/>\n<meta name=\"twitter:card\" content=\"summary_large_image\" \/>\n<meta name=\"twitter:label1\" content=\"Gesch\u00e4tzte Lesezeit\" \/>\n\t<meta name=\"twitter:data1\" content=\"1\u00a0Minute\" \/>\n<script type=\"application\/ld+json\" class=\"yoast-schema-graph\">{\"@context\":\"https:\\\/\\\/schema.org\",\"@graph\":[{\"@type\":\"WebPage\",\"@id\":\"https:\\\/\\\/www.kirche-hettenhausen.de\\\/site\\\/einrichtungen\\\/ev-kindergarten-arche-noah\\\/\",\"url\":\"https:\\\/\\\/www.kirche-hettenhausen.de\\\/site\\\/einrichtungen\\\/ev-kindergarten-arche-noah\\\/\",\"name\":\"Ev. Kindergarten \\\"Arche Noah\\\" - Ev.-luth. Kirchengemeinde Hettenhausen - Dalherda\",\"isPartOf\":{\"@id\":\"https:\\\/\\\/www.kirche-hettenhausen.de\\\/site\\\/#website\"},\"primaryImageOfPage\":{\"@id\":\"https:\\\/\\\/www.kirche-hettenhausen.de\\\/site\\\/einrichtungen\\\/ev-kindergarten-arche-noah\\\/#primaryimage\"},\"image\":{\"@id\":\"https:\\\/\\\/www.kirche-hettenhausen.de\\\/site\\\/einrichtungen\\\/ev-kindergarten-arche-noah\\\/#primaryimage\"},\"thumbnailUrl\":\"https:\\\/\\\/www.kirche-hettenhausen.de\\\/site\\\/wp-content\\\/uploads\\\/2020\\\/04\\\/Logo-Kindergarten.jpg\",\"datePublished\":\"2014-11-29T14:08:10+00:00\",\"dateModified\":\"2021-06-29T21:08:36+00:00\",\"breadcrumb\":{\"@id\":\"https:\\\/\\\/www.kirche-hettenhausen.de\\\/site\\\/einrichtungen\\\/ev-kindergarten-arche-noah\\\/#breadcrumb\"},\"inLanguage\":\"de\",\"potentialAction\":[{\"@type\":\"ReadAction\",\"target\":[\"https:\\\/\\\/www.kirche-hettenhausen.de\\\/site\\\/einrichtungen\\\/ev-kindergarten-arche-noah\\\/\"]}]},{\"@type\":\"ImageObject\",\"inLanguage\":\"de\",\"@id\":\"https:\\\/\\\/www.kirche-hettenhausen.de\\\/site\\\/einrichtungen\\\/ev-kindergarten-arche-noah\\\/#primaryimage\",\"url\":\"https:\\\/\\\/www.kirche-hettenhausen.de\\\/site\\\/wp-content\\\/uploads\\\/2020\\\/04\\\/Logo-Kindergarten.jpg\",\"contentUrl\":\"https:\\\/\\\/www.kirche-hettenhausen.de\\\/site\\\/wp-content\\\/uploads\\\/2020\\\/04\\\/Logo-Kindergarten.jpg\",\"width\":260,\"height\":200,\"caption\":\"Kindergarten \\\"Arche Noah\\\"\"},{\"@type\":\"BreadcrumbList\",\"@id\":\"https:\\\/\\\/www.kirche-hettenhausen.de\\\/site\\\/einrichtungen\\\/ev-kindergarten-arche-noah\\\/#breadcrumb\",\"itemListElement\":[{\"@type\":\"ListItem\",\"position\":1,\"name\":\"Startseite\",\"item\":\"https:\\\/\\\/www.kirche-hettenhausen.de\\\/site\\\/\"},{\"@type\":\"ListItem\",\"position\":2,\"name\":\"Einrichtungen\",\"item\":\"https:\\\/\\\/www.kirche-hettenhausen.de\\\/site\\\/einrichtungen\\\/\"},{\"@type\":\"ListItem\",\"position\":3,\"name\":\"Ev. Kindergarten &#8222;Arche Noah&#8220;\"}]},{\"@type\":\"WebSite\",\"@id\":\"https:\\\/\\\/www.kirche-hettenhausen.de\\\/site\\\/#website\",\"url\":\"https:\\\/\\\/www.kirche-hettenhausen.de\\\/site\\\/\",\"name\":\"Ev.-luth. Kirchengemeinde Hettenhausen - Dalherda\",\"description\":\"Homepage der Ev.-luth. Kirchengemeinde Hettenhausen - Dalherda\",\"potentialAction\":[{\"@type\":\"SearchAction\",\"target\":{\"@type\":\"EntryPoint\",\"urlTemplate\":\"https:\\\/\\\/www.kirche-hettenhausen.de\\\/site\\\/?s={search_term_string}\"},\"query-input\":{\"@type\":\"PropertyValueSpecification\",\"valueRequired\":true,\"valueName\":\"search_term_string\"}}],\"inLanguage\":\"de\"}]}<\/script>\n<!-- \/ Yoast SEO plugin. -->","yoast_head_json":{"title":"Ev. Kindergarten \"Arche Noah\" - Ev.-luth. Kirchengemeinde Hettenhausen - Dalherda","robots":{"index":"index","follow":"follow","max-snippet":"max-snippet:-1","max-image-preview":"max-image-preview:large","max-video-preview":"max-video-preview:-1"},"canonical":"https:\/\/www.kirche-hettenhausen.de\/site\/einrichtungen\/ev-kindergarten-arche-noah\/","og_locale":"de_DE","og_type":"article","og_title":"Ev. Kindergarten \"Arche Noah\" - Ev.-luth. Kirchengemeinde Hettenhausen - Dalherda","og_description":"Leitung:\u00a0Susanne Lieb Hauptstra\u00dfe 39 36129 Gersfeld (Rh\u00f6n)-Hettenhausen Telefon: +49 (0) 6656 1288 E-Mail: kita.hettenhausen@ekkw.de &nbsp; Sprech- bzw. \u00d6ffnungszeiten Montag &#8211; Donnerstag 7:30 &#8211; 16:30 Uhr Freitag 7:30 &#8211; 13:30 Uhr &nbsp; Telefonnummern M\u00e4usegruppe +49 (0) 6656 9112496 K\u00e4fergruppe +49 (0) 6656 9112497 Bienchengruppe +49 (0) 6656 9112498 Unter diesen Nummern k\u00f6nnen Sie die Erzieherin aus [&hellip;]","og_url":"https:\/\/www.kirche-hettenhausen.de\/site\/einrichtungen\/ev-kindergarten-arche-noah\/","og_site_name":"Ev.-luth. Kirchengemeinde Hettenhausen - Dalherda","article_modified_time":"2021-06-29T21:08:36+00:00","og_image":[{"width":260,"height":200,"url":"https:\/\/www.kirche-hettenhausen.de\/site\/wp-content\/uploads\/2020\/04\/Logo-Kindergarten.jpg","type":"image\/jpeg"}],"twitter_card":"summary_large_image","twitter_misc":{"Gesch\u00e4tzte Lesezeit":"1\u00a0Minute"},"schema":{"@context":"https:\/\/schema.org","@graph":[{"@type":"WebPage","@id":"https:\/\/www.kirche-hettenhausen.de\/site\/einrichtungen\/ev-kindergarten-arche-noah\/","url":"https:\/\/www.kirche-hettenhausen.de\/site\/einrichtungen\/ev-kindergarten-arche-noah\/","name":"Ev. Kindergarten \"Arche Noah\" - Ev.-luth. Kirchengemeinde Hettenhausen - Dalherda","isPartOf":{"@id":"https:\/\/www.kirche-hettenhausen.de\/site\/#website"},"primaryImageOfPage":{"@id":"https:\/\/www.kirche-hettenhausen.de\/site\/einrichtungen\/ev-kindergarten-arche-noah\/#primaryimage"},"image":{"@id":"https:\/\/www.kirche-hettenhausen.de\/site\/einrichtungen\/ev-kindergarten-arche-noah\/#primaryimage"},"thumbnailUrl":"https:\/\/www.kirche-hettenhausen.de\/site\/wp-content\/uploads\/2020\/04\/Logo-Kindergarten.jpg","datePublished":"2014-11-29T14:08:10+00:00","dateModified":"2021-06-29T21:08:36+00:00","breadcrumb":{"@id":"https:\/\/www.kirche-hettenhausen.de\/site\/einrichtungen\/ev-kindergarten-arche-noah\/#breadcrumb"},"inLanguage":"de","potentialAction":[{"@type":"ReadAction","target":["https:\/\/www.kirche-hettenhausen.de\/site\/einrichtungen\/ev-kindergarten-arche-noah\/"]}]},{"@type":"ImageObject","inLanguage":"de","@id":"https:\/\/www.kirche-hettenhausen.de\/site\/einrichtungen\/ev-kindergarten-arche-noah\/#primaryimage","url":"https:\/\/www.kirche-hettenhausen.de\/site\/wp-content\/uploads\/2020\/04\/Logo-Kindergarten.jpg","contentUrl":"https:\/\/www.kirche-hettenhausen.de\/site\/wp-content\/uploads\/2020\/04\/Logo-Kindergarten.jpg","width":260,"height":200,"caption":"Kindergarten \"Arche Noah\""},{"@type":"BreadcrumbList","@id":"https:\/\/www.kirche-hettenhausen.de\/site\/einrichtungen\/ev-kindergarten-arche-noah\/#breadcrumb","itemListElement":[{"@type":"ListItem","position":1,"name":"Startseite","item":"https:\/\/www.kirche-hettenhausen.de\/site\/"},{"@type":"ListItem","position":2,"name":"Einrichtungen","item":"https:\/\/www.kirche-hettenhausen.de\/site\/einrichtungen\/"},{"@type":"ListItem","position":3,"name":"Ev. Kindergarten &#8222;Arche Noah&#8220;"}]},{"@type":"WebSite","@id":"https:\/\/www.kirche-hettenhausen.de\/site\/#website","url":"https:\/\/www.kirche-hettenhausen.de\/site\/","name":"Ev.-luth. Kirchengemeinde Hettenhausen - Dalherda","description":"Homepage der Ev.-luth. Kirchengemeinde Hettenhausen - Dalherda","potentialAction":[{"@type":"SearchAction","target":{"@type":"EntryPoint","urlTemplate":"https:\/\/www.kirche-hettenhausen.de\/site\/?s={search_term_string}"},"query-input":{"@type":"PropertyValueSpecification","valueRequired":true,"valueName":"search_term_string"}}],"inLanguage":"de"}]}},"_links":{"self":[{"href":"https:\/\/www.kirche-hettenhausen.de\/site\/wp-json\/wp\/v2\/pages\/116","targetHints":{"allow":["GET"]}}],"collection":[{"href":"https:\/\/www.kirche-hettenhausen.de\/site\/wp-json\/wp\/v2\/pages"}],"about":[{"href":"https:\/\/www.kirche-hettenhausen.de\/site\/wp-json\/wp\/v2\/types\/page"}],"author":[{"embeddable":true,"href":"https:\/\/www.kirche-hettenhausen.de\/site\/wp-json\/wp\/v2\/users\/1"}],"replies":[{"embeddable":true,"href":"https:\/\/www.kirche-hettenhausen.de\/site\/wp-json\/wp\/v2\/comments?post=116"}],"version-history":[{"count":68,"href":"https:\/\/www.kirche-hettenhausen.de\/site\/wp-json\/wp\/v2\/pages\/116\/revisions"}],"predecessor-version":[{"id":9465,"href":"https:\/\/www.kirche-hettenhausen.de\/site\/wp-json\/wp\/v2\/pages\/116\/revisions\/9465"}],"up":[{"embeddable":true,"href":"https:\/\/www.kirche-hettenhausen.de\/site\/wp-json\/wp\/v2\/pages\/23"}],"wp:featuredmedia":[{"embeddable":true,"href":"https:\/\/www.kirche-hettenhausen.de\/site\/wp-json\/wp\/v2\/media\/4304"}],"wp:attachment":[{"href":"https:\/\/www.kirche-hettenhausen.de\/site\/wp-json\/wp\/v2\/media?parent=116"}],"curies":[{"name":"wp","href":"https:\/\/api.w.org\/{rel}","templated":true}]}}